{"id":57799,"date":"2020-11-10T17:06:59","date_gmt":"2020-11-10T16:06:59","guid":{"rendered":"http:\/\/comrals-kawonsro.savviihq.com\/coatings\/ralston-dealers"},"modified":"2024-10-22T10:00:55","modified_gmt":"2024-10-22T08:00:55","slug":"ralston-dealers","status":"publish","type":"page","link":"https:\/\/www.ralstoncolour.com\/pl\/coatings\/ralston-dealers\/","title":{"rendered":"Ralston dealers"},"content":{"rendered":"\t\t<div data-elementor-type=\"wp-page\" data-elementor-id=\"57799\" class=\"elementor elementor-57799 elementor-1666\" data-elementor-post-type=\"page\">\n\t\t\t\t\t\t<section class=\"elementor-section elementor-top-section elementor-element elementor-element-6b95e224 elementor-section-boxed elementor-section-height-default elementor-section-height-default\" data-id=\"6b95e224\" data-element_type=\"section\" data-e-type=\"section\" data-settings=\"{&quot;background_background&quot;:&quot;classic&quot;}\">\n\t\t\t\t\t\t<div class=\"elementor-container elementor-column-gap-default\">\n\t\t\t\t\t<div class=\"elementor-column elementor-col-100 elementor-top-column elementor-element elementor-element-c956792\" data-id=\"c956792\" data-element_type=\"column\" data-e-type=\"column\">\n\t\t\t<div class=\"elementor-widget-wrap elementor-element-populated\">\n\t\t\t\t\t\t<div class=\"elementor-element elementor-element-590ea27 elementor-widget elementor-widget-heading\" data-id=\"590ea27\" data-element_type=\"widget\" data-e-type=\"widget\" data-widget_type=\"heading.default\">\n\t\t\t\t<div class=\"elementor-widget-container\">\n\t\t\t\t\t<h1 class=\"elementor-heading-title elementor-size-default\">Znajd\u017a dealer\u00f3w Ralston<\/h1>\t\t\t\t<\/div>\n\t\t\t\t<\/div>\n\t\t\t\t\t<\/div>\n\t\t<\/div>\n\t\t\t\t\t<\/div>\n\t\t<\/section>\n\t\t\t\t<section class=\"elementor-section elementor-top-section elementor-element elementor-element-ca4a9bc elementor-section-boxed elementor-section-height-default elementor-section-height-default\" data-id=\"ca4a9bc\" data-element_type=\"section\" data-e-type=\"section\">\n\t\t\t\t\t\t<div class=\"elementor-container elementor-column-gap-default\">\n\t\t\t\t\t<div class=\"elementor-column elementor-col-100 elementor-top-column elementor-element elementor-element-62bf41c\" data-id=\"62bf41c\" data-element_type=\"column\" data-e-type=\"column\">\n\t\t\t<div class=\"elementor-widget-wrap elementor-element-populated\">\n\t\t\t\t\t\t<div class=\"elementor-element elementor-element-5ba383e lf-store-locator ralston-store-locator elementor-widget elementor-widget-shortcode\" data-id=\"5ba383e\" data-element_type=\"widget\" data-e-type=\"widget\" data-widget_type=\"shortcode.default\">\n\t\t\t\t<div class=\"elementor-widget-container\">\n\t\t\t\t\t\t\t<div class=\"elementor-shortcode\">\r\n\t\t\t\r\n\r\n\t\t\t<div style=\"display:block; width:100%;\">\r\n\r\n\t\t\t\t\r\n\t\t\t\r\n\t\t\t\t<div id=\"wpgmaps_directions_notification_5\" style=\"display:none;\">Fetching directions......<\/div>\r\n\t\t\t\t<div id=\"wpgmaps_directions_reset_5\" style=\"display:none;\">\r\n\r\n\t\t\t\t\t<a href='javascript:void(0)' onclick='wpgmza_reset_directions(5);' id='wpgmaps_reset_directions' title='Reset directions'>Reset directions<\/a>\r\n\t\t\t\t\t<br \/>\r\n\t\t\t\t\t<a href='javascript: ;' id='wpgmaps_print_directions_5' target='_blank' title='Print directions'>Print directions<\/a>\r\n\t\t\t\t<\/div>\r\n\t\t\t\r\n\t\t\t\t<div id=\"directions_panel_5\"><\/div>\r\n\t\t\t\r\n\t\t\t<\/div>\r\n\r\n\t\t\t\r\n\t\t\t<div class=\"wpgmza-store-locator wpgmza_sl_main_div\" data-id=\"5\">\r\n\t<div class=\"wpgmza-address-container wpgmza-form-field wpgmza_sl_query_div\">\r\n\t\t<label class=\"wpgmza-address wpgmza-form-field__label wpgmza-form-field__label--float\" data-name=\"addressLabel\" for=\"addressInput_5\">ZIP \/ Address:<\/label>\r\n\t\t<input class=\"wpgmza-address addressInput\" type=\"text\" placeholder=\"Wprowad\u017a lokalizacj\u0119\" autocomplete=\"off\" data-name=\"defaultAddress\" value=\"\" id=\"addressInput_5\" size=\"20\" aria-label=\"ZIP \/ Address:\">\r\n\t<\/div>\r\n\t\r\n\t<div class=\"wpgmza-radius-container wpgmza-form-field wpgmza_sl_radius_div wpgmza-clearfix\">\r\n\t\t<label class=\"wpgmza-radius wpgmza-form-field__label wpgmza-form-field__label--float\" for=\"radiusSelect_5\">\r\n\t\t\tRadius:\t\t<\/label>\r\n\t\t<select class=\"wpgmza-radius wpgmza-form-field__input wpgmza_sl_radius_select\" id=\"radiusSelect_5\" aria-label=\"Radius:\"><option class=\"wpgmza-radius wpgmza_sl_select_option\" value=\"5\">5km<\/option><option class=\"wpgmza-radius wpgmza_sl_select_option\" value=\"10\" selected>10km<\/option><option class=\"wpgmza-radius wpgmza_sl_select_option\" value=\"25\">25km<\/option><\/select>\r\n\t<\/div>\r\n\t\r\n\t<div class=\"wpgmza-search wpgmza_sl_search_button_div\"><input class=\"wpgmza-search wpgmza_sl_search_button_5\" value=\"Wyszukaj\" type=\"button\" onclick=\"searchLocations(5)\" mid=\"5\"><\/div>\r\n\t\r\n\t<div class=\"wpgmza-reset wpgmza_sl_reset_button_div\">\n\t<input class=\"wpgmza-reset wpgmza_sl_reset_button_5\" type=\"button\" value=\"Reset\" mid=\"5\" onclick=\"resetLocations(5)\">\n<\/div><div class=\"wpgmza-no-results wpgmza-not-found-msg js-not-found-msg\" style=\"display: none;\">\r\n\t\t<p data-name=\"notFoundMessage\">No results found in this location. Please try again.<\/p>\r\n\t<\/div>\r\n<\/div>\r\n\t\t\t\r\n\r\n\t\t\t\r\n            <a name='map5'><\/a>\r\n\r\n\t\t\t<div class=\"wpgmza-filter-widgets\" data-map-id=\"5\">\n\t\t\t<div class=\"wpgmza-custom-field-filter-widget-checkboxes wpgmza-dropdown\" \n\t\t\t\tdata-field-name=\"Aqua\"\n\t\t\t\tdata-wpgmza-filter-widget-class=\"WPGMZA\\CustomFieldFilterWidget\\Checkboxes\" data-map-id=\"5\" data-field-id=\"8\" =\"\"\n\t\t\t\t>\n\t\t\t\t<div class=\"wpgmza-placeholder-label\">\n\t\t\t\t\tAqua\n\t\t\t\t\t<ul class=\"wpgmza-checkboxes wpgmza-modern-shadow\">\n\t\t<li><input type=\"checkbox\" value=\"Ja\"\/> Ja<\/li>\n\t\t\t\t\t<\/ul>\n\t\t\t\t<\/div>\n\t\t\t<\/div>\n\t\t\t<div class=\"wpgmza-custom-field-filter-widget-checkboxes wpgmza-dropdown\" \n\t\t\t\tdata-field-name=\"Solvent\"\n\t\t\t\tdata-wpgmza-filter-widget-class=\"WPGMZA\\CustomFieldFilterWidget\\Checkboxes\" data-map-id=\"5\" data-field-id=\"9\" =\"\"\n\t\t\t\t>\n\t\t\t\t<div class=\"wpgmza-placeholder-label\">\n\t\t\t\t\tSolvent\n\t\t\t\t\t<ul class=\"wpgmza-checkboxes wpgmza-modern-shadow\">\n\t\t<li><input type=\"checkbox\" value=\"Ja\"\/> Ja<\/li>\n\t\t\t\t\t<\/ul>\n\t\t\t\t<\/div>\n\t\t\t<\/div>\n\t\t\t<div class=\"wpgmza-custom-field-filter-widget-checkboxes wpgmza-dropdown\" \n\t\t\t\tdata-field-name=\"Wall- and facade paint\"\n\t\t\t\tdata-wpgmza-filter-widget-class=\"WPGMZA\\CustomFieldFilterWidget\\Checkboxes\" data-map-id=\"5\" data-field-id=\"10\" =\"\"\n\t\t\t\t>\n\t\t\t\t<div class=\"wpgmza-placeholder-label\">\n\t\t\t\t\tWall- and facade paint\n\t\t\t\t\t<ul class=\"wpgmza-checkboxes wpgmza-modern-shadow\">\n\t\t<li><input type=\"checkbox\" value=\"Ja\"\/> Ja<\/li>\n\t\t\t\t\t<\/ul>\n\t\t\t\t<\/div>\n\t\t\t<\/div><select data-wpgmza-filter-widget-class=\"WPGMZA\\CustomFieldFilterWidget\\Dropdown\" data-map-id=\"5\" data-field-id=\"16\" =\"\"><option value=\"\" disabled selected style=\"display: none;\">Kraj<\/option><option>Austria<\/option><option>Belgia<\/option><option>Francja<\/option><option>Irlandia<\/option><option>Luksemburg<\/option><option>Niemcy<\/option><option>Polska<\/option><option>Szwajcaria<\/option><option>Ukraina<\/option><option>Wlochy<\/option><\/select><button type=\"button\" class=\"wpgmza-reset-custom-fields\">Reset<\/button><\/div><div class=\"wpgmza_map \" id=\"wpgmza_map_5\" style=\"display:block; overflow:auto; width:100%; height:600px; float:left;\" data-settings='{\"id\":\"5\",\"map_title\":\"Ralston Dealers PL\",\"map_width\":\"100\",\"map_height\":\"600\",\"map_start_lat\":\"51.06291397128672\",\"map_start_lng\":\"12.426345937499995\",\"map_start_location\":\"52.04869,5.1161\",\"map_start_zoom\":\"4\",\"default_marker\":\"\\\/\\\/www.ralstoncolour.com\\\/wp-content\\\/uploads\\\/2020\\\/12\\\/marker.png\",\"type\":\"1\",\"alignment\":\"4\",\"directions_enabled\":\"0\",\"styling_enabled\":\"0\",\"styling_json\":\"\",\"active\":\"0\",\"kml\":\"\",\"bicycle\":\"0\",\"traffic\":\"0\",\"dbox\":\"2\",\"dbox_width\":\"100\",\"listmarkers\":\"0\",\"listmarkers_advanced\":\"0\",\"filterbycat\":\"0\",\"ugm_enabled\":\"0\",\"ugm_category_enabled\":\"0\",\"fusion\":\"\",\"map_width_type\":\"%\",\"map_height_type\":\"px\",\"mass_marker_support\":\"1\",\"ugm_access\":\"0\",\"order_markers_by\":\"7\",\"order_markers_choice\":\"1\",\"show_user_location\":\"1\",\"default_to\":\"\",\"other_settings\":{\"store_locator_enabled\":true,\"wpgmza_store_locator_restrict\":\"\",\"wpgmza_sl_animation\":\"1\",\"store_locator_query_string\":\"ZIP \\\/ Address:\",\"store_locator_name_string\":\"Title \\\/ Description:\",\"store_locator_default_address\":\"\",\"store_locator_default_radius\":\"10\",\"store_locator_not_found_message\":\"No results found in this location. Please try again.\",\"store_locator_style\":\"legacy\",\"wpgmza_store_locator_radius_style\":\"legacy\",\"store_locator_search_area\":\"auto\",\"directions_box_style\":\"modern\",\"show_distance_from_location\":false,\"map_max_zoom\":\"3\",\"map_min_zoom\":\"21\",\"sl_stroke_color\":\"#000000\",\"sl_stroke_opacity\":\"0.25\",\"sl_fill_color\":\"#000000\",\"sl_fill_opacity\":\"0.15\",\"jump_to_nearest_marker_on_initialization\":false,\"automatically_pan_to_users_location\":false,\"override_users_location_zoom_level\":false,\"click_open_link\":false,\"hide_point_of_interest\":false,\"fit_maps_bounds_to_markers\":false,\"fit_maps_bounds_to_markers_after_filtering\":false,\"wpgmza_auto_night\":0,\"transport_layer\":false,\"polygon_labels\":false,\"enable_marker_ratings\":false,\"iw_primary_color\":\"#000000\",\"iw_accent_color\":\"#000000\",\"iw_text_color\":\"#000000\",\"wpgmza_iw_type\":\"0\",\"list_markers_by\":\"2\",\"push_in_map\":\"\",\"push_in_map_placement\":\"9\",\"wpgmza_push_in_map_width\":\"\",\"wpgmza_push_in_map_height\":\"\",\"wpgmza_theme_data\":\"[]\",\"upload_default_ul_marker\":\"\",\"upload_default_sl_marker\":\"\",\"store_locator_auto_area_max_zoom\":\"19\",\"wpgmza_dbox_width_type\":\"%\",\"default_from\":\"\",\"directions_behaviour\":\"default\",\"force_google_directions_app\":false,\"directions_route_origin_icon\":\"https:\\\/\\\/comrals-kawonsro.savviihq.com\\\/wp-content\\\/plugins\\\/wp-google-maps\\\/images\\\/spotlight-poi2.png\",\"retina\":false,\"directions_route_destination_icon\":\"https:\\\/\\\/comrals-kawonsro.savviihq.com\\\/wp-content\\\/plugins\\\/wp-google-maps\\\/images\\\/spotlight-poi2.png\",\"directions_route_stroke_color\":\"#4f8df5\",\"directions_route_stroke_weight\":\"4\",\"directions_route_stroke_opacity\":\"0.8\",\"enable_advanced_custom_fields_integration\":false,\"enable_toolset_woocommerce_integration\":false,\"shortcodeAttributes\":{\"id\":\"5\"},\"action\":\"wpgmza_save_map\",\"redirect_to\":\"\\\/wp-admin\\\/admin-post.php\",\"map_id\":\"5\",\"http_referer\":\"\\\/wp-admin\\\/admin.php?page=wp-google-maps-menu&amp;amp;action=edit&amp;amp;map_id=5\",\"wpgmza_id\":\"5\",\"wpgmza_start_location\":\"51.06291397128672,12.426345937499995\",\"wpgmza_start_zoom\":\"4\",\"directions_origin_retina\":false,\"directions_destination_retina\":false,\"directions_fit_bounds_to_route\":false,\"wpgmza_store_locator_default_radius\":\"10\",\"store_locator_distance\":false,\"wpgmza_store_locator_position\":false,\"store_locator_show_distance\":false,\"store_locator_category\":false,\"wpgmza_store_locator_use_their_location\":false,\"wpgmza_store_locator_bounce\":false,\"wpgmza_store_locator_hide_before_search\":false,\"store_locator_name_search\":false,\"wpgmza_map_align\":\"1\",\"override_users_location_zoom_levels\":\"\",\"wpgmza_zoom_on_marker_click\":false,\"wpgmza_zoom_on_marker_click_slider\":\"\",\"close_infowindow_on_map_click\":false,\"disable_lightbox_images\":false,\"use_Raw_Jpeg_Coordinates\":false,\"disable_polygon_info_windows\":false,\"only_load_markers_within_viewport\":false,\"wpgmza_listmarkers_by\":\"2\",\"wpgmza_marker_listing_position\":false,\"wpgmza_push_in_map\":false,\"wpgmza_push_in_map_placement\":\"1\",\"datatable_no_result_message\":\"\",\"remove_search_box_datables\":false,\"dataTable_pagination_style\":\"default\",\"datatable_search_string\":\"\",\"datatable_result_start\":\"\",\"datatable_result_of\":\"\",\"datatable_result_to\":\"\",\"datatable_result_total\":\"\",\"datatable_result_show\":\"\",\"datatable_result_entries\":\"\",\"enable_filter_custom_field_8\":true,\"enable_filter_custom_field_9\":true,\"enable_filter_custom_field_10\":true,\"enable_filter_custom_field_11\":false,\"enable_filter_custom_field_13\":false,\"enable_filter_custom_field_14\":false,\"enable_filter_custom_field_15\":false,\"enable_filter_custom_field_16\":true,\"enable_filter_custom_field_6\":false,\"enable_filter_custom_field_19\":false,\"enable_filter_custom_field_20\":false,\"enable_filter_custom_field_21\":false,\"enable_filter_custom_field_23\":false,\"enable_filter_custom_field_25\":false,\"wpgmza_savemap\":\"Save Map \\u00bb\",\"upload_default_sl_marker_retina\":false,\"upload_default_ul_marker_retina\":false,\"zoom_level_on_marker_listing_override\":false,\"zoom_level_on_marker_listing_click\":\"\",\"enable_filter_custom_field_28\":false,\"enable_filter_custom_field_26\":false,\"enable_filter_custom_field_27\":false,\"store_locator_location_placeholder\":\"\",\"marker_listing_disable_zoom\":false,\"enable_marker_labels\":false,\"zoom_level_mobile_override_enabled\":false,\"zoom_level_mobile_override\":\"\"}}' data-map-id='5' data-shortcode-attributes='{\"id\":\"5\"}' > <\/div>   \r\n\t\t\t\r\n\r\n\t\t\t<div data-wpgmza-table data-wpgmza-php-class=\"WPGMZA\\MarkerListing\\AdvancedTable\" data-wpgmza-rest-api-route=\"\/datatables\/\" data-wpgmza-datatable=\"true\" data-wpgmza-pro-datatable=\"true\" data-wpgmza-feature-type=\"marker\" id=\"wpgmza_marker_holder_5\" class=\"wpgmza_marker_holder\" style=\"width:100%;\" data-wpgmza-ajax-parameters='{\"map_id\":\"5\"}'>\r\n\t\t\t<table class=\"responsive wpgmza_table\" id=\"wpgmza_table_5\" cellspacing=\"0\" cellpadding=\"0\" style=\"width:100%;\">\r\n\t\t\t\t<thead>\r\n\t\t\t\t<th data-wpgmza-column-name=\"icon\" id=\"wpgmza_map_list_icon\" class=\"wpgmza_table_marker\"><\/th><th data-wpgmza-column-name=\"title\" id=\"wpgmza_map_list_title\" class=\"all wpgmza_table_title\">Firma\u00a0<\/th><th data-wpgmza-column-name=\"category\" id=\"wpgmza_map_list_category\" class=\"wpgmza_table_category\">Kategoria<\/th><th data-wpgmza-column-name=\"address\" id=\"wpgmza_map_list_address\" class=\"wpgmza_table_address\">Adres<\/th><th data-wpgmza-column-name=\"description\" id=\"wpgmza_map_list_description\" class=\"wpgmza_table_description\">Opis<\/th><th data-wpgmza-column-name=\"link\" id=\"wpgmza_map_list_link\" class=\"wpgmza_table_link\">Stronie internetowej<\/th><th data-wpgmza-column-name=\"custom_field_28\" id=\"wpgmza_map_list_custom_field_28\" class=\"wpgmza_table_custom_field_28\">Paese<\/th><th data-wpgmza-column-name=\"custom_field_25\" id=\"wpgmza_map_list_custom_field_25\" class=\"wpgmza_table_custom_field_25\">Country<\/th><th data-wpgmza-column-name=\"custom_field_14\" id=\"wpgmza_map_list_custom_field_14\" class=\"wpgmza_table_custom_field_14\">Land<\/th><th data-wpgmza-column-name=\"custom_field_15\" id=\"wpgmza_map_list_custom_field_15\" class=\"wpgmza_table_custom_field_15\">Pays<\/th><th data-wpgmza-column-name=\"custom_field_16\" id=\"wpgmza_map_list_custom_field_16\" class=\"wpgmza_table_custom_field_16\">Kraj<\/th><th data-wpgmza-column-name=\"custom_field_26\" id=\"wpgmza_map_list_custom_field_26\" class=\"wpgmza_table_custom_field_26\">Website<\/th><th data-wpgmza-column-name=\"custom_field_6\" id=\"wpgmza_map_list_custom_field_6\" class=\"wpgmza_table_custom_field_6\">Telefoonnummer<\/th><th data-wpgmza-column-name=\"custom_field_19\" id=\"wpgmza_map_list_custom_field_19\" class=\"wpgmza_table_custom_field_19\">Phone number<\/th><th data-wpgmza-column-name=\"custom_field_20\" id=\"wpgmza_map_list_custom_field_20\" class=\"wpgmza_table_custom_field_20\">Num\u00e9ro de t\u00e9l\u00e9phone<\/th><th data-wpgmza-column-name=\"custom_field_21\" id=\"wpgmza_map_list_custom_field_21\" class=\"wpgmza_table_custom_field_21\">Telefonnummer<\/th><th data-wpgmza-column-name=\"custom_field_23\" id=\"wpgmza_map_list_custom_field_23\" class=\"wpgmza_table_custom_field_23\">Numer telefonu<\/th><th data-wpgmza-column-name=\"custom_field_27\" id=\"wpgmza_map_list_custom_field_27\" class=\"wpgmza_table_custom_field_27\">Numero di telefono<\/th><\/thead>\r\n\t\t\t\t\r\n\t\t\t<\/table>\r\n\t\t<\/div>\r\n\t\t\t\r\n\r\n        <\/div>\n\t\t\t\t\t\t<\/div>\n\t\t\t\t<\/div>\n\t\t\t\t<div class=\"elementor-element elementor-element-8f8a7b3 elementor-widget elementor-widget-button\" data-id=\"8f8a7b3\" data-element_type=\"widget\" data-e-type=\"widget\" data-widget_type=\"button.default\">\n\t\t\t\t<div class=\"elementor-widget-container\">\n\t\t\t\t\t\t\t\t\t<div class=\"elementor-button-wrapper\">\n\t\t\t\t\t<a class=\"elementor-button elementor-button-link elementor-size-sm\" href=\"\/pl\/coatings\/zostan-naszym-partnerem\">\n\t\t\t\t\t\t<span class=\"elementor-button-content-wrapper\">\n\t\t\t\t\t\t\t\t\t<span class=\"elementor-button-text\">Partnerzy Ralston<\/span>\n\t\t\t\t\t<\/span>\n\t\t\t\t\t<\/a>\n\t\t\t\t<\/div>\n\t\t\t\t\t\t\t\t<\/div>\n\t\t\t\t<\/div>\n\t\t\t\t<div class=\"elementor-element elementor-element-f0b77ff store-locator-category-heading d-none elementor-widget elementor-widget-heading\" data-id=\"f0b77ff\" data-element_type=\"widget\" data-e-type=\"widget\" data-widget_type=\"heading.default\">\n\t\t\t\t<div class=\"elementor-widget-container\">\n\t\t\t\t\t<h3 class=\"elementor-heading-title elementor-size-default\">Kategoria<\/h3>\t\t\t\t<\/div>\n\t\t\t\t<\/div>\n\t\t\t\t<div class=\"elementor-element elementor-element-0d8515e search-placeholder elementor-widget elementor-widget-heading\" data-id=\"0d8515e\" data-element_type=\"widget\" data-e-type=\"widget\" data-widget_type=\"heading.default\">\n\t\t\t\t<div class=\"elementor-widget-container\">\n\t\t\t\t\t<p class=\"elementor-heading-title elementor-size-default\">Wprowad\u017a lokalizacj\u0119<\/p>\t\t\t\t<\/div>\n\t\t\t\t<\/div>\n\t\t\t\t<div class=\"elementor-element elementor-element-468c9ae elementor-widget elementor-widget-heading\" data-id=\"468c9ae\" data-element_type=\"widget\" data-e-type=\"widget\" data-widget_type=\"heading.default\">\n\t\t\t\t<div class=\"elementor-widget-container\">\n\t\t\t\t\t<h2 class=\"elementor-heading-title elementor-size-default\">Wszystkich dealer\u00f3w Ralston na pierwszy rzut oka<\/h2>\t\t\t\t<\/div>\n\t\t\t\t<\/div>\n\t\t\t\t\t<\/div>\n\t\t<\/div>\n\t\t\t\t\t<\/div>\n\t\t<\/section>\n\t\t\t\t<\/div>\n\t\t","protected":false},"excerpt":{"rendered":"<p>Znajd\u017a dealer\u00f3w Ralston Partnerzy Ralston Kategoria Wprowad\u017a lokalizacj\u0119 Wszystkich dealer\u00f3w Ralston na pierwszy rzut oka<\/p>\n","protected":false},"author":7,"featured_media":0,"parent":19750,"menu_order":320,"comment_status":"closed","ping_status":"closed","template":"","meta":{"_acf_changed":false,"footnotes":""},"class_list":["post-57799","page","type-page","status-publish","hentry"],"acf":[],"yoast_head":"<!-- This site is optimized with the Yoast SEO Premium plugin v20.7 (Yoast SEO v27.2) - https:\/\/yoast.com\/product\/yoast-seo-premium-wordpress\/ -->\n<title>Ralston dealers - Ralston<\/title>\n<meta name=\"description\" content=\"Znajd\u017a najbli\u017cszego dealera Ralston - jeste\u015bmy dumni z naszej sieci zaufanych partner\u00f3w, kt\u00f3rzy dziel\u0105 nasz\u0105 pasj\u0119 do farb.\" \/>\n<meta name=\"robots\" content=\"index, follow, max-snippet:-1, max-image-preview:large, max-video-preview:-1\" \/>\n<link rel=\"canonical\" href=\"https:\/\/www.ralstoncolour.com\/pl\/coatings\/ralston-dealers\/\" \/>\n<meta property=\"og:locale\" content=\"pl_PL\" \/>\n<meta property=\"og:type\" content=\"article\" \/>\n<meta property=\"og:title\" content=\"Ralston dealers\" \/>\n<meta property=\"og:description\" content=\"Znajd\u017a najbli\u017cszego dealera Ralston - jeste\u015bmy dumni z naszej sieci zaufanych partner\u00f3w, kt\u00f3rzy dziel\u0105 nasz\u0105 pasj\u0119 do farb.\" \/>\n<meta property=\"og:url\" content=\"https:\/\/www.ralstoncolour.com\/pl\/coatings\/ralston-dealers\/\" \/>\n<meta property=\"og:site_name\" content=\"Ralston\" \/>\n<meta property=\"article:modified_time\" content=\"2024-10-22T08:00:55+00:00\" \/>\n<meta name=\"twitter:card\" content=\"summary_large_image\" \/>\n<meta name=\"twitter:label1\" content=\"Szacowany czas czytania\" \/>\n\t<meta name=\"twitter:data1\" content=\"1 minuta\" \/>\n<script type=\"application\/ld+json\" class=\"yoast-schema-graph\">{\"@context\":\"https:\/\/schema.org\",\"@graph\":[{\"@type\":\"WebPage\",\"@id\":\"https:\/\/www.ralstoncolour.com\/pl\/coatings\/ralston-dealers\/\",\"url\":\"https:\/\/www.ralstoncolour.com\/pl\/coatings\/ralston-dealers\/\",\"name\":\"Ralston dealers - Ralston\",\"isPartOf\":{\"@id\":\"https:\/\/www.ralstoncolour.com\/pl\/#website\"},\"datePublished\":\"2020-11-10T16:06:59+00:00\",\"dateModified\":\"2024-10-22T08:00:55+00:00\",\"description\":\"Znajd\u017a najbli\u017cszego dealera Ralston - jeste\u015bmy dumni z naszej sieci zaufanych partner\u00f3w, kt\u00f3rzy dziel\u0105 nasz\u0105 pasj\u0119 do farb.\",\"breadcrumb\":{\"@id\":\"https:\/\/www.ralstoncolour.com\/pl\/coatings\/ralston-dealers\/#breadcrumb\"},\"inLanguage\":\"pl-PL\",\"potentialAction\":[{\"@type\":\"ReadAction\",\"target\":[\"https:\/\/www.ralstoncolour.com\/pl\/coatings\/ralston-dealers\/\"]}]},{\"@type\":\"BreadcrumbList\",\"@id\":\"https:\/\/www.ralstoncolour.com\/pl\/coatings\/ralston-dealers\/#breadcrumb\",\"itemListElement\":[{\"@type\":\"ListItem\",\"position\":1,\"name\":\"Strona g\u0142\u00f3wna\",\"item\":\"https:\/\/www.ralstoncolour.com\/pl\/\"},{\"@type\":\"ListItem\",\"position\":2,\"name\":\"Coatings\",\"item\":\"https:\/\/www.ralstoncolour.com\/pl\/coatings\/\"},{\"@type\":\"ListItem\",\"position\":3,\"name\":\"Ralston dealers\"}]},{\"@type\":\"WebSite\",\"@id\":\"https:\/\/www.ralstoncolour.com\/pl\/#website\",\"url\":\"https:\/\/www.ralstoncolour.com\/pl\/\",\"name\":\"Ralston\",\"description\":\"\",\"publisher\":{\"@id\":\"https:\/\/www.ralstoncolour.com\/pl\/#organization\"},\"potentialAction\":[{\"@type\":\"SearchAction\",\"target\":{\"@type\":\"EntryPoint\",\"urlTemplate\":\"https:\/\/www.ralstoncolour.com\/pl\/?s={search_term_string}\"},\"query-input\":{\"@type\":\"PropertyValueSpecification\",\"valueRequired\":true,\"valueName\":\"search_term_string\"}}],\"inLanguage\":\"pl-PL\"},{\"@type\":\"Organization\",\"@id\":\"https:\/\/www.ralstoncolour.com\/pl\/#organization\",\"name\":\"Ralston\",\"url\":\"https:\/\/www.ralstoncolour.com\/pl\/\",\"logo\":{\"@type\":\"ImageObject\",\"inLanguage\":\"pl-PL\",\"@id\":\"https:\/\/www.ralstoncolour.com\/pl\/#\/schema\/logo\/image\/\",\"url\":\"https:\/\/www.ralstoncolour.com\/wp-content\/uploads\/2020\/09\/cropped-logo.png\",\"contentUrl\":\"https:\/\/www.ralstoncolour.com\/wp-content\/uploads\/2020\/09\/cropped-logo.png\",\"width\":144,\"height\":48,\"caption\":\"Ralston\"},\"image\":{\"@id\":\"https:\/\/www.ralstoncolour.com\/pl\/#\/schema\/logo\/image\/\"}}]}<\/script>\n<!-- \/ Yoast SEO Premium plugin. -->","yoast_head_json":{"title":"Ralston dealers - Ralston","description":"Znajd\u017a najbli\u017cszego dealera Ralston - jeste\u015bmy dumni z naszej sieci zaufanych partner\u00f3w, kt\u00f3rzy dziel\u0105 nasz\u0105 pasj\u0119 do farb.","robots":{"index":"index","follow":"follow","max-snippet":"max-snippet:-1","max-image-preview":"max-image-preview:large","max-video-preview":"max-video-preview:-1"},"canonical":"https:\/\/www.ralstoncolour.com\/pl\/coatings\/ralston-dealers\/","og_locale":"pl_PL","og_type":"article","og_title":"Ralston dealers","og_description":"Znajd\u017a najbli\u017cszego dealera Ralston - jeste\u015bmy dumni z naszej sieci zaufanych partner\u00f3w, kt\u00f3rzy dziel\u0105 nasz\u0105 pasj\u0119 do farb.","og_url":"https:\/\/www.ralstoncolour.com\/pl\/coatings\/ralston-dealers\/","og_site_name":"Ralston","article_modified_time":"2024-10-22T08:00:55+00:00","twitter_card":"summary_large_image","twitter_misc":{"Szacowany czas czytania":"1 minuta"},"schema":{"@context":"https:\/\/schema.org","@graph":[{"@type":"WebPage","@id":"https:\/\/www.ralstoncolour.com\/pl\/coatings\/ralston-dealers\/","url":"https:\/\/www.ralstoncolour.com\/pl\/coatings\/ralston-dealers\/","name":"Ralston dealers - Ralston","isPartOf":{"@id":"https:\/\/www.ralstoncolour.com\/pl\/#website"},"datePublished":"2020-11-10T16:06:59+00:00","dateModified":"2024-10-22T08:00:55+00:00","description":"Znajd\u017a najbli\u017cszego dealera Ralston - jeste\u015bmy dumni z naszej sieci zaufanych partner\u00f3w, kt\u00f3rzy dziel\u0105 nasz\u0105 pasj\u0119 do farb.","breadcrumb":{"@id":"https:\/\/www.ralstoncolour.com\/pl\/coatings\/ralston-dealers\/#breadcrumb"},"inLanguage":"pl-PL","potentialAction":[{"@type":"ReadAction","target":["https:\/\/www.ralstoncolour.com\/pl\/coatings\/ralston-dealers\/"]}]},{"@type":"BreadcrumbList","@id":"https:\/\/www.ralstoncolour.com\/pl\/coatings\/ralston-dealers\/#breadcrumb","itemListElement":[{"@type":"ListItem","position":1,"name":"Strona g\u0142\u00f3wna","item":"https:\/\/www.ralstoncolour.com\/pl\/"},{"@type":"ListItem","position":2,"name":"Coatings","item":"https:\/\/www.ralstoncolour.com\/pl\/coatings\/"},{"@type":"ListItem","position":3,"name":"Ralston dealers"}]},{"@type":"WebSite","@id":"https:\/\/www.ralstoncolour.com\/pl\/#website","url":"https:\/\/www.ralstoncolour.com\/pl\/","name":"Ralston","description":"","publisher":{"@id":"https:\/\/www.ralstoncolour.com\/pl\/#organization"},"potentialAction":[{"@type":"SearchAction","target":{"@type":"EntryPoint","urlTemplate":"https:\/\/www.ralstoncolour.com\/pl\/?s={search_term_string}"},"query-input":{"@type":"PropertyValueSpecification","valueRequired":true,"valueName":"search_term_string"}}],"inLanguage":"pl-PL"},{"@type":"Organization","@id":"https:\/\/www.ralstoncolour.com\/pl\/#organization","name":"Ralston","url":"https:\/\/www.ralstoncolour.com\/pl\/","logo":{"@type":"ImageObject","inLanguage":"pl-PL","@id":"https:\/\/www.ralstoncolour.com\/pl\/#\/schema\/logo\/image\/","url":"https:\/\/www.ralstoncolour.com\/wp-content\/uploads\/2020\/09\/cropped-logo.png","contentUrl":"https:\/\/www.ralstoncolour.com\/wp-content\/uploads\/2020\/09\/cropped-logo.png","width":144,"height":48,"caption":"Ralston"},"image":{"@id":"https:\/\/www.ralstoncolour.com\/pl\/#\/schema\/logo\/image\/"}}]}},"_links":{"self":[{"href":"https:\/\/www.ralstoncolour.com\/pl\/wp-json\/wp\/v2\/pages\/57799","targetHints":{"allow":["GET"]}}],"collection":[{"href":"https:\/\/www.ralstoncolour.com\/pl\/wp-json\/wp\/v2\/pages"}],"about":[{"href":"https:\/\/www.ralstoncolour.com\/pl\/wp-json\/wp\/v2\/types\/page"}],"author":[{"embeddable":true,"href":"https:\/\/www.ralstoncolour.com\/pl\/wp-json\/wp\/v2\/users\/7"}],"replies":[{"embeddable":true,"href":"https:\/\/www.ralstoncolour.com\/pl\/wp-json\/wp\/v2\/comments?post=57799"}],"version-history":[{"count":31,"href":"https:\/\/www.ralstoncolour.com\/pl\/wp-json\/wp\/v2\/pages\/57799\/revisions"}],"predecessor-version":[{"id":231658,"href":"https:\/\/www.ralstoncolour.com\/pl\/wp-json\/wp\/v2\/pages\/57799\/revisions\/231658"}],"up":[{"embeddable":true,"href":"https:\/\/www.ralstoncolour.com\/pl\/wp-json\/wp\/v2\/pages\/19750"}],"wp:attachment":[{"href":"https:\/\/www.ralstoncolour.com\/pl\/wp-json\/wp\/v2\/media?parent=57799"}],"curies":[{"name":"wp","href":"https:\/\/api.w.org\/{rel}","templated":true}]}}