{"id":55771,"date":"2020-12-10T14:04:09","date_gmt":"2020-12-10T13:04:09","guid":{"rendered":"http:\/\/comrals-kawonsro.savviihq.com\/?page_id=55771"},"modified":"2024-10-22T10:00:56","modified_gmt":"2024-10-22T08:00:56","slug":"disclaimer","status":"publish","type":"page","link":"https:\/\/www.ralstoncolour.com\/pl\/disclaimer\/","title":{"rendered":"Uwagi"},"content":{"rendered":"\t\t<div data-elementor-type=\"wp-page\" data-elementor-id=\"55771\" class=\"elementor elementor-55771 elementor-27668\" data-elementor-post-type=\"page\">\n\t\t\t\t\t\t<section class=\"elementor-section elementor-top-section elementor-element elementor-element-3da51e28 elementor-section-boxed elementor-section-height-default elementor-section-height-default\" data-id=\"3da51e28\" data-element_type=\"section\" data-e-type=\"section\" data-settings=\"{&quot;background_background&quot;:&quot;classic&quot;}\">\n\t\t\t\t\t\t<div class=\"elementor-container elementor-column-gap-default\">\n\t\t\t\t\t<div class=\"elementor-column elementor-col-100 elementor-top-column elementor-element elementor-element-7736d3d6\" data-id=\"7736d3d6\" data-element_type=\"column\" data-e-type=\"column\">\n\t\t\t<div class=\"elementor-widget-wrap elementor-element-populated\">\n\t\t\t\t\t\t<div class=\"elementor-element elementor-element-616a7247 elementor-widget elementor-widget-wp-widget-bcn_widget\" data-id=\"616a7247\" data-element_type=\"widget\" data-e-type=\"widget\" data-widget_type=\"wp-widget-bcn_widget.default\">\n\t\t\t\t<div class=\"elementor-widget-container\">\n\t\t\t\t\t<div class=\"breadcrumbs\" vocab=\"https:\/\/schema.org\/\" typeof=\"BreadcrumbList\"><span property=\"itemListElement\" typeof=\"ListItem\"><a property=\"item\" typeof=\"WebPage\" title=\"Ga naar Home.\" href=\"https:\/\/www.ralstoncolour.com\/pl\/\" class=\"home\" aria-current=\"page\"><span property=\"name\">Home<\/span><\/a><meta property=\"position\" content=\"1\"><\/span><\/div>\t\t\t\t<\/div>\n\t\t\t\t<\/div>\n\t\t\t\t\t<\/div>\n\t\t<\/div>\n\t\t\t\t\t<\/div>\n\t\t<\/section>\n\t\t\t\t<section class=\"elementor-section elementor-top-section elementor-element elementor-element-7fa18ba6 elementor-section-boxed elementor-section-height-default elementor-section-height-default\" data-id=\"7fa18ba6\" data-element_type=\"section\" data-e-type=\"section\">\n\t\t\t\t\t\t<div class=\"elementor-container elementor-column-gap-default\">\n\t\t\t\t\t<div class=\"elementor-column elementor-col-66 elementor-top-column elementor-element elementor-element-7d6f1e19\" data-id=\"7d6f1e19\" data-element_type=\"column\" data-e-type=\"column\">\n\t\t\t<div class=\"elementor-widget-wrap elementor-element-populated\">\n\t\t\t\t\t\t<section class=\"elementor-section elementor-inner-section elementor-element elementor-element-703a18c elementor-section-boxed elementor-section-height-default elementor-section-height-default\" data-id=\"703a18c\" data-element_type=\"section\" data-e-type=\"section\">\n\t\t\t\t\t\t<div class=\"elementor-container elementor-column-gap-default\">\n\t\t\t\t\t<div class=\"elementor-column elementor-col-100 elementor-inner-column elementor-element elementor-element-1e3cf2f8\" data-id=\"1e3cf2f8\" data-element_type=\"column\" data-e-type=\"column\">\n\t\t\t<div class=\"elementor-widget-wrap elementor-element-populated\">\n\t\t\t\t\t\t<div class=\"elementor-element elementor-element-1a209831 elementor-widget elementor-widget-theme-post-title elementor-page-title elementor-widget-heading\" data-id=\"1a209831\" data-element_type=\"widget\" data-e-type=\"widget\" data-widget_type=\"theme-post-title.default\">\n\t\t\t\t<div class=\"elementor-widget-container\">\n\t\t\t\t\t<h1 class=\"elementor-heading-title elementor-size-default\">Uwagi<\/h1>\t\t\t\t<\/div>\n\t\t\t\t<\/div>\n\t\t\t\t<div class=\"elementor-element elementor-element-58cc3d59 elementor-widget elementor-widget-text-editor\" data-id=\"58cc3d59\" data-element_type=\"widget\" data-e-type=\"widget\" data-widget_type=\"text-editor.default\">\n\t\t\t\t<div class=\"elementor-widget-container\">\n\t\t\t\t\t\t\t\t\t<p>Uzyskuj\u0105c dost\u0119p do informacji na stronie Ralston Colour &amp; Coatings B.V. (RCC), u\u017cywaj\u0105c ich i\/lub pobieraj\u0105c je, u\u017cytkownik zgadza si\u0119 na poni\u017csze warunki:<\/p><p>Informacje zebrane przez RCC zosta\u0142y przygotowane z najwy\u017csz\u0105 staranno\u015bci\u0105. Pochodz\u0105 one ze \u017ar\u00f3de\u0142, kt\u00f3re mo\u017cna uwa\u017ca\u0107 za miarodajne, jednak RCC nie mo\u017ce zagwarantowa\u0107 ich dok\u0142adno\u015bci ani kompletno\u015bci. Odwo\u0142anie do produktu lub us\u0142ugi na tej stronie nie stanowi oferty ani porady. Zaprezentowane informacje s\u0142u\u017c\u0105 wy\u0142\u0105cznie jako wskaz\u00f3wka i mog\u0105 zosta\u0107 zmienione w ka\u017cdym momencie i bez uprzedzenia. Zaleca si\u0119 regularne sprawdzanie, czy informacje zamieszczone na tej stronie nie uleg\u0142y zmianie.<\/p><p>Odniesienia do stron, kt\u00f3re nie s\u0105 zarz\u0105dzane przez RCC, s\u0142u\u017c\u0105 jedynie informacji. Firma RCC nie jest odpowiedzialna za tre\u015bci (\u0142\u0105cznie z jako\u015bci\u0105 oferowanych produkt\u00f3w i\/lub us\u0142ug) ani za dzia\u0142anie stron, do kt\u00f3rych odsy\u0142a ani kt\u00f3re odsy\u0142aj\u0105 do stron zarz\u0105dzanych przez RCC.<\/p><p>Firma Ralston Colour &amp; Coatings B.V. nie jest odpowiedzialna \u2013 z wy\u0142\u0105czeniem celowego lub ra\u017c\u0105cego zaniedbania \u2013 za jakiekolwiek szkody wynikaj\u0105ce z niedok\u0142adnych lub niekompletnych informacji uzyskanych poprzez t\u0119 stron\u0119, zw\u0142aszcza w zwi\u0105zku ze zmianami i\/lub szkodami wynik\u0142ymi po tym, jak informacje zosta\u0142y uzyskane, lub z powodu czasowego braku dost\u0119pu do strony RCC. Ocena jakiejkolwiek odpowiedzialno\u015bci odnosi\u0142aby si\u0119 jedynie do informacji w formie, w jakiej zarejestrowane zosta\u0142y w firmie Ralston Colour &amp; Coatings B.V.<\/p><p>Firma RCC nie mo\u017ce zagwarantowa\u0107 prawid\u0142owego ani ci\u0105g\u0142ego funkcjonowania tej strony. RCC nie przyjmuje \u017cadnej odpowiedzialno\u015bci za szkody ani koszty, niezale\u017cnie od ich rodzaju, wynikaj\u0105ce z wirus\u00f3w komputerowych lub nieprawid\u0142owego funkcjonowania tej strony.<\/p><h2><strong>W\u0142asno\u015b\u0107 intelektualna<\/strong><\/h2><p>Firma RCC zastrzega sobie wszelkie prawa do w\u0142asno\u015bci intelektualnej informacji prezentowanych na tej stronie lub poprzez ni\u0105. Bez uprzednio wydanej przez firm\u0119 Ralston Coulour &amp; Coatings pisemnej zgody nie mo\u017cna w \u017caden spos\u00f3b: powiela\u0107 informacji, materia\u0142\u00f3w wizualnych, zdj\u0119\u0107 wiadomo\u015bci i\/lub powiadomie\u0144 prezentowanych na tej stronie; przetwarza\u0107, zmienia\u0107, kopiowa\u0107 ani udost\u0119pnia\u0107 za op\u0142at\u0105 \u017cadnych informacji dost\u0119pnych na tej stronie; ani tworzy\u0107 powi\u0105za\u0144 mi\u0119dzy stron\u0105 RCC i jak\u0105kolwiek inn\u0105 stron\u0105 internetow\u0105.<\/p><p>Niniejsza strona i uwagi podlegaj\u0105 prawu Kr\u00f3lestwa Niderland\u00f3w. Wszelkie spory rozstrzygane b\u0119d\u0105 wy\u0142\u0105cznie przez w\u0142a\u015bciwy s\u0105d w Zwolle. Prawa autorskie do tej strony i jej zawarto\u015bci pozostaj\u0105 w\u0142asno\u015bci\u0105 firmy Ralston Colour &amp; Coatings B.V. Wszystkie prawa zastrze\u017cone.<\/p><p>\u00a9 RCC<\/p>\t\t\t\t\t\t\t\t<\/div>\n\t\t\t\t<\/div>\n\t\t\t\t<div class=\"elementor-element elementor-element-403942b5 elementor-widget elementor-widget-vt-share\" data-id=\"403942b5\" data-element_type=\"widget\" data-e-type=\"widget\" data-widget_type=\"vt-share.default\">\n\t\t\t\t<div class=\"elementor-widget-container\">\n\t\t\t\t\t                            \n            <div class=\"social-share mt-3 mb-5\">\n                <a href=\"https:\/\/www.facebook.com\/sharer\/sharer.php?u=https%3A%2F%2Fwww.ralstoncolour.com%2Fpl%2Fdisclaimer%2F\" target=\"_blank\" class=\"btn btn-social btn-xs fb mr-1\">Udost\u0119pnij na Facebooku<\/a>\n                <a href=\"https:\/\/www.linkedin.com\/sharing\/share-offsite\/?url=https%3A%2F%2Fwww.ralstoncolour.com%2Fpl%2Fdisclaimer%2F\" target=\"_blank\" class=\"btn btn-social btn-xs li ml-1\">Udost\u0119pnij na LinkedIn<\/a>\n            <\/div>\n        \t\t\t\t<\/div>\n\t\t\t\t<\/div>\n\t\t\t\t\t<\/div>\n\t\t<\/div>\n\t\t\t\t\t<\/div>\n\t\t<\/section>\n\t\t\t\t\t<\/div>\n\t\t<\/div>\n\t\t\t\t<div class=\"elementor-column elementor-col-33 elementor-top-column elementor-element elementor-element-1100ff46\" data-id=\"1100ff46\" data-element_type=\"column\" data-e-type=\"column\">\n\t\t\t<div class=\"elementor-widget-wrap elementor-element-populated\">\n\t\t\t\t\t\t<section class=\"elementor-section elementor-inner-section elementor-element elementor-element-309c673 elementor-section-boxed elementor-section-height-default elementor-section-height-default\" data-id=\"309c673\" data-element_type=\"section\" data-e-type=\"section\" data-settings=\"{&quot;background_background&quot;:&quot;classic&quot;}\">\n\t\t\t\t\t\t<div class=\"elementor-container elementor-column-gap-wider\">\n\t\t\t\t\t<div class=\"elementor-column elementor-col-100 elementor-inner-column elementor-element elementor-element-18dc4a1e\" data-id=\"18dc4a1e\" data-element_type=\"column\" data-e-type=\"column\" data-settings=\"{&quot;background_background&quot;:&quot;classic&quot;}\">\n\t\t\t<div class=\"elementor-widget-wrap elementor-element-populated\">\n\t\t\t\t\t\t<div class=\"elementor-element elementor-element-22625873 elementor-widget elementor-widget-text-editor\" data-id=\"22625873\" data-element_type=\"widget\" data-e-type=\"widget\" data-widget_type=\"text-editor.default\">\n\t\t\t\t<div class=\"elementor-widget-container\">\n\t\t\t\t\t\t\t\t\t<p>\t\t<div data-elementor-type=\"section\" data-elementor-id=\"37085\" class=\"elementor elementor-37085 elementor-32518 elementor-32518\" data-elementor-post-type=\"elementor_library\">\n\t\t\t\t\t<section class=\"elementor-section elementor-inner-section elementor-element elementor-element-3348350b elementor-section-boxed elementor-section-height-default elementor-section-height-default\" data-id=\"3348350b\" data-element_type=\"section\" data-e-type=\"section\" data-settings=\"{&quot;background_background&quot;:&quot;classic&quot;}\">\n\t\t\t\t\t\t<div class=\"elementor-container elementor-column-gap-wider\">\n\t\t\t\t\t<div class=\"elementor-column elementor-col-100 elementor-inner-column elementor-element elementor-element-7404730e\" data-id=\"7404730e\" data-element_type=\"column\" data-e-type=\"column\" data-settings=\"{&quot;background_background&quot;:&quot;classic&quot;}\">\n\t\t\t<div class=\"elementor-widget-wrap elementor-element-populated\">\n\t\t\t\t\t\t<div class=\"elementor-element elementor-element-43da09dd elementor-absolute big-five elementor-widget__width-auto elementor-widget elementor-widget-heading\" data-id=\"43da09dd\" data-element_type=\"widget\" data-e-type=\"widget\" data-settings=\"{&quot;_position&quot;:&quot;absolute&quot;}\" data-widget_type=\"heading.default\">\n\t\t\t\t<div class=\"elementor-widget-container\">\n\t\t\t\t\t<div class=\"elementor-heading-title elementor-size-default\">5<\/div>\t\t\t\t<\/div>\n\t\t\t\t<\/div>\n\t\t\t\t<div class=\"elementor-element elementor-element-57362a09 elementor-widget__width-auto elementor-widget elementor-widget-heading\" data-id=\"57362a09\" data-element_type=\"widget\" data-e-type=\"widget\" data-widget_type=\"heading.default\">\n\t\t\t\t<div class=\"elementor-widget-container\">\n\t\t\t\t\t<h5 class=\"elementor-heading-title elementor-size-default\">powod\u00f3w, \u017ceby zosta\u0107 partnerem Ralston<\/h5>\t\t\t\t<\/div>\n\t\t\t\t<\/div>\n\t\t\t\t<div class=\"elementor-element elementor-element-101a7500 elementor-button-secondary elementor-align-justify elementor-widget elementor-widget-vt-button\" data-id=\"101a7500\" data-element_type=\"widget\" data-e-type=\"widget\" data-widget_type=\"vt-button.default\">\n\t\t\t\t<div class=\"elementor-widget-container\">\n\t\t\t\t\t\t\t<div class=\"elementor-button-wrapper\">\n\t\t\t<a href=\"https:\/\/www.ralstoncolour.com\/pl\/tinting-systems\/zostan-naszym-partnerem\/\" class=\"btn btn-secondary btn-sm\" role=\"button\">\n\t\t\t\t\t\t\t<span class=\"elementor-button-content-wrapper\">\n\t\t\t\t\t\t\t\t<span class=\"elementor-button-text\">dowiedz si\u0119 wi\u0119cej<\/span>\n\t\t\t<\/span>\n\t\t\t\t\t<\/a>\n\t\t<\/div>\n\t\t\t\t\t\t<\/div>\n\t\t\t\t<\/div>\n\t\t\t\t\t<\/div>\n\t\t<\/div>\n\t\t\t\t\t<\/div>\n\t\t<\/section>\n\t\t\t\t<\/div>\n\t\t<\/p>\t\t\t\t\t\t\t\t<\/div>\n\t\t\t\t<\/div>\n\t\t\t\t\t<\/div>\n\t\t<\/div>\n\t\t\t\t\t<\/div>\n\t\t<\/section>\n\t\t\t\t\t<\/div>\n\t\t<\/div>\n\t\t\t\t\t<\/div>\n\t\t<\/section>\n\t\t\t\t<\/div>\n\t\t","protected":false},"excerpt":{"rendered":"<p>Uzyskuj\u0105c dost\u0119p do informacji na stronie Ralston Colour &amp; Coatings B.V. (RCC), u\u017cywaj\u0105c ich i\/lub pobieraj\u0105c je, u\u017cytkownik zgadza si\u0119 na poni\u017csze warunki: Informacje zebrane przez RCC zosta\u0142y przygotowane z najwy\u017csz\u0105 staranno\u015bci\u0105. Pochodz\u0105 one ze \u017ar\u00f3de\u0142, kt\u00f3re mo\u017cna uwa\u017ca\u0107 za miarodajne, jednak RCC nie mo\u017ce zagwarantowa\u0107 ich dok\u0142adno\u015bci ani kompletno\u015bci. Odwo\u0142anie do produktu lub us\u0142ugi<\/p>\n","protected":false},"author":7,"featured_media":0,"parent":0,"menu_order":158,"comment_status":"closed","ping_status":"closed","template":"","meta":{"_acf_changed":false,"footnotes":""},"class_list":["post-55771","page","type-page","status-publish","hentry"],"acf":[],"yoast_head":"<!-- This site is optimized with the Yoast SEO Premium plugin v20.7 (Yoast SEO v27.2) - https:\/\/yoast.com\/product\/yoast-seo-premium-wordpress\/ -->\n<title>Uwagi - Ralston<\/title>\n<meta name=\"description\" content=\"Przeczytaj nasz disclaimer, aby zrozumie\u0107, jak dbamy o dok\u0142adno\u015b\u0107 i kompletno\u015b\u0107 naszych informacji, odzwierciedlaj\u0105c nasze zaanga\u017cowanie w jako\u015b\u0107.\" \/>\n<meta name=\"robots\" content=\"index, follow, max-snippet:-1, max-image-preview:large, max-video-preview:-1\" \/>\n<link rel=\"canonical\" href=\"https:\/\/www.ralstoncolour.com\/pl\/disclaimer\/\" \/>\n<meta property=\"og:locale\" content=\"pl_PL\" \/>\n<meta property=\"og:type\" content=\"article\" \/>\n<meta property=\"og:title\" content=\"Uwagi\" \/>\n<meta property=\"og:description\" content=\"Przeczytaj nasz disclaimer, aby zrozumie\u0107, jak dbamy o dok\u0142adno\u015b\u0107 i kompletno\u015b\u0107 naszych informacji, odzwierciedlaj\u0105c nasze zaanga\u017cowanie w jako\u015b\u0107.\" \/>\n<meta property=\"og:url\" content=\"https:\/\/www.ralstoncolour.com\/pl\/disclaimer\/\" \/>\n<meta property=\"og:site_name\" content=\"Ralston\" \/>\n<meta property=\"article:modified_time\" content=\"2024-10-22T08:00:56+00:00\" \/>\n<meta name=\"twitter:card\" content=\"summary_large_image\" \/>\n<meta name=\"twitter:label1\" content=\"Szacowany czas czytania\" \/>\n\t<meta name=\"twitter:data1\" content=\"2 minuty\" \/>\n<script type=\"application\/ld+json\" class=\"yoast-schema-graph\">{\"@context\":\"https:\/\/schema.org\",\"@graph\":[{\"@type\":\"WebPage\",\"@id\":\"https:\/\/www.ralstoncolour.com\/pl\/disclaimer\/\",\"url\":\"https:\/\/www.ralstoncolour.com\/pl\/disclaimer\/\",\"name\":\"Uwagi - Ralston\",\"isPartOf\":{\"@id\":\"https:\/\/www.ralstoncolour.com\/pl\/#website\"},\"datePublished\":\"2020-12-10T13:04:09+00:00\",\"dateModified\":\"2024-10-22T08:00:56+00:00\",\"description\":\"Przeczytaj nasz disclaimer, aby zrozumie\u0107, jak dbamy o dok\u0142adno\u015b\u0107 i kompletno\u015b\u0107 naszych informacji, odzwierciedlaj\u0105c nasze zaanga\u017cowanie w jako\u015b\u0107.\",\"breadcrumb\":{\"@id\":\"https:\/\/www.ralstoncolour.com\/pl\/disclaimer\/#breadcrumb\"},\"inLanguage\":\"pl-PL\",\"potentialAction\":[{\"@type\":\"ReadAction\",\"target\":[\"https:\/\/www.ralstoncolour.com\/pl\/disclaimer\/\"]}]},{\"@type\":\"BreadcrumbList\",\"@id\":\"https:\/\/www.ralstoncolour.com\/pl\/disclaimer\/#breadcrumb\",\"itemListElement\":[{\"@type\":\"ListItem\",\"position\":1,\"name\":\"Strona g\u0142\u00f3wna\",\"item\":\"https:\/\/www.ralstoncolour.com\/pl\/\"},{\"@type\":\"ListItem\",\"position\":2,\"name\":\"Uwagi\"}]},{\"@type\":\"WebSite\",\"@id\":\"https:\/\/www.ralstoncolour.com\/pl\/#website\",\"url\":\"https:\/\/www.ralstoncolour.com\/pl\/\",\"name\":\"Ralston\",\"description\":\"\",\"publisher\":{\"@id\":\"https:\/\/www.ralstoncolour.com\/pl\/#organization\"},\"potentialAction\":[{\"@type\":\"SearchAction\",\"target\":{\"@type\":\"EntryPoint\",\"urlTemplate\":\"https:\/\/www.ralstoncolour.com\/pl\/?s={search_term_string}\"},\"query-input\":{\"@type\":\"PropertyValueSpecification\",\"valueRequired\":true,\"valueName\":\"search_term_string\"}}],\"inLanguage\":\"pl-PL\"},{\"@type\":\"Organization\",\"@id\":\"https:\/\/www.ralstoncolour.com\/pl\/#organization\",\"name\":\"Ralston\",\"url\":\"https:\/\/www.ralstoncolour.com\/pl\/\",\"logo\":{\"@type\":\"ImageObject\",\"inLanguage\":\"pl-PL\",\"@id\":\"https:\/\/www.ralstoncolour.com\/pl\/#\/schema\/logo\/image\/\",\"url\":\"https:\/\/www.ralstoncolour.com\/wp-content\/uploads\/2020\/09\/cropped-logo.png\",\"contentUrl\":\"https:\/\/www.ralstoncolour.com\/wp-content\/uploads\/2020\/09\/cropped-logo.png\",\"width\":144,\"height\":48,\"caption\":\"Ralston\"},\"image\":{\"@id\":\"https:\/\/www.ralstoncolour.com\/pl\/#\/schema\/logo\/image\/\"}}]}<\/script>\n<!-- \/ Yoast SEO Premium plugin. -->","yoast_head_json":{"title":"Uwagi - Ralston","description":"Przeczytaj nasz disclaimer, aby zrozumie\u0107, jak dbamy o dok\u0142adno\u015b\u0107 i kompletno\u015b\u0107 naszych informacji, odzwierciedlaj\u0105c nasze zaanga\u017cowanie w jako\u015b\u0107.","robots":{"index":"index","follow":"follow","max-snippet":"max-snippet:-1","max-image-preview":"max-image-preview:large","max-video-preview":"max-video-preview:-1"},"canonical":"https:\/\/www.ralstoncolour.com\/pl\/disclaimer\/","og_locale":"pl_PL","og_type":"article","og_title":"Uwagi","og_description":"Przeczytaj nasz disclaimer, aby zrozumie\u0107, jak dbamy o dok\u0142adno\u015b\u0107 i kompletno\u015b\u0107 naszych informacji, odzwierciedlaj\u0105c nasze zaanga\u017cowanie w jako\u015b\u0107.","og_url":"https:\/\/www.ralstoncolour.com\/pl\/disclaimer\/","og_site_name":"Ralston","article_modified_time":"2024-10-22T08:00:56+00:00","twitter_card":"summary_large_image","twitter_misc":{"Szacowany czas czytania":"2 minuty"},"schema":{"@context":"https:\/\/schema.org","@graph":[{"@type":"WebPage","@id":"https:\/\/www.ralstoncolour.com\/pl\/disclaimer\/","url":"https:\/\/www.ralstoncolour.com\/pl\/disclaimer\/","name":"Uwagi - Ralston","isPartOf":{"@id":"https:\/\/www.ralstoncolour.com\/pl\/#website"},"datePublished":"2020-12-10T13:04:09+00:00","dateModified":"2024-10-22T08:00:56+00:00","description":"Przeczytaj nasz disclaimer, aby zrozumie\u0107, jak dbamy o dok\u0142adno\u015b\u0107 i kompletno\u015b\u0107 naszych informacji, odzwierciedlaj\u0105c nasze zaanga\u017cowanie w jako\u015b\u0107.","breadcrumb":{"@id":"https:\/\/www.ralstoncolour.com\/pl\/disclaimer\/#breadcrumb"},"inLanguage":"pl-PL","potentialAction":[{"@type":"ReadAction","target":["https:\/\/www.ralstoncolour.com\/pl\/disclaimer\/"]}]},{"@type":"BreadcrumbList","@id":"https:\/\/www.ralstoncolour.com\/pl\/disclaimer\/#breadcrumb","itemListElement":[{"@type":"ListItem","position":1,"name":"Strona g\u0142\u00f3wna","item":"https:\/\/www.ralstoncolour.com\/pl\/"},{"@type":"ListItem","position":2,"name":"Uwagi"}]},{"@type":"WebSite","@id":"https:\/\/www.ralstoncolour.com\/pl\/#website","url":"https:\/\/www.ralstoncolour.com\/pl\/","name":"Ralston","description":"","publisher":{"@id":"https:\/\/www.ralstoncolour.com\/pl\/#organization"},"potentialAction":[{"@type":"SearchAction","target":{"@type":"EntryPoint","urlTemplate":"https:\/\/www.ralstoncolour.com\/pl\/?s={search_term_string}"},"query-input":{"@type":"PropertyValueSpecification","valueRequired":true,"valueName":"search_term_string"}}],"inLanguage":"pl-PL"},{"@type":"Organization","@id":"https:\/\/www.ralstoncolour.com\/pl\/#organization","name":"Ralston","url":"https:\/\/www.ralstoncolour.com\/pl\/","logo":{"@type":"ImageObject","inLanguage":"pl-PL","@id":"https:\/\/www.ralstoncolour.com\/pl\/#\/schema\/logo\/image\/","url":"https:\/\/www.ralstoncolour.com\/wp-content\/uploads\/2020\/09\/cropped-logo.png","contentUrl":"https:\/\/www.ralstoncolour.com\/wp-content\/uploads\/2020\/09\/cropped-logo.png","width":144,"height":48,"caption":"Ralston"},"image":{"@id":"https:\/\/www.ralstoncolour.com\/pl\/#\/schema\/logo\/image\/"}}]}},"_links":{"self":[{"href":"https:\/\/www.ralstoncolour.com\/pl\/wp-json\/wp\/v2\/pages\/55771","targetHints":{"allow":["GET"]}}],"collection":[{"href":"https:\/\/www.ralstoncolour.com\/pl\/wp-json\/wp\/v2\/pages"}],"about":[{"href":"https:\/\/www.ralstoncolour.com\/pl\/wp-json\/wp\/v2\/types\/page"}],"author":[{"embeddable":true,"href":"https:\/\/www.ralstoncolour.com\/pl\/wp-json\/wp\/v2\/users\/7"}],"replies":[{"embeddable":true,"href":"https:\/\/www.ralstoncolour.com\/pl\/wp-json\/wp\/v2\/comments?post=55771"}],"version-history":[{"count":14,"href":"https:\/\/www.ralstoncolour.com\/pl\/wp-json\/wp\/v2\/pages\/55771\/revisions"}],"predecessor-version":[{"id":57929,"href":"https:\/\/www.ralstoncolour.com\/pl\/wp-json\/wp\/v2\/pages\/55771\/revisions\/57929"}],"wp:attachment":[{"href":"https:\/\/www.ralstoncolour.com\/pl\/wp-json\/wp\/v2\/media?parent=55771"}],"curies":[{"name":"wp","href":"https:\/\/api.w.org\/{rel}","templated":true}]}}