{"id":47670,"date":"2020-12-06T12:22:38","date_gmt":"2020-12-06T11:22:38","guid":{"rendered":"http:\/\/comrals-kawonsro.savviihq.com\/?page_id=47670"},"modified":"2024-10-22T10:01:05","modified_gmt":"2024-10-22T08:01:05","slug":"tablica-palete-kolorow-ralston","status":"publish","type":"page","link":"https:\/\/www.ralstoncolour.com\/pl\/kolor\/tablica-palete-kolorow-ralston\/","title":{"rendered":"Twojej palety kolor\u00f3w"},"content":{"rendered":"\t\t<div data-elementor-type=\"wp-page\" data-elementor-id=\"47670\" class=\"elementor elementor-47670 elementor-1630\" data-elementor-post-type=\"page\">\n\t\t\t\t\t\t<section class=\"elementor-section elementor-top-section elementor-element elementor-element-6afa8f0 border-top elementor-section-boxed elementor-section-height-default elementor-section-height-default\" data-id=\"6afa8f0\" data-element_type=\"section\" data-e-type=\"section\">\n\t\t\t\t\t\t<div class=\"elementor-container elementor-column-gap-no\">\n\t\t\t\t\t<div class=\"elementor-column elementor-col-66 elementor-top-column elementor-element elementor-element-8d32519\" data-id=\"8d32519\" data-element_type=\"column\" data-e-type=\"column\">\n\t\t\t<div class=\"elementor-widget-wrap elementor-element-populated\">\n\t\t\t\t\t\t<div class=\"elementor-element elementor-element-c32aa3d elementor-widget elementor-widget-heading\" data-id=\"c32aa3d\" data-element_type=\"widget\" data-e-type=\"widget\" data-widget_type=\"heading.default\">\n\t\t\t\t<div class=\"elementor-widget-container\">\n\t\t\t\t\t<h1 class=\"elementor-heading-title elementor-size-default\">Your Clipboard<\/h1>\t\t\t\t<\/div>\n\t\t\t\t<\/div>\n\t\t\t\t<div class=\"elementor-element elementor-element-0fb870d elementor-widget elementor-widget-shortcode\" data-id=\"0fb870d\" data-element_type=\"widget\" data-e-type=\"widget\" data-widget_type=\"shortcode.default\">\n\t\t\t\t<div class=\"elementor-widget-container\">\n\t\t\t\t\t\t\t<div class=\"elementor-shortcode\">\n        <div class=\"lf-color-palet ajax-load-color-palet\">\n            <div class=\"loader-container-ajax\">\n                <div class=\"loader\"><\/div>\n    <p>Nie dodano jeszcze \u017cadnego koloru<\/p>\n            <\/div>\n        <\/div>\n     <\/div>\n\t\t\t\t\t\t<\/div>\n\t\t\t\t<\/div>\n\t\t\t\t<div class=\"elementor-element elementor-element-36395c8 elementor-widget elementor-widget-button\" data-id=\"36395c8\" data-element_type=\"widget\" data-e-type=\"widget\" data-widget_type=\"button.default\">\n\t\t\t\t<div class=\"elementor-widget-container\">\n\t\t\t\t\t\t\t\t\t<div class=\"elementor-button-wrapper\">\n\t\t\t\t\t<a class=\"elementor-button elementor-button-link elementor-size-sm\" href=\"https:\/\/www.ralstoncolour.com\/en\/colour\/colour-finder\/\">\n\t\t\t\t\t\t<span class=\"elementor-button-content-wrapper\">\n\t\t\t\t\t\t\t\t\t<span class=\"elementor-button-text\">Add another colour<\/span>\n\t\t\t\t\t<\/span>\n\t\t\t\t\t<\/a>\n\t\t\t\t<\/div>\n\t\t\t\t\t\t\t\t<\/div>\n\t\t\t\t<\/div>\n\t\t\t\t\t<\/div>\n\t\t<\/div>\n\t\t\t\t<div class=\"elementor-column elementor-col-33 elementor-top-column elementor-element elementor-element-a5d3b88\" data-id=\"a5d3b88\" data-element_type=\"column\" data-e-type=\"column\">\n\t\t\t<div class=\"elementor-widget-wrap elementor-element-populated\">\n\t\t\t\t\t\t<section class=\"elementor-section elementor-inner-section elementor-element elementor-element-cb253a0 elementor-section-boxed elementor-section-height-default elementor-section-height-default\" data-id=\"cb253a0\" data-element_type=\"section\" data-e-type=\"section\">\n\t\t\t\t\t\t<div class=\"elementor-container elementor-column-gap-wider\">\n\t\t\t\t\t<div class=\"elementor-column elementor-col-100 elementor-inner-column elementor-element elementor-element-c8d31e7\" data-id=\"c8d31e7\" data-element_type=\"column\" data-e-type=\"column\">\n\t\t\t<div class=\"elementor-widget-wrap elementor-element-populated\">\n\t\t\t\t\t\t<div class=\"elementor-element elementor-element-45d06f9 elementor-widget elementor-widget-shortcode\" data-id=\"45d06f9\" data-element_type=\"widget\" data-e-type=\"widget\" data-widget_type=\"shortcode.default\">\n\t\t\t\t<div class=\"elementor-widget-container\">\n\t\t\t\t\t\t\t<div class=\"elementor-shortcode\"><\/div>\n\t\t\t\t\t\t<\/div>\n\t\t\t\t<\/div>\n\t\t\t\t\t<\/div>\n\t\t<\/div>\n\t\t\t\t\t<\/div>\n\t\t<\/section>\n\t\t\t\t\t<\/div>\n\t\t<\/div>\n\t\t\t\t\t<\/div>\n\t\t<\/section>\n\t\t\t\t<\/div>\n\t\t","protected":false},"excerpt":{"rendered":"<p>Twoje ulubione kombinacje kolor\u00f3w. Wy\u015blij swoje ulubione kolory znajomemu lub sobie.<\/p>\n","protected":false},"author":2,"featured_media":305139,"parent":47603,"menu_order":2,"comment_status":"closed","ping_status":"closed","template":"","meta":{"_acf_changed":false,"footnotes":""},"class_list":["post-47670","page","type-page","status-publish","has-post-thumbnail","hentry"],"acf":[],"yoast_head":"<!-- This site is optimized with the Yoast SEO Premium plugin v20.7 (Yoast SEO v27.2) - https:\/\/yoast.com\/product\/yoast-seo-premium-wordpress\/ -->\n<title>Twojej palety kolor\u00f3w - Ralston<\/title>\n<meta name=\"description\" content=\"Odkryj palet\u0119 kolor\u00f3w Ralston, \u0142\u0105cz\u0105c\u0105 nasz\u0105 pasj\u0119 do pi\u0119knej farby z naturalnymi i trwa\u0142ymi rozwi\u0105zaniami.\" \/>\n<meta name=\"robots\" content=\"noindex, nofollow\" \/>\n<meta property=\"og:locale\" content=\"pl_PL\" \/>\n<meta property=\"og:type\" content=\"article\" \/>\n<meta property=\"og:title\" content=\"Twojej palety kolor\u00f3w\" \/>\n<meta property=\"og:description\" content=\"Odkryj palet\u0119 kolor\u00f3w Ralston, \u0142\u0105cz\u0105c\u0105 nasz\u0105 pasj\u0119 do pi\u0119knej farby z naturalnymi i trwa\u0142ymi rozwi\u0105zaniami.\" \/>\n<meta property=\"og:url\" content=\"https:\/\/www.ralstoncolour.com\/pl\/kolor\/tablica-palete-kolorow-ralston\/\" \/>\n<meta property=\"og:site_name\" content=\"Ralston\" \/>\n<meta property=\"article:modified_time\" content=\"2024-10-22T08:01:05+00:00\" \/>\n<meta property=\"og:image\" content=\"https:\/\/www.ralstoncolour.com\/wp-content\/uploads\/Bedroom-Renthoff-Kassel-1-325x300-1.jpg\" \/>\n\t<meta property=\"og:image:width\" content=\"325\" \/>\n\t<meta property=\"og:image:height\" content=\"300\" \/>\n\t<meta property=\"og:image:type\" content=\"image\/jpeg\" \/>\n<meta name=\"twitter:card\" content=\"summary_large_image\" \/>\n<meta name=\"twitter:label1\" content=\"Szacowany czas czytania\" \/>\n\t<meta name=\"twitter:data1\" content=\"1 minuta\" \/>\n<script type=\"application\/ld+json\" class=\"yoast-schema-graph\">{\"@context\":\"https:\/\/schema.org\",\"@graph\":[{\"@type\":\"WebPage\",\"@id\":\"https:\/\/www.ralstoncolour.com\/pl\/kolor\/tablica-palete-kolorow-ralston\/\",\"url\":\"https:\/\/www.ralstoncolour.com\/pl\/kolor\/tablica-palete-kolorow-ralston\/\",\"name\":\"Twojej palety kolor\u00f3w - Ralston\",\"isPartOf\":{\"@id\":\"https:\/\/www.ralstoncolour.com\/pl\/#website\"},\"primaryImageOfPage\":{\"@id\":\"https:\/\/www.ralstoncolour.com\/pl\/kolor\/tablica-palete-kolorow-ralston\/#primaryimage\"},\"image\":{\"@id\":\"https:\/\/www.ralstoncolour.com\/pl\/kolor\/tablica-palete-kolorow-ralston\/#primaryimage\"},\"thumbnailUrl\":\"https:\/\/www.ralstoncolour.com\/wp-content\/uploads\/Bedroom-Renthoff-Kassel-1-325x300-1.jpg\",\"datePublished\":\"2020-12-06T11:22:38+00:00\",\"dateModified\":\"2024-10-22T08:01:05+00:00\",\"description\":\"Odkryj palet\u0119 kolor\u00f3w Ralston, \u0142\u0105cz\u0105c\u0105 nasz\u0105 pasj\u0119 do pi\u0119knej farby z naturalnymi i trwa\u0142ymi rozwi\u0105zaniami.\",\"breadcrumb\":{\"@id\":\"https:\/\/www.ralstoncolour.com\/pl\/kolor\/tablica-palete-kolorow-ralston\/#breadcrumb\"},\"inLanguage\":\"pl-PL\",\"potentialAction\":[{\"@type\":\"ReadAction\",\"target\":[\"https:\/\/www.ralstoncolour.com\/pl\/kolor\/tablica-palete-kolorow-ralston\/\"]}]},{\"@type\":\"ImageObject\",\"inLanguage\":\"pl-PL\",\"@id\":\"https:\/\/www.ralstoncolour.com\/pl\/kolor\/tablica-palete-kolorow-ralston\/#primaryimage\",\"url\":\"https:\/\/www.ralstoncolour.com\/wp-content\/uploads\/Bedroom-Renthoff-Kassel-1-325x300-1.jpg\",\"contentUrl\":\"https:\/\/www.ralstoncolour.com\/wp-content\/uploads\/Bedroom-Renthoff-Kassel-1-325x300-1.jpg\",\"width\":325,\"height\":300,\"caption\":\"Clipboard\"},{\"@type\":\"BreadcrumbList\",\"@id\":\"https:\/\/www.ralstoncolour.com\/pl\/kolor\/tablica-palete-kolorow-ralston\/#breadcrumb\",\"itemListElement\":[{\"@type\":\"ListItem\",\"position\":1,\"name\":\"Strona g\u0142\u00f3wna\",\"item\":\"https:\/\/www.ralstoncolour.com\/pl\/\"},{\"@type\":\"ListItem\",\"position\":2,\"name\":\"Kolor\",\"item\":\"https:\/\/www.ralstoncolour.com\/pl\/colour\/\"},{\"@type\":\"ListItem\",\"position\":3,\"name\":\"Twojej palety kolor\u00f3w\"}]},{\"@type\":\"WebSite\",\"@id\":\"https:\/\/www.ralstoncolour.com\/pl\/#website\",\"url\":\"https:\/\/www.ralstoncolour.com\/pl\/\",\"name\":\"Ralston\",\"description\":\"\",\"publisher\":{\"@id\":\"https:\/\/www.ralstoncolour.com\/pl\/#organization\"},\"potentialAction\":[{\"@type\":\"SearchAction\",\"target\":{\"@type\":\"EntryPoint\",\"urlTemplate\":\"https:\/\/www.ralstoncolour.com\/pl\/?s={search_term_string}\"},\"query-input\":{\"@type\":\"PropertyValueSpecification\",\"valueRequired\":true,\"valueName\":\"search_term_string\"}}],\"inLanguage\":\"pl-PL\"},{\"@type\":\"Organization\",\"@id\":\"https:\/\/www.ralstoncolour.com\/pl\/#organization\",\"name\":\"Ralston\",\"url\":\"https:\/\/www.ralstoncolour.com\/pl\/\",\"logo\":{\"@type\":\"ImageObject\",\"inLanguage\":\"pl-PL\",\"@id\":\"https:\/\/www.ralstoncolour.com\/pl\/#\/schema\/logo\/image\/\",\"url\":\"https:\/\/www.ralstoncolour.com\/wp-content\/uploads\/2020\/09\/cropped-logo.png\",\"contentUrl\":\"https:\/\/www.ralstoncolour.com\/wp-content\/uploads\/2020\/09\/cropped-logo.png\",\"width\":144,\"height\":48,\"caption\":\"Ralston\"},\"image\":{\"@id\":\"https:\/\/www.ralstoncolour.com\/pl\/#\/schema\/logo\/image\/\"}}]}<\/script>\n<!-- \/ Yoast SEO Premium plugin. -->","yoast_head_json":{"title":"Twojej palety kolor\u00f3w - Ralston","description":"Odkryj palet\u0119 kolor\u00f3w Ralston, \u0142\u0105cz\u0105c\u0105 nasz\u0105 pasj\u0119 do pi\u0119knej farby z naturalnymi i trwa\u0142ymi rozwi\u0105zaniami.","robots":{"index":"noindex","follow":"nofollow"},"og_locale":"pl_PL","og_type":"article","og_title":"Twojej palety kolor\u00f3w","og_description":"Odkryj palet\u0119 kolor\u00f3w Ralston, \u0142\u0105cz\u0105c\u0105 nasz\u0105 pasj\u0119 do pi\u0119knej farby z naturalnymi i trwa\u0142ymi rozwi\u0105zaniami.","og_url":"https:\/\/www.ralstoncolour.com\/pl\/kolor\/tablica-palete-kolorow-ralston\/","og_site_name":"Ralston","article_modified_time":"2024-10-22T08:01:05+00:00","og_image":[{"width":325,"height":300,"url":"https:\/\/www.ralstoncolour.com\/wp-content\/uploads\/Bedroom-Renthoff-Kassel-1-325x300-1.jpg","type":"image\/jpeg"}],"twitter_card":"summary_large_image","twitter_misc":{"Szacowany czas czytania":"1 minuta"},"schema":{"@context":"https:\/\/schema.org","@graph":[{"@type":"WebPage","@id":"https:\/\/www.ralstoncolour.com\/pl\/kolor\/tablica-palete-kolorow-ralston\/","url":"https:\/\/www.ralstoncolour.com\/pl\/kolor\/tablica-palete-kolorow-ralston\/","name":"Twojej palety kolor\u00f3w - Ralston","isPartOf":{"@id":"https:\/\/www.ralstoncolour.com\/pl\/#website"},"primaryImageOfPage":{"@id":"https:\/\/www.ralstoncolour.com\/pl\/kolor\/tablica-palete-kolorow-ralston\/#primaryimage"},"image":{"@id":"https:\/\/www.ralstoncolour.com\/pl\/kolor\/tablica-palete-kolorow-ralston\/#primaryimage"},"thumbnailUrl":"https:\/\/www.ralstoncolour.com\/wp-content\/uploads\/Bedroom-Renthoff-Kassel-1-325x300-1.jpg","datePublished":"2020-12-06T11:22:38+00:00","dateModified":"2024-10-22T08:01:05+00:00","description":"Odkryj palet\u0119 kolor\u00f3w Ralston, \u0142\u0105cz\u0105c\u0105 nasz\u0105 pasj\u0119 do pi\u0119knej farby z naturalnymi i trwa\u0142ymi rozwi\u0105zaniami.","breadcrumb":{"@id":"https:\/\/www.ralstoncolour.com\/pl\/kolor\/tablica-palete-kolorow-ralston\/#breadcrumb"},"inLanguage":"pl-PL","potentialAction":[{"@type":"ReadAction","target":["https:\/\/www.ralstoncolour.com\/pl\/kolor\/tablica-palete-kolorow-ralston\/"]}]},{"@type":"ImageObject","inLanguage":"pl-PL","@id":"https:\/\/www.ralstoncolour.com\/pl\/kolor\/tablica-palete-kolorow-ralston\/#primaryimage","url":"https:\/\/www.ralstoncolour.com\/wp-content\/uploads\/Bedroom-Renthoff-Kassel-1-325x300-1.jpg","contentUrl":"https:\/\/www.ralstoncolour.com\/wp-content\/uploads\/Bedroom-Renthoff-Kassel-1-325x300-1.jpg","width":325,"height":300,"caption":"Clipboard"},{"@type":"BreadcrumbList","@id":"https:\/\/www.ralstoncolour.com\/pl\/kolor\/tablica-palete-kolorow-ralston\/#breadcrumb","itemListElement":[{"@type":"ListItem","position":1,"name":"Strona g\u0142\u00f3wna","item":"https:\/\/www.ralstoncolour.com\/pl\/"},{"@type":"ListItem","position":2,"name":"Kolor","item":"https:\/\/www.ralstoncolour.com\/pl\/colour\/"},{"@type":"ListItem","position":3,"name":"Twojej palety kolor\u00f3w"}]},{"@type":"WebSite","@id":"https:\/\/www.ralstoncolour.com\/pl\/#website","url":"https:\/\/www.ralstoncolour.com\/pl\/","name":"Ralston","description":"","publisher":{"@id":"https:\/\/www.ralstoncolour.com\/pl\/#organization"},"potentialAction":[{"@type":"SearchAction","target":{"@type":"EntryPoint","urlTemplate":"https:\/\/www.ralstoncolour.com\/pl\/?s={search_term_string}"},"query-input":{"@type":"PropertyValueSpecification","valueRequired":true,"valueName":"search_term_string"}}],"inLanguage":"pl-PL"},{"@type":"Organization","@id":"https:\/\/www.ralstoncolour.com\/pl\/#organization","name":"Ralston","url":"https:\/\/www.ralstoncolour.com\/pl\/","logo":{"@type":"ImageObject","inLanguage":"pl-PL","@id":"https:\/\/www.ralstoncolour.com\/pl\/#\/schema\/logo\/image\/","url":"https:\/\/www.ralstoncolour.com\/wp-content\/uploads\/2020\/09\/cropped-logo.png","contentUrl":"https:\/\/www.ralstoncolour.com\/wp-content\/uploads\/2020\/09\/cropped-logo.png","width":144,"height":48,"caption":"Ralston"},"image":{"@id":"https:\/\/www.ralstoncolour.com\/pl\/#\/schema\/logo\/image\/"}}]}},"_links":{"self":[{"href":"https:\/\/www.ralstoncolour.com\/pl\/wp-json\/wp\/v2\/pages\/47670","targetHints":{"allow":["GET"]}}],"collection":[{"href":"https:\/\/www.ralstoncolour.com\/pl\/wp-json\/wp\/v2\/pages"}],"about":[{"href":"https:\/\/www.ralstoncolour.com\/pl\/wp-json\/wp\/v2\/types\/page"}],"author":[{"embeddable":true,"href":"https:\/\/www.ralstoncolour.com\/pl\/wp-json\/wp\/v2\/users\/2"}],"replies":[{"embeddable":true,"href":"https:\/\/www.ralstoncolour.com\/pl\/wp-json\/wp\/v2\/comments?post=47670"}],"version-history":[{"count":14,"href":"https:\/\/www.ralstoncolour.com\/pl\/wp-json\/wp\/v2\/pages\/47670\/revisions"}],"predecessor-version":[{"id":241057,"href":"https:\/\/www.ralstoncolour.com\/pl\/wp-json\/wp\/v2\/pages\/47670\/revisions\/241057"}],"up":[{"embeddable":true,"href":"https:\/\/www.ralstoncolour.com\/pl\/wp-json\/wp\/v2\/pages\/47603"}],"wp:featuredmedia":[{"embeddable":true,"href":"https:\/\/www.ralstoncolour.com\/pl\/wp-json\/wp\/v2\/media\/305139"}],"wp:attachment":[{"href":"https:\/\/www.ralstoncolour.com\/pl\/wp-json\/wp\/v2\/media?parent=47670"}],"curies":[{"name":"wp","href":"https:\/\/api.w.org\/{rel}","templated":true}]}}