{"id":46212,"date":"2020-12-04T17:49:04","date_gmt":"2020-12-04T16:49:04","guid":{"rendered":"http:\/\/comrals-kawonsro.savviihq.com\/?page_id=46212"},"modified":"2024-10-22T10:00:56","modified_gmt":"2024-10-22T08:00:56","slug":"sprzedawcy-hurtowi-i-detaliczni","status":"publish","type":"page","link":"https:\/\/www.ralstoncolour.com\/pl\/coatings\/sprzedawcy-hurtowi-i-detaliczni\/","title":{"rendered":"Sprzedawcy hurtowi i detaliczni"},"content":{"rendered":"\t\t<div data-elementor-type=\"wp-page\" data-elementor-id=\"46212\" class=\"elementor elementor-46212 elementor-34110\" data-elementor-post-type=\"page\">\n\t\t\t\t\t\t<section class=\"elementor-section elementor-top-section elementor-element elementor-element-1a8b3a4e hero blocks-bottom elementor-section-stretched elementor-section-boxed elementor-section-height-default elementor-section-height-default\" data-id=\"1a8b3a4e\" data-element_type=\"section\" data-e-type=\"section\" data-settings=\"{&quot;background_background&quot;:&quot;classic&quot;,&quot;stretch_section&quot;:&quot;section-stretched&quot;}\">\n\t\t\t\t\t\t<div class=\"elementor-container elementor-column-gap-default\">\n\t\t\t\t\t<div class=\"elementor-column elementor-col-50 elementor-top-column elementor-element elementor-element-4ffdb0ab\" data-id=\"4ffdb0ab\" data-element_type=\"column\" data-e-type=\"column\" data-settings=\"{&quot;background_background&quot;:&quot;classic&quot;}\">\n\t\t\t<div class=\"elementor-widget-wrap elementor-element-populated\">\n\t\t\t\t\t\t<section class=\"elementor-section elementor-inner-section elementor-element elementor-element-35962c94 elementor-section-boxed elementor-section-height-default elementor-section-height-default\" data-id=\"35962c94\" data-element_type=\"section\" data-e-type=\"section\">\n\t\t\t\t\t\t<div class=\"elementor-container elementor-column-gap-default\">\n\t\t\t\t\t<div class=\"elementor-column elementor-col-100 elementor-inner-column elementor-element elementor-element-47fd2ec\" data-id=\"47fd2ec\" data-element_type=\"column\" data-e-type=\"column\" data-settings=\"{&quot;background_background&quot;:&quot;classic&quot;}\">\n\t\t\t<div class=\"elementor-widget-wrap elementor-element-populated\">\n\t\t\t\t\t\t<div class=\"elementor-element elementor-element-5fbfe3a7 elementor-widget elementor-widget-heading\" data-id=\"5fbfe3a7\" data-element_type=\"widget\" data-e-type=\"widget\" data-widget_type=\"heading.default\">\n\t\t\t\t<div class=\"elementor-widget-container\">\n\t\t\t\t\t<h1 class=\"elementor-heading-title elementor-size-default\">Sprzedawcy hurtowi i detaliczni<\/h1>\t\t\t\t<\/div>\n\t\t\t\t<\/div>\n\t\t\t\t<div class=\"elementor-element elementor-element-733214f elementor-widget elementor-widget-text-editor\" data-id=\"733214f\" data-element_type=\"widget\" data-e-type=\"widget\" data-widget_type=\"text-editor.default\">\n\t\t\t\t<div class=\"elementor-widget-container\">\n\t\t\t\t\t\t\t\t\t<div class=\"background gray\"><div id=\"header3\" class=\"container_12 pt_blue\"><div class=\"grid_12\"><div class=\"pattern_short\"><div class=\"background gray\"><div id=\"header3\" class=\"container_12 pt_blue\"><div class=\"grid_12\"><div class=\"pattern_short\"><div class=\"background gray\"><div id=\"header3\" class=\"container_12 pt_blue\"><div class=\"grid_12\"><div class=\"pattern_short\"><p>Wsp\u00f3\u0142praca z naszymi sprzedawcami hurtowymi opiera si\u0119 na wzajemnym zaufaniu \u2013 to cz\u0119\u015b\u0107 naszej wizji i filozofii.<\/p><\/div><\/div><\/div><\/div><\/div><\/div><\/div><\/div><\/div><\/div><\/div><\/div>\t\t\t\t\t\t\t\t<\/div>\n\t\t\t\t<\/div>\n\t\t\t\t\t<\/div>\n\t\t<\/div>\n\t\t\t\t\t<\/div>\n\t\t<\/section>\n\t\t\t\t\t<\/div>\n\t\t<\/div>\n\t\t\t\t<div class=\"elementor-column elementor-col-50 elementor-top-column elementor-element elementor-element-7c98d4f2\" data-id=\"7c98d4f2\" data-element_type=\"column\" data-e-type=\"column\">\n\t\t\t<div class=\"elementor-widget-wrap\">\n\t\t\t\t\t\t\t<\/div>\n\t\t<\/div>\n\t\t\t\t\t<\/div>\n\t\t<\/section>\n\t\t\t\t<section class=\"elementor-section elementor-top-section elementor-element elementor-element-38ceb472 elementor-section-boxed elementor-section-height-default elementor-section-height-default\" data-id=\"38ceb472\" data-element_type=\"section\" data-e-type=\"section\" data-settings=\"{&quot;background_background&quot;:&quot;classic&quot;}\">\n\t\t\t\t\t\t<div class=\"elementor-container elementor-column-gap-default\">\n\t\t\t\t\t<div class=\"elementor-column elementor-col-100 elementor-top-column elementor-element elementor-element-22430015\" data-id=\"22430015\" data-element_type=\"column\" data-e-type=\"column\">\n\t\t\t<div class=\"elementor-widget-wrap elementor-element-populated\">\n\t\t\t\t\t\t<div class=\"elementor-element elementor-element-7fcdcbd9 elementor-widget elementor-widget-wp-widget-bcn_widget\" data-id=\"7fcdcbd9\" data-element_type=\"widget\" data-e-type=\"widget\" data-widget_type=\"wp-widget-bcn_widget.default\">\n\t\t\t\t<div class=\"elementor-widget-container\">\n\t\t\t\t\t<div class=\"breadcrumbs\" vocab=\"https:\/\/schema.org\/\" typeof=\"BreadcrumbList\"><span property=\"itemListElement\" typeof=\"ListItem\"><a property=\"item\" typeof=\"WebPage\" title=\"Ga naar Home.\" href=\"https:\/\/www.ralstoncolour.com\/pl\/\" class=\"home\" aria-current=\"page\"><span property=\"name\">Home<\/span><\/a><meta property=\"position\" content=\"1\"><\/span><\/div>\t\t\t\t<\/div>\n\t\t\t\t<\/div>\n\t\t\t\t\t<\/div>\n\t\t<\/div>\n\t\t\t\t\t<\/div>\n\t\t<\/section>\n\t\t\t\t<section class=\"elementor-section elementor-top-section elementor-element elementor-element-8b40321 elementor-section-boxed elementor-section-height-default elementor-section-height-default\" data-id=\"8b40321\" data-element_type=\"section\" data-e-type=\"section\">\n\t\t\t\t\t\t<div class=\"elementor-container elementor-column-gap-default\">\n\t\t\t\t\t<div class=\"elementor-column elementor-col-66 elementor-top-column elementor-element elementor-element-30f44f9\" data-id=\"30f44f9\" data-element_type=\"column\" data-e-type=\"column\">\n\t\t\t<div class=\"elementor-widget-wrap elementor-element-populated\">\n\t\t\t\t\t\t<section class=\"elementor-section elementor-inner-section elementor-element elementor-element-0cbdd76 elementor-section-boxed elementor-section-height-default elementor-section-height-default\" data-id=\"0cbdd76\" data-element_type=\"section\" data-e-type=\"section\">\n\t\t\t\t\t\t<div class=\"elementor-container elementor-column-gap-default\">\n\t\t\t\t\t<div class=\"elementor-column elementor-col-100 elementor-inner-column elementor-element elementor-element-020f4e7\" data-id=\"020f4e7\" data-element_type=\"column\" data-e-type=\"column\">\n\t\t\t<div class=\"elementor-widget-wrap elementor-element-populated\">\n\t\t\t\t\t\t<div class=\"elementor-element elementor-element-f0dbeee elementor-widget elementor-widget-heading\" data-id=\"f0dbeee\" data-element_type=\"widget\" data-e-type=\"widget\" data-widget_type=\"heading.default\">\n\t\t\t\t<div class=\"elementor-widget-container\">\n\t\t\t\t\t<h2 class=\"elementor-heading-title elementor-size-default\">Razem dla Najwy\u017cszej Jako\u015bci Farb<\/h2>\t\t\t\t<\/div>\n\t\t\t\t<\/div>\n\t\t\t\t<div class=\"elementor-element elementor-element-55adeaf elementor-widget elementor-widget-text-editor\" data-id=\"55adeaf\" data-element_type=\"widget\" data-e-type=\"widget\" data-widget_type=\"text-editor.default\">\n\t\t\t\t<div class=\"elementor-widget-container\">\n\t\t\t\t\t\t\t\t\t<p>W rodzinnej firmie, jak\u0105 jest Ralston, troska o siebie nawzajem to podstawa. Dlatego z ch\u0119ci\u0105 inwestujemy w relacje z naszymi klientami i wszystkimi partnerami biznesowymi. Staramy si\u0119 by\u0107 zaanga\u017cowani i przyst\u0119pni, bo najwi\u0119ksze sukcesy odnosi si\u0119 razem!<\/p><p>Farby o najwy\u017cszej jako\u015bci, stworzone przez ludzi z pasj\u0105 w \u015bcis\u0142ej wsp\u00f3\u0142pracy z naszymi partnerami. Pracujemy tak ju\u017c od prawie 100 lat i chcemy dalej pracowa\u0107 tak w przysz\u0142o\u015bci. Razem.<\/p>\t\t\t\t\t\t\t\t<\/div>\n\t\t\t\t<\/div>\n\t\t\t\t\t<\/div>\n\t\t<\/div>\n\t\t\t\t\t<\/div>\n\t\t<\/section>\n\t\t\t\t<div class=\"elementor-element elementor-element-260ab69 elementor-widget elementor-widget-vt-share\" data-id=\"260ab69\" data-element_type=\"widget\" data-e-type=\"widget\" data-widget_type=\"vt-share.default\">\n\t\t\t\t<div class=\"elementor-widget-container\">\n\t\t\t\t\t                            \n            <div class=\"social-share mt-3 mb-5\">\n                <a href=\"https:\/\/www.facebook.com\/sharer\/sharer.php?u=https%3A%2F%2Fwww.ralstoncolour.com%2Fpl%2Fcoatings%2Fsprzedawcy-hurtowi-i-detaliczni%2F\" target=\"_blank\" class=\"btn btn-social btn-xs fb mr-1\">Udost\u0119pnij na Facebooku<\/a>\n                <a href=\"https:\/\/www.linkedin.com\/sharing\/share-offsite\/?url=https%3A%2F%2Fwww.ralstoncolour.com%2Fpl%2Fcoatings%2Fsprzedawcy-hurtowi-i-detaliczni%2F\" target=\"_blank\" class=\"btn btn-social btn-xs li ml-1\">Udost\u0119pnij na LinkedIn<\/a>\n            <\/div>\n        \t\t\t\t<\/div>\n\t\t\t\t<\/div>\n\t\t\t\t\t<\/div>\n\t\t<\/div>\n\t\t\t\t<div class=\"elementor-column elementor-col-33 elementor-top-column elementor-element elementor-element-df489b2\" data-id=\"df489b2\" data-element_type=\"column\" data-e-type=\"column\">\n\t\t\t<div class=\"elementor-widget-wrap elementor-element-populated\">\n\t\t\t\t\t\t<section class=\"elementor-section elementor-inner-section elementor-element elementor-element-f653ce1 elementor-section-boxed elementor-section-height-default elementor-section-height-default\" data-id=\"f653ce1\" data-element_type=\"section\" data-e-type=\"section\" data-settings=\"{&quot;background_background&quot;:&quot;classic&quot;}\">\n\t\t\t\t\t\t<div class=\"elementor-container elementor-column-gap-wider\">\n\t\t\t\t\t<div class=\"elementor-column elementor-col-100 elementor-inner-column elementor-element elementor-element-3868142\" data-id=\"3868142\" data-element_type=\"column\" data-e-type=\"column\" data-settings=\"{&quot;background_background&quot;:&quot;classic&quot;}\">\n\t\t\t<div class=\"elementor-widget-wrap elementor-element-populated\">\n\t\t\t\t\t\t<div class=\"elementor-element elementor-element-b7bffef elementor-widget elementor-widget-text-editor\" data-id=\"b7bffef\" data-element_type=\"widget\" data-e-type=\"widget\" data-widget_type=\"text-editor.default\">\n\t\t\t\t<div class=\"elementor-widget-container\">\n\t\t\t\t\t\t\t\t\t<p>\t\t<div data-elementor-type=\"section\" data-elementor-id=\"37085\" class=\"elementor elementor-37085 elementor-32518 elementor-32518\" data-elementor-post-type=\"elementor_library\">\n\t\t\t\t\t<section class=\"elementor-section elementor-inner-section elementor-element elementor-element-3348350b elementor-section-boxed elementor-section-height-default elementor-section-height-default\" data-id=\"3348350b\" data-element_type=\"section\" data-e-type=\"section\" data-settings=\"{&quot;background_background&quot;:&quot;classic&quot;}\">\n\t\t\t\t\t\t<div class=\"elementor-container elementor-column-gap-wider\">\n\t\t\t\t\t<div class=\"elementor-column elementor-col-100 elementor-inner-column elementor-element elementor-element-7404730e\" data-id=\"7404730e\" data-element_type=\"column\" data-e-type=\"column\" data-settings=\"{&quot;background_background&quot;:&quot;classic&quot;}\">\n\t\t\t<div class=\"elementor-widget-wrap elementor-element-populated\">\n\t\t\t\t\t\t<div class=\"elementor-element elementor-element-43da09dd elementor-absolute big-five elementor-widget__width-auto elementor-widget elementor-widget-heading\" data-id=\"43da09dd\" data-element_type=\"widget\" data-e-type=\"widget\" data-settings=\"{&quot;_position&quot;:&quot;absolute&quot;}\" data-widget_type=\"heading.default\">\n\t\t\t\t<div class=\"elementor-widget-container\">\n\t\t\t\t\t<div class=\"elementor-heading-title elementor-size-default\">5<\/div>\t\t\t\t<\/div>\n\t\t\t\t<\/div>\n\t\t\t\t<div class=\"elementor-element elementor-element-57362a09 elementor-widget__width-auto elementor-widget elementor-widget-heading\" data-id=\"57362a09\" data-element_type=\"widget\" data-e-type=\"widget\" data-widget_type=\"heading.default\">\n\t\t\t\t<div class=\"elementor-widget-container\">\n\t\t\t\t\t<h5 class=\"elementor-heading-title elementor-size-default\">powod\u00f3w, \u017ceby zosta\u0107 partnerem Ralston<\/h5>\t\t\t\t<\/div>\n\t\t\t\t<\/div>\n\t\t\t\t<div class=\"elementor-element elementor-element-101a7500 elementor-button-secondary elementor-align-justify elementor-widget elementor-widget-vt-button\" data-id=\"101a7500\" data-element_type=\"widget\" data-e-type=\"widget\" data-widget_type=\"vt-button.default\">\n\t\t\t\t<div class=\"elementor-widget-container\">\n\t\t\t\t\t\t\t<div class=\"elementor-button-wrapper\">\n\t\t\t<a href=\"https:\/\/www.ralstoncolour.com\/pl\/tinting-systems\/zostan-naszym-partnerem\/\" class=\"btn btn-secondary btn-sm\" role=\"button\">\n\t\t\t\t\t\t\t<span class=\"elementor-button-content-wrapper\">\n\t\t\t\t\t\t\t\t<span class=\"elementor-button-text\">dowiedz si\u0119 wi\u0119cej<\/span>\n\t\t\t<\/span>\n\t\t\t\t\t<\/a>\n\t\t<\/div>\n\t\t\t\t\t\t<\/div>\n\t\t\t\t<\/div>\n\t\t\t\t\t<\/div>\n\t\t<\/div>\n\t\t\t\t\t<\/div>\n\t\t<\/section>\n\t\t\t\t<\/div>\n\t\t<\/p>\t\t\t\t\t\t\t\t<\/div>\n\t\t\t\t<\/div>\n\t\t\t\t\t<\/div>\n\t\t<\/div>\n\t\t\t\t\t<\/div>\n\t\t<\/section>\n\t\t\t\t<section class=\"elementor-section elementor-inner-section elementor-element elementor-element-2ac2014 elementor-section-boxed elementor-section-height-default elementor-section-height-default\" data-id=\"2ac2014\" data-element_type=\"section\" data-e-type=\"section\" data-settings=\"{&quot;background_background&quot;:&quot;classic&quot;}\">\n\t\t\t\t\t\t<div class=\"elementor-container elementor-column-gap-wider\">\n\t\t\t\t\t<div class=\"elementor-column elementor-col-100 elementor-inner-column elementor-element elementor-element-66fb1df\" data-id=\"66fb1df\" data-element_type=\"column\" data-e-type=\"column\" data-settings=\"{&quot;background_background&quot;:&quot;classic&quot;}\">\n\t\t\t<div class=\"elementor-widget-wrap elementor-element-populated\">\n\t\t\t\t\t\t<div class=\"elementor-element elementor-element-9c2537a elementor-hidden-phone elementor-widget elementor-widget-text-editor\" data-id=\"9c2537a\" data-element_type=\"widget\" data-e-type=\"widget\" data-widget_type=\"text-editor.default\">\n\t\t\t\t<div class=\"elementor-widget-container\">\n\t\t\t\t\t\t\t\t\t<p>\t\t<div data-elementor-type=\"section\" data-elementor-id=\"37169\" class=\"elementor elementor-37169 elementor-366 elementor-366\" data-elementor-post-type=\"elementor_library\">\n\t\t\t\t\t<section class=\"elementor-section elementor-inner-section elementor-element elementor-element-7a90aafe elementor-section-boxed elementor-section-height-default elementor-section-height-default\" data-id=\"7a90aafe\" data-element_type=\"section\" data-e-type=\"section\" data-settings=\"{&quot;background_background&quot;:&quot;classic&quot;}\">\n\t\t\t\t\t\t<div class=\"elementor-container elementor-column-gap-wider\">\n\t\t\t\t\t<div class=\"elementor-column elementor-col-100 elementor-inner-column elementor-element elementor-element-ef17f42 equal-height\" data-id=\"ef17f42\" data-element_type=\"column\" data-e-type=\"column\" data-settings=\"{&quot;background_background&quot;:&quot;classic&quot;}\">\n\t\t\t<div class=\"elementor-widget-wrap elementor-element-populated\">\n\t\t\t\t\t\t<div class=\"elementor-element elementor-element-37df84d9 elementor-widget elementor-widget-heading\" data-id=\"37df84d9\" data-element_type=\"widget\" data-e-type=\"widget\" data-widget_type=\"heading.default\">\n\t\t\t\t<div class=\"elementor-widget-container\">\n\t\t\t\t\t<h4 class=\"elementor-heading-title elementor-size-default\">Pytania? Skontaktuj si\u0119 z nami.<\/h4>\t\t\t\t<\/div>\n\t\t\t\t<\/div>\n\t\t\t\t<div class=\"elementor-element elementor-element-1d136be elementor-button-white elementor-widget__width-auto elementor-widget elementor-widget-vt-button\" data-id=\"1d136be\" data-element_type=\"widget\" data-e-type=\"widget\" data-widget_type=\"vt-button.default\">\n\t\t\t\t<div class=\"elementor-widget-container\">\n\t\t\t\t\t\t\t<div class=\"elementor-button-wrapper\">\n\t\t\t<a href=\"https:\/\/www.ralstoncolour.com\/pl\/kontakt\/\" class=\"btn btn-white btn-xs\" role=\"button\">\n\t\t\t\t\t\t\t<span class=\"elementor-button-content-wrapper\">\n\t\t\t\t\t\t\t\t<span class=\"elementor-button-text\"> Zadaj pytanie<\/span>\n\t\t\t<\/span>\n\t\t\t\t\t<\/a>\n\t\t<\/div>\n\t\t\t\t\t\t<\/div>\n\t\t\t\t<\/div>\n\t\t\t\t<div class=\"elementor-element elementor-element-2a2a6878 elementor-button-link btn-link-white no-border elementor-widget__width-initial elementor-widget elementor-widget-vt-button\" data-id=\"2a2a6878\" data-element_type=\"widget\" data-e-type=\"widget\" data-widget_type=\"vt-button.default\">\n\t\t\t\t<div class=\"elementor-widget-container\">\n\t\t\t\t\t\t\t<div class=\"elementor-button-wrapper\">\n\t\t\t<a href=\"tel:0384291100\" class=\"btn btn-link btn-xs\" role=\"button\">\n\t\t\t\t\t\t\t<span class=\"elementor-button-content-wrapper\">\n\t\t\t\t\t\t\t\t<span class=\"elementor-button-text\">Lub zadzwo\u0144 pod numer <u>+31 38 429 11 00<\/u><\/span>\n\t\t\t<\/span>\n\t\t\t\t\t<\/a>\n\t\t<\/div>\n\t\t\t\t\t\t<\/div>\n\t\t\t\t<\/div>\n\t\t\t\t\t<\/div>\n\t\t<\/div>\n\t\t\t\t\t<\/div>\n\t\t<\/section>\n\t\t\t\t<\/div>\n\t\t<\/p>\t\t\t\t\t\t\t\t<\/div>\n\t\t\t\t<\/div>\n\t\t\t\t\t<\/div>\n\t\t<\/div>\n\t\t\t\t\t<\/div>\n\t\t<\/section>\n\t\t\t\t\t<\/div>\n\t\t<\/div>\n\t\t\t\t\t<\/div>\n\t\t<\/section>\n\t\t\t\t<\/div>\n\t\t","protected":false},"excerpt":{"rendered":"<p>Sprzedawcy hurtowi i detaliczni Wsp\u00f3\u0142praca z naszymi sprzedawcami hurtowymi opiera si\u0119 na wzajemnym zaufaniu \u2013 to cz\u0119\u015b\u0107 naszej wizji i filozofii. Razem dla Najwy\u017cszej Jako\u015bci Farb W rodzinnej firmie, jak\u0105 jest Ralston, troska o siebie nawzajem to podstawa. Dlatego z ch\u0119ci\u0105 inwestujemy w relacje z naszymi klientami i wszystkimi partnerami biznesowymi. Staramy si\u0119 by\u0107 zaanga\u017cowani<\/p>\n","protected":false},"author":2,"featured_media":0,"parent":19750,"menu_order":128,"comment_status":"closed","ping_status":"closed","template":"","meta":{"_acf_changed":false,"footnotes":""},"class_list":["post-46212","page","type-page","status-publish","hentry"],"acf":[],"yoast_head":"<!-- This site is optimized with the Yoast SEO Premium plugin v20.7 (Yoast SEO v27.2) - https:\/\/yoast.com\/product\/yoast-seo-premium-wordpress\/ -->\n<title>Sprzedawcy hurtowi i detaliczni - Ralston<\/title>\n<meta name=\"description\" content=\"Ralston wsp\u00f3\u0142pracuje z hurtownikami i detalistami, dostarczaj\u0105c wysokiej jako\u015bci, trwa\u0142e i ekologiczne produkty malarskie.\" \/>\n<meta name=\"robots\" content=\"index, follow, max-snippet:-1, max-image-preview:large, max-video-preview:-1\" \/>\n<link rel=\"canonical\" href=\"https:\/\/www.ralstoncolour.com\/pl\/coatings\/sprzedawcy-hurtowi-i-detaliczni\/\" \/>\n<meta property=\"og:locale\" content=\"pl_PL\" \/>\n<meta property=\"og:type\" content=\"article\" \/>\n<meta property=\"og:title\" content=\"Sprzedawcy hurtowi i detaliczni\" \/>\n<meta property=\"og:description\" content=\"Ralston wsp\u00f3\u0142pracuje z hurtownikami i detalistami, dostarczaj\u0105c wysokiej jako\u015bci, trwa\u0142e i ekologiczne produkty malarskie.\" \/>\n<meta property=\"og:url\" content=\"https:\/\/www.ralstoncolour.com\/pl\/coatings\/sprzedawcy-hurtowi-i-detaliczni\/\" \/>\n<meta property=\"og:site_name\" content=\"Ralston\" \/>\n<meta property=\"article:modified_time\" content=\"2024-10-22T08:00:56+00:00\" \/>\n<meta name=\"twitter:card\" content=\"summary_large_image\" \/>\n<meta name=\"twitter:label1\" content=\"Szacowany czas czytania\" \/>\n\t<meta name=\"twitter:data1\" content=\"1 minuta\" \/>\n<script type=\"application\/ld+json\" class=\"yoast-schema-graph\">{\"@context\":\"https:\/\/schema.org\",\"@graph\":[{\"@type\":\"WebPage\",\"@id\":\"https:\/\/www.ralstoncolour.com\/pl\/coatings\/sprzedawcy-hurtowi-i-detaliczni\/\",\"url\":\"https:\/\/www.ralstoncolour.com\/pl\/coatings\/sprzedawcy-hurtowi-i-detaliczni\/\",\"name\":\"Sprzedawcy hurtowi i detaliczni - Ralston\",\"isPartOf\":{\"@id\":\"https:\/\/www.ralstoncolour.com\/pl\/#website\"},\"datePublished\":\"2020-12-04T16:49:04+00:00\",\"dateModified\":\"2024-10-22T08:00:56+00:00\",\"description\":\"Ralston wsp\u00f3\u0142pracuje z hurtownikami i detalistami, dostarczaj\u0105c wysokiej jako\u015bci, trwa\u0142e i ekologiczne produkty malarskie.\",\"breadcrumb\":{\"@id\":\"https:\/\/www.ralstoncolour.com\/pl\/coatings\/sprzedawcy-hurtowi-i-detaliczni\/#breadcrumb\"},\"inLanguage\":\"pl-PL\",\"potentialAction\":[{\"@type\":\"ReadAction\",\"target\":[\"https:\/\/www.ralstoncolour.com\/pl\/coatings\/sprzedawcy-hurtowi-i-detaliczni\/\"]}]},{\"@type\":\"BreadcrumbList\",\"@id\":\"https:\/\/www.ralstoncolour.com\/pl\/coatings\/sprzedawcy-hurtowi-i-detaliczni\/#breadcrumb\",\"itemListElement\":[{\"@type\":\"ListItem\",\"position\":1,\"name\":\"Strona g\u0142\u00f3wna\",\"item\":\"https:\/\/www.ralstoncolour.com\/pl\/\"},{\"@type\":\"ListItem\",\"position\":2,\"name\":\"Coatings\",\"item\":\"https:\/\/www.ralstoncolour.com\/pl\/coatings\/\"},{\"@type\":\"ListItem\",\"position\":3,\"name\":\"Sprzedawcy hurtowi i detaliczni\"}]},{\"@type\":\"WebSite\",\"@id\":\"https:\/\/www.ralstoncolour.com\/pl\/#website\",\"url\":\"https:\/\/www.ralstoncolour.com\/pl\/\",\"name\":\"Ralston\",\"description\":\"\",\"publisher\":{\"@id\":\"https:\/\/www.ralstoncolour.com\/pl\/#organization\"},\"potentialAction\":[{\"@type\":\"SearchAction\",\"target\":{\"@type\":\"EntryPoint\",\"urlTemplate\":\"https:\/\/www.ralstoncolour.com\/pl\/?s={search_term_string}\"},\"query-input\":{\"@type\":\"PropertyValueSpecification\",\"valueRequired\":true,\"valueName\":\"search_term_string\"}}],\"inLanguage\":\"pl-PL\"},{\"@type\":\"Organization\",\"@id\":\"https:\/\/www.ralstoncolour.com\/pl\/#organization\",\"name\":\"Ralston\",\"url\":\"https:\/\/www.ralstoncolour.com\/pl\/\",\"logo\":{\"@type\":\"ImageObject\",\"inLanguage\":\"pl-PL\",\"@id\":\"https:\/\/www.ralstoncolour.com\/pl\/#\/schema\/logo\/image\/\",\"url\":\"https:\/\/www.ralstoncolour.com\/wp-content\/uploads\/2020\/09\/cropped-logo.png\",\"contentUrl\":\"https:\/\/www.ralstoncolour.com\/wp-content\/uploads\/2020\/09\/cropped-logo.png\",\"width\":144,\"height\":48,\"caption\":\"Ralston\"},\"image\":{\"@id\":\"https:\/\/www.ralstoncolour.com\/pl\/#\/schema\/logo\/image\/\"}}]}<\/script>\n<!-- \/ Yoast SEO Premium plugin. -->","yoast_head_json":{"title":"Sprzedawcy hurtowi i detaliczni - Ralston","description":"Ralston wsp\u00f3\u0142pracuje z hurtownikami i detalistami, dostarczaj\u0105c wysokiej jako\u015bci, trwa\u0142e i ekologiczne produkty malarskie.","robots":{"index":"index","follow":"follow","max-snippet":"max-snippet:-1","max-image-preview":"max-image-preview:large","max-video-preview":"max-video-preview:-1"},"canonical":"https:\/\/www.ralstoncolour.com\/pl\/coatings\/sprzedawcy-hurtowi-i-detaliczni\/","og_locale":"pl_PL","og_type":"article","og_title":"Sprzedawcy hurtowi i detaliczni","og_description":"Ralston wsp\u00f3\u0142pracuje z hurtownikami i detalistami, dostarczaj\u0105c wysokiej jako\u015bci, trwa\u0142e i ekologiczne produkty malarskie.","og_url":"https:\/\/www.ralstoncolour.com\/pl\/coatings\/sprzedawcy-hurtowi-i-detaliczni\/","og_site_name":"Ralston","article_modified_time":"2024-10-22T08:00:56+00:00","twitter_card":"summary_large_image","twitter_misc":{"Szacowany czas czytania":"1 minuta"},"schema":{"@context":"https:\/\/schema.org","@graph":[{"@type":"WebPage","@id":"https:\/\/www.ralstoncolour.com\/pl\/coatings\/sprzedawcy-hurtowi-i-detaliczni\/","url":"https:\/\/www.ralstoncolour.com\/pl\/coatings\/sprzedawcy-hurtowi-i-detaliczni\/","name":"Sprzedawcy hurtowi i detaliczni - Ralston","isPartOf":{"@id":"https:\/\/www.ralstoncolour.com\/pl\/#website"},"datePublished":"2020-12-04T16:49:04+00:00","dateModified":"2024-10-22T08:00:56+00:00","description":"Ralston wsp\u00f3\u0142pracuje z hurtownikami i detalistami, dostarczaj\u0105c wysokiej jako\u015bci, trwa\u0142e i ekologiczne produkty malarskie.","breadcrumb":{"@id":"https:\/\/www.ralstoncolour.com\/pl\/coatings\/sprzedawcy-hurtowi-i-detaliczni\/#breadcrumb"},"inLanguage":"pl-PL","potentialAction":[{"@type":"ReadAction","target":["https:\/\/www.ralstoncolour.com\/pl\/coatings\/sprzedawcy-hurtowi-i-detaliczni\/"]}]},{"@type":"BreadcrumbList","@id":"https:\/\/www.ralstoncolour.com\/pl\/coatings\/sprzedawcy-hurtowi-i-detaliczni\/#breadcrumb","itemListElement":[{"@type":"ListItem","position":1,"name":"Strona g\u0142\u00f3wna","item":"https:\/\/www.ralstoncolour.com\/pl\/"},{"@type":"ListItem","position":2,"name":"Coatings","item":"https:\/\/www.ralstoncolour.com\/pl\/coatings\/"},{"@type":"ListItem","position":3,"name":"Sprzedawcy hurtowi i detaliczni"}]},{"@type":"WebSite","@id":"https:\/\/www.ralstoncolour.com\/pl\/#website","url":"https:\/\/www.ralstoncolour.com\/pl\/","name":"Ralston","description":"","publisher":{"@id":"https:\/\/www.ralstoncolour.com\/pl\/#organization"},"potentialAction":[{"@type":"SearchAction","target":{"@type":"EntryPoint","urlTemplate":"https:\/\/www.ralstoncolour.com\/pl\/?s={search_term_string}"},"query-input":{"@type":"PropertyValueSpecification","valueRequired":true,"valueName":"search_term_string"}}],"inLanguage":"pl-PL"},{"@type":"Organization","@id":"https:\/\/www.ralstoncolour.com\/pl\/#organization","name":"Ralston","url":"https:\/\/www.ralstoncolour.com\/pl\/","logo":{"@type":"ImageObject","inLanguage":"pl-PL","@id":"https:\/\/www.ralstoncolour.com\/pl\/#\/schema\/logo\/image\/","url":"https:\/\/www.ralstoncolour.com\/wp-content\/uploads\/2020\/09\/cropped-logo.png","contentUrl":"https:\/\/www.ralstoncolour.com\/wp-content\/uploads\/2020\/09\/cropped-logo.png","width":144,"height":48,"caption":"Ralston"},"image":{"@id":"https:\/\/www.ralstoncolour.com\/pl\/#\/schema\/logo\/image\/"}}]}},"_links":{"self":[{"href":"https:\/\/www.ralstoncolour.com\/pl\/wp-json\/wp\/v2\/pages\/46212","targetHints":{"allow":["GET"]}}],"collection":[{"href":"https:\/\/www.ralstoncolour.com\/pl\/wp-json\/wp\/v2\/pages"}],"about":[{"href":"https:\/\/www.ralstoncolour.com\/pl\/wp-json\/wp\/v2\/types\/page"}],"author":[{"embeddable":true,"href":"https:\/\/www.ralstoncolour.com\/pl\/wp-json\/wp\/v2\/users\/2"}],"replies":[{"embeddable":true,"href":"https:\/\/www.ralstoncolour.com\/pl\/wp-json\/wp\/v2\/comments?post=46212"}],"version-history":[{"count":11,"href":"https:\/\/www.ralstoncolour.com\/pl\/wp-json\/wp\/v2\/pages\/46212\/revisions"}],"predecessor-version":[{"id":231397,"href":"https:\/\/www.ralstoncolour.com\/pl\/wp-json\/wp\/v2\/pages\/46212\/revisions\/231397"}],"up":[{"embeddable":true,"href":"https:\/\/www.ralstoncolour.com\/pl\/wp-json\/wp\/v2\/pages\/19750"}],"wp:attachment":[{"href":"https:\/\/www.ralstoncolour.com\/pl\/wp-json\/wp\/v2\/media?parent=46212"}],"curies":[{"name":"wp","href":"https:\/\/api.w.org\/{rel}","templated":true}]}}