{"id":20031,"date":"2020-11-13T14:49:13","date_gmt":"2020-11-13T13:49:13","guid":{"rendered":"https:\/\/comrals-kawonsro.savviihq.com\/?page_id=20031"},"modified":"2024-10-22T10:00:52","modified_gmt":"2024-10-22T08:00:52","slug":"kalkulator","status":"publish","type":"page","link":"https:\/\/www.ralstoncolour.com\/pl\/coatings\/farby\/kalkulator\/","title":{"rendered":"Kalkulator"},"content":{"rendered":"\t\t<div data-elementor-type=\"wp-page\" data-elementor-id=\"20031\" class=\"elementor elementor-20031 elementor-911\" data-elementor-post-type=\"page\">\n\t\t\t\t\t\t<section class=\"elementor-section elementor-top-section elementor-element elementor-element-8721c47 elementor-section-stretched breadcrumbs blocks-top elementor-section-boxed elementor-section-height-default elementor-section-height-default\" data-id=\"8721c47\" data-element_type=\"section\" data-e-type=\"section\" data-settings=\"{&quot;background_background&quot;:&quot;classic&quot;,&quot;stretch_section&quot;:&quot;section-stretched&quot;}\">\n\t\t\t\t\t\t<div class=\"elementor-container elementor-column-gap-default\">\n\t\t\t\t\t<div class=\"elementor-column elementor-col-100 elementor-top-column elementor-element elementor-element-0ceff71\" data-id=\"0ceff71\" data-element_type=\"column\" data-e-type=\"column\">\n\t\t\t<div class=\"elementor-widget-wrap elementor-element-populated\">\n\t\t\t\t\t\t<div class=\"elementor-element elementor-element-c1434e9 elementor-widget elementor-widget-wp-widget-bcn_widget\" data-id=\"c1434e9\" data-element_type=\"widget\" data-e-type=\"widget\" data-widget_type=\"wp-widget-bcn_widget.default\">\n\t\t\t\t<div class=\"elementor-widget-container\">\n\t\t\t\t\t<div class=\"breadcrumbs\" vocab=\"https:\/\/schema.org\/\" typeof=\"BreadcrumbList\"><span property=\"itemListElement\" typeof=\"ListItem\"><a property=\"item\" typeof=\"WebPage\" title=\"Ga naar Home.\" href=\"https:\/\/www.ralstoncolour.com\/pl\/\" class=\"home\" aria-current=\"page\"><span property=\"name\">Home<\/span><\/a><meta property=\"position\" content=\"1\"><\/span><\/div>\t\t\t\t<\/div>\n\t\t\t\t<\/div>\n\t\t\t\t\t<\/div>\n\t\t<\/div>\n\t\t\t\t\t<\/div>\n\t\t<\/section>\n\t\t\t\t<section class=\"elementor-section elementor-top-section elementor-element elementor-element-b5b824a elementor-section-stretched elementor-section-boxed elementor-section-height-default elementor-section-height-default\" data-id=\"b5b824a\" data-element_type=\"section\" data-e-type=\"section\" data-settings=\"{&quot;stretch_section&quot;:&quot;section-stretched&quot;,&quot;background_background&quot;:&quot;classic&quot;}\">\n\t\t\t\t\t\t<div class=\"elementor-container elementor-column-gap-default\">\n\t\t\t\t\t<div class=\"elementor-column elementor-col-100 elementor-top-column elementor-element elementor-element-425c0ab\" data-id=\"425c0ab\" data-element_type=\"column\" data-e-type=\"column\">\n\t\t\t<div class=\"elementor-widget-wrap elementor-element-populated\">\n\t\t\t\t\t\t<div class=\"elementor-element elementor-element-a016c4a elementor-widget elementor-widget-heading\" data-id=\"a016c4a\" data-element_type=\"widget\" data-e-type=\"widget\" data-widget_type=\"heading.default\">\n\t\t\t\t<div class=\"elementor-widget-container\">\n\t\t\t\t\t<h1 class=\"elementor-heading-title elementor-size-default\">Verfcalculator<\/h1>\t\t\t\t<\/div>\n\t\t\t\t<\/div>\n\t\t\t\t<div class=\"elementor-element elementor-element-b41ef6e elementor-widget elementor-widget-text-editor\" data-id=\"b41ef6e\" data-element_type=\"widget\" data-e-type=\"widget\" data-widget_type=\"text-editor.default\">\n\t\t\t\t<div class=\"elementor-widget-container\">\n\t\t\t\t\t\t\t\t\t<p class=\"p1\">Met deze rekentool rekent u heel makkelijk uit hoeveel verf u nodig heeft.<\/p>\t\t\t\t\t\t\t\t<\/div>\n\t\t\t\t<\/div>\n\t\t\t\t\t<\/div>\n\t\t<\/div>\n\t\t\t\t\t<\/div>\n\t\t<\/section>\n\t\t\t\t<section class=\"elementor-section elementor-top-section elementor-element elementor-element-3494fd20 elementor-section-stretched elementor-section-boxed elementor-section-height-default elementor-section-height-default\" data-id=\"3494fd20\" data-element_type=\"section\" data-e-type=\"section\" data-settings=\"{&quot;stretch_section&quot;:&quot;section-stretched&quot;,&quot;background_background&quot;:&quot;classic&quot;}\">\n\t\t\t\t\t\t<div class=\"elementor-container elementor-column-gap-default\">\n\t\t\t\t\t<div class=\"elementor-column elementor-col-100 elementor-top-column elementor-element elementor-element-1ea1e876\" data-id=\"1ea1e876\" data-element_type=\"column\" data-e-type=\"column\">\n\t\t\t<div class=\"elementor-widget-wrap elementor-element-populated\">\n\t\t\t\t\t\t<div class=\"elementor-element elementor-element-cd1fb80 elementor-widget elementor-widget-text-editor\" data-id=\"cd1fb80\" data-element_type=\"widget\" data-e-type=\"widget\" data-widget_type=\"text-editor.default\">\n\t\t\t\t<div class=\"elementor-widget-container\">\n\t\t\t\t\t\t\t\t\t<p>\n        <form method=\"get\" class=\"form-inline print-calculator\" action=\"https:\/\/www.ralstoncolour.com\/pl\/coatings\/farby\/asortyment-katalog-produktow\/ralston-zora-matt-2\/\" role=\"search\">\n            <div class=\"loader-container d-flex flex-row flex-wrap align-items-center\">\n                <div class=\"loader no-bg\"><\/div>\n                    <div class=\"form-group\">\n                        <div class=\"d-flex w-100 flex-row align-items-center\">\n                            <select name=\"\" class=\"product-item form-control\">\n                                <option value=\"\">wyselekcjonowany produkt<\/option>\n                                <option value=\"380656\" data-m2=\"7\">Ralston ExtraTex Clean [2]<\/option>\r\n<option value=\"1054608\" data-m2=\"6\">Ralston ExtraTex Satin [20]<\/option>\r\n<option value=\"1054612\" data-m2=\"13\">Ralston Matt<\/option>\r\n<option value=\"1054614\" data-m2=\"16\">Ralston Endurance Primer<\/option>\r\n<option value=\"1054616\" data-m2=\"7\">Ralston ProClean [7]<\/option>\r\n<option value=\"1054617\" data-m2=\"3\">Ralston Siloxan Primer<\/option>\r\n<option value=\"1054618\" data-m2=\"6\">Ralston UniPlex Extra<\/option>\r\n<option value=\"1054621\" data-m2=\"11.4\">Ralston UniCoat 3-in-1<\/option>\r\n<option value=\"1054628\" data-m2=\"10\">Ralston Aqua Matt<\/option>\r\n<option value=\"1054630\" data-m2=\"14\">Ralston 4S Wood-Primer<\/option>\r\n<option value=\"1054631\" data-m2=\"13\">Ralston Endurance High Gloss<\/option>\r\n<option value=\"1054634\" data-m2=\"7.6\">Ralston Aqua 2-in-1 Spray Satin<\/option>\r\n<option value=\"1054638\" data-m2=\"6\">Ralston SuperTex Matt [5]<\/option>\r\n<option value=\"1054642\" data-m2=\"10.9\">Ralston Aqua Satin<\/option>\r\n<option value=\"1054646\" data-m2=\"11.4\">Ralston Aqua Semi-Matt<\/option>\r\n<option value=\"1054650\" data-m2=\"11.6\">Ralston Semi-Matt<\/option>\r\n<option value=\"1054654\" data-m2=\"3\">Ralston Wall Primer<\/option>\r\n<option value=\"1054658\" data-m2=\"16\">Ralston 4S Satin<\/option>\r\n<option value=\"1054661\" data-m2=\"6\">Ralston Siloxan Matt [1]<\/option>\r\n<option value=\"1054668\" data-m2=\"6\">Ralston ExtraTex Matt [2]<\/option>\r\n<option value=\"1054672\" data-m2=\"10\">Ralston Aqua High-Gloss<\/option>\r\n<option value=\"1054676\" data-m2=\"2.5\">Ralston PlastDecor<\/option>\r\n<option value=\"1054679\" data-m2=\"14.7\">Ralston 3-in-1 Satin<\/option>\r\n<option value=\"1054683\" data-m2=\"11.4\">Ralston Uni-Primer<\/option>\r\n<option value=\"1054686\" data-m2=\"14\">Ralston IsoWall Primer<\/option>\r\n<option value=\"1054695\" data-m2=\"13\">Ralston Satin<\/option>\r\n<option value=\"1054699\" data-m2=\"14.2\">Ralston Endurance Satin<\/option>\r\n<option value=\"1054703\" data-m2=\"6\">Ralston ProjecTex Matt<\/option>\r\n<option value=\"1054712\" data-m2=\"9\">Ralston ColourPrime<\/option>\r\n<option value=\"1054715\" data-m2=\"6\">Ralston Tex Anti-Reflect [5]<\/option>\r\n<option value=\"1054720\" data-m2=\"12.9\">Ralston Industrial High-Gloss<\/option>\r\n<option value=\"1054724\" data-m2=\"12.9\">Ralston Industrial Satin<\/option>\r\n<option value=\"1054728\" data-m2=\"9\">Ralston Pro Matt [3]<\/option>\r\n<option value=\"1054732\" data-m2=\"12\">Ralston Aqua 3-in-1 Satin<\/option>\r\n<option value=\"1154300\" data-m2=\"11.4\">Ralston Aqua All-Primer BIOseries<\/option>\r\n<option value=\"1163224\" data-m2=\"11\">Ralston Aqua Satin BIOseries<\/option>\r\n<option value=\"1197834\" data-m2=\"7\">Ralston UniPlex Matt [2]<\/option>\r\n<option value=\"1210687\" data-m2=\"3\">Ralston Wall Primer BIOseries<\/option>\r\n<option value=\"1219585\" data-m2=\"8\">Ralston Zora Matt [2]<\/option>\r\n\n                            <\/select>\n                            <p class=\"pt-3 pl-3 pr-3\" style=\"font-size:22px; font-weight:700; color:rgb(0, 43, 97);\">+<\/p>\n                        <\/div>\n                    <\/div>\n                    <div class=\"form-group pr-3\">\n                        <input class=\"field form-control m2_input\" name=\"m2\" type=\"text\" placeholder=\"Liczba metr\u00f3w kwadratowych\">\n                    <\/div>\n                    <div class=\"form-group\">\n                        <button class=\"submit btn btn-secondary\" type=\"submit\">\n                            Obliczy\u0107\n                        <\/button>\n                        <h4 class=\"m2_output ml-5 mb-0 d-inline-flex flex-row align-items-center\"><div class=\"output mr-2\">&#8230;<\/div> litr<\/h4>\n                    <\/div>\n                <\/div>\n            <\/div>\n        <\/form>\n    <\/p>\t\t\t\t\t\t\t\t<\/div>\n\t\t\t\t<\/div>\n\t\t\t\t\t<\/div>\n\t\t<\/div>\n\t\t\t\t\t<\/div>\n\t\t<\/section>\n\t\t\t\t<\/div>\n\t\t","protected":false},"excerpt":{"rendered":"<p>Verfcalculator Met deze rekentool rekent u heel makkelijk uit hoeveel verf u nodig heeft.<\/p>\n","protected":false},"author":2,"featured_media":46398,"parent":19939,"menu_order":402,"comment_status":"closed","ping_status":"closed","template":"","meta":{"_acf_changed":false,"footnotes":""},"class_list":["post-20031","page","type-page","status-publish","has-post-thumbnail","hentry"],"acf":[],"yoast_head":"<!-- This site is optimized with the Yoast SEO Premium plugin v20.7 (Yoast SEO v27.2) - https:\/\/yoast.com\/product\/yoast-seo-premium-wordpress\/ -->\n<title>Kalkulator - Ralston<\/title>\n<meta name=\"description\" content=\"Kalkulator Ralston - oblicz dok\u0142adnie, ile farby potrzebujesz. Proste i intuicyjne narz\u0119dzie dla profesjonalist\u00f3w i amator\u00f3w.\" \/>\n<meta name=\"robots\" content=\"index, follow, max-snippet:-1, max-image-preview:large, max-video-preview:-1\" \/>\n<link rel=\"canonical\" href=\"https:\/\/www.ralstoncolour.com\/pl\/coatings\/farby\/kalkulator\/\" \/>\n<meta property=\"og:locale\" content=\"pl_PL\" \/>\n<meta property=\"og:type\" content=\"article\" \/>\n<meta property=\"og:title\" content=\"Kalkulator\" \/>\n<meta property=\"og:description\" content=\"Kalkulator Ralston - oblicz dok\u0142adnie, ile farby potrzebujesz. Proste i intuicyjne narz\u0119dzie dla profesjonalist\u00f3w i amator\u00f3w.\" \/>\n<meta property=\"og:url\" content=\"https:\/\/www.ralstoncolour.com\/pl\/coatings\/farby\/kalkulator\/\" \/>\n<meta property=\"og:site_name\" content=\"Ralston\" \/>\n<meta property=\"article:modified_time\" content=\"2024-10-22T08:00:52+00:00\" \/>\n<meta property=\"og:image\" content=\"https:\/\/www.ralstoncolour.com\/wp-content\/uploads\/2020\/12\/Schermafbeelding-2020-12-04-om-20.47.06.png\" \/>\n\t<meta property=\"og:image:width\" content=\"484\" \/>\n\t<meta property=\"og:image:height\" content=\"390\" \/>\n\t<meta property=\"og:image:type\" content=\"image\/png\" \/>\n<meta name=\"twitter:card\" content=\"summary_large_image\" \/>\n<script type=\"application\/ld+json\" class=\"yoast-schema-graph\">{\"@context\":\"https:\/\/schema.org\",\"@graph\":[{\"@type\":\"WebPage\",\"@id\":\"https:\/\/www.ralstoncolour.com\/pl\/coatings\/farby\/kalkulator\/\",\"url\":\"https:\/\/www.ralstoncolour.com\/pl\/coatings\/farby\/kalkulator\/\",\"name\":\"Kalkulator - Ralston\",\"isPartOf\":{\"@id\":\"https:\/\/www.ralstoncolour.com\/pl\/#website\"},\"primaryImageOfPage\":{\"@id\":\"https:\/\/www.ralstoncolour.com\/pl\/coatings\/farby\/kalkulator\/#primaryimage\"},\"image\":{\"@id\":\"https:\/\/www.ralstoncolour.com\/pl\/coatings\/farby\/kalkulator\/#primaryimage\"},\"thumbnailUrl\":\"https:\/\/www.ralstoncolour.com\/wp-content\/uploads\/2020\/12\/Schermafbeelding-2020-12-04-om-20.47.06.png\",\"datePublished\":\"2020-11-13T13:49:13+00:00\",\"dateModified\":\"2024-10-22T08:00:52+00:00\",\"description\":\"Kalkulator Ralston - oblicz dok\u0142adnie, ile farby potrzebujesz. Proste i intuicyjne narz\u0119dzie dla profesjonalist\u00f3w i amator\u00f3w.\",\"breadcrumb\":{\"@id\":\"https:\/\/www.ralstoncolour.com\/pl\/coatings\/farby\/kalkulator\/#breadcrumb\"},\"inLanguage\":\"pl-PL\",\"potentialAction\":[{\"@type\":\"ReadAction\",\"target\":[\"https:\/\/www.ralstoncolour.com\/pl\/coatings\/farby\/kalkulator\/\"]}]},{\"@type\":\"ImageObject\",\"inLanguage\":\"pl-PL\",\"@id\":\"https:\/\/www.ralstoncolour.com\/pl\/coatings\/farby\/kalkulator\/#primaryimage\",\"url\":\"https:\/\/www.ralstoncolour.com\/wp-content\/uploads\/2020\/12\/Schermafbeelding-2020-12-04-om-20.47.06.png\",\"contentUrl\":\"https:\/\/www.ralstoncolour.com\/wp-content\/uploads\/2020\/12\/Schermafbeelding-2020-12-04-om-20.47.06.png\",\"width\":484,\"height\":390},{\"@type\":\"BreadcrumbList\",\"@id\":\"https:\/\/www.ralstoncolour.com\/pl\/coatings\/farby\/kalkulator\/#breadcrumb\",\"itemListElement\":[{\"@type\":\"ListItem\",\"position\":1,\"name\":\"Strona g\u0142\u00f3wna\",\"item\":\"https:\/\/www.ralstoncolour.com\/pl\/\"},{\"@type\":\"ListItem\",\"position\":2,\"name\":\"Coatings\",\"item\":\"https:\/\/www.ralstoncolour.com\/pl\/coatings\/\"},{\"@type\":\"ListItem\",\"position\":3,\"name\":\"Farby\",\"item\":\"https:\/\/www.ralstoncolour.com\/pl\/coatings\/farby\/\"},{\"@type\":\"ListItem\",\"position\":4,\"name\":\"Kalkulator\"}]},{\"@type\":\"WebSite\",\"@id\":\"https:\/\/www.ralstoncolour.com\/pl\/#website\",\"url\":\"https:\/\/www.ralstoncolour.com\/pl\/\",\"name\":\"Ralston\",\"description\":\"\",\"publisher\":{\"@id\":\"https:\/\/www.ralstoncolour.com\/pl\/#organization\"},\"potentialAction\":[{\"@type\":\"SearchAction\",\"target\":{\"@type\":\"EntryPoint\",\"urlTemplate\":\"https:\/\/www.ralstoncolour.com\/pl\/?s={search_term_string}\"},\"query-input\":{\"@type\":\"PropertyValueSpecification\",\"valueRequired\":true,\"valueName\":\"search_term_string\"}}],\"inLanguage\":\"pl-PL\"},{\"@type\":\"Organization\",\"@id\":\"https:\/\/www.ralstoncolour.com\/pl\/#organization\",\"name\":\"Ralston\",\"url\":\"https:\/\/www.ralstoncolour.com\/pl\/\",\"logo\":{\"@type\":\"ImageObject\",\"inLanguage\":\"pl-PL\",\"@id\":\"https:\/\/www.ralstoncolour.com\/pl\/#\/schema\/logo\/image\/\",\"url\":\"https:\/\/www.ralstoncolour.com\/wp-content\/uploads\/2020\/09\/cropped-logo.png\",\"contentUrl\":\"https:\/\/www.ralstoncolour.com\/wp-content\/uploads\/2020\/09\/cropped-logo.png\",\"width\":144,\"height\":48,\"caption\":\"Ralston\"},\"image\":{\"@id\":\"https:\/\/www.ralstoncolour.com\/pl\/#\/schema\/logo\/image\/\"}}]}<\/script>\n<!-- \/ Yoast SEO Premium plugin. -->","yoast_head_json":{"title":"Kalkulator - Ralston","description":"Kalkulator Ralston - oblicz dok\u0142adnie, ile farby potrzebujesz. Proste i intuicyjne narz\u0119dzie dla profesjonalist\u00f3w i amator\u00f3w.","robots":{"index":"index","follow":"follow","max-snippet":"max-snippet:-1","max-image-preview":"max-image-preview:large","max-video-preview":"max-video-preview:-1"},"canonical":"https:\/\/www.ralstoncolour.com\/pl\/coatings\/farby\/kalkulator\/","og_locale":"pl_PL","og_type":"article","og_title":"Kalkulator","og_description":"Kalkulator Ralston - oblicz dok\u0142adnie, ile farby potrzebujesz. Proste i intuicyjne narz\u0119dzie dla profesjonalist\u00f3w i amator\u00f3w.","og_url":"https:\/\/www.ralstoncolour.com\/pl\/coatings\/farby\/kalkulator\/","og_site_name":"Ralston","article_modified_time":"2024-10-22T08:00:52+00:00","og_image":[{"width":484,"height":390,"url":"https:\/\/www.ralstoncolour.com\/wp-content\/uploads\/2020\/12\/Schermafbeelding-2020-12-04-om-20.47.06.png","type":"image\/png"}],"twitter_card":"summary_large_image","schema":{"@context":"https:\/\/schema.org","@graph":[{"@type":"WebPage","@id":"https:\/\/www.ralstoncolour.com\/pl\/coatings\/farby\/kalkulator\/","url":"https:\/\/www.ralstoncolour.com\/pl\/coatings\/farby\/kalkulator\/","name":"Kalkulator - Ralston","isPartOf":{"@id":"https:\/\/www.ralstoncolour.com\/pl\/#website"},"primaryImageOfPage":{"@id":"https:\/\/www.ralstoncolour.com\/pl\/coatings\/farby\/kalkulator\/#primaryimage"},"image":{"@id":"https:\/\/www.ralstoncolour.com\/pl\/coatings\/farby\/kalkulator\/#primaryimage"},"thumbnailUrl":"https:\/\/www.ralstoncolour.com\/wp-content\/uploads\/2020\/12\/Schermafbeelding-2020-12-04-om-20.47.06.png","datePublished":"2020-11-13T13:49:13+00:00","dateModified":"2024-10-22T08:00:52+00:00","description":"Kalkulator Ralston - oblicz dok\u0142adnie, ile farby potrzebujesz. Proste i intuicyjne narz\u0119dzie dla profesjonalist\u00f3w i amator\u00f3w.","breadcrumb":{"@id":"https:\/\/www.ralstoncolour.com\/pl\/coatings\/farby\/kalkulator\/#breadcrumb"},"inLanguage":"pl-PL","potentialAction":[{"@type":"ReadAction","target":["https:\/\/www.ralstoncolour.com\/pl\/coatings\/farby\/kalkulator\/"]}]},{"@type":"ImageObject","inLanguage":"pl-PL","@id":"https:\/\/www.ralstoncolour.com\/pl\/coatings\/farby\/kalkulator\/#primaryimage","url":"https:\/\/www.ralstoncolour.com\/wp-content\/uploads\/2020\/12\/Schermafbeelding-2020-12-04-om-20.47.06.png","contentUrl":"https:\/\/www.ralstoncolour.com\/wp-content\/uploads\/2020\/12\/Schermafbeelding-2020-12-04-om-20.47.06.png","width":484,"height":390},{"@type":"BreadcrumbList","@id":"https:\/\/www.ralstoncolour.com\/pl\/coatings\/farby\/kalkulator\/#breadcrumb","itemListElement":[{"@type":"ListItem","position":1,"name":"Strona g\u0142\u00f3wna","item":"https:\/\/www.ralstoncolour.com\/pl\/"},{"@type":"ListItem","position":2,"name":"Coatings","item":"https:\/\/www.ralstoncolour.com\/pl\/coatings\/"},{"@type":"ListItem","position":3,"name":"Farby","item":"https:\/\/www.ralstoncolour.com\/pl\/coatings\/farby\/"},{"@type":"ListItem","position":4,"name":"Kalkulator"}]},{"@type":"WebSite","@id":"https:\/\/www.ralstoncolour.com\/pl\/#website","url":"https:\/\/www.ralstoncolour.com\/pl\/","name":"Ralston","description":"","publisher":{"@id":"https:\/\/www.ralstoncolour.com\/pl\/#organization"},"potentialAction":[{"@type":"SearchAction","target":{"@type":"EntryPoint","urlTemplate":"https:\/\/www.ralstoncolour.com\/pl\/?s={search_term_string}"},"query-input":{"@type":"PropertyValueSpecification","valueRequired":true,"valueName":"search_term_string"}}],"inLanguage":"pl-PL"},{"@type":"Organization","@id":"https:\/\/www.ralstoncolour.com\/pl\/#organization","name":"Ralston","url":"https:\/\/www.ralstoncolour.com\/pl\/","logo":{"@type":"ImageObject","inLanguage":"pl-PL","@id":"https:\/\/www.ralstoncolour.com\/pl\/#\/schema\/logo\/image\/","url":"https:\/\/www.ralstoncolour.com\/wp-content\/uploads\/2020\/09\/cropped-logo.png","contentUrl":"https:\/\/www.ralstoncolour.com\/wp-content\/uploads\/2020\/09\/cropped-logo.png","width":144,"height":48,"caption":"Ralston"},"image":{"@id":"https:\/\/www.ralstoncolour.com\/pl\/#\/schema\/logo\/image\/"}}]}},"_links":{"self":[{"href":"https:\/\/www.ralstoncolour.com\/pl\/wp-json\/wp\/v2\/pages\/20031","targetHints":{"allow":["GET"]}}],"collection":[{"href":"https:\/\/www.ralstoncolour.com\/pl\/wp-json\/wp\/v2\/pages"}],"about":[{"href":"https:\/\/www.ralstoncolour.com\/pl\/wp-json\/wp\/v2\/types\/page"}],"author":[{"embeddable":true,"href":"https:\/\/www.ralstoncolour.com\/pl\/wp-json\/wp\/v2\/users\/2"}],"replies":[{"embeddable":true,"href":"https:\/\/www.ralstoncolour.com\/pl\/wp-json\/wp\/v2\/comments?post=20031"}],"version-history":[{"count":13,"href":"https:\/\/www.ralstoncolour.com\/pl\/wp-json\/wp\/v2\/pages\/20031\/revisions"}],"predecessor-version":[{"id":174887,"href":"https:\/\/www.ralstoncolour.com\/pl\/wp-json\/wp\/v2\/pages\/20031\/revisions\/174887"}],"up":[{"embeddable":true,"href":"https:\/\/www.ralstoncolour.com\/pl\/wp-json\/wp\/v2\/pages\/19939"}],"wp:featuredmedia":[{"embeddable":true,"href":"https:\/\/www.ralstoncolour.com\/pl\/wp-json\/wp\/v2\/media\/46398"}],"wp:attachment":[{"href":"https:\/\/www.ralstoncolour.com\/pl\/wp-json\/wp\/v2\/media?parent=20031"}],"curies":[{"name":"wp","href":"https:\/\/api.w.org\/{rel}","templated":true}]}}