{"id":167008,"date":"2020-11-11T09:55:15","date_gmt":"2020-11-11T08:55:15","guid":{"rendered":"https:\/\/www.ralstoncolour.com\/ralston-testimonials"},"modified":"2023-11-02T14:55:50","modified_gmt":"2023-11-02T13:55:50","slug":"ralston-testimonials","status":"publish","type":"page","link":"https:\/\/www.ralstoncolour.com\/it\/rivestimenti\/pittura\/ralston-testimonials\/","title":{"rendered":"Testimonial"},"content":{"rendered":"\t\t<div data-elementor-type=\"wp-page\" data-elementor-id=\"167008\" class=\"elementor elementor-167008 elementor-1004\" data-elementor-post-type=\"page\">\n\t\t\t\t\t\t<section class=\"elementor-section elementor-top-section elementor-element elementor-element-60796893 elementor-section-stretched breadcrumbs blocks-top elementor-section-boxed elementor-section-height-default elementor-section-height-default\" data-id=\"60796893\" data-element_type=\"section\" data-e-type=\"section\" data-settings=\"{&quot;background_background&quot;:&quot;classic&quot;,&quot;stretch_section&quot;:&quot;section-stretched&quot;}\">\n\t\t\t\t\t\t<div class=\"elementor-container elementor-column-gap-default\">\n\t\t\t\t\t<div class=\"elementor-column elementor-col-100 elementor-top-column elementor-element elementor-element-593e93b9\" data-id=\"593e93b9\" data-element_type=\"column\" data-e-type=\"column\">\n\t\t\t<div class=\"elementor-widget-wrap elementor-element-populated\">\n\t\t\t\t\t\t<div class=\"elementor-element elementor-element-3065b8e7 elementor-widget elementor-widget-wp-widget-bcn_widget\" data-id=\"3065b8e7\" data-element_type=\"widget\" data-e-type=\"widget\" data-widget_type=\"wp-widget-bcn_widget.default\">\n\t\t\t\t<div class=\"elementor-widget-container\">\n\t\t\t\t\t<div class=\"breadcrumbs\" vocab=\"https:\/\/schema.org\/\" typeof=\"BreadcrumbList\"><span property=\"itemListElement\" typeof=\"ListItem\"><a property=\"item\" typeof=\"WebPage\" title=\"Ga naar Home.\" href=\"https:\/\/www.ralstoncolour.com\/it\/\" class=\"home\" aria-current=\"page\"><span property=\"name\">Home<\/span><\/a><meta property=\"position\" content=\"1\"><\/span><\/div>\t\t\t\t<\/div>\n\t\t\t\t<\/div>\n\t\t\t\t\t<\/div>\n\t\t<\/div>\n\t\t\t\t\t<\/div>\n\t\t<\/section>\n\t\t\t\t<section class=\"elementor-section elementor-top-section elementor-element elementor-element-0b4a9c8 elementor-section-stretched elementor-section-boxed elementor-section-height-default elementor-section-height-default\" data-id=\"0b4a9c8\" data-element_type=\"section\" data-e-type=\"section\" data-settings=\"{&quot;stretch_section&quot;:&quot;section-stretched&quot;,&quot;background_background&quot;:&quot;classic&quot;}\">\n\t\t\t\t\t\t<div class=\"elementor-container elementor-column-gap-default\">\n\t\t\t\t\t<div class=\"elementor-column elementor-col-100 elementor-top-column elementor-element elementor-element-5b6a865\" data-id=\"5b6a865\" data-element_type=\"column\" data-e-type=\"column\">\n\t\t\t<div class=\"elementor-widget-wrap elementor-element-populated\">\n\t\t\t\t\t\t<div class=\"elementor-element elementor-element-e2a04b5 elementor-widget elementor-widget-heading\" data-id=\"e2a04b5\" data-element_type=\"widget\" data-e-type=\"widget\" data-widget_type=\"heading.default\">\n\t\t\t\t<div class=\"elementor-widget-container\">\n\t\t\t\t\t<h1 class=\"elementor-heading-title elementor-size-default\">I testimonial. Perch\u00e9 la vostra opinione conta.<\/h1>\t\t\t\t<\/div>\n\t\t\t\t<\/div>\n\t\t\t\t<div class=\"elementor-element elementor-element-6d71bf5 elementor-widget elementor-widget-text-editor\" data-id=\"6d71bf5\" data-element_type=\"widget\" data-e-type=\"widget\" data-widget_type=\"text-editor.default\">\n\t\t\t\t<div class=\"elementor-widget-container\">\n\t\t\t\t\t\t\t\t\t<div class=\"background gray\"><div id=\"header4\" class=\"container_12 pt_green\"><p class=\"grid_8\">Le iniziative locali e i risultati ottenuti da clienti e grossisti dicono pi\u00f9 delle brochure. Leggete le loro esperienze e opinioni qui di seguito.<\/p><\/div><\/div>\t\t\t\t\t\t\t\t<\/div>\n\t\t\t\t<\/div>\n\t\t\t\t\t<\/div>\n\t\t<\/div>\n\t\t\t\t\t<\/div>\n\t\t<\/section>\n\t\t\t\t<section class=\"elementor-section elementor-top-section elementor-element elementor-element-0f3457b overlay-white-right-small elementor-section-content-top elementor-section-boxed elementor-section-height-default elementor-section-height-default\" data-id=\"0f3457b\" data-element_type=\"section\" data-e-type=\"section\" data-settings=\"{&quot;background_background&quot;:&quot;classic&quot;}\">\n\t\t\t\t\t\t<div class=\"elementor-container elementor-column-gap-no\">\n\t\t\t\t\t<div class=\"elementor-column elementor-col-50 elementor-top-column elementor-element elementor-element-de6e375\" data-id=\"de6e375\" data-element_type=\"column\" data-e-type=\"column\" data-settings=\"{&quot;background_background&quot;:&quot;classic&quot;}\">\n\t\t\t<div class=\"elementor-widget-wrap elementor-element-populated\">\n\t\t\t\t\t\t<div class=\"elementor-element elementor-element-360dd5c elementor-widget elementor-widget-heading\" data-id=\"360dd5c\" data-element_type=\"widget\" data-e-type=\"widget\" data-widget_type=\"heading.default\">\n\t\t\t\t<div class=\"elementor-widget-container\">\n\t\t\t\t\t<h2 class=\"elementor-heading-title elementor-size-default\">\u201cAbbiamo aggiunto Ralston alla nostra offerta perch\u00e9 ci fidiamo della sua qualit\u00e0 e del suo servizio. E il prezzo \u00e8 giusto anche per i clienti. La pittura base biobased con la consueta affidabilit\u00e0 e qualit\u00e0 Ralston \u00e8 solo una graditissima aggiunta\u201d.<\/h2>\t\t\t\t<\/div>\n\t\t\t\t<\/div>\n\t\t\t\t<div class=\"elementor-element elementor-element-40b7e95 elementor-widget elementor-widget-heading\" data-id=\"40b7e95\" data-element_type=\"widget\" data-e-type=\"widget\" data-widget_type=\"heading.default\">\n\t\t\t\t<div class=\"elementor-widget-container\">\n\t\t\t\t\t<p class=\"elementor-heading-title elementor-size-default\">Gery Clabau\n<\/p>\t\t\t\t<\/div>\n\t\t\t\t<\/div>\n\t\t\t\t<div class=\"elementor-element elementor-element-6c7bac3 elementor-widget__width-initial text-large elementor-widget elementor-widget-text-editor\" data-id=\"6c7bac3\" data-element_type=\"widget\" data-e-type=\"widget\" data-widget_type=\"text-editor.default\">\n\t\t\t\t<div class=\"elementor-widget-container\">\n\t\t\t\t\t\t\t\t\t<section class=\"testimonial \">Direttore Flanders Color, Belgio<\/section><section class=\"testimonial \"><\/section>\t\t\t\t\t\t\t\t<\/div>\n\t\t\t\t<\/div>\n\t\t\t\t\t<\/div>\n\t\t<\/div>\n\t\t\t\t<div class=\"elementor-column elementor-col-50 elementor-top-column elementor-element elementor-element-4cf0f4c\" data-id=\"4cf0f4c\" data-element_type=\"column\" data-e-type=\"column\">\n\t\t\t<div class=\"elementor-widget-wrap elementor-element-populated\">\n\t\t\t\t\t\t<div class=\"elementor-element elementor-element-4e14b2d elementor-widget elementor-widget-image\" data-id=\"4e14b2d\" data-element_type=\"widget\" data-e-type=\"widget\" data-widget_type=\"image.default\">\n\t\t\t\t<div class=\"elementor-widget-container\">\n\t\t\t\t\t\t\t\t\t\t\t\t\t\t\t<img decoding=\"async\" width=\"90\" height=\"90\" src=\"https:\/\/www.ralstoncolour.com\/wp-content\/uploads\/2020\/11\/6231608be0308b90808a367daea4a3a8.jpg\" class=\"attachment-large size-large wp-image-167623\" alt=\"\" srcset=\"https:\/\/www.ralstoncolour.com\/wp-content\/uploads\/2020\/11\/6231608be0308b90808a367daea4a3a8.jpg 90w, https:\/\/www.ralstoncolour.com\/wp-content\/uploads\/2020\/11\/6231608be0308b90808a367daea4a3a8-65x65.jpg 65w\" sizes=\"(max-width: 90px) 100vw, 90px\" \/>\t\t\t\t\t\t\t\t\t\t\t\t\t\t\t<\/div>\n\t\t\t\t<\/div>\n\t\t\t\t\t<\/div>\n\t\t<\/div>\n\t\t\t\t\t<\/div>\n\t\t<\/section>\n\t\t\t\t<section class=\"elementor-section elementor-top-section elementor-element elementor-element-1e0bde9 overlay-white-left-small text-righ elementor-section-content-top elementor-reverse-tablet elementor-reverse-mobile elementor-section-boxed elementor-section-height-default elementor-section-height-default\" data-id=\"1e0bde9\" data-element_type=\"section\" data-e-type=\"section\" data-settings=\"{&quot;background_background&quot;:&quot;classic&quot;}\">\n\t\t\t\t\t\t<div class=\"elementor-container elementor-column-gap-no\">\n\t\t\t\t\t<div class=\"elementor-column elementor-col-50 elementor-top-column elementor-element elementor-element-57044a7\" data-id=\"57044a7\" data-element_type=\"column\" data-e-type=\"column\">\n\t\t\t<div class=\"elementor-widget-wrap elementor-element-populated\">\n\t\t\t\t\t\t<div class=\"elementor-element elementor-element-122f832 elementor-widget elementor-widget-image\" data-id=\"122f832\" data-element_type=\"widget\" data-e-type=\"widget\" data-widget_type=\"image.default\">\n\t\t\t\t<div class=\"elementor-widget-container\">\n\t\t\t\t\t\t\t\t\t\t\t\t\t\t\t<img decoding=\"async\" width=\"90\" height=\"90\" src=\"https:\/\/www.ralstoncolour.com\/wp-content\/uploads\/2020\/11\/59cb9e1e9437b52bf425d2e6b3bcde6c.jpg\" class=\"attachment-large size-large wp-image-167624\" alt=\"\" srcset=\"https:\/\/www.ralstoncolour.com\/wp-content\/uploads\/2020\/11\/59cb9e1e9437b52bf425d2e6b3bcde6c.jpg 90w, https:\/\/www.ralstoncolour.com\/wp-content\/uploads\/2020\/11\/59cb9e1e9437b52bf425d2e6b3bcde6c-65x65.jpg 65w\" sizes=\"(max-width: 90px) 100vw, 90px\" \/>\t\t\t\t\t\t\t\t\t\t\t\t\t\t\t<\/div>\n\t\t\t\t<\/div>\n\t\t\t\t\t<\/div>\n\t\t<\/div>\n\t\t\t\t<div class=\"elementor-column elementor-col-50 elementor-top-column elementor-element elementor-element-78d1f71\" data-id=\"78d1f71\" data-element_type=\"column\" data-e-type=\"column\" data-settings=\"{&quot;background_background&quot;:&quot;classic&quot;}\">\n\t\t\t<div class=\"elementor-widget-wrap elementor-element-populated\">\n\t\t\t\t\t\t<div class=\"elementor-element elementor-element-375876a elementor-widget elementor-widget-heading\" data-id=\"375876a\" data-element_type=\"widget\" data-e-type=\"widget\" data-widget_type=\"heading.default\">\n\t\t\t\t<div class=\"elementor-widget-container\">\n\t\t\t\t\t<h2 class=\"elementor-heading-title elementor-size-default\">\u201cTrattabilit\u00e0, qualit\u00e0 e sostenibilit\u00e0 sono parole chiave per i nostri clienti,  che vogliono anche un buon rendimento per m\u00b2... E Ralston lo offre sempre. Ora anche con le nuove pitture biobased\u201d.<\/h2>\t\t\t\t<\/div>\n\t\t\t\t<\/div>\n\t\t\t\t<div class=\"elementor-element elementor-element-b9fafbe elementor-widget elementor-widget-heading\" data-id=\"b9fafbe\" data-element_type=\"widget\" data-e-type=\"widget\" data-widget_type=\"heading.default\">\n\t\t\t\t<div class=\"elementor-widget-container\">\n\t\t\t\t\t<p class=\"elementor-heading-title elementor-size-default\">Hub Geurts<\/p>\t\t\t\t<\/div>\n\t\t\t\t<\/div>\n\t\t\t\t<div class=\"elementor-element elementor-element-d58c28b elementor-widget__width-initial text-large elementor-widget elementor-widget-text-editor\" data-id=\"d58c28b\" data-element_type=\"widget\" data-e-type=\"widget\" data-widget_type=\"text-editor.default\">\n\t\t\t\t<div class=\"elementor-widget-container\">\n\t\t\t\t\t\t\t\t\t<section class=\"testimonial \">Amministratore delegato\/titolare, Geurts Verfgroothandel, Belgio<\/section><section class=\"testimonial last\"><\/section>\t\t\t\t\t\t\t\t<\/div>\n\t\t\t\t<\/div>\n\t\t\t\t\t<\/div>\n\t\t<\/div>\n\t\t\t\t\t<\/div>\n\t\t<\/section>\n\t\t\t\t<section class=\"elementor-section elementor-top-section elementor-element elementor-element-50bb5c8 overlay-white-right-small elementor-section-content-top elementor-section-boxed elementor-section-height-default elementor-section-height-default\" data-id=\"50bb5c8\" data-element_type=\"section\" data-e-type=\"section\" data-settings=\"{&quot;background_background&quot;:&quot;classic&quot;}\">\n\t\t\t\t\t\t<div class=\"elementor-container elementor-column-gap-no\">\n\t\t\t\t\t<div class=\"elementor-column elementor-col-50 elementor-top-column elementor-element elementor-element-c797815\" data-id=\"c797815\" data-element_type=\"column\" data-e-type=\"column\" data-settings=\"{&quot;background_background&quot;:&quot;classic&quot;}\">\n\t\t\t<div class=\"elementor-widget-wrap elementor-element-populated\">\n\t\t\t\t\t\t<div class=\"elementor-element elementor-element-808d2a2 elementor-widget elementor-widget-heading\" data-id=\"808d2a2\" data-element_type=\"widget\" data-e-type=\"widget\" data-widget_type=\"heading.default\">\n\t\t\t\t<div class=\"elementor-widget-container\">\n\t\t\t\t\t<h2 class=\"elementor-heading-title elementor-size-default\">Parlateci della vostra esperienza con Ralston. Ci teniamo alla vostra opinione.<\/h2>\t\t\t\t<\/div>\n\t\t\t\t<\/div>\n\t\t\t\t<div class=\"elementor-element elementor-element-4bedfc4 elementor-widget elementor-widget-heading\" data-id=\"4bedfc4\" data-element_type=\"widget\" data-e-type=\"widget\" data-widget_type=\"heading.default\">\n\t\t\t\t<div class=\"elementor-widget-container\">\n\t\t\t\t\t<p class=\"elementor-heading-title elementor-size-default\">Mel Foster, a nome del team Ralston.<\/p>\t\t\t\t<\/div>\n\t\t\t\t<\/div>\n\t\t\t\t<div class=\"elementor-element elementor-element-0ddb2c9 elementor-widget__width-initial text-large elementor-widget elementor-widget-text-editor\" data-id=\"0ddb2c9\" data-element_type=\"widget\" data-e-type=\"widget\" data-widget_type=\"text-editor.default\">\n\t\t\t\t<div class=\"elementor-widget-container\">\n\t\t\t\t\t\t\t\t\t<section class=\"testimonial \"><section class=\"testimonial last\"><div>Resp. Business Unit<\/div><\/section><article class=\"heeftuvragen\"><\/article><\/section><section class=\"testimonial \"><\/section>\t\t\t\t\t\t\t\t<\/div>\n\t\t\t\t<\/div>\n\t\t\t\t\t<\/div>\n\t\t<\/div>\n\t\t\t\t<div class=\"elementor-column elementor-col-50 elementor-top-column elementor-element elementor-element-a099b26\" data-id=\"a099b26\" data-element_type=\"column\" data-e-type=\"column\">\n\t\t\t<div class=\"elementor-widget-wrap elementor-element-populated\">\n\t\t\t\t\t\t<div class=\"elementor-element elementor-element-d246b03 elementor-widget elementor-widget-image\" data-id=\"d246b03\" data-element_type=\"widget\" data-e-type=\"widget\" data-widget_type=\"image.default\">\n\t\t\t\t<div class=\"elementor-widget-container\">\n\t\t\t\t\t\t\t\t\t\t\t\t\t\t\t<img decoding=\"async\" width=\"90\" height=\"90\" src=\"https:\/\/www.ralstoncolour.com\/wp-content\/uploads\/2020\/11\/d171cb170e5ae3ca4f769a827d0a6d4a.jpg\" class=\"attachment-large size-large wp-image-167625\" alt=\"\" srcset=\"https:\/\/www.ralstoncolour.com\/wp-content\/uploads\/2020\/11\/d171cb170e5ae3ca4f769a827d0a6d4a.jpg 90w, https:\/\/www.ralstoncolour.com\/wp-content\/uploads\/2020\/11\/d171cb170e5ae3ca4f769a827d0a6d4a-65x65.jpg 65w\" sizes=\"(max-width: 90px) 100vw, 90px\" \/>\t\t\t\t\t\t\t\t\t\t\t\t\t\t\t<\/div>\n\t\t\t\t<\/div>\n\t\t\t\t\t<\/div>\n\t\t<\/div>\n\t\t\t\t\t<\/div>\n\t\t<\/section>\n\t\t\t\t<\/div>\n\t\t","protected":false},"excerpt":{"rendered":"<p>Le iniziative locali e i risultati di applicatori e grossisti sono molto pi\u00f9 eloquenti degli opuscoli<\/p>\n","protected":false},"author":7,"featured_media":167010,"parent":174867,"menu_order":387,"comment_status":"closed","ping_status":"closed","template":"","meta":{"_acf_changed":false,"footnotes":""},"class_list":["post-167008","page","type-page","status-publish","has-post-thumbnail","hentry"],"acf":[],"yoast_head":"<!-- This site is optimized with the Yoast SEO Premium plugin v20.7 (Yoast SEO v27.2) - https:\/\/yoast.com\/product\/yoast-seo-premium-wordpress\/ -->\n<title>Testimonial - Ralston<\/title>\n<meta name=\"description\" content=\"Leggi le esperienze e le opinioni dei nostri clienti. Scopri come Ralston ha fatto la differenza con la sua passione e collaborazione.\" \/>\n<meta name=\"robots\" content=\"index, follow, max-snippet:-1, max-image-preview:large, max-video-preview:-1\" \/>\n<link rel=\"canonical\" href=\"https:\/\/www.ralstoncolour.com\/it\/rivestimenti\/pittura\/ralston-testimonials\/\" \/>\n<meta property=\"og:locale\" content=\"it_IT\" \/>\n<meta property=\"og:type\" content=\"article\" \/>\n<meta property=\"og:title\" content=\"Testimonial\" \/>\n<meta property=\"og:description\" content=\"Leggi le esperienze e le opinioni dei nostri clienti. Scopri come Ralston ha fatto la differenza con la sua passione e collaborazione.\" \/>\n<meta property=\"og:url\" content=\"https:\/\/www.ralstoncolour.com\/it\/rivestimenti\/pittura\/ralston-testimonials\/\" \/>\n<meta property=\"og:site_name\" content=\"Ralston\" \/>\n<meta property=\"article:modified_time\" content=\"2023-11-02T13:55:50+00:00\" \/>\n<meta property=\"og:image\" content=\"https:\/\/www.ralstoncolour.com\/wp-content\/uploads\/2020\/11\/Ralston-Academy.jpg\" \/>\n\t<meta property=\"og:image:width\" content=\"420\" \/>\n\t<meta property=\"og:image:height\" content=\"270\" \/>\n\t<meta property=\"og:image:type\" content=\"image\/jpeg\" \/>\n<meta name=\"twitter:card\" content=\"summary_large_image\" \/>\n<meta name=\"twitter:label1\" content=\"Tempo di lettura stimato\" \/>\n\t<meta name=\"twitter:data1\" content=\"2 minuti\" \/>\n<script type=\"application\/ld+json\" class=\"yoast-schema-graph\">{\"@context\":\"https:\/\/schema.org\",\"@graph\":[{\"@type\":\"WebPage\",\"@id\":\"https:\/\/www.ralstoncolour.com\/it\/rivestimenti\/pittura\/ralston-testimonials\/\",\"url\":\"https:\/\/www.ralstoncolour.com\/it\/rivestimenti\/pittura\/ralston-testimonials\/\",\"name\":\"Testimonial - Ralston\",\"isPartOf\":{\"@id\":\"https:\/\/www.ralstoncolour.com\/it\/#website\"},\"primaryImageOfPage\":{\"@id\":\"https:\/\/www.ralstoncolour.com\/it\/rivestimenti\/pittura\/ralston-testimonials\/#primaryimage\"},\"image\":{\"@id\":\"https:\/\/www.ralstoncolour.com\/it\/rivestimenti\/pittura\/ralston-testimonials\/#primaryimage\"},\"thumbnailUrl\":\"https:\/\/www.ralstoncolour.com\/wp-content\/uploads\/2020\/11\/Ralston-Academy.jpg\",\"datePublished\":\"2020-11-11T08:55:15+00:00\",\"dateModified\":\"2023-11-02T13:55:50+00:00\",\"description\":\"Leggi le esperienze e le opinioni dei nostri clienti. Scopri come Ralston ha fatto la differenza con la sua passione e collaborazione.\",\"breadcrumb\":{\"@id\":\"https:\/\/www.ralstoncolour.com\/it\/rivestimenti\/pittura\/ralston-testimonials\/#breadcrumb\"},\"inLanguage\":\"it-IT\",\"potentialAction\":[{\"@type\":\"ReadAction\",\"target\":[\"https:\/\/www.ralstoncolour.com\/it\/rivestimenti\/pittura\/ralston-testimonials\/\"]}]},{\"@type\":\"ImageObject\",\"inLanguage\":\"it-IT\",\"@id\":\"https:\/\/www.ralstoncolour.com\/it\/rivestimenti\/pittura\/ralston-testimonials\/#primaryimage\",\"url\":\"https:\/\/www.ralstoncolour.com\/wp-content\/uploads\/2020\/11\/Ralston-Academy.jpg\",\"contentUrl\":\"https:\/\/www.ralstoncolour.com\/wp-content\/uploads\/2020\/11\/Ralston-Academy.jpg\",\"width\":420,\"height\":270},{\"@type\":\"BreadcrumbList\",\"@id\":\"https:\/\/www.ralstoncolour.com\/it\/rivestimenti\/pittura\/ralston-testimonials\/#breadcrumb\",\"itemListElement\":[{\"@type\":\"ListItem\",\"position\":1,\"name\":\"Home\",\"item\":\"https:\/\/www.ralstoncolour.com\/it\/\"},{\"@type\":\"ListItem\",\"position\":2,\"name\":\"Coatings\",\"item\":\"https:\/\/www.ralstoncolour.com\/it\/rivestimenti\/\"},{\"@type\":\"ListItem\",\"position\":3,\"name\":\"Pittura\",\"item\":\"https:\/\/www.ralstoncolour.com\/it\/rivestimenti\/pittura\/\"},{\"@type\":\"ListItem\",\"position\":4,\"name\":\"Testimonial\"}]},{\"@type\":\"WebSite\",\"@id\":\"https:\/\/www.ralstoncolour.com\/it\/#website\",\"url\":\"https:\/\/www.ralstoncolour.com\/it\/\",\"name\":\"Ralston\",\"description\":\"\",\"publisher\":{\"@id\":\"https:\/\/www.ralstoncolour.com\/it\/#organization\"},\"potentialAction\":[{\"@type\":\"SearchAction\",\"target\":{\"@type\":\"EntryPoint\",\"urlTemplate\":\"https:\/\/www.ralstoncolour.com\/it\/?s={search_term_string}\"},\"query-input\":{\"@type\":\"PropertyValueSpecification\",\"valueRequired\":true,\"valueName\":\"search_term_string\"}}],\"inLanguage\":\"it-IT\"},{\"@type\":\"Organization\",\"@id\":\"https:\/\/www.ralstoncolour.com\/it\/#organization\",\"name\":\"Ralston\",\"url\":\"https:\/\/www.ralstoncolour.com\/it\/\",\"logo\":{\"@type\":\"ImageObject\",\"inLanguage\":\"it-IT\",\"@id\":\"https:\/\/www.ralstoncolour.com\/it\/#\/schema\/logo\/image\/\",\"url\":\"https:\/\/www.ralstoncolour.com\/wp-content\/uploads\/2020\/09\/cropped-logo.png\",\"contentUrl\":\"https:\/\/www.ralstoncolour.com\/wp-content\/uploads\/2020\/09\/cropped-logo.png\",\"width\":144,\"height\":48,\"caption\":\"Ralston\"},\"image\":{\"@id\":\"https:\/\/www.ralstoncolour.com\/it\/#\/schema\/logo\/image\/\"}}]}<\/script>\n<!-- \/ Yoast SEO Premium plugin. -->","yoast_head_json":{"title":"Testimonial - Ralston","description":"Leggi le esperienze e le opinioni dei nostri clienti. Scopri come Ralston ha fatto la differenza con la sua passione e collaborazione.","robots":{"index":"index","follow":"follow","max-snippet":"max-snippet:-1","max-image-preview":"max-image-preview:large","max-video-preview":"max-video-preview:-1"},"canonical":"https:\/\/www.ralstoncolour.com\/it\/rivestimenti\/pittura\/ralston-testimonials\/","og_locale":"it_IT","og_type":"article","og_title":"Testimonial","og_description":"Leggi le esperienze e le opinioni dei nostri clienti. Scopri come Ralston ha fatto la differenza con la sua passione e collaborazione.","og_url":"https:\/\/www.ralstoncolour.com\/it\/rivestimenti\/pittura\/ralston-testimonials\/","og_site_name":"Ralston","article_modified_time":"2023-11-02T13:55:50+00:00","og_image":[{"width":420,"height":270,"url":"https:\/\/www.ralstoncolour.com\/wp-content\/uploads\/2020\/11\/Ralston-Academy.jpg","type":"image\/jpeg"}],"twitter_card":"summary_large_image","twitter_misc":{"Tempo di lettura stimato":"2 minuti"},"schema":{"@context":"https:\/\/schema.org","@graph":[{"@type":"WebPage","@id":"https:\/\/www.ralstoncolour.com\/it\/rivestimenti\/pittura\/ralston-testimonials\/","url":"https:\/\/www.ralstoncolour.com\/it\/rivestimenti\/pittura\/ralston-testimonials\/","name":"Testimonial - Ralston","isPartOf":{"@id":"https:\/\/www.ralstoncolour.com\/it\/#website"},"primaryImageOfPage":{"@id":"https:\/\/www.ralstoncolour.com\/it\/rivestimenti\/pittura\/ralston-testimonials\/#primaryimage"},"image":{"@id":"https:\/\/www.ralstoncolour.com\/it\/rivestimenti\/pittura\/ralston-testimonials\/#primaryimage"},"thumbnailUrl":"https:\/\/www.ralstoncolour.com\/wp-content\/uploads\/2020\/11\/Ralston-Academy.jpg","datePublished":"2020-11-11T08:55:15+00:00","dateModified":"2023-11-02T13:55:50+00:00","description":"Leggi le esperienze e le opinioni dei nostri clienti. Scopri come Ralston ha fatto la differenza con la sua passione e collaborazione.","breadcrumb":{"@id":"https:\/\/www.ralstoncolour.com\/it\/rivestimenti\/pittura\/ralston-testimonials\/#breadcrumb"},"inLanguage":"it-IT","potentialAction":[{"@type":"ReadAction","target":["https:\/\/www.ralstoncolour.com\/it\/rivestimenti\/pittura\/ralston-testimonials\/"]}]},{"@type":"ImageObject","inLanguage":"it-IT","@id":"https:\/\/www.ralstoncolour.com\/it\/rivestimenti\/pittura\/ralston-testimonials\/#primaryimage","url":"https:\/\/www.ralstoncolour.com\/wp-content\/uploads\/2020\/11\/Ralston-Academy.jpg","contentUrl":"https:\/\/www.ralstoncolour.com\/wp-content\/uploads\/2020\/11\/Ralston-Academy.jpg","width":420,"height":270},{"@type":"BreadcrumbList","@id":"https:\/\/www.ralstoncolour.com\/it\/rivestimenti\/pittura\/ralston-testimonials\/#breadcrumb","itemListElement":[{"@type":"ListItem","position":1,"name":"Home","item":"https:\/\/www.ralstoncolour.com\/it\/"},{"@type":"ListItem","position":2,"name":"Coatings","item":"https:\/\/www.ralstoncolour.com\/it\/rivestimenti\/"},{"@type":"ListItem","position":3,"name":"Pittura","item":"https:\/\/www.ralstoncolour.com\/it\/rivestimenti\/pittura\/"},{"@type":"ListItem","position":4,"name":"Testimonial"}]},{"@type":"WebSite","@id":"https:\/\/www.ralstoncolour.com\/it\/#website","url":"https:\/\/www.ralstoncolour.com\/it\/","name":"Ralston","description":"","publisher":{"@id":"https:\/\/www.ralstoncolour.com\/it\/#organization"},"potentialAction":[{"@type":"SearchAction","target":{"@type":"EntryPoint","urlTemplate":"https:\/\/www.ralstoncolour.com\/it\/?s={search_term_string}"},"query-input":{"@type":"PropertyValueSpecification","valueRequired":true,"valueName":"search_term_string"}}],"inLanguage":"it-IT"},{"@type":"Organization","@id":"https:\/\/www.ralstoncolour.com\/it\/#organization","name":"Ralston","url":"https:\/\/www.ralstoncolour.com\/it\/","logo":{"@type":"ImageObject","inLanguage":"it-IT","@id":"https:\/\/www.ralstoncolour.com\/it\/#\/schema\/logo\/image\/","url":"https:\/\/www.ralstoncolour.com\/wp-content\/uploads\/2020\/09\/cropped-logo.png","contentUrl":"https:\/\/www.ralstoncolour.com\/wp-content\/uploads\/2020\/09\/cropped-logo.png","width":144,"height":48,"caption":"Ralston"},"image":{"@id":"https:\/\/www.ralstoncolour.com\/it\/#\/schema\/logo\/image\/"}}]}},"_links":{"self":[{"href":"https:\/\/www.ralstoncolour.com\/it\/wp-json\/wp\/v2\/pages\/167008","targetHints":{"allow":["GET"]}}],"collection":[{"href":"https:\/\/www.ralstoncolour.com\/it\/wp-json\/wp\/v2\/pages"}],"about":[{"href":"https:\/\/www.ralstoncolour.com\/it\/wp-json\/wp\/v2\/types\/page"}],"author":[{"embeddable":true,"href":"https:\/\/www.ralstoncolour.com\/it\/wp-json\/wp\/v2\/users\/7"}],"replies":[{"embeddable":true,"href":"https:\/\/www.ralstoncolour.com\/it\/wp-json\/wp\/v2\/comments?post=167008"}],"version-history":[{"count":13,"href":"https:\/\/www.ralstoncolour.com\/it\/wp-json\/wp\/v2\/pages\/167008\/revisions"}],"predecessor-version":[{"id":237132,"href":"https:\/\/www.ralstoncolour.com\/it\/wp-json\/wp\/v2\/pages\/167008\/revisions\/237132"}],"up":[{"embeddable":true,"href":"https:\/\/www.ralstoncolour.com\/it\/wp-json\/wp\/v2\/pages\/174867"}],"wp:featuredmedia":[{"embeddable":true,"href":"https:\/\/www.ralstoncolour.com\/it\/wp-json\/wp\/v2\/media\/167010"}],"wp:attachment":[{"href":"https:\/\/www.ralstoncolour.com\/it\/wp-json\/wp\/v2\/media?parent=167008"}],"curies":[{"name":"wp","href":"https:\/\/api.w.org\/{rel}","templated":true}]}}