{"id":166942,"date":"2020-11-11T13:38:24","date_gmt":"2020-11-11T12:38:24","guid":{"rendered":"https:\/\/www.ralstoncolour.com\/tinting-paint"},"modified":"2023-11-02T14:55:34","modified_gmt":"2023-11-02T13:55:34","slug":"colorazione-della-pittura","status":"publish","type":"page","link":"https:\/\/www.ralstoncolour.com\/it\/colore\/colorazione-della-pittura\/","title":{"rendered":"Colorazione della pittura"},"content":{"rendered":"\t\t<div data-elementor-type=\"wp-page\" data-elementor-id=\"166942\" class=\"elementor elementor-166942 elementor-19170\" data-elementor-post-type=\"page\">\n\t\t\t\t\t\t<section class=\"elementor-section elementor-top-section elementor-element elementor-element-611b7f6a hero blocks-bottom elementor-section-stretched elementor-section-boxed elementor-section-height-default elementor-section-height-default\" data-id=\"611b7f6a\" data-element_type=\"section\" data-e-type=\"section\" data-settings=\"{&quot;background_background&quot;:&quot;classic&quot;,&quot;stretch_section&quot;:&quot;section-stretched&quot;}\">\n\t\t\t\t\t\t<div class=\"elementor-container elementor-column-gap-default\">\n\t\t\t\t\t<div class=\"elementor-column elementor-col-50 elementor-top-column elementor-element elementor-element-3eb31d2\" data-id=\"3eb31d2\" data-element_type=\"column\" data-e-type=\"column\" data-settings=\"{&quot;background_background&quot;:&quot;classic&quot;}\">\n\t\t\t<div class=\"elementor-widget-wrap elementor-element-populated\">\n\t\t\t\t\t\t<section class=\"elementor-section elementor-inner-section elementor-element elementor-element-2dee30f1 elementor-section-boxed elementor-section-height-default elementor-section-height-default\" data-id=\"2dee30f1\" data-element_type=\"section\" data-e-type=\"section\">\n\t\t\t\t\t\t<div class=\"elementor-container elementor-column-gap-default\">\n\t\t\t\t\t<div class=\"elementor-column elementor-col-100 elementor-inner-column elementor-element elementor-element-76ea23c1\" data-id=\"76ea23c1\" data-element_type=\"column\" data-e-type=\"column\" data-settings=\"{&quot;background_background&quot;:&quot;classic&quot;}\">\n\t\t\t<div class=\"elementor-widget-wrap elementor-element-populated\">\n\t\t\t\t\t\t<div class=\"elementor-element elementor-element-54d23bd2 elementor-widget elementor-widget-heading\" data-id=\"54d23bd2\" data-element_type=\"widget\" data-e-type=\"widget\" data-widget_type=\"heading.default\">\n\t\t\t\t<div class=\"elementor-widget-container\">\n\t\t\t\t\t<h1 class=\"elementor-heading-title elementor-size-default\">Colorazione della pittura<\/h1>\t\t\t\t<\/div>\n\t\t\t\t<\/div>\n\t\t\t\t<div class=\"elementor-element elementor-element-eb58e33 elementor-widget elementor-widget-text-editor\" data-id=\"eb58e33\" data-element_type=\"widget\" data-e-type=\"widget\" data-widget_type=\"text-editor.default\">\n\t\t\t\t<div class=\"elementor-widget-container\">\n\t\t\t\t\t\t\t\t\t<div class=\"background gray\"><div id=\"header3\" class=\"container_12 pt_red\"><div class=\"grid_12\"><div class=\"pattern_short\">Mescolare i colori con Ralston<\/div><\/div><\/div><\/div>\t\t\t\t\t\t\t\t<\/div>\n\t\t\t\t<\/div>\n\t\t\t\t\t<\/div>\n\t\t<\/div>\n\t\t\t\t\t<\/div>\n\t\t<\/section>\n\t\t\t\t\t<\/div>\n\t\t<\/div>\n\t\t\t\t<div class=\"elementor-column elementor-col-50 elementor-top-column elementor-element elementor-element-4f088eaf\" data-id=\"4f088eaf\" data-element_type=\"column\" data-e-type=\"column\">\n\t\t\t<div class=\"elementor-widget-wrap\">\n\t\t\t\t\t\t\t<\/div>\n\t\t<\/div>\n\t\t\t\t\t<\/div>\n\t\t<\/section>\n\t\t\t\t<section class=\"elementor-section elementor-top-section elementor-element elementor-element-80ea478 elementor-section-boxed elementor-section-height-default elementor-section-height-default\" data-id=\"80ea478\" data-element_type=\"section\" data-e-type=\"section\" data-settings=\"{&quot;background_background&quot;:&quot;classic&quot;}\">\n\t\t\t\t\t\t<div class=\"elementor-container elementor-column-gap-default\">\n\t\t\t\t\t<div class=\"elementor-column elementor-col-100 elementor-top-column elementor-element elementor-element-72a496d1\" data-id=\"72a496d1\" data-element_type=\"column\" data-e-type=\"column\">\n\t\t\t<div class=\"elementor-widget-wrap elementor-element-populated\">\n\t\t\t\t\t\t<div class=\"elementor-element elementor-element-152a7739 elementor-widget elementor-widget-wp-widget-bcn_widget\" data-id=\"152a7739\" data-element_type=\"widget\" data-e-type=\"widget\" data-widget_type=\"wp-widget-bcn_widget.default\">\n\t\t\t\t<div class=\"elementor-widget-container\">\n\t\t\t\t\t<div class=\"breadcrumbs\" vocab=\"https:\/\/schema.org\/\" typeof=\"BreadcrumbList\"><span property=\"itemListElement\" typeof=\"ListItem\"><a property=\"item\" typeof=\"WebPage\" title=\"Ga naar Home.\" href=\"https:\/\/www.ralstoncolour.com\/it\/\" class=\"home\" aria-current=\"page\"><span property=\"name\">Home<\/span><\/a><meta property=\"position\" content=\"1\"><\/span><\/div>\t\t\t\t<\/div>\n\t\t\t\t<\/div>\n\t\t\t\t\t<\/div>\n\t\t<\/div>\n\t\t\t\t\t<\/div>\n\t\t<\/section>\n\t\t\t\t<section class=\"elementor-section elementor-top-section elementor-element elementor-element-768a1cce elementor-section-boxed elementor-section-height-default elementor-section-height-default\" data-id=\"768a1cce\" data-element_type=\"section\" data-e-type=\"section\">\n\t\t\t\t\t\t<div class=\"elementor-container elementor-column-gap-default\">\n\t\t\t\t\t<div class=\"elementor-column elementor-col-66 elementor-top-column elementor-element elementor-element-1b02baee\" data-id=\"1b02baee\" data-element_type=\"column\" data-e-type=\"column\">\n\t\t\t<div class=\"elementor-widget-wrap elementor-element-populated\">\n\t\t\t\t\t\t<section class=\"elementor-section elementor-inner-section elementor-element elementor-element-6c83e73f elementor-section-boxed elementor-section-height-default elementor-section-height-default\" data-id=\"6c83e73f\" data-element_type=\"section\" data-e-type=\"section\">\n\t\t\t\t\t\t<div class=\"elementor-container elementor-column-gap-default\">\n\t\t\t\t\t<div class=\"elementor-column elementor-col-100 elementor-inner-column elementor-element elementor-element-5a207f2c\" data-id=\"5a207f2c\" data-element_type=\"column\" data-e-type=\"column\">\n\t\t\t<div class=\"elementor-widget-wrap elementor-element-populated\">\n\t\t\t\t\t\t<div class=\"elementor-element elementor-element-286ab588 elementor-widget elementor-widget-text-editor\" data-id=\"286ab588\" data-element_type=\"widget\" data-e-type=\"widget\" data-widget_type=\"text-editor.default\">\n\t\t\t\t<div class=\"elementor-widget-container\">\n\t\t\t\t\t\t\t\t\t<h2>Efficiente e flessibile<\/h2><p>Colore, internazionale, regionale, da qualsiasi cartella colori o da un colore personale specifico&#8230; ricevi tutte queste richieste.<\/p><h2>Sistema tintometrico<\/h2><p>Quasi tutti i colori, per tutte le pitture, ad acqua o a solvente: il sistema tintometrico Ralston lavora per voi. Efficiente e flessibile, indipendente da tempo, luogo, quantit\u00e0 o colore.<\/p><p>Ogni sistema \u00e8 composto da paste coloranti, pitture base, software per la formula colore e una macchina per la messa in tinta. Molti colori e ancora un basso livello di scorte. Solo 2 pitture base per tutte le qualit\u00e0 di pittura. Una base bianca per le gradazioni pi\u00f9 chiare, una trasparente per quelle pi\u00f9 scure. Buona luminosit\u00e0 del colore e buon potere coprente grazie alle paste coloranti di alta qualit\u00e0 sviluppate e prodotte internamente.<\/p><p>Il software per le formule colore include i colori di molte mazzette colori internazionali. <strong>Avete una cartella colori specifica? Chiedete al vostro agente Ralston quali sono le opzioni disponibili.<\/strong><\/p>\t\t\t\t\t\t\t\t<\/div>\n\t\t\t\t<\/div>\n\t\t\t\t<div class=\"elementor-element elementor-element-173fcd80 elementor-widget elementor-widget-vt-share\" data-id=\"173fcd80\" data-element_type=\"widget\" data-e-type=\"widget\" data-widget_type=\"vt-share.default\">\n\t\t\t\t<div class=\"elementor-widget-container\">\n\t\t\t\t\t                            \n            <div class=\"social-share mt-3 mb-5\">\n                <a href=\"https:\/\/www.facebook.com\/sharer\/sharer.php?u=https%3A%2F%2Fwww.ralstoncolour.com%2Fit%2Fcolore%2Fcolorazione-della-pittura%2F\" target=\"_blank\" class=\"btn btn-social btn-xs fb mr-1\">Condividi su Facebook<\/a>\n                <a href=\"https:\/\/www.linkedin.com\/sharing\/share-offsite\/?url=https%3A%2F%2Fwww.ralstoncolour.com%2Fit%2Fcolore%2Fcolorazione-della-pittura%2F\" target=\"_blank\" class=\"btn btn-social btn-xs li ml-1\">Condividi su LinkedIn<\/a>\n            <\/div>\n        \t\t\t\t<\/div>\n\t\t\t\t<\/div>\n\t\t\t\t\t<\/div>\n\t\t<\/div>\n\t\t\t\t\t<\/div>\n\t\t<\/section>\n\t\t\t\t\t<\/div>\n\t\t<\/div>\n\t\t\t\t<div class=\"elementor-column elementor-col-33 elementor-top-column elementor-element elementor-element-12048f2\" data-id=\"12048f2\" data-element_type=\"column\" data-e-type=\"column\">\n\t\t\t<div class=\"elementor-widget-wrap elementor-element-populated\">\n\t\t\t\t\t\t<section class=\"elementor-section elementor-inner-section elementor-element elementor-element-910b5e8 elementor-section-boxed elementor-section-height-default elementor-section-height-default\" data-id=\"910b5e8\" data-element_type=\"section\" data-e-type=\"section\" data-settings=\"{&quot;background_background&quot;:&quot;classic&quot;}\">\n\t\t\t\t\t\t<div class=\"elementor-container elementor-column-gap-wider\">\n\t\t\t\t\t<div class=\"elementor-column elementor-col-100 elementor-inner-column elementor-element elementor-element-21faeefb\" data-id=\"21faeefb\" data-element_type=\"column\" data-e-type=\"column\" data-settings=\"{&quot;background_background&quot;:&quot;classic&quot;}\">\n\t\t\t<div class=\"elementor-widget-wrap elementor-element-populated\">\n\t\t\t\t\t\t<div class=\"elementor-element elementor-element-2e151f02 elementor-widget elementor-widget-text-editor\" data-id=\"2e151f02\" data-element_type=\"widget\" data-e-type=\"widget\" data-widget_type=\"text-editor.default\">\n\t\t\t\t<div class=\"elementor-widget-container\">\n\t\t\t\t\t\t\t\t\t<p>\t\t<div data-elementor-type=\"section\" data-elementor-id=\"168288\" class=\"elementor elementor-168288 elementor-23455 elementor-23455\" data-elementor-post-type=\"elementor_library\">\n\t\t\t\t\t<section class=\"elementor-section elementor-inner-section elementor-element elementor-element-6e7992d elementor-section-boxed elementor-section-height-default elementor-section-height-default\" data-id=\"6e7992d\" data-element_type=\"section\" data-e-type=\"section\" data-settings=\"{&quot;background_background&quot;:&quot;classic&quot;}\">\n\t\t\t\t\t\t<div class=\"elementor-container elementor-column-gap-wider\">\n\t\t\t\t\t<div class=\"elementor-column elementor-col-100 elementor-inner-column elementor-element elementor-element-4900e70\" data-id=\"4900e70\" data-element_type=\"column\" data-e-type=\"column\" data-settings=\"{&quot;background_background&quot;:&quot;classic&quot;}\">\n\t\t\t<div class=\"elementor-widget-wrap elementor-element-populated\">\n\t\t\t\t\t\t<div class=\"elementor-element elementor-element-95690b6 elementor-widget elementor-widget-heading\" data-id=\"95690b6\" data-element_type=\"widget\" data-e-type=\"widget\" data-widget_type=\"heading.default\">\n\t\t\t\t<div class=\"elementor-widget-container\">\n\t\t\t\t\t<h4 class=\"elementor-heading-title elementor-size-default\">Segui Ralston sui social media<\/h4>\t\t\t\t<\/div>\n\t\t\t\t<\/div>\n\t\t\t\t<div class=\"elementor-element elementor-element-6ee51b6 elementor-widget elementor-widget-text-editor\" data-id=\"6ee51b6\" data-element_type=\"widget\" data-e-type=\"widget\" data-widget_type=\"text-editor.default\">\n\t\t\t\t<div class=\"elementor-widget-container\">\n\t\t\t\t\t\t\t\t\t<p>Resta aggiornato sugli ultimi sviluppi e ricevi consigli e suggerimenti<\/p>\t\t\t\t\t\t\t\t<\/div>\n\t\t\t\t<\/div>\n\t\t\t\t<div class=\"elementor-element elementor-element-37910d9 elementor-shape-circle elementor-grid-tablet-2 elementor-grid-mobile-2 elementor-grid-5 e-grid-align-center elementor-widget elementor-widget-social-icons\" data-id=\"37910d9\" data-element_type=\"widget\" data-e-type=\"widget\" data-widget_type=\"social-icons.default\">\n\t\t\t\t<div class=\"elementor-widget-container\">\n\t\t\t\t\t\t\t<div class=\"elementor-social-icons-wrapper elementor-grid\" role=\"list\">\n\t\t\t\t\t\t\t<span class=\"elementor-grid-item\" role=\"listitem\">\n\t\t\t\t\t<a class=\"elementor-icon elementor-social-icon elementor-social-icon-youtube elementor-animation-grow elementor-repeater-item-644d1e7\" href=\"https:\/\/www.youtube.com\/user\/ralstoncolourcoating\/featured\" target=\"_blank\">\n\t\t\t\t\t\t<span class=\"elementor-screen-only\">Youtube<\/span>\n\t\t\t\t\t\t<i aria-hidden=\"true\" class=\"fab fa-youtube\"><\/i>\t\t\t\t\t<\/a>\n\t\t\t\t<\/span>\n\t\t\t\t\t\t\t<span class=\"elementor-grid-item\" role=\"listitem\">\n\t\t\t\t\t<a class=\"elementor-icon elementor-social-icon elementor-social-icon-linkedin elementor-animation-grow elementor-repeater-item-dc93952\" href=\"https:\/\/nl.linkedin.com\/company\/ralston-colour-and-coatings-b.v.\" target=\"_blank\">\n\t\t\t\t\t\t<span class=\"elementor-screen-only\">Linkedin<\/span>\n\t\t\t\t\t\t<i aria-hidden=\"true\" class=\"fab fa-linkedin\"><\/i>\t\t\t\t\t<\/a>\n\t\t\t\t<\/span>\n\t\t\t\t\t\t\t<span class=\"elementor-grid-item\" role=\"listitem\">\n\t\t\t\t\t<a class=\"elementor-icon elementor-social-icon elementor-social-icon-instagram elementor-animation-grow elementor-repeater-item-7f53dcd\" href=\"https:\/\/www.instagram.com\/ralstoncolourcoatings\/?igshid=1135ut703lgqn\" target=\"_blank\">\n\t\t\t\t\t\t<span class=\"elementor-screen-only\">Instagram<\/span>\n\t\t\t\t\t\t<i aria-hidden=\"true\" class=\"fab fa-instagram\"><\/i>\t\t\t\t\t<\/a>\n\t\t\t\t<\/span>\n\t\t\t\t\t\t\t<span class=\"elementor-grid-item\" role=\"listitem\">\n\t\t\t\t\t<a class=\"elementor-icon elementor-social-icon elementor-social-icon-facebook elementor-animation-grow elementor-repeater-item-a96ecba\" href=\"https:\/\/www.facebook.com\/RalstonColourCoatings\/\" target=\"_blank\">\n\t\t\t\t\t\t<span class=\"elementor-screen-only\">Facebook<\/span>\n\t\t\t\t\t\t<i aria-hidden=\"true\" class=\"fab fa-facebook\"><\/i>\t\t\t\t\t<\/a>\n\t\t\t\t<\/span>\n\t\t\t\t\t\t\t<span class=\"elementor-grid-item\" role=\"listitem\">\n\t\t\t\t\t<a class=\"elementor-icon elementor-social-icon elementor-social-icon-pinterest elementor-animation-grow elementor-repeater-item-3d1a9b1\" href=\"https:\/\/nl.pinterest.com\/ralstoncolour\/\" target=\"_blank\">\n\t\t\t\t\t\t<span class=\"elementor-screen-only\">Pinterest<\/span>\n\t\t\t\t\t\t<i aria-hidden=\"true\" class=\"fab fa-pinterest\"><\/i>\t\t\t\t\t<\/a>\n\t\t\t\t<\/span>\n\t\t\t\t\t<\/div>\n\t\t\t\t\t\t<\/div>\n\t\t\t\t<\/div>\n\t\t\t\t\t<\/div>\n\t\t<\/div>\n\t\t\t\t\t<\/div>\n\t\t<\/section>\n\t\t\t\t<\/div>\n\t\t<\/p>\t\t\t\t\t\t\t\t<\/div>\n\t\t\t\t<\/div>\n\t\t\t\t\t<\/div>\n\t\t<\/div>\n\t\t\t\t\t<\/div>\n\t\t<\/section>\n\t\t\t\t\t<\/div>\n\t\t<\/div>\n\t\t\t\t\t<\/div>\n\t\t<\/section>\n\t\t\t\t<\/div>\n\t\t","protected":false},"excerpt":{"rendered":"<p>Efficient and flexible. Colour, international, regional, from any colour sample cards or a specific personal colour\u2026 you receive all such requests.<\/p>\n","protected":false},"author":7,"featured_media":166943,"parent":171111,"menu_order":4,"comment_status":"closed","ping_status":"closed","template":"","meta":{"_acf_changed":false,"footnotes":""},"class_list":["post-166942","page","type-page","status-publish","has-post-thumbnail","hentry"],"acf":[],"yoast_head":"<!-- This site is optimized with the Yoast SEO Premium plugin v20.7 (Yoast SEO v27.2) - https:\/\/yoast.com\/product\/yoast-seo-premium-wordpress\/ -->\n<title>Colorazione della pittura - Ralston Colour &amp; Coatings<\/title>\n<meta name=\"description\" content=\"Quasi tutti i colori, per tutte le pitture, ad acqua o a solvente: il sistema per la colorazione della pittura Ralston lavora per voi.\" \/>\n<meta name=\"robots\" content=\"index, follow, max-snippet:-1, max-image-preview:large, max-video-preview:-1\" \/>\n<link rel=\"canonical\" href=\"https:\/\/www.ralstoncolour.com\/it\/colore\/colorazione-della-pittura\/\" \/>\n<meta property=\"og:locale\" content=\"it_IT\" \/>\n<meta property=\"og:type\" content=\"article\" \/>\n<meta property=\"og:title\" content=\"Colorazione della pittura\" \/>\n<meta property=\"og:description\" content=\"Quasi tutti i colori, per tutte le pitture, ad acqua o a solvente: il sistema per la colorazione della pittura Ralston lavora per voi.\" \/>\n<meta property=\"og:url\" content=\"https:\/\/www.ralstoncolour.com\/it\/colore\/colorazione-della-pittura\/\" \/>\n<meta property=\"og:site_name\" content=\"Ralston\" \/>\n<meta property=\"article:modified_time\" content=\"2023-11-02T13:55:34+00:00\" \/>\n<meta property=\"og:image\" content=\"https:\/\/www.ralstoncolour.com\/wp-content\/uploads\/2020\/11\/7aea618e941cd0d8fe7238c322a654d9.jpg\" \/>\n\t<meta property=\"og:image:width\" content=\"612\" \/>\n\t<meta property=\"og:image:height\" content=\"480\" \/>\n\t<meta property=\"og:image:type\" content=\"image\/jpeg\" \/>\n<meta name=\"twitter:card\" content=\"summary_large_image\" \/>\n<meta name=\"twitter:label1\" content=\"Tempo di lettura stimato\" \/>\n\t<meta name=\"twitter:data1\" content=\"1 minuto\" \/>\n<script type=\"application\/ld+json\" class=\"yoast-schema-graph\">{\"@context\":\"https:\/\/schema.org\",\"@graph\":[{\"@type\":\"WebPage\",\"@id\":\"https:\/\/www.ralstoncolour.com\/it\/colore\/colorazione-della-pittura\/\",\"url\":\"https:\/\/www.ralstoncolour.com\/it\/colore\/colorazione-della-pittura\/\",\"name\":\"Colorazione della pittura - Ralston Colour & Coatings\",\"isPartOf\":{\"@id\":\"https:\/\/www.ralstoncolour.com\/it\/#website\"},\"primaryImageOfPage\":{\"@id\":\"https:\/\/www.ralstoncolour.com\/it\/colore\/colorazione-della-pittura\/#primaryimage\"},\"image\":{\"@id\":\"https:\/\/www.ralstoncolour.com\/it\/colore\/colorazione-della-pittura\/#primaryimage\"},\"thumbnailUrl\":\"https:\/\/www.ralstoncolour.com\/wp-content\/uploads\/2020\/11\/7aea618e941cd0d8fe7238c322a654d9.jpg\",\"datePublished\":\"2020-11-11T12:38:24+00:00\",\"dateModified\":\"2023-11-02T13:55:34+00:00\",\"description\":\"Quasi tutti i colori, per tutte le pitture, ad acqua o a solvente: il sistema per la colorazione della pittura Ralston lavora per voi.\",\"breadcrumb\":{\"@id\":\"https:\/\/www.ralstoncolour.com\/it\/colore\/colorazione-della-pittura\/#breadcrumb\"},\"inLanguage\":\"it-IT\",\"potentialAction\":[{\"@type\":\"ReadAction\",\"target\":[\"https:\/\/www.ralstoncolour.com\/it\/colore\/colorazione-della-pittura\/\"]}]},{\"@type\":\"ImageObject\",\"inLanguage\":\"it-IT\",\"@id\":\"https:\/\/www.ralstoncolour.com\/it\/colore\/colorazione-della-pittura\/#primaryimage\",\"url\":\"https:\/\/www.ralstoncolour.com\/wp-content\/uploads\/2020\/11\/7aea618e941cd0d8fe7238c322a654d9.jpg\",\"contentUrl\":\"https:\/\/www.ralstoncolour.com\/wp-content\/uploads\/2020\/11\/7aea618e941cd0d8fe7238c322a654d9.jpg\",\"width\":612,\"height\":480},{\"@type\":\"BreadcrumbList\",\"@id\":\"https:\/\/www.ralstoncolour.com\/it\/colore\/colorazione-della-pittura\/#breadcrumb\",\"itemListElement\":[{\"@type\":\"ListItem\",\"position\":1,\"name\":\"Home\",\"item\":\"https:\/\/www.ralstoncolour.com\/it\/\"},{\"@type\":\"ListItem\",\"position\":2,\"name\":\"Colore\",\"item\":\"https:\/\/www.ralstoncolour.com\/it\/colour\/\"},{\"@type\":\"ListItem\",\"position\":3,\"name\":\"Colorazione della pittura\"}]},{\"@type\":\"WebSite\",\"@id\":\"https:\/\/www.ralstoncolour.com\/it\/#website\",\"url\":\"https:\/\/www.ralstoncolour.com\/it\/\",\"name\":\"Ralston\",\"description\":\"\",\"publisher\":{\"@id\":\"https:\/\/www.ralstoncolour.com\/it\/#organization\"},\"potentialAction\":[{\"@type\":\"SearchAction\",\"target\":{\"@type\":\"EntryPoint\",\"urlTemplate\":\"https:\/\/www.ralstoncolour.com\/it\/?s={search_term_string}\"},\"query-input\":{\"@type\":\"PropertyValueSpecification\",\"valueRequired\":true,\"valueName\":\"search_term_string\"}}],\"inLanguage\":\"it-IT\"},{\"@type\":\"Organization\",\"@id\":\"https:\/\/www.ralstoncolour.com\/it\/#organization\",\"name\":\"Ralston\",\"url\":\"https:\/\/www.ralstoncolour.com\/it\/\",\"logo\":{\"@type\":\"ImageObject\",\"inLanguage\":\"it-IT\",\"@id\":\"https:\/\/www.ralstoncolour.com\/it\/#\/schema\/logo\/image\/\",\"url\":\"https:\/\/www.ralstoncolour.com\/wp-content\/uploads\/2020\/09\/cropped-logo.png\",\"contentUrl\":\"https:\/\/www.ralstoncolour.com\/wp-content\/uploads\/2020\/09\/cropped-logo.png\",\"width\":144,\"height\":48,\"caption\":\"Ralston\"},\"image\":{\"@id\":\"https:\/\/www.ralstoncolour.com\/it\/#\/schema\/logo\/image\/\"}}]}<\/script>\n<!-- \/ Yoast SEO Premium plugin. -->","yoast_head_json":{"title":"Colorazione della pittura - Ralston Colour & Coatings","description":"Quasi tutti i colori, per tutte le pitture, ad acqua o a solvente: il sistema per la colorazione della pittura Ralston lavora per voi.","robots":{"index":"index","follow":"follow","max-snippet":"max-snippet:-1","max-image-preview":"max-image-preview:large","max-video-preview":"max-video-preview:-1"},"canonical":"https:\/\/www.ralstoncolour.com\/it\/colore\/colorazione-della-pittura\/","og_locale":"it_IT","og_type":"article","og_title":"Colorazione della pittura","og_description":"Quasi tutti i colori, per tutte le pitture, ad acqua o a solvente: il sistema per la colorazione della pittura Ralston lavora per voi.","og_url":"https:\/\/www.ralstoncolour.com\/it\/colore\/colorazione-della-pittura\/","og_site_name":"Ralston","article_modified_time":"2023-11-02T13:55:34+00:00","og_image":[{"width":612,"height":480,"url":"https:\/\/www.ralstoncolour.com\/wp-content\/uploads\/2020\/11\/7aea618e941cd0d8fe7238c322a654d9.jpg","type":"image\/jpeg"}],"twitter_card":"summary_large_image","twitter_misc":{"Tempo di lettura stimato":"1 minuto"},"schema":{"@context":"https:\/\/schema.org","@graph":[{"@type":"WebPage","@id":"https:\/\/www.ralstoncolour.com\/it\/colore\/colorazione-della-pittura\/","url":"https:\/\/www.ralstoncolour.com\/it\/colore\/colorazione-della-pittura\/","name":"Colorazione della pittura - Ralston Colour & Coatings","isPartOf":{"@id":"https:\/\/www.ralstoncolour.com\/it\/#website"},"primaryImageOfPage":{"@id":"https:\/\/www.ralstoncolour.com\/it\/colore\/colorazione-della-pittura\/#primaryimage"},"image":{"@id":"https:\/\/www.ralstoncolour.com\/it\/colore\/colorazione-della-pittura\/#primaryimage"},"thumbnailUrl":"https:\/\/www.ralstoncolour.com\/wp-content\/uploads\/2020\/11\/7aea618e941cd0d8fe7238c322a654d9.jpg","datePublished":"2020-11-11T12:38:24+00:00","dateModified":"2023-11-02T13:55:34+00:00","description":"Quasi tutti i colori, per tutte le pitture, ad acqua o a solvente: il sistema per la colorazione della pittura Ralston lavora per voi.","breadcrumb":{"@id":"https:\/\/www.ralstoncolour.com\/it\/colore\/colorazione-della-pittura\/#breadcrumb"},"inLanguage":"it-IT","potentialAction":[{"@type":"ReadAction","target":["https:\/\/www.ralstoncolour.com\/it\/colore\/colorazione-della-pittura\/"]}]},{"@type":"ImageObject","inLanguage":"it-IT","@id":"https:\/\/www.ralstoncolour.com\/it\/colore\/colorazione-della-pittura\/#primaryimage","url":"https:\/\/www.ralstoncolour.com\/wp-content\/uploads\/2020\/11\/7aea618e941cd0d8fe7238c322a654d9.jpg","contentUrl":"https:\/\/www.ralstoncolour.com\/wp-content\/uploads\/2020\/11\/7aea618e941cd0d8fe7238c322a654d9.jpg","width":612,"height":480},{"@type":"BreadcrumbList","@id":"https:\/\/www.ralstoncolour.com\/it\/colore\/colorazione-della-pittura\/#breadcrumb","itemListElement":[{"@type":"ListItem","position":1,"name":"Home","item":"https:\/\/www.ralstoncolour.com\/it\/"},{"@type":"ListItem","position":2,"name":"Colore","item":"https:\/\/www.ralstoncolour.com\/it\/colour\/"},{"@type":"ListItem","position":3,"name":"Colorazione della pittura"}]},{"@type":"WebSite","@id":"https:\/\/www.ralstoncolour.com\/it\/#website","url":"https:\/\/www.ralstoncolour.com\/it\/","name":"Ralston","description":"","publisher":{"@id":"https:\/\/www.ralstoncolour.com\/it\/#organization"},"potentialAction":[{"@type":"SearchAction","target":{"@type":"EntryPoint","urlTemplate":"https:\/\/www.ralstoncolour.com\/it\/?s={search_term_string}"},"query-input":{"@type":"PropertyValueSpecification","valueRequired":true,"valueName":"search_term_string"}}],"inLanguage":"it-IT"},{"@type":"Organization","@id":"https:\/\/www.ralstoncolour.com\/it\/#organization","name":"Ralston","url":"https:\/\/www.ralstoncolour.com\/it\/","logo":{"@type":"ImageObject","inLanguage":"it-IT","@id":"https:\/\/www.ralstoncolour.com\/it\/#\/schema\/logo\/image\/","url":"https:\/\/www.ralstoncolour.com\/wp-content\/uploads\/2020\/09\/cropped-logo.png","contentUrl":"https:\/\/www.ralstoncolour.com\/wp-content\/uploads\/2020\/09\/cropped-logo.png","width":144,"height":48,"caption":"Ralston"},"image":{"@id":"https:\/\/www.ralstoncolour.com\/it\/#\/schema\/logo\/image\/"}}]}},"_links":{"self":[{"href":"https:\/\/www.ralstoncolour.com\/it\/wp-json\/wp\/v2\/pages\/166942","targetHints":{"allow":["GET"]}}],"collection":[{"href":"https:\/\/www.ralstoncolour.com\/it\/wp-json\/wp\/v2\/pages"}],"about":[{"href":"https:\/\/www.ralstoncolour.com\/it\/wp-json\/wp\/v2\/types\/page"}],"author":[{"embeddable":true,"href":"https:\/\/www.ralstoncolour.com\/it\/wp-json\/wp\/v2\/users\/7"}],"replies":[{"embeddable":true,"href":"https:\/\/www.ralstoncolour.com\/it\/wp-json\/wp\/v2\/comments?post=166942"}],"version-history":[{"count":11,"href":"https:\/\/www.ralstoncolour.com\/it\/wp-json\/wp\/v2\/pages\/166942\/revisions"}],"predecessor-version":[{"id":170107,"href":"https:\/\/www.ralstoncolour.com\/it\/wp-json\/wp\/v2\/pages\/166942\/revisions\/170107"}],"up":[{"embeddable":true,"href":"https:\/\/www.ralstoncolour.com\/it\/wp-json\/wp\/v2\/pages\/171111"}],"wp:featuredmedia":[{"embeddable":true,"href":"https:\/\/www.ralstoncolour.com\/it\/wp-json\/wp\/v2\/media\/166943"}],"wp:attachment":[{"href":"https:\/\/www.ralstoncolour.com\/it\/wp-json\/wp\/v2\/media?parent=166942"}],"curies":[{"name":"wp","href":"https:\/\/api.w.org\/{rel}","templated":true}]}}