{"id":166932,"date":"2020-11-20T11:49:24","date_gmt":"2020-11-20T10:49:24","guid":{"rendered":"https:\/\/www.ralstoncolour.com\/painters"},"modified":"2023-11-02T14:55:47","modified_gmt":"2023-11-02T13:55:47","slug":"painters","status":"publish","type":"page","link":"https:\/\/www.ralstoncolour.com\/it\/rivestimenti\/painters\/","title":{"rendered":"Painters"},"content":{"rendered":"\t\t<div data-elementor-type=\"wp-page\" data-elementor-id=\"166932\" class=\"elementor elementor-166932 elementor-33688\" data-elementor-post-type=\"page\">\n\t\t\t\t\t\t<section class=\"elementor-section elementor-top-section elementor-element elementor-element-1a8b3a4e hero blocks-bottom elementor-section-stretched elementor-section-boxed elementor-section-height-default elementor-section-height-default\" data-id=\"1a8b3a4e\" data-element_type=\"section\" data-e-type=\"section\" data-settings=\"{&quot;background_background&quot;:&quot;classic&quot;,&quot;stretch_section&quot;:&quot;section-stretched&quot;}\">\n\t\t\t\t\t\t<div class=\"elementor-container elementor-column-gap-default\">\n\t\t\t\t\t<div class=\"elementor-column elementor-col-50 elementor-top-column elementor-element elementor-element-4ffdb0ab\" data-id=\"4ffdb0ab\" data-element_type=\"column\" data-e-type=\"column\" data-settings=\"{&quot;background_background&quot;:&quot;classic&quot;}\">\n\t\t\t<div class=\"elementor-widget-wrap elementor-element-populated\">\n\t\t\t\t\t\t<section class=\"elementor-section elementor-inner-section elementor-element elementor-element-35962c94 elementor-section-boxed elementor-section-height-default elementor-section-height-default\" data-id=\"35962c94\" data-element_type=\"section\" data-e-type=\"section\">\n\t\t\t\t\t\t<div class=\"elementor-container elementor-column-gap-default\">\n\t\t\t\t\t<div class=\"elementor-column elementor-col-100 elementor-inner-column elementor-element elementor-element-47fd2ec\" data-id=\"47fd2ec\" data-element_type=\"column\" data-e-type=\"column\" data-settings=\"{&quot;background_background&quot;:&quot;classic&quot;}\">\n\t\t\t<div class=\"elementor-widget-wrap elementor-element-populated\">\n\t\t\t\t\t\t<div class=\"elementor-element elementor-element-5fbfe3a7 elementor-widget elementor-widget-heading\" data-id=\"5fbfe3a7\" data-element_type=\"widget\" data-e-type=\"widget\" data-widget_type=\"heading.default\">\n\t\t\t\t<div class=\"elementor-widget-container\">\n\t\t\t\t\t<h1 class=\"elementor-heading-title elementor-size-default\">Le gioie di lavorare con qualit\u00e0<\/h1>\t\t\t\t<\/div>\n\t\t\t\t<\/div>\n\t\t\t\t<div class=\"elementor-element elementor-element-733214f elementor-widget elementor-widget-text-editor\" data-id=\"733214f\" data-element_type=\"widget\" data-e-type=\"widget\" data-widget_type=\"text-editor.default\">\n\t\t\t\t<div class=\"elementor-widget-container\">\n\t\t\t\t\t\t\t\t\t<div class=\"background gray\"><div id=\"header3\" class=\"container_12 pt_blue\"><div class=\"grid_12\"><div class=\"pattern_short\"><div class=\"background gray\"><div id=\"header3\" class=\"container_12 pt_blue\"><div class=\"grid_12\"><div class=\"pattern_short\"><p>Tutto inizia con una buona vernice. Ralston lo garantisce.<\/p><\/div><\/div><\/div><\/div><\/div><\/div><\/div><\/div>\t\t\t\t\t\t\t\t<\/div>\n\t\t\t\t<\/div>\n\t\t\t\t\t<\/div>\n\t\t<\/div>\n\t\t\t\t\t<\/div>\n\t\t<\/section>\n\t\t\t\t\t<\/div>\n\t\t<\/div>\n\t\t\t\t<div class=\"elementor-column elementor-col-50 elementor-top-column elementor-element elementor-element-7c98d4f2\" data-id=\"7c98d4f2\" data-element_type=\"column\" data-e-type=\"column\">\n\t\t\t<div class=\"elementor-widget-wrap\">\n\t\t\t\t\t\t\t<\/div>\n\t\t<\/div>\n\t\t\t\t\t<\/div>\n\t\t<\/section>\n\t\t\t\t<section class=\"elementor-section elementor-top-section elementor-element elementor-element-38ceb472 elementor-section-boxed elementor-section-height-default elementor-section-height-default\" data-id=\"38ceb472\" data-element_type=\"section\" data-e-type=\"section\" data-settings=\"{&quot;background_background&quot;:&quot;classic&quot;}\">\n\t\t\t\t\t\t<div class=\"elementor-container elementor-column-gap-default\">\n\t\t\t\t\t<div class=\"elementor-column elementor-col-100 elementor-top-column elementor-element elementor-element-22430015\" data-id=\"22430015\" data-element_type=\"column\" data-e-type=\"column\">\n\t\t\t<div class=\"elementor-widget-wrap elementor-element-populated\">\n\t\t\t\t\t\t<div class=\"elementor-element elementor-element-7fcdcbd9 elementor-widget elementor-widget-wp-widget-bcn_widget\" data-id=\"7fcdcbd9\" data-element_type=\"widget\" data-e-type=\"widget\" data-widget_type=\"wp-widget-bcn_widget.default\">\n\t\t\t\t<div class=\"elementor-widget-container\">\n\t\t\t\t\t<div class=\"breadcrumbs\" vocab=\"https:\/\/schema.org\/\" typeof=\"BreadcrumbList\"><span property=\"itemListElement\" typeof=\"ListItem\"><a property=\"item\" typeof=\"WebPage\" title=\"Ga naar Home.\" href=\"https:\/\/www.ralstoncolour.com\/it\/\" class=\"home\" aria-current=\"page\"><span property=\"name\">Home<\/span><\/a><meta property=\"position\" content=\"1\"><\/span><\/div>\t\t\t\t<\/div>\n\t\t\t\t<\/div>\n\t\t\t\t\t<\/div>\n\t\t<\/div>\n\t\t\t\t\t<\/div>\n\t\t<\/section>\n\t\t\t\t<section class=\"elementor-section elementor-top-section elementor-element elementor-element-a7beae elementor-section-boxed elementor-section-height-default elementor-section-height-default\" data-id=\"a7beae\" data-element_type=\"section\" data-e-type=\"section\">\n\t\t\t\t\t\t<div class=\"elementor-container elementor-column-gap-default\">\n\t\t\t\t\t<div class=\"elementor-column elementor-col-66 elementor-top-column elementor-element elementor-element-361c31ee\" data-id=\"361c31ee\" data-element_type=\"column\" data-e-type=\"column\">\n\t\t\t<div class=\"elementor-widget-wrap elementor-element-populated\">\n\t\t\t\t\t\t<section class=\"elementor-section elementor-inner-section elementor-element elementor-element-ff4170a elementor-section-boxed elementor-section-height-default elementor-section-height-default\" data-id=\"ff4170a\" data-element_type=\"section\" data-e-type=\"section\">\n\t\t\t\t\t\t<div class=\"elementor-container elementor-column-gap-default\">\n\t\t\t\t\t<div class=\"elementor-column elementor-col-100 elementor-inner-column elementor-element elementor-element-309aa949\" data-id=\"309aa949\" data-element_type=\"column\" data-e-type=\"column\">\n\t\t\t<div class=\"elementor-widget-wrap elementor-element-populated\">\n\t\t\t\t\t\t<div class=\"elementor-element elementor-element-058b525 elementor-widget elementor-widget-heading\" data-id=\"058b525\" data-element_type=\"widget\" data-e-type=\"widget\" data-widget_type=\"heading.default\">\n\t\t\t\t<div class=\"elementor-widget-container\">\n\t\t\t\t\t<h2 class=\"elementor-heading-title elementor-size-default\">Vernici per tutte le situazioni possibili<\/h2>\t\t\t\t<\/div>\n\t\t\t\t<\/div>\n\t\t\t\t<div class=\"elementor-element elementor-element-a519fd0 elementor-widget elementor-widget-text-editor\" data-id=\"a519fd0\" data-element_type=\"widget\" data-e-type=\"widget\" data-widget_type=\"text-editor.default\">\n\t\t\t\t<div class=\"elementor-widget-container\">\n\t\t\t\t\t\t\t\t\t<p>Tutto inizia con una buona vernice. Ralston lo garantisce. Ma ci rendiamo anche conto che Ralston deve aiutarti come pittore e come azienda. I nostri prodotti per la verniciatura sono adatti per lavori in tutte le situazioni. Qualit\u00e0 sostenibile che funziona in qualsiasi circostanza, sia all&#8217;interno che all&#8217;esterno.<\/p><nav class=\"nav_blok\"><\/nav>\t\t\t\t\t\t\t\t<\/div>\n\t\t\t\t<\/div>\n\t\t\t\t<div class=\"elementor-element elementor-element-4798f3a elementor-widget elementor-widget-text-editor\" data-id=\"4798f3a\" data-element_type=\"widget\" data-e-type=\"widget\" data-widget_type=\"text-editor.default\">\n\t\t\t\t<div class=\"elementor-widget-container\">\n\t\t\t\t\t\t\t\t\t<h2>Condividi la nostra passione<\/h2><p>Semplicemente creare la migliore vernice. Questo \u00e8 ci\u00f2 che vogliamo e ci\u00f2 che facciamo. Ci piace lavorare con persone che condividono la nostra passione. Il nostro personale di laboratorio ama spiegare i processi chimici che fanno s\u00ec che le nostre vernici si asciughino cos\u00ec rapidamente. Come pittore, ci\u00f2 che desideri davvero \u00e8 un risultato di cui puoi essere orgoglioso. E noi lo desideriamo anche.<\/p>\t\t\t\t\t\t\t\t<\/div>\n\t\t\t\t<\/div>\n\t\t\t\t<div class=\"elementor-element elementor-element-9c50f93 elementor-widget elementor-widget-button\" data-id=\"9c50f93\" data-element_type=\"widget\" data-e-type=\"widget\" data-widget_type=\"button.default\">\n\t\t\t\t<div class=\"elementor-widget-container\">\n\t\t\t\t\t\t\t\t\t<div class=\"elementor-button-wrapper\">\n\t\t\t\t\t<a class=\"elementor-button elementor-button-link elementor-size-sm\" href=\"https:\/\/www.ralstoncolour.com\/en\/coatings\/references\/\">\n\t\t\t\t\t\t<span class=\"elementor-button-content-wrapper\">\n\t\t\t\t\t\t\t\t\t<span class=\"elementor-button-text\">Guarda questi progetti Ralston<\/span>\n\t\t\t\t\t<\/span>\n\t\t\t\t\t<\/a>\n\t\t\t\t<\/div>\n\t\t\t\t\t\t\t\t<\/div>\n\t\t\t\t<\/div>\n\t\t\t\t<div class=\"elementor-element elementor-element-585ef17 elementor-widget elementor-widget-text-editor\" data-id=\"585ef17\" data-element_type=\"widget\" data-e-type=\"widget\" data-widget_type=\"text-editor.default\">\n\t\t\t\t<div class=\"elementor-widget-container\">\n\t\t\t\t\t\t\t\t\t<h2>Eccellente potere coprente<\/h2><p>Le vernici Ralston sono disponibili in pi\u00f9 di un milione di colori. Inoltre, possiamo creare una ricetta di colore personalizzata in un giorno. Il sistema di miscelazione dei colori Ralston unico riduce la gamma a soli 2 colori base per tipo di prodotto. Un commento spesso sentito sul nostro sistema di miscelazione dei colori \u00e8 la sua eccellente potenza coprente, anche nel campo dei colori pi\u00f9 scuri.<\/p>\t\t\t\t\t\t\t\t<\/div>\n\t\t\t\t<\/div>\n\t\t\t\t<div class=\"elementor-element elementor-element-58fcdc9 elementor-widget elementor-widget-vt-share\" data-id=\"58fcdc9\" data-element_type=\"widget\" data-e-type=\"widget\" data-widget_type=\"vt-share.default\">\n\t\t\t\t<div class=\"elementor-widget-container\">\n\t\t\t\t\t                            \n            <div class=\"social-share mt-3 mb-5\">\n                <a href=\"https:\/\/www.facebook.com\/sharer\/sharer.php?u=https%3A%2F%2Fwww.ralstoncolour.com%2Fit%2Frivestimenti%2Fpainters%2F\" target=\"_blank\" class=\"btn btn-social btn-xs fb mr-1\">Condividi su Facebook<\/a>\n                <a href=\"https:\/\/www.linkedin.com\/sharing\/share-offsite\/?url=https%3A%2F%2Fwww.ralstoncolour.com%2Fit%2Frivestimenti%2Fpainters%2F\" target=\"_blank\" class=\"btn btn-social btn-xs li ml-1\">Condividi su LinkedIn<\/a>\n            <\/div>\n        \t\t\t\t<\/div>\n\t\t\t\t<\/div>\n\t\t\t\t\t<\/div>\n\t\t<\/div>\n\t\t\t\t\t<\/div>\n\t\t<\/section>\n\t\t\t\t\t<\/div>\n\t\t<\/div>\n\t\t\t\t<div class=\"elementor-column elementor-col-33 elementor-top-column elementor-element elementor-element-5dda7210\" data-id=\"5dda7210\" data-element_type=\"column\" data-e-type=\"column\">\n\t\t\t<div class=\"elementor-widget-wrap elementor-element-populated\">\n\t\t\t\t\t\t<div class=\"elementor-element elementor-element-7163db2 elementor-widget elementor-widget-text-editor\" data-id=\"7163db2\" data-element_type=\"widget\" data-e-type=\"widget\" data-widget_type=\"text-editor.default\">\n\t\t\t\t<div class=\"elementor-widget-container\">\n\t\t\t\t\t\t\t\t\t<p>\t\t<div data-elementor-type=\"page\" data-elementor-id=\"167953\" class=\"elementor elementor-167953 elementor-36766 elementor-36766\" data-elementor-post-type=\"elementor_library\">\n\t\t\t\t\t\t<section class=\"elementor-section elementor-inner-section elementor-element elementor-element-3348350b elementor-section-boxed elementor-section-height-default elementor-section-height-default\" data-id=\"3348350b\" data-element_type=\"section\" data-e-type=\"section\" data-settings=\"{&quot;background_background&quot;:&quot;classic&quot;}\">\n\t\t\t\t\t\t<div class=\"elementor-container elementor-column-gap-wider\">\n\t\t\t\t\t<div class=\"elementor-column elementor-col-100 elementor-inner-column elementor-element elementor-element-7404730e\" data-id=\"7404730e\" data-element_type=\"column\" data-e-type=\"column\" data-settings=\"{&quot;background_background&quot;:&quot;classic&quot;}\">\n\t\t\t<div class=\"elementor-widget-wrap elementor-element-populated\">\n\t\t\t\t\t\t<div class=\"elementor-element elementor-element-43da09dd elementor-absolute big-five elementor-widget__width-auto elementor-widget elementor-widget-heading\" data-id=\"43da09dd\" data-element_type=\"widget\" data-e-type=\"widget\" data-settings=\"{&quot;_position&quot;:&quot;absolute&quot;}\" data-widget_type=\"heading.default\">\n\t\t\t\t<div class=\"elementor-widget-container\">\n\t\t\t\t\t<div class=\"elementor-heading-title elementor-size-default\">5<\/div>\t\t\t\t<\/div>\n\t\t\t\t<\/div>\n\t\t\t\t<div class=\"elementor-element elementor-element-57362a09 elementor-widget__width-auto elementor-widget elementor-widget-heading\" data-id=\"57362a09\" data-element_type=\"widget\" data-e-type=\"widget\" data-widget_type=\"heading.default\">\n\t\t\t\t<div class=\"elementor-widget-container\">\n\t\t\t\t\t<h5 class=\"elementor-heading-title elementor-size-default\">ispirazione per gli interni<\/h5>\t\t\t\t<\/div>\n\t\t\t\t<\/div>\n\t\t\t\t<div class=\"elementor-element elementor-element-046bf6e elementor-widget__width-auto elementor-widget elementor-widget-heading\" data-id=\"046bf6e\" data-element_type=\"widget\" data-e-type=\"widget\" data-widget_type=\"heading.default\">\n\t\t\t\t<div class=\"elementor-widget-container\">\n\t\t\t\t\t<p class=\"elementor-heading-title elementor-size-default\">YOUR STYLE &#8211; Combinazioni di colori in vari stili<\/p>\t\t\t\t<\/div>\n\t\t\t\t<\/div>\n\t\t\t\t<div class=\"elementor-element elementor-element-101a7500 elementor-button-secondary elementor-align-justify elementor-widget elementor-widget-vt-button\" data-id=\"101a7500\" data-element_type=\"widget\" data-e-type=\"widget\" data-widget_type=\"vt-button.default\">\n\t\t\t\t<div class=\"elementor-widget-container\">\n\t\t\t\t\t\t\t<div class=\"elementor-button-wrapper\">\n\t\t\t<a href=\"https:\/\/www.ralstoncolour.com\/it\/colore\/ispirazione-per-gli-interni\/\" class=\"btn btn-secondary btn-sm\" role=\"button\">\n\t\t\t\t\t\t\t<span class=\"elementor-button-content-wrapper\">\n\t\t\t\t\t\t\t\t<span class=\"elementor-button-text\">Fatevi ispirare<\/span>\n\t\t\t<\/span>\n\t\t\t\t\t<\/a>\n\t\t<\/div>\n\t\t\t\t\t\t<\/div>\n\t\t\t\t<\/div>\n\t\t\t\t\t<\/div>\n\t\t<\/div>\n\t\t\t\t\t<\/div>\n\t\t<\/section>\n\t\t\t\t<\/div>\n\t\t<\/p>\t\t\t\t\t\t\t\t<\/div>\n\t\t\t\t<\/div>\n\t\t\t\t<div class=\"elementor-element elementor-element-175379b elementor-widget elementor-widget-text-editor\" data-id=\"175379b\" data-element_type=\"widget\" data-e-type=\"widget\" data-widget_type=\"text-editor.default\">\n\t\t\t\t<div class=\"elementor-widget-container\">\n\t\t\t\t\t\t\t\t\t<p>\t\t<div data-elementor-type=\"page\" data-elementor-id=\"168062\" class=\"elementor elementor-168062 elementor-34656 elementor-34656\" data-elementor-post-type=\"elementor_library\">\n\t\t\t\t\t\t<section class=\"elementor-section elementor-inner-section elementor-element elementor-element-6bddbf7c elementor-section-height-min-height elementor-section-content-bottom elementor-section-boxed elementor-section-height-default\" data-id=\"6bddbf7c\" data-element_type=\"section\" data-e-type=\"section\" data-settings=\"{&quot;background_background&quot;:&quot;classic&quot;}\">\n\t\t\t\t\t\t<div class=\"elementor-container elementor-column-gap-wider\">\n\t\t\t\t\t<div class=\"elementor-column elementor-col-100 elementor-inner-column elementor-element elementor-element-3501fa19\" data-id=\"3501fa19\" data-element_type=\"column\" data-e-type=\"column\">\n\t\t\t<div class=\"elementor-widget-wrap elementor-element-populated\">\n\t\t\t\t\t\t<div class=\"elementor-element elementor-element-b3f26cf elementor-widget__width-initial elementor-widget elementor-widget-text-editor\" data-id=\"b3f26cf\" data-element_type=\"widget\" data-e-type=\"widget\" data-widget_type=\"text-editor.default\">\n\t\t\t\t<div class=\"elementor-widget-container\">\n\t\t\t\t\t\t\t\t\t<h4>Schede prodotto e <em>brochure<\/em><\/h4><p>Scarica tutte le schede tecniche dei prodotti, i dati di sicurezza dei materiali e gli opuscoli&#8230;<\/p>\t\t\t\t\t\t\t\t<\/div>\n\t\t\t\t<\/div>\n\t\t\t\t<div class=\"elementor-element elementor-element-65c1885 elementor-button-primary elementor-widget elementor-widget-vt-button\" data-id=\"65c1885\" data-element_type=\"widget\" data-e-type=\"widget\" data-widget_type=\"vt-button.default\">\n\t\t\t\t<div class=\"elementor-widget-container\">\n\t\t\t\t\t\t\t<div class=\"elementor-button-wrapper\">\n\t\t\t<a href=\"\/it\/productsheets-brochures\/\" target=\"_blank\" class=\"btn btn-primary btn-sm\" role=\"button\">\n\t\t\t\t\t\t\t<span class=\"elementor-button-content-wrapper\">\n\t\t\t\t\t\t\t\t<span class=\"elementor-button-text\">Leggi tutto<\/span>\n\t\t\t<\/span>\n\t\t\t\t\t<\/a>\n\t\t<\/div>\n\t\t\t\t\t\t<\/div>\n\t\t\t\t<\/div>\n\t\t\t\t\t<\/div>\n\t\t<\/div>\n\t\t\t\t\t<\/div>\n\t\t<\/section>\n\t\t\t\t<\/div>\n\t\t<\/p>\t\t\t\t\t\t\t\t<\/div>\n\t\t\t\t<\/div>\n\t\t\t\t\t<\/div>\n\t\t<\/div>\n\t\t\t\t\t<\/div>\n\t\t<\/section>\n\t\t\t\t<\/div>\n\t\t","protected":false},"excerpt":{"rendered":"<p>Le gioie di lavorare con qualit\u00e0 Tutto inizia con una buona vernice. Ralston lo garantisce. Vernici per tutte le situazioni possibili Tutto inizia con una buona vernice. Ralston lo garantisce. Ma ci rendiamo anche conto che Ralston deve aiutarti come pittore e come azienda. I nostri prodotti per la verniciatura sono adatti per lavori in<\/p>\n","protected":false},"author":2,"featured_media":0,"parent":171120,"menu_order":136,"comment_status":"closed","ping_status":"closed","template":"","meta":{"_acf_changed":false,"footnotes":""},"class_list":["post-166932","page","type-page","status-publish","hentry"],"acf":[],"yoast_head":"<!-- This site is optimized with the Yoast SEO Premium plugin v20.7 (Yoast SEO v27.2) - https:\/\/yoast.com\/product\/yoast-seo-premium-wordpress\/ -->\n<title>Painters - Ralston<\/title>\n<meta name=\"description\" content=\"Pittori, unitevi a noi nella nostra missione per una pittura migliore. Ralston offre prodotti di alta qualit\u00e0 per professionisti come te.\" \/>\n<meta name=\"robots\" content=\"index, follow, max-snippet:-1, max-image-preview:large, max-video-preview:-1\" \/>\n<link rel=\"canonical\" href=\"https:\/\/www.ralstoncolour.com\/it\/rivestimenti\/painters\/\" \/>\n<meta property=\"og:locale\" content=\"it_IT\" \/>\n<meta property=\"og:type\" content=\"article\" \/>\n<meta property=\"og:title\" content=\"Painters\" \/>\n<meta property=\"og:description\" content=\"Pittori, unitevi a noi nella nostra missione per una pittura migliore. Ralston offre prodotti di alta qualit\u00e0 per professionisti come te.\" \/>\n<meta property=\"og:url\" content=\"https:\/\/www.ralstoncolour.com\/it\/rivestimenti\/painters\/\" \/>\n<meta property=\"og:site_name\" content=\"Ralston\" \/>\n<meta property=\"article:modified_time\" content=\"2023-11-02T13:55:47+00:00\" \/>\n<meta name=\"twitter:card\" content=\"summary_large_image\" \/>\n<meta name=\"twitter:label1\" content=\"Tempo di lettura stimato\" \/>\n\t<meta name=\"twitter:data1\" content=\"2 minuti\" \/>\n<script type=\"application\/ld+json\" class=\"yoast-schema-graph\">{\"@context\":\"https:\/\/schema.org\",\"@graph\":[{\"@type\":\"WebPage\",\"@id\":\"https:\/\/www.ralstoncolour.com\/it\/rivestimenti\/painters\/\",\"url\":\"https:\/\/www.ralstoncolour.com\/it\/rivestimenti\/painters\/\",\"name\":\"Painters - Ralston\",\"isPartOf\":{\"@id\":\"https:\/\/www.ralstoncolour.com\/it\/#website\"},\"datePublished\":\"2020-11-20T10:49:24+00:00\",\"dateModified\":\"2023-11-02T13:55:47+00:00\",\"description\":\"Pittori, unitevi a noi nella nostra missione per una pittura migliore. Ralston offre prodotti di alta qualit\u00e0 per professionisti come te.\",\"breadcrumb\":{\"@id\":\"https:\/\/www.ralstoncolour.com\/it\/rivestimenti\/painters\/#breadcrumb\"},\"inLanguage\":\"it-IT\",\"potentialAction\":[{\"@type\":\"ReadAction\",\"target\":[\"https:\/\/www.ralstoncolour.com\/it\/rivestimenti\/painters\/\"]}]},{\"@type\":\"BreadcrumbList\",\"@id\":\"https:\/\/www.ralstoncolour.com\/it\/rivestimenti\/painters\/#breadcrumb\",\"itemListElement\":[{\"@type\":\"ListItem\",\"position\":1,\"name\":\"Home\",\"item\":\"https:\/\/www.ralstoncolour.com\/it\/\"},{\"@type\":\"ListItem\",\"position\":2,\"name\":\"Coatings\",\"item\":\"https:\/\/www.ralstoncolour.com\/it\/rivestimenti\/\"},{\"@type\":\"ListItem\",\"position\":3,\"name\":\"Painters\"}]},{\"@type\":\"WebSite\",\"@id\":\"https:\/\/www.ralstoncolour.com\/it\/#website\",\"url\":\"https:\/\/www.ralstoncolour.com\/it\/\",\"name\":\"Ralston\",\"description\":\"\",\"publisher\":{\"@id\":\"https:\/\/www.ralstoncolour.com\/it\/#organization\"},\"potentialAction\":[{\"@type\":\"SearchAction\",\"target\":{\"@type\":\"EntryPoint\",\"urlTemplate\":\"https:\/\/www.ralstoncolour.com\/it\/?s={search_term_string}\"},\"query-input\":{\"@type\":\"PropertyValueSpecification\",\"valueRequired\":true,\"valueName\":\"search_term_string\"}}],\"inLanguage\":\"it-IT\"},{\"@type\":\"Organization\",\"@id\":\"https:\/\/www.ralstoncolour.com\/it\/#organization\",\"name\":\"Ralston\",\"url\":\"https:\/\/www.ralstoncolour.com\/it\/\",\"logo\":{\"@type\":\"ImageObject\",\"inLanguage\":\"it-IT\",\"@id\":\"https:\/\/www.ralstoncolour.com\/it\/#\/schema\/logo\/image\/\",\"url\":\"https:\/\/www.ralstoncolour.com\/wp-content\/uploads\/2020\/09\/cropped-logo.png\",\"contentUrl\":\"https:\/\/www.ralstoncolour.com\/wp-content\/uploads\/2020\/09\/cropped-logo.png\",\"width\":144,\"height\":48,\"caption\":\"Ralston\"},\"image\":{\"@id\":\"https:\/\/www.ralstoncolour.com\/it\/#\/schema\/logo\/image\/\"}}]}<\/script>\n<!-- \/ Yoast SEO Premium plugin. -->","yoast_head_json":{"title":"Painters - Ralston","description":"Pittori, unitevi a noi nella nostra missione per una pittura migliore. Ralston offre prodotti di alta qualit\u00e0 per professionisti come te.","robots":{"index":"index","follow":"follow","max-snippet":"max-snippet:-1","max-image-preview":"max-image-preview:large","max-video-preview":"max-video-preview:-1"},"canonical":"https:\/\/www.ralstoncolour.com\/it\/rivestimenti\/painters\/","og_locale":"it_IT","og_type":"article","og_title":"Painters","og_description":"Pittori, unitevi a noi nella nostra missione per una pittura migliore. Ralston offre prodotti di alta qualit\u00e0 per professionisti come te.","og_url":"https:\/\/www.ralstoncolour.com\/it\/rivestimenti\/painters\/","og_site_name":"Ralston","article_modified_time":"2023-11-02T13:55:47+00:00","twitter_card":"summary_large_image","twitter_misc":{"Tempo di lettura stimato":"2 minuti"},"schema":{"@context":"https:\/\/schema.org","@graph":[{"@type":"WebPage","@id":"https:\/\/www.ralstoncolour.com\/it\/rivestimenti\/painters\/","url":"https:\/\/www.ralstoncolour.com\/it\/rivestimenti\/painters\/","name":"Painters - Ralston","isPartOf":{"@id":"https:\/\/www.ralstoncolour.com\/it\/#website"},"datePublished":"2020-11-20T10:49:24+00:00","dateModified":"2023-11-02T13:55:47+00:00","description":"Pittori, unitevi a noi nella nostra missione per una pittura migliore. Ralston offre prodotti di alta qualit\u00e0 per professionisti come te.","breadcrumb":{"@id":"https:\/\/www.ralstoncolour.com\/it\/rivestimenti\/painters\/#breadcrumb"},"inLanguage":"it-IT","potentialAction":[{"@type":"ReadAction","target":["https:\/\/www.ralstoncolour.com\/it\/rivestimenti\/painters\/"]}]},{"@type":"BreadcrumbList","@id":"https:\/\/www.ralstoncolour.com\/it\/rivestimenti\/painters\/#breadcrumb","itemListElement":[{"@type":"ListItem","position":1,"name":"Home","item":"https:\/\/www.ralstoncolour.com\/it\/"},{"@type":"ListItem","position":2,"name":"Coatings","item":"https:\/\/www.ralstoncolour.com\/it\/rivestimenti\/"},{"@type":"ListItem","position":3,"name":"Painters"}]},{"@type":"WebSite","@id":"https:\/\/www.ralstoncolour.com\/it\/#website","url":"https:\/\/www.ralstoncolour.com\/it\/","name":"Ralston","description":"","publisher":{"@id":"https:\/\/www.ralstoncolour.com\/it\/#organization"},"potentialAction":[{"@type":"SearchAction","target":{"@type":"EntryPoint","urlTemplate":"https:\/\/www.ralstoncolour.com\/it\/?s={search_term_string}"},"query-input":{"@type":"PropertyValueSpecification","valueRequired":true,"valueName":"search_term_string"}}],"inLanguage":"it-IT"},{"@type":"Organization","@id":"https:\/\/www.ralstoncolour.com\/it\/#organization","name":"Ralston","url":"https:\/\/www.ralstoncolour.com\/it\/","logo":{"@type":"ImageObject","inLanguage":"it-IT","@id":"https:\/\/www.ralstoncolour.com\/it\/#\/schema\/logo\/image\/","url":"https:\/\/www.ralstoncolour.com\/wp-content\/uploads\/2020\/09\/cropped-logo.png","contentUrl":"https:\/\/www.ralstoncolour.com\/wp-content\/uploads\/2020\/09\/cropped-logo.png","width":144,"height":48,"caption":"Ralston"},"image":{"@id":"https:\/\/www.ralstoncolour.com\/it\/#\/schema\/logo\/image\/"}}]}},"_links":{"self":[{"href":"https:\/\/www.ralstoncolour.com\/it\/wp-json\/wp\/v2\/pages\/166932","targetHints":{"allow":["GET"]}}],"collection":[{"href":"https:\/\/www.ralstoncolour.com\/it\/wp-json\/wp\/v2\/pages"}],"about":[{"href":"https:\/\/www.ralstoncolour.com\/it\/wp-json\/wp\/v2\/types\/page"}],"author":[{"embeddable":true,"href":"https:\/\/www.ralstoncolour.com\/it\/wp-json\/wp\/v2\/users\/2"}],"replies":[{"embeddable":true,"href":"https:\/\/www.ralstoncolour.com\/it\/wp-json\/wp\/v2\/comments?post=166932"}],"version-history":[{"count":6,"href":"https:\/\/www.ralstoncolour.com\/it\/wp-json\/wp\/v2\/pages\/166932\/revisions"}],"predecessor-version":[{"id":234810,"href":"https:\/\/www.ralstoncolour.com\/it\/wp-json\/wp\/v2\/pages\/166932\/revisions\/234810"}],"up":[{"embeddable":true,"href":"https:\/\/www.ralstoncolour.com\/it\/wp-json\/wp\/v2\/pages\/171120"}],"wp:attachment":[{"href":"https:\/\/www.ralstoncolour.com\/it\/wp-json\/wp\/v2\/media?parent=166932"}],"curies":[{"name":"wp","href":"https:\/\/api.w.org\/{rel}","templated":true}]}}