{"id":166927,"date":"2020-11-19T13:36:35","date_gmt":"2020-11-19T12:36:35","guid":{"rendered":"https:\/\/www.ralstoncolour.com\/disclaimer"},"modified":"2023-11-02T14:55:42","modified_gmt":"2023-11-02T13:55:42","slug":"disclaimer","status":"publish","type":"page","link":"https:\/\/www.ralstoncolour.com\/it\/disclaimer\/","title":{"rendered":"Disclaimer"},"content":{"rendered":"\t\t<div data-elementor-type=\"wp-page\" data-elementor-id=\"166927\" class=\"elementor elementor-166927 elementor-27668\" data-elementor-post-type=\"page\">\n\t\t\t\t\t\t<section class=\"elementor-section elementor-top-section elementor-element elementor-element-3da51e28 elementor-section-boxed elementor-section-height-default elementor-section-height-default\" data-id=\"3da51e28\" data-element_type=\"section\" data-e-type=\"section\" data-settings=\"{&quot;background_background&quot;:&quot;classic&quot;}\">\n\t\t\t\t\t\t<div class=\"elementor-container elementor-column-gap-default\">\n\t\t\t\t\t<div class=\"elementor-column elementor-col-100 elementor-top-column elementor-element elementor-element-7736d3d6\" data-id=\"7736d3d6\" data-element_type=\"column\" data-e-type=\"column\">\n\t\t\t<div class=\"elementor-widget-wrap elementor-element-populated\">\n\t\t\t\t\t\t<div class=\"elementor-element elementor-element-616a7247 elementor-widget elementor-widget-wp-widget-bcn_widget\" data-id=\"616a7247\" data-element_type=\"widget\" data-e-type=\"widget\" data-widget_type=\"wp-widget-bcn_widget.default\">\n\t\t\t\t<div class=\"elementor-widget-container\">\n\t\t\t\t\t<div class=\"breadcrumbs\" vocab=\"https:\/\/schema.org\/\" typeof=\"BreadcrumbList\"><span property=\"itemListElement\" typeof=\"ListItem\"><a property=\"item\" typeof=\"WebPage\" title=\"Ga naar Home.\" href=\"https:\/\/www.ralstoncolour.com\/it\/\" class=\"home\" aria-current=\"page\"><span property=\"name\">Home<\/span><\/a><meta property=\"position\" content=\"1\"><\/span><\/div>\t\t\t\t<\/div>\n\t\t\t\t<\/div>\n\t\t\t\t\t<\/div>\n\t\t<\/div>\n\t\t\t\t\t<\/div>\n\t\t<\/section>\n\t\t\t\t<section class=\"elementor-section elementor-top-section elementor-element elementor-element-7fa18ba6 elementor-section-boxed elementor-section-height-default elementor-section-height-default\" data-id=\"7fa18ba6\" data-element_type=\"section\" data-e-type=\"section\">\n\t\t\t\t\t\t<div class=\"elementor-container elementor-column-gap-default\">\n\t\t\t\t\t<div class=\"elementor-column elementor-col-66 elementor-top-column elementor-element elementor-element-7d6f1e19\" data-id=\"7d6f1e19\" data-element_type=\"column\" data-e-type=\"column\">\n\t\t\t<div class=\"elementor-widget-wrap elementor-element-populated\">\n\t\t\t\t\t\t<section class=\"elementor-section elementor-inner-section elementor-element elementor-element-703a18c elementor-section-boxed elementor-section-height-default elementor-section-height-default\" data-id=\"703a18c\" data-element_type=\"section\" data-e-type=\"section\">\n\t\t\t\t\t\t<div class=\"elementor-container elementor-column-gap-default\">\n\t\t\t\t\t<div class=\"elementor-column elementor-col-100 elementor-inner-column elementor-element elementor-element-1e3cf2f8\" data-id=\"1e3cf2f8\" data-element_type=\"column\" data-e-type=\"column\">\n\t\t\t<div class=\"elementor-widget-wrap elementor-element-populated\">\n\t\t\t\t\t\t<div class=\"elementor-element elementor-element-1a209831 elementor-widget elementor-widget-theme-post-title elementor-page-title elementor-widget-heading\" data-id=\"1a209831\" data-element_type=\"widget\" data-e-type=\"widget\" data-widget_type=\"theme-post-title.default\">\n\t\t\t\t<div class=\"elementor-widget-container\">\n\t\t\t\t\t<h1 class=\"elementor-heading-title elementor-size-default\">Disclaimer<\/h1>\t\t\t\t<\/div>\n\t\t\t\t<\/div>\n\t\t\t\t<div class=\"elementor-element elementor-element-58cc3d59 elementor-widget elementor-widget-text-editor\" data-id=\"58cc3d59\" data-element_type=\"widget\" data-e-type=\"widget\" data-widget_type=\"text-editor.default\">\n\t\t\t\t<div class=\"elementor-widget-container\">\n\t\t\t\t\t\t\t\t\t<p>Accedendo, utilizzando e\/o scaricando qualsiasi informazione pubblicata sul sito web di Ralston Color &amp; Coatings B.V. (RCC) l\u2019utente accetta i seguenti termini:<\/p><p>Tutte le informazioni fornite da RCC sono state redatte con estrema attenzione. Le informazioni riportate provengono da fonti ritenute affidabili; tuttavia, RCC non pu\u00f2 garantirne l\u2019accuratezza o la completezza. Un riferimento a un prodotto o servizio su questo sito web non equivale a un\u2019offerta o a un consiglio. Le informazioni riportate sono solo indicative e possono essere modificate in qualsiasi momento senza preavviso. Si raccomanda di verificare periodicamente se le informazioni riportate su questo sito siano cambiate.<\/p><p>Il riferimento a siti internet non gestiti da RCC \u00e8 puramente informativo. RCC non si assume alcuna responsabilit\u00e0 per il contenuto degli stessi (inclusa la qualit\u00e0 dei prodotti e\/o dei servizi offerti) n\u00e9 per le prestazioni dei siti web a cui si fa riferimento n\u00e9 dei siti web che fanno riferimento al sito Internet di RCC.<\/p><p>Ralston Color &amp; Coatings BV non accetta responsabilit\u00e0, dolo o colpa grave, eccetto per eventuali perdite derivanti dall\u2019inesattezza o dall\u2019incompletezza delle informazioni ottenute tramite questo sito web, in particolare in relazione a eventuali modifiche e\/o perdite\/danni una volta ottenute le informazioni o per indisponibilit\u00e0 temporanea del sito web di RCC. Una valutazione di tale responsabilit\u00e0 farebbe riferimento esclusivamente alle informazioni registrate presso Ralston Color &amp; Coatings B.V.<\/p><p>RCC non pu\u00f2 garantire prestazioni impeccabili e\/o ininterrotte di questo sito Internet. RCC non si assume alcuna responsabilit\u00e0 per danni o perdite, di qualsiasi natura, derivanti da un virus informatico o dal malfunzionamento di questo sito web.<\/p><h2><strong>Diritti di propriet\u00e0 intellettuale<\/strong><\/h2><p>RCC si riserva tutti i diritti di propriet\u00e0 intellettuale associati alle informazioni riportate su o tramite questo sito web. Non \u00e8 consentito diffondere in alcun modo informazioni, immagini o video, notizie e\/o notifiche riportate tramite questo sito web senza espressa autorizzazione scritta di Ralston Color &amp; Coating, n\u00e9 per elaborare, modificare, duplicare o mettere a disposizione di altri, per un corrispettivo in denaro, qualsiasi informazione presentata su questo sito web, n\u00e9 per creare un collegamento tra il sito web di RCC e un altro sito web.<\/p><p>Questo sito web e il relativo disclaimer sono regolati dalla legge olandese. Per la risoluzione di eventuali controversie, \u00e8 competente il foro di Zwolle. Il copyright del sito web e dei relativi contenuti rimane di propriet\u00e0 di Ralston Color &amp; Coatings B.V. Tutti i diritti riservati.<\/p><p>\u00a9 RCC<\/p>\t\t\t\t\t\t\t\t<\/div>\n\t\t\t\t<\/div>\n\t\t\t\t<div class=\"elementor-element elementor-element-403942b5 elementor-widget elementor-widget-vt-share\" data-id=\"403942b5\" data-element_type=\"widget\" data-e-type=\"widget\" data-widget_type=\"vt-share.default\">\n\t\t\t\t<div class=\"elementor-widget-container\">\n\t\t\t\t\t                            \n            <div class=\"social-share mt-3 mb-5\">\n                <a href=\"https:\/\/www.facebook.com\/sharer\/sharer.php?u=https%3A%2F%2Fwww.ralstoncolour.com%2Fit%2Fdisclaimer%2F\" target=\"_blank\" class=\"btn btn-social btn-xs fb mr-1\">Condividi su Facebook<\/a>\n                <a href=\"https:\/\/www.linkedin.com\/sharing\/share-offsite\/?url=https%3A%2F%2Fwww.ralstoncolour.com%2Fit%2Fdisclaimer%2F\" target=\"_blank\" class=\"btn btn-social btn-xs li ml-1\">Condividi su LinkedIn<\/a>\n            <\/div>\n        \t\t\t\t<\/div>\n\t\t\t\t<\/div>\n\t\t\t\t\t<\/div>\n\t\t<\/div>\n\t\t\t\t\t<\/div>\n\t\t<\/section>\n\t\t\t\t\t<\/div>\n\t\t<\/div>\n\t\t\t\t<div class=\"elementor-column elementor-col-33 elementor-top-column elementor-element elementor-element-1100ff46\" data-id=\"1100ff46\" data-element_type=\"column\" data-e-type=\"column\">\n\t\t\t<div class=\"elementor-widget-wrap elementor-element-populated\">\n\t\t\t\t\t\t<section class=\"elementor-section elementor-inner-section elementor-element elementor-element-309c673 elementor-section-boxed elementor-section-height-default elementor-section-height-default\" data-id=\"309c673\" data-element_type=\"section\" data-e-type=\"section\" data-settings=\"{&quot;background_background&quot;:&quot;classic&quot;}\">\n\t\t\t\t\t\t<div class=\"elementor-container elementor-column-gap-wider\">\n\t\t\t\t\t<div class=\"elementor-column elementor-col-100 elementor-inner-column elementor-element elementor-element-18dc4a1e\" data-id=\"18dc4a1e\" data-element_type=\"column\" data-e-type=\"column\" data-settings=\"{&quot;background_background&quot;:&quot;classic&quot;}\">\n\t\t\t<div class=\"elementor-widget-wrap elementor-element-populated\">\n\t\t\t\t\t\t<div class=\"elementor-element elementor-element-22625873 elementor-widget elementor-widget-text-editor\" data-id=\"22625873\" data-element_type=\"widget\" data-e-type=\"widget\" data-widget_type=\"text-editor.default\">\n\t\t\t\t<div class=\"elementor-widget-container\">\n\t\t\t\t\t\t\t\t\t<p>\t\t<div data-elementor-type=\"section\" data-elementor-id=\"168288\" class=\"elementor elementor-168288 elementor-23455 elementor-23455\" data-elementor-post-type=\"elementor_library\">\n\t\t\t\t\t<section class=\"elementor-section elementor-inner-section elementor-element elementor-element-6e7992d elementor-section-boxed elementor-section-height-default elementor-section-height-default\" data-id=\"6e7992d\" data-element_type=\"section\" data-e-type=\"section\" data-settings=\"{&quot;background_background&quot;:&quot;classic&quot;}\">\n\t\t\t\t\t\t<div class=\"elementor-container elementor-column-gap-wider\">\n\t\t\t\t\t<div class=\"elementor-column elementor-col-100 elementor-inner-column elementor-element elementor-element-4900e70\" data-id=\"4900e70\" data-element_type=\"column\" data-e-type=\"column\" data-settings=\"{&quot;background_background&quot;:&quot;classic&quot;}\">\n\t\t\t<div class=\"elementor-widget-wrap elementor-element-populated\">\n\t\t\t\t\t\t<div class=\"elementor-element elementor-element-95690b6 elementor-widget elementor-widget-heading\" data-id=\"95690b6\" data-element_type=\"widget\" data-e-type=\"widget\" data-widget_type=\"heading.default\">\n\t\t\t\t<div class=\"elementor-widget-container\">\n\t\t\t\t\t<h4 class=\"elementor-heading-title elementor-size-default\">Segui Ralston sui social media<\/h4>\t\t\t\t<\/div>\n\t\t\t\t<\/div>\n\t\t\t\t<div class=\"elementor-element elementor-element-6ee51b6 elementor-widget elementor-widget-text-editor\" data-id=\"6ee51b6\" data-element_type=\"widget\" data-e-type=\"widget\" data-widget_type=\"text-editor.default\">\n\t\t\t\t<div class=\"elementor-widget-container\">\n\t\t\t\t\t\t\t\t\t<p>Resta aggiornato sugli ultimi sviluppi e ricevi consigli e suggerimenti<\/p>\t\t\t\t\t\t\t\t<\/div>\n\t\t\t\t<\/div>\n\t\t\t\t<div class=\"elementor-element elementor-element-37910d9 elementor-shape-circle elementor-grid-tablet-2 elementor-grid-mobile-2 elementor-grid-5 e-grid-align-center elementor-widget elementor-widget-social-icons\" data-id=\"37910d9\" data-element_type=\"widget\" data-e-type=\"widget\" data-widget_type=\"social-icons.default\">\n\t\t\t\t<div class=\"elementor-widget-container\">\n\t\t\t\t\t\t\t<div class=\"elementor-social-icons-wrapper elementor-grid\" role=\"list\">\n\t\t\t\t\t\t\t<span class=\"elementor-grid-item\" role=\"listitem\">\n\t\t\t\t\t<a class=\"elementor-icon elementor-social-icon elementor-social-icon-youtube elementor-animation-grow elementor-repeater-item-644d1e7\" href=\"https:\/\/www.youtube.com\/user\/ralstoncolourcoating\/featured\" target=\"_blank\">\n\t\t\t\t\t\t<span class=\"elementor-screen-only\">Youtube<\/span>\n\t\t\t\t\t\t<i aria-hidden=\"true\" class=\"fab fa-youtube\"><\/i>\t\t\t\t\t<\/a>\n\t\t\t\t<\/span>\n\t\t\t\t\t\t\t<span class=\"elementor-grid-item\" role=\"listitem\">\n\t\t\t\t\t<a class=\"elementor-icon elementor-social-icon elementor-social-icon-linkedin elementor-animation-grow elementor-repeater-item-dc93952\" href=\"https:\/\/nl.linkedin.com\/company\/ralston-colour-and-coatings-b.v.\" target=\"_blank\">\n\t\t\t\t\t\t<span class=\"elementor-screen-only\">Linkedin<\/span>\n\t\t\t\t\t\t<i aria-hidden=\"true\" class=\"fab fa-linkedin\"><\/i>\t\t\t\t\t<\/a>\n\t\t\t\t<\/span>\n\t\t\t\t\t\t\t<span class=\"elementor-grid-item\" role=\"listitem\">\n\t\t\t\t\t<a class=\"elementor-icon elementor-social-icon elementor-social-icon-instagram elementor-animation-grow elementor-repeater-item-7f53dcd\" href=\"https:\/\/www.instagram.com\/ralstoncolourcoatings\/?igshid=1135ut703lgqn\" target=\"_blank\">\n\t\t\t\t\t\t<span class=\"elementor-screen-only\">Instagram<\/span>\n\t\t\t\t\t\t<i aria-hidden=\"true\" class=\"fab fa-instagram\"><\/i>\t\t\t\t\t<\/a>\n\t\t\t\t<\/span>\n\t\t\t\t\t\t\t<span class=\"elementor-grid-item\" role=\"listitem\">\n\t\t\t\t\t<a class=\"elementor-icon elementor-social-icon elementor-social-icon-facebook elementor-animation-grow elementor-repeater-item-a96ecba\" href=\"https:\/\/www.facebook.com\/RalstonColourCoatings\/\" target=\"_blank\">\n\t\t\t\t\t\t<span class=\"elementor-screen-only\">Facebook<\/span>\n\t\t\t\t\t\t<i aria-hidden=\"true\" class=\"fab fa-facebook\"><\/i>\t\t\t\t\t<\/a>\n\t\t\t\t<\/span>\n\t\t\t\t\t\t\t<span class=\"elementor-grid-item\" role=\"listitem\">\n\t\t\t\t\t<a class=\"elementor-icon elementor-social-icon elementor-social-icon-pinterest elementor-animation-grow elementor-repeater-item-3d1a9b1\" href=\"https:\/\/nl.pinterest.com\/ralstoncolour\/\" target=\"_blank\">\n\t\t\t\t\t\t<span class=\"elementor-screen-only\">Pinterest<\/span>\n\t\t\t\t\t\t<i aria-hidden=\"true\" class=\"fab fa-pinterest\"><\/i>\t\t\t\t\t<\/a>\n\t\t\t\t<\/span>\n\t\t\t\t\t<\/div>\n\t\t\t\t\t\t<\/div>\n\t\t\t\t<\/div>\n\t\t\t\t\t<\/div>\n\t\t<\/div>\n\t\t\t\t\t<\/div>\n\t\t<\/section>\n\t\t\t\t<\/div>\n\t\t<\/p>\t\t\t\t\t\t\t\t<\/div>\n\t\t\t\t<\/div>\n\t\t\t\t\t<\/div>\n\t\t<\/div>\n\t\t\t\t\t<\/div>\n\t\t<\/section>\n\t\t\t\t\t<\/div>\n\t\t<\/div>\n\t\t\t\t\t<\/div>\n\t\t<\/section>\n\t\t\t\t<\/div>\n\t\t","protected":false},"excerpt":{"rendered":"<p>Accedendo, utilizzando e\/o scaricando qualsiasi informazione pubblicata sul sito web di Ralston Color &amp; Coatings B.V. (RCC) l\u2019utente accetta i seguenti termini: Tutte le informazioni fornite da RCC sono state redatte con estrema attenzione. Le informazioni riportate provengono da fonti ritenute affidabili; tuttavia, RCC non pu\u00f2 garantirne l\u2019accuratezza o la completezza. Un riferimento a un<\/p>\n","protected":false},"author":2,"featured_media":0,"parent":0,"menu_order":158,"comment_status":"closed","ping_status":"closed","template":"","meta":{"_acf_changed":false,"footnotes":""},"class_list":["post-166927","page","type-page","status-publish","hentry"],"acf":[],"yoast_head":"<!-- This site is optimized with the Yoast SEO Premium plugin v20.7 (Yoast SEO v27.2) - https:\/\/yoast.com\/product\/yoast-seo-premium-wordpress\/ -->\n<title>Disclaimer - Ralston<\/title>\n<meta name=\"description\" content=\"Il disconoscimento\" \/>\n<meta name=\"robots\" content=\"index, follow, max-snippet:-1, max-image-preview:large, max-video-preview:-1\" \/>\n<link rel=\"canonical\" href=\"https:\/\/www.ralstoncolour.com\/it\/disclaimer\/\" \/>\n<meta property=\"og:locale\" content=\"it_IT\" \/>\n<meta property=\"og:type\" content=\"article\" \/>\n<meta property=\"og:title\" content=\"Disclaimer\" \/>\n<meta property=\"og:description\" content=\"Il disconoscimento\" \/>\n<meta property=\"og:url\" content=\"https:\/\/www.ralstoncolour.com\/it\/disclaimer\/\" \/>\n<meta property=\"og:site_name\" content=\"Ralston\" \/>\n<meta property=\"article:modified_time\" content=\"2023-11-02T13:55:42+00:00\" \/>\n<meta name=\"twitter:card\" content=\"summary_large_image\" \/>\n<meta name=\"twitter:label1\" content=\"Tempo di lettura stimato\" \/>\n\t<meta name=\"twitter:data1\" content=\"2 minuti\" \/>\n<script type=\"application\/ld+json\" class=\"yoast-schema-graph\">{\"@context\":\"https:\/\/schema.org\",\"@graph\":[{\"@type\":\"WebPage\",\"@id\":\"https:\/\/www.ralstoncolour.com\/it\/disclaimer\/\",\"url\":\"https:\/\/www.ralstoncolour.com\/it\/disclaimer\/\",\"name\":\"Disclaimer - Ralston\",\"isPartOf\":{\"@id\":\"https:\/\/www.ralstoncolour.com\/it\/#website\"},\"datePublished\":\"2020-11-19T12:36:35+00:00\",\"dateModified\":\"2023-11-02T13:55:42+00:00\",\"description\":\"Il disconoscimento\",\"breadcrumb\":{\"@id\":\"https:\/\/www.ralstoncolour.com\/it\/disclaimer\/#breadcrumb\"},\"inLanguage\":\"it-IT\",\"potentialAction\":[{\"@type\":\"ReadAction\",\"target\":[\"https:\/\/www.ralstoncolour.com\/it\/disclaimer\/\"]}]},{\"@type\":\"BreadcrumbList\",\"@id\":\"https:\/\/www.ralstoncolour.com\/it\/disclaimer\/#breadcrumb\",\"itemListElement\":[{\"@type\":\"ListItem\",\"position\":1,\"name\":\"Home\",\"item\":\"https:\/\/www.ralstoncolour.com\/it\/\"},{\"@type\":\"ListItem\",\"position\":2,\"name\":\"Disclaimer\"}]},{\"@type\":\"WebSite\",\"@id\":\"https:\/\/www.ralstoncolour.com\/it\/#website\",\"url\":\"https:\/\/www.ralstoncolour.com\/it\/\",\"name\":\"Ralston\",\"description\":\"\",\"publisher\":{\"@id\":\"https:\/\/www.ralstoncolour.com\/it\/#organization\"},\"potentialAction\":[{\"@type\":\"SearchAction\",\"target\":{\"@type\":\"EntryPoint\",\"urlTemplate\":\"https:\/\/www.ralstoncolour.com\/it\/?s={search_term_string}\"},\"query-input\":{\"@type\":\"PropertyValueSpecification\",\"valueRequired\":true,\"valueName\":\"search_term_string\"}}],\"inLanguage\":\"it-IT\"},{\"@type\":\"Organization\",\"@id\":\"https:\/\/www.ralstoncolour.com\/it\/#organization\",\"name\":\"Ralston\",\"url\":\"https:\/\/www.ralstoncolour.com\/it\/\",\"logo\":{\"@type\":\"ImageObject\",\"inLanguage\":\"it-IT\",\"@id\":\"https:\/\/www.ralstoncolour.com\/it\/#\/schema\/logo\/image\/\",\"url\":\"https:\/\/www.ralstoncolour.com\/wp-content\/uploads\/2020\/09\/cropped-logo.png\",\"contentUrl\":\"https:\/\/www.ralstoncolour.com\/wp-content\/uploads\/2020\/09\/cropped-logo.png\",\"width\":144,\"height\":48,\"caption\":\"Ralston\"},\"image\":{\"@id\":\"https:\/\/www.ralstoncolour.com\/it\/#\/schema\/logo\/image\/\"}}]}<\/script>\n<!-- \/ Yoast SEO Premium plugin. -->","yoast_head_json":{"title":"Disclaimer - Ralston","description":"Il disconoscimento","robots":{"index":"index","follow":"follow","max-snippet":"max-snippet:-1","max-image-preview":"max-image-preview:large","max-video-preview":"max-video-preview:-1"},"canonical":"https:\/\/www.ralstoncolour.com\/it\/disclaimer\/","og_locale":"it_IT","og_type":"article","og_title":"Disclaimer","og_description":"Il disconoscimento","og_url":"https:\/\/www.ralstoncolour.com\/it\/disclaimer\/","og_site_name":"Ralston","article_modified_time":"2023-11-02T13:55:42+00:00","twitter_card":"summary_large_image","twitter_misc":{"Tempo di lettura stimato":"2 minuti"},"schema":{"@context":"https:\/\/schema.org","@graph":[{"@type":"WebPage","@id":"https:\/\/www.ralstoncolour.com\/it\/disclaimer\/","url":"https:\/\/www.ralstoncolour.com\/it\/disclaimer\/","name":"Disclaimer - Ralston","isPartOf":{"@id":"https:\/\/www.ralstoncolour.com\/it\/#website"},"datePublished":"2020-11-19T12:36:35+00:00","dateModified":"2023-11-02T13:55:42+00:00","description":"Il disconoscimento","breadcrumb":{"@id":"https:\/\/www.ralstoncolour.com\/it\/disclaimer\/#breadcrumb"},"inLanguage":"it-IT","potentialAction":[{"@type":"ReadAction","target":["https:\/\/www.ralstoncolour.com\/it\/disclaimer\/"]}]},{"@type":"BreadcrumbList","@id":"https:\/\/www.ralstoncolour.com\/it\/disclaimer\/#breadcrumb","itemListElement":[{"@type":"ListItem","position":1,"name":"Home","item":"https:\/\/www.ralstoncolour.com\/it\/"},{"@type":"ListItem","position":2,"name":"Disclaimer"}]},{"@type":"WebSite","@id":"https:\/\/www.ralstoncolour.com\/it\/#website","url":"https:\/\/www.ralstoncolour.com\/it\/","name":"Ralston","description":"","publisher":{"@id":"https:\/\/www.ralstoncolour.com\/it\/#organization"},"potentialAction":[{"@type":"SearchAction","target":{"@type":"EntryPoint","urlTemplate":"https:\/\/www.ralstoncolour.com\/it\/?s={search_term_string}"},"query-input":{"@type":"PropertyValueSpecification","valueRequired":true,"valueName":"search_term_string"}}],"inLanguage":"it-IT"},{"@type":"Organization","@id":"https:\/\/www.ralstoncolour.com\/it\/#organization","name":"Ralston","url":"https:\/\/www.ralstoncolour.com\/it\/","logo":{"@type":"ImageObject","inLanguage":"it-IT","@id":"https:\/\/www.ralstoncolour.com\/it\/#\/schema\/logo\/image\/","url":"https:\/\/www.ralstoncolour.com\/wp-content\/uploads\/2020\/09\/cropped-logo.png","contentUrl":"https:\/\/www.ralstoncolour.com\/wp-content\/uploads\/2020\/09\/cropped-logo.png","width":144,"height":48,"caption":"Ralston"},"image":{"@id":"https:\/\/www.ralstoncolour.com\/it\/#\/schema\/logo\/image\/"}}]}},"_links":{"self":[{"href":"https:\/\/www.ralstoncolour.com\/it\/wp-json\/wp\/v2\/pages\/166927","targetHints":{"allow":["GET"]}}],"collection":[{"href":"https:\/\/www.ralstoncolour.com\/it\/wp-json\/wp\/v2\/pages"}],"about":[{"href":"https:\/\/www.ralstoncolour.com\/it\/wp-json\/wp\/v2\/types\/page"}],"author":[{"embeddable":true,"href":"https:\/\/www.ralstoncolour.com\/it\/wp-json\/wp\/v2\/users\/2"}],"replies":[{"embeddable":true,"href":"https:\/\/www.ralstoncolour.com\/it\/wp-json\/wp\/v2\/comments?post=166927"}],"version-history":[{"count":7,"href":"https:\/\/www.ralstoncolour.com\/it\/wp-json\/wp\/v2\/pages\/166927\/revisions"}],"predecessor-version":[{"id":196791,"href":"https:\/\/www.ralstoncolour.com\/it\/wp-json\/wp\/v2\/pages\/166927\/revisions\/196791"}],"wp:attachment":[{"href":"https:\/\/www.ralstoncolour.com\/it\/wp-json\/wp\/v2\/media?parent=166927"}],"curies":[{"name":"wp","href":"https:\/\/api.w.org\/{rel}","templated":true}]}}