{"id":55804,"date":"2020-12-10T14:12:19","date_gmt":"2020-12-10T13:12:19","guid":{"rendered":"http:\/\/comrals-kawonsro.savviihq.com\/?page_id=55804"},"modified":"2023-11-02T14:34:09","modified_gmt":"2023-11-02T13:34:09","slug":"disclaimer","status":"publish","type":"page","link":"https:\/\/www.ralstoncolour.com\/fr\/disclaimer\/","title":{"rendered":"Clause de non-responsabilit\u00e9"},"content":{"rendered":"\t\t<div data-elementor-type=\"wp-page\" data-elementor-id=\"55804\" class=\"elementor elementor-55804 elementor-27668\" data-elementor-post-type=\"page\">\n\t\t\t\t\t\t<section class=\"elementor-section elementor-top-section elementor-element elementor-element-3da51e28 elementor-section-boxed elementor-section-height-default elementor-section-height-default\" data-id=\"3da51e28\" data-element_type=\"section\" data-e-type=\"section\" data-settings=\"{&quot;background_background&quot;:&quot;classic&quot;}\">\n\t\t\t\t\t\t<div class=\"elementor-container elementor-column-gap-default\">\n\t\t\t\t\t<div class=\"elementor-column elementor-col-100 elementor-top-column elementor-element elementor-element-7736d3d6\" data-id=\"7736d3d6\" data-element_type=\"column\" data-e-type=\"column\">\n\t\t\t<div class=\"elementor-widget-wrap elementor-element-populated\">\n\t\t\t\t\t\t<div class=\"elementor-element elementor-element-616a7247 elementor-widget elementor-widget-wp-widget-bcn_widget\" data-id=\"616a7247\" data-element_type=\"widget\" data-e-type=\"widget\" data-widget_type=\"wp-widget-bcn_widget.default\">\n\t\t\t\t<div class=\"elementor-widget-container\">\n\t\t\t\t\t<div class=\"breadcrumbs\" vocab=\"https:\/\/schema.org\/\" typeof=\"BreadcrumbList\"><span property=\"itemListElement\" typeof=\"ListItem\"><a property=\"item\" typeof=\"WebPage\" title=\"Ga naar Home.\" href=\"https:\/\/www.ralstoncolour.com\/fr\/\" class=\"home\" aria-current=\"page\"><span property=\"name\">Home<\/span><\/a><meta property=\"position\" content=\"1\"><\/span><\/div>\t\t\t\t<\/div>\n\t\t\t\t<\/div>\n\t\t\t\t\t<\/div>\n\t\t<\/div>\n\t\t\t\t\t<\/div>\n\t\t<\/section>\n\t\t\t\t<section class=\"elementor-section elementor-top-section elementor-element elementor-element-7fa18ba6 elementor-section-boxed elementor-section-height-default elementor-section-height-default\" data-id=\"7fa18ba6\" data-element_type=\"section\" data-e-type=\"section\">\n\t\t\t\t\t\t<div class=\"elementor-container elementor-column-gap-default\">\n\t\t\t\t\t<div class=\"elementor-column elementor-col-66 elementor-top-column elementor-element elementor-element-7d6f1e19\" data-id=\"7d6f1e19\" data-element_type=\"column\" data-e-type=\"column\">\n\t\t\t<div class=\"elementor-widget-wrap elementor-element-populated\">\n\t\t\t\t\t\t<section class=\"elementor-section elementor-inner-section elementor-element elementor-element-703a18c elementor-section-boxed elementor-section-height-default elementor-section-height-default\" data-id=\"703a18c\" data-element_type=\"section\" data-e-type=\"section\">\n\t\t\t\t\t\t<div class=\"elementor-container elementor-column-gap-default\">\n\t\t\t\t\t<div class=\"elementor-column elementor-col-100 elementor-inner-column elementor-element elementor-element-1e3cf2f8\" data-id=\"1e3cf2f8\" data-element_type=\"column\" data-e-type=\"column\">\n\t\t\t<div class=\"elementor-widget-wrap elementor-element-populated\">\n\t\t\t\t\t\t<div class=\"elementor-element elementor-element-1a209831 elementor-widget elementor-widget-theme-post-title elementor-page-title elementor-widget-heading\" data-id=\"1a209831\" data-element_type=\"widget\" data-e-type=\"widget\" data-widget_type=\"theme-post-title.default\">\n\t\t\t\t<div class=\"elementor-widget-container\">\n\t\t\t\t\t<h1 class=\"elementor-heading-title elementor-size-default\">Clause de non-responsabilit\u00e9<\/h1>\t\t\t\t<\/div>\n\t\t\t\t<\/div>\n\t\t\t\t<div class=\"elementor-element elementor-element-58cc3d59 elementor-widget elementor-widget-text-editor\" data-id=\"58cc3d59\" data-element_type=\"widget\" data-e-type=\"widget\" data-widget_type=\"text-editor.default\">\n\t\t\t\t<div class=\"elementor-widget-container\">\n\t\t\t\t\t\t\t\t\t<p>En acc\u00e9dant, utilisant et\/ou t\u00e9l\u00e9chargeant les informations se trouvant sur le site web de\u00a0: Ralston Colour &amp; Coatings B.V. (RCC) vous d\u00e9clarez \u00eatre d&rsquo;accord sur ce qui suit\u00a0:<\/p><p>Les informations fournies par RCC ont \u00e9t\u00e9 rassembl\u00e9es avec la plus grande attention. Ces informations ont \u00e9t\u00e9 emprunt\u00e9es \u00e0 des sources que l&rsquo;on peut consid\u00e9rer comme fiables cependant nous ne pouvons pas nous porter garants de leur exactitude ni de leur exhaustivit\u00e9. Le fait de r\u00e9f\u00e9rer sur ce site \u00e0 un produit ou un service n&rsquo;implique jamais une offre ou un conseil. Les informations fournies le sont purement \u00e0 titre indicatif et peuvent \u00eatre modifi\u00e9es \u00e0 tout moment sans annonce pr\u00e9alable. Il est donc conseill\u00e9 de v\u00e9rifier r\u00e9guli\u00e8rement si les informations propos\u00e9es sur ce site ont \u00e9t\u00e9 modifi\u00e9es.<\/p><p>Le renvoi \u00e0 d&rsquo;autres sites internet qui ne sont pas tenus par RCC est uniquement \u00e0 titre informatif. RCC n&rsquo;est pas responsable ou ne peut pas \u00eatre tenue pour responsable du contenu (y compris de la qualit\u00e9 de produits et\/ou services \u00e9ventuels qui y sont propos\u00e9s) et du fonctionnement des sites internet auxquels on r\u00e9f\u00e8re ou bien qui eux-m\u00eames r\u00e9f\u00e8rent au site de RCC.<\/p><p>Ralston Colour &amp; Coatings B.V. rejette toute responsabilit\u00e9 &#8211; sauf en cas de malveillance ou faute grave &#8211; touchant \u00e0 des dommages d\u00e9coulant de fautes dans l&rsquo;exactitude et l&rsquo;exhaustivit\u00e9 des informations obtenues par cette voie, en particulier \u00e0 la suite de modifications et\/ou dommages se produisant apr\u00e8s avoir obtenu ces informations, ou concernant l&rsquo;impossibilit\u00e9 temporaire de pouvoir consulter le site web de RCC. Pour \u00e9valuer une responsabilit\u00e9 (\u00e9ventuelle) on se basera sur les informations telles qu&rsquo;elles sont enregistr\u00e9es par Ralston Colour &amp; Coatings B.V.<\/p><p>RCC ne peut pas garantir le fonctionnement continu et sans d\u00e9faut de ce site internet. RCC n&rsquo;accepte aucune responsabilit\u00e9 pour des dommages ou frais, de quelque nature que ce soit, caus\u00e9s par des virus ou par le fonctionnement incorrect de ce site internet.<\/p><h2><strong>Droits de propri\u00e9t\u00e9 intellectuelle<\/strong><\/h2><p>RCC se r\u00e9serve tous les droits de propri\u00e9t\u00e9 intellectuelle des informations propos\u00e9es sur ou par le biais de ce site internet. Sans la permission formelle et \u00e9crite de Ralston Colour &amp; Coatings, il n&rsquo;est pas permis de diffuser, de quelque fa\u00e7on que ce soit, les informations, images et photos, communiqu\u00e9s et \/ou nouvelles fournies sur ce site; d&rsquo;adapter, de modifier, de reproduire, de mettre \u00e0 la disposition de tiers contre paiement les informations de ce site ou de cr\u00e9er un lien entre le site internet de RCC et un autre site internet.<\/p><p>C&rsquo;est le droit n\u00e9erlandais qui s&rsquo;applique \u00e0 ce site internet et \u00e0 cette clause de non-responsabilit\u00e9. Tout diff\u00e9rend s&rsquo;y rapportant sera soumis exclusivement au juge comp\u00e9tent, suivant le droit n\u00e9erlandais, \u00e0 Zwolle. Les droits d&rsquo;auteur du site web et son contenu respectif appartiennent \u00e0 Ralston Colour &amp; Coatings B.V. Tous droits r\u00e9serv\u00e9s.<\/p><p>\u00a9 RCC<\/p>\t\t\t\t\t\t\t\t<\/div>\n\t\t\t\t<\/div>\n\t\t\t\t<div class=\"elementor-element elementor-element-403942b5 elementor-widget elementor-widget-vt-share\" data-id=\"403942b5\" data-element_type=\"widget\" data-e-type=\"widget\" data-widget_type=\"vt-share.default\">\n\t\t\t\t<div class=\"elementor-widget-container\">\n\t\t\t\t\t                            \n            <div class=\"social-share mt-3 mb-5\">\n                <a href=\"https:\/\/www.facebook.com\/sharer\/sharer.php?u=https%3A%2F%2Fwww.ralstoncolour.com%2Ffr%2Fdisclaimer%2F\" target=\"_blank\" class=\"btn btn-social btn-xs fb mr-1\">Partager sur Facebook<\/a>\n                <a href=\"https:\/\/www.linkedin.com\/sharing\/share-offsite\/?url=https%3A%2F%2Fwww.ralstoncolour.com%2Ffr%2Fdisclaimer%2F\" target=\"_blank\" class=\"btn btn-social btn-xs li ml-1\">Partagez sur LinkedIn<\/a>\n            <\/div>\n        \t\t\t\t<\/div>\n\t\t\t\t<\/div>\n\t\t\t\t\t<\/div>\n\t\t<\/div>\n\t\t\t\t\t<\/div>\n\t\t<\/section>\n\t\t\t\t\t<\/div>\n\t\t<\/div>\n\t\t\t\t<div class=\"elementor-column elementor-col-33 elementor-top-column elementor-element elementor-element-1100ff46\" data-id=\"1100ff46\" data-element_type=\"column\" data-e-type=\"column\">\n\t\t\t<div class=\"elementor-widget-wrap elementor-element-populated\">\n\t\t\t\t\t\t<section class=\"elementor-section elementor-inner-section elementor-element elementor-element-309c673 elementor-section-boxed elementor-section-height-default elementor-section-height-default\" data-id=\"309c673\" data-element_type=\"section\" data-e-type=\"section\" data-settings=\"{&quot;background_background&quot;:&quot;classic&quot;}\">\n\t\t\t\t\t\t<div class=\"elementor-container elementor-column-gap-wider\">\n\t\t\t\t\t<div class=\"elementor-column elementor-col-100 elementor-inner-column elementor-element elementor-element-18dc4a1e\" data-id=\"18dc4a1e\" data-element_type=\"column\" data-e-type=\"column\" data-settings=\"{&quot;background_background&quot;:&quot;classic&quot;}\">\n\t\t\t<div class=\"elementor-widget-wrap elementor-element-populated\">\n\t\t\t\t\t\t<div class=\"elementor-element elementor-element-22625873 elementor-widget elementor-widget-text-editor\" data-id=\"22625873\" data-element_type=\"widget\" data-e-type=\"widget\" data-widget_type=\"text-editor.default\">\n\t\t\t\t<div class=\"elementor-widget-container\">\n\t\t\t\t\t\t\t\t\t<p>\t\t<div data-elementor-type=\"section\" data-elementor-id=\"37088\" class=\"elementor elementor-37088 elementor-32518 elementor-32518\" data-elementor-post-type=\"elementor_library\">\n\t\t\t\t\t<section class=\"elementor-section elementor-inner-section elementor-element elementor-element-3348350b elementor-section-boxed elementor-section-height-default elementor-section-height-default\" data-id=\"3348350b\" data-element_type=\"section\" data-e-type=\"section\" data-settings=\"{&quot;background_background&quot;:&quot;classic&quot;}\">\n\t\t\t\t\t\t<div class=\"elementor-container elementor-column-gap-wider\">\n\t\t\t\t\t<div class=\"elementor-column elementor-col-100 elementor-inner-column elementor-element elementor-element-7404730e\" data-id=\"7404730e\" data-element_type=\"column\" data-e-type=\"column\" data-settings=\"{&quot;background_background&quot;:&quot;classic&quot;}\">\n\t\t\t<div class=\"elementor-widget-wrap elementor-element-populated\">\n\t\t\t\t\t\t<div class=\"elementor-element elementor-element-43da09dd elementor-absolute big-five elementor-widget__width-auto elementor-widget elementor-widget-heading\" data-id=\"43da09dd\" data-element_type=\"widget\" data-e-type=\"widget\" data-settings=\"{&quot;_position&quot;:&quot;absolute&quot;}\" data-widget_type=\"heading.default\">\n\t\t\t\t<div class=\"elementor-widget-container\">\n\t\t\t\t\t<div class=\"elementor-heading-title elementor-size-default\">5<\/div>\t\t\t\t<\/div>\n\t\t\t\t<\/div>\n\t\t\t\t<div class=\"elementor-element elementor-element-57362a09 elementor-widget__width-auto elementor-widget elementor-widget-heading\" data-id=\"57362a09\" data-element_type=\"widget\" data-e-type=\"widget\" data-widget_type=\"heading.default\">\n\t\t\t\t<div class=\"elementor-widget-container\">\n\t\t\t\t\t<h5 class=\"elementor-heading-title elementor-size-default\">raisons\nde devenir\npartenaire\nRalston <\/h5>\t\t\t\t<\/div>\n\t\t\t\t<\/div>\n\t\t\t\t<div class=\"elementor-element elementor-element-101a7500 elementor-button-secondary elementor-align-justify elementor-widget elementor-widget-vt-button\" data-id=\"101a7500\" data-element_type=\"widget\" data-e-type=\"widget\" data-widget_type=\"vt-button.default\">\n\t\t\t\t<div class=\"elementor-widget-container\">\n\t\t\t\t\t\t\t<div class=\"elementor-button-wrapper\">\n\t\t\t<a href=\" https:\/\/www.ralstoncolour.com\/fr\/tinting-systems\/become-a-dealer-for-ralston\/\" class=\"btn btn-secondary btn-sm\" role=\"button\">\n\t\t\t\t\t\t\t<span class=\"elementor-button-content-wrapper\">\n\t\t\t\t\t\t\t\t<span class=\"elementor-button-text\">Lire plus<\/span>\n\t\t\t<\/span>\n\t\t\t\t\t<\/a>\n\t\t<\/div>\n\t\t\t\t\t\t<\/div>\n\t\t\t\t<\/div>\n\t\t\t\t\t<\/div>\n\t\t<\/div>\n\t\t\t\t\t<\/div>\n\t\t<\/section>\n\t\t\t\t<\/div>\n\t\t<\/p>\t\t\t\t\t\t\t\t<\/div>\n\t\t\t\t<\/div>\n\t\t\t\t\t<\/div>\n\t\t<\/div>\n\t\t\t\t\t<\/div>\n\t\t<\/section>\n\t\t\t\t\t<\/div>\n\t\t<\/div>\n\t\t\t\t\t<\/div>\n\t\t<\/section>\n\t\t\t\t<\/div>\n\t\t","protected":false},"excerpt":{"rendered":"<p>En acc\u00e9dant, utilisant et\/ou t\u00e9l\u00e9chargeant les informations se trouvant sur le site web de\u00a0: Ralston Colour &amp; Coatings B.V. (RCC) vous d\u00e9clarez \u00eatre d&rsquo;accord sur ce qui suit\u00a0: Les informations fournies par RCC ont \u00e9t\u00e9 rassembl\u00e9es avec la plus grande attention. Ces informations ont \u00e9t\u00e9 emprunt\u00e9es \u00e0 des sources que l&rsquo;on peut consid\u00e9rer comme fiables<\/p>\n","protected":false},"author":7,"featured_media":0,"parent":0,"menu_order":158,"comment_status":"closed","ping_status":"closed","template":"","meta":{"_acf_changed":false,"footnotes":""},"class_list":["post-55804","page","type-page","status-publish","hentry"],"acf":[],"yoast_head":"<!-- This site is optimized with the Yoast SEO Premium plugin v20.7 (Yoast SEO v27.2) - https:\/\/yoast.com\/product\/yoast-seo-premium-wordpress\/ -->\n<title>Clause de non-responsabilit\u00e9 - Ralston<\/title>\n<meta name=\"description\" content=\"D\u00e9couvrez les conditions d&#039;utilisation du site Ralston. Nous veillons \u00e0 fournir des informations pr\u00e9cises et \u00e0 jour pour nos visiteurs.\" \/>\n<meta name=\"robots\" content=\"index, follow, max-snippet:-1, max-image-preview:large, max-video-preview:-1\" \/>\n<link rel=\"canonical\" href=\"https:\/\/www.ralstoncolour.com\/fr\/disclaimer\/\" \/>\n<meta property=\"og:locale\" content=\"fr_FR\" \/>\n<meta property=\"og:type\" content=\"article\" \/>\n<meta property=\"og:title\" content=\"Clause de non-responsabilit\u00e9\" \/>\n<meta property=\"og:description\" content=\"D\u00e9couvrez les conditions d&#039;utilisation du site Ralston. Nous veillons \u00e0 fournir des informations pr\u00e9cises et \u00e0 jour pour nos visiteurs.\" \/>\n<meta property=\"og:url\" content=\"https:\/\/www.ralstoncolour.com\/fr\/disclaimer\/\" \/>\n<meta property=\"og:site_name\" content=\"Ralston\" \/>\n<meta property=\"article:modified_time\" content=\"2023-11-02T13:34:09+00:00\" \/>\n<meta name=\"twitter:card\" content=\"summary_large_image\" \/>\n<meta name=\"twitter:label1\" content=\"Dur\u00e9e de lecture estim\u00e9e\" \/>\n\t<meta name=\"twitter:data1\" content=\"3 minutes\" \/>\n<script type=\"application\/ld+json\" class=\"yoast-schema-graph\">{\"@context\":\"https:\/\/schema.org\",\"@graph\":[{\"@type\":\"WebPage\",\"@id\":\"https:\/\/www.ralstoncolour.com\/fr\/disclaimer\/\",\"url\":\"https:\/\/www.ralstoncolour.com\/fr\/disclaimer\/\",\"name\":\"Clause de non-responsabilit\u00e9 - Ralston\",\"isPartOf\":{\"@id\":\"https:\/\/www.ralstoncolour.com\/fr\/#website\"},\"datePublished\":\"2020-12-10T13:12:19+00:00\",\"dateModified\":\"2023-11-02T13:34:09+00:00\",\"description\":\"D\u00e9couvrez les conditions d'utilisation du site Ralston. Nous veillons \u00e0 fournir des informations pr\u00e9cises et \u00e0 jour pour nos visiteurs.\",\"breadcrumb\":{\"@id\":\"https:\/\/www.ralstoncolour.com\/fr\/disclaimer\/#breadcrumb\"},\"inLanguage\":\"fr-FR\",\"potentialAction\":[{\"@type\":\"ReadAction\",\"target\":[\"https:\/\/www.ralstoncolour.com\/fr\/disclaimer\/\"]}]},{\"@type\":\"BreadcrumbList\",\"@id\":\"https:\/\/www.ralstoncolour.com\/fr\/disclaimer\/#breadcrumb\",\"itemListElement\":[{\"@type\":\"ListItem\",\"position\":1,\"name\":\"Accueil\",\"item\":\"https:\/\/www.ralstoncolour.com\/fr\/\"},{\"@type\":\"ListItem\",\"position\":2,\"name\":\"Clause de non-responsabilit\u00e9\"}]},{\"@type\":\"WebSite\",\"@id\":\"https:\/\/www.ralstoncolour.com\/fr\/#website\",\"url\":\"https:\/\/www.ralstoncolour.com\/fr\/\",\"name\":\"Ralston\",\"description\":\"\",\"publisher\":{\"@id\":\"https:\/\/www.ralstoncolour.com\/fr\/#organization\"},\"potentialAction\":[{\"@type\":\"SearchAction\",\"target\":{\"@type\":\"EntryPoint\",\"urlTemplate\":\"https:\/\/www.ralstoncolour.com\/fr\/?s={search_term_string}\"},\"query-input\":{\"@type\":\"PropertyValueSpecification\",\"valueRequired\":true,\"valueName\":\"search_term_string\"}}],\"inLanguage\":\"fr-FR\"},{\"@type\":\"Organization\",\"@id\":\"https:\/\/www.ralstoncolour.com\/fr\/#organization\",\"name\":\"Ralston\",\"url\":\"https:\/\/www.ralstoncolour.com\/fr\/\",\"logo\":{\"@type\":\"ImageObject\",\"inLanguage\":\"fr-FR\",\"@id\":\"https:\/\/www.ralstoncolour.com\/fr\/#\/schema\/logo\/image\/\",\"url\":\"https:\/\/www.ralstoncolour.com\/wp-content\/uploads\/2020\/09\/cropped-logo.png\",\"contentUrl\":\"https:\/\/www.ralstoncolour.com\/wp-content\/uploads\/2020\/09\/cropped-logo.png\",\"width\":144,\"height\":48,\"caption\":\"Ralston\"},\"image\":{\"@id\":\"https:\/\/www.ralstoncolour.com\/fr\/#\/schema\/logo\/image\/\"}}]}<\/script>\n<!-- \/ Yoast SEO Premium plugin. -->","yoast_head_json":{"title":"Clause de non-responsabilit\u00e9 - Ralston","description":"D\u00e9couvrez les conditions d'utilisation du site Ralston. Nous veillons \u00e0 fournir des informations pr\u00e9cises et \u00e0 jour pour nos visiteurs.","robots":{"index":"index","follow":"follow","max-snippet":"max-snippet:-1","max-image-preview":"max-image-preview:large","max-video-preview":"max-video-preview:-1"},"canonical":"https:\/\/www.ralstoncolour.com\/fr\/disclaimer\/","og_locale":"fr_FR","og_type":"article","og_title":"Clause de non-responsabilit\u00e9","og_description":"D\u00e9couvrez les conditions d'utilisation du site Ralston. Nous veillons \u00e0 fournir des informations pr\u00e9cises et \u00e0 jour pour nos visiteurs.","og_url":"https:\/\/www.ralstoncolour.com\/fr\/disclaimer\/","og_site_name":"Ralston","article_modified_time":"2023-11-02T13:34:09+00:00","twitter_card":"summary_large_image","twitter_misc":{"Dur\u00e9e de lecture estim\u00e9e":"3 minutes"},"schema":{"@context":"https:\/\/schema.org","@graph":[{"@type":"WebPage","@id":"https:\/\/www.ralstoncolour.com\/fr\/disclaimer\/","url":"https:\/\/www.ralstoncolour.com\/fr\/disclaimer\/","name":"Clause de non-responsabilit\u00e9 - Ralston","isPartOf":{"@id":"https:\/\/www.ralstoncolour.com\/fr\/#website"},"datePublished":"2020-12-10T13:12:19+00:00","dateModified":"2023-11-02T13:34:09+00:00","description":"D\u00e9couvrez les conditions d'utilisation du site Ralston. Nous veillons \u00e0 fournir des informations pr\u00e9cises et \u00e0 jour pour nos visiteurs.","breadcrumb":{"@id":"https:\/\/www.ralstoncolour.com\/fr\/disclaimer\/#breadcrumb"},"inLanguage":"fr-FR","potentialAction":[{"@type":"ReadAction","target":["https:\/\/www.ralstoncolour.com\/fr\/disclaimer\/"]}]},{"@type":"BreadcrumbList","@id":"https:\/\/www.ralstoncolour.com\/fr\/disclaimer\/#breadcrumb","itemListElement":[{"@type":"ListItem","position":1,"name":"Accueil","item":"https:\/\/www.ralstoncolour.com\/fr\/"},{"@type":"ListItem","position":2,"name":"Clause de non-responsabilit\u00e9"}]},{"@type":"WebSite","@id":"https:\/\/www.ralstoncolour.com\/fr\/#website","url":"https:\/\/www.ralstoncolour.com\/fr\/","name":"Ralston","description":"","publisher":{"@id":"https:\/\/www.ralstoncolour.com\/fr\/#organization"},"potentialAction":[{"@type":"SearchAction","target":{"@type":"EntryPoint","urlTemplate":"https:\/\/www.ralstoncolour.com\/fr\/?s={search_term_string}"},"query-input":{"@type":"PropertyValueSpecification","valueRequired":true,"valueName":"search_term_string"}}],"inLanguage":"fr-FR"},{"@type":"Organization","@id":"https:\/\/www.ralstoncolour.com\/fr\/#organization","name":"Ralston","url":"https:\/\/www.ralstoncolour.com\/fr\/","logo":{"@type":"ImageObject","inLanguage":"fr-FR","@id":"https:\/\/www.ralstoncolour.com\/fr\/#\/schema\/logo\/image\/","url":"https:\/\/www.ralstoncolour.com\/wp-content\/uploads\/2020\/09\/cropped-logo.png","contentUrl":"https:\/\/www.ralstoncolour.com\/wp-content\/uploads\/2020\/09\/cropped-logo.png","width":144,"height":48,"caption":"Ralston"},"image":{"@id":"https:\/\/www.ralstoncolour.com\/fr\/#\/schema\/logo\/image\/"}}]}},"_links":{"self":[{"href":"https:\/\/www.ralstoncolour.com\/fr\/wp-json\/wp\/v2\/pages\/55804","targetHints":{"allow":["GET"]}}],"collection":[{"href":"https:\/\/www.ralstoncolour.com\/fr\/wp-json\/wp\/v2\/pages"}],"about":[{"href":"https:\/\/www.ralstoncolour.com\/fr\/wp-json\/wp\/v2\/types\/page"}],"author":[{"embeddable":true,"href":"https:\/\/www.ralstoncolour.com\/fr\/wp-json\/wp\/v2\/users\/7"}],"replies":[{"embeddable":true,"href":"https:\/\/www.ralstoncolour.com\/fr\/wp-json\/wp\/v2\/comments?post=55804"}],"version-history":[{"count":11,"href":"https:\/\/www.ralstoncolour.com\/fr\/wp-json\/wp\/v2\/pages\/55804\/revisions"}],"predecessor-version":[{"id":57941,"href":"https:\/\/www.ralstoncolour.com\/fr\/wp-json\/wp\/v2\/pages\/55804\/revisions\/57941"}],"wp:attachment":[{"href":"https:\/\/www.ralstoncolour.com\/fr\/wp-json\/wp\/v2\/media?parent=55804"}],"curies":[{"name":"wp","href":"https:\/\/api.w.org\/{rel}","templated":true}]}}