{"id":49703,"date":"2020-12-08T12:20:53","date_gmt":"2020-12-08T11:20:53","guid":{"rendered":"http:\/\/comrals-kawonsro.savviihq.com\/?page_id=49703"},"modified":"2023-11-02T14:34:09","modified_gmt":"2023-11-02T13:34:09","slug":"votre-palette-de-couleurs","status":"publish","type":"page","link":"https:\/\/www.ralstoncolour.com\/fr\/couleur\/votre-palette-de-couleurs\/","title":{"rendered":"Votre palette de couleurs"},"content":{"rendered":"\t\t<div data-elementor-type=\"wp-page\" data-elementor-id=\"49703\" class=\"elementor elementor-49703 elementor-1630\" data-elementor-post-type=\"page\">\n\t\t\t\t\t\t<section class=\"elementor-section elementor-top-section elementor-element elementor-element-6afa8f0 border-top elementor-section-boxed elementor-section-height-default elementor-section-height-default\" data-id=\"6afa8f0\" data-element_type=\"section\" data-e-type=\"section\">\n\t\t\t\t\t\t<div class=\"elementor-container elementor-column-gap-no\">\n\t\t\t\t\t<div class=\"elementor-column elementor-col-66 elementor-top-column elementor-element elementor-element-8d32519\" data-id=\"8d32519\" data-element_type=\"column\" data-e-type=\"column\">\n\t\t\t<div class=\"elementor-widget-wrap elementor-element-populated\">\n\t\t\t\t\t\t<div class=\"elementor-element elementor-element-c32aa3d elementor-widget elementor-widget-heading\" data-id=\"c32aa3d\" data-element_type=\"widget\" data-e-type=\"widget\" data-widget_type=\"heading.default\">\n\t\t\t\t<div class=\"elementor-widget-container\">\n\t\t\t\t\t<h1 class=\"elementor-heading-title elementor-size-default\">Votre palette de couleurs<\/h1>\t\t\t\t<\/div>\n\t\t\t\t<\/div>\n\t\t\t\t<div class=\"elementor-element elementor-element-0fb870d elementor-widget elementor-widget-shortcode\" data-id=\"0fb870d\" data-element_type=\"widget\" data-e-type=\"widget\" data-widget_type=\"shortcode.default\">\n\t\t\t\t<div class=\"elementor-widget-container\">\n\t\t\t\t\t\t\t<div class=\"elementor-shortcode\">\n        <div class=\"lf-color-palet ajax-load-color-palet\">\n            <div class=\"loader-container-ajax\">\n                <div class=\"loader\"><\/div>\n    <p>Aucune couleur n'a encore \u00e9t\u00e9 ajout\u00e9e<\/p>\n            <\/div>\n        <\/div>\n     <\/div>\n\t\t\t\t\t\t<\/div>\n\t\t\t\t<\/div>\n\t\t\t\t<div class=\"elementor-element elementor-element-36395c8 elementor-widget elementor-widget-button\" data-id=\"36395c8\" data-element_type=\"widget\" data-e-type=\"widget\" data-widget_type=\"button.default\">\n\t\t\t\t<div class=\"elementor-widget-container\">\n\t\t\t\t\t\t\t\t\t<div class=\"elementor-button-wrapper\">\n\t\t\t\t\t<a class=\"elementor-button elementor-button-link elementor-size-sm\" href=\"https:\/\/www.ralstoncolour.com\/fr\/couleur\/couleurs-pour-linterieur\">\n\t\t\t\t\t\t<span class=\"elementor-button-content-wrapper\">\n\t\t\t\t\t\t\t\t\t<span class=\"elementor-button-text\">Ajoutez une couleur<\/span>\n\t\t\t\t\t<\/span>\n\t\t\t\t\t<\/a>\n\t\t\t\t<\/div>\n\t\t\t\t\t\t\t\t<\/div>\n\t\t\t\t<\/div>\n\t\t\t\t\t<\/div>\n\t\t<\/div>\n\t\t\t\t<div class=\"elementor-column elementor-col-33 elementor-top-column elementor-element elementor-element-a5d3b88\" data-id=\"a5d3b88\" data-element_type=\"column\" data-e-type=\"column\">\n\t\t\t<div class=\"elementor-widget-wrap elementor-element-populated\">\n\t\t\t\t\t\t<section class=\"elementor-section elementor-inner-section elementor-element elementor-element-cb253a0 elementor-section-boxed elementor-section-height-default elementor-section-height-default\" data-id=\"cb253a0\" data-element_type=\"section\" data-e-type=\"section\">\n\t\t\t\t\t\t<div class=\"elementor-container elementor-column-gap-wider\">\n\t\t\t\t\t<div class=\"elementor-column elementor-col-100 elementor-inner-column elementor-element elementor-element-c8d31e7\" data-id=\"c8d31e7\" data-element_type=\"column\" data-e-type=\"column\">\n\t\t\t<div class=\"elementor-widget-wrap elementor-element-populated\">\n\t\t\t\t\t\t<div class=\"elementor-element elementor-element-45d06f9 elementor-widget elementor-widget-shortcode\" data-id=\"45d06f9\" data-element_type=\"widget\" data-e-type=\"widget\" data-widget_type=\"shortcode.default\">\n\t\t\t\t<div class=\"elementor-widget-container\">\n\t\t\t\t\t\t\t<div class=\"elementor-shortcode\"><\/div>\n\t\t\t\t\t\t<\/div>\n\t\t\t\t<\/div>\n\t\t\t\t\t<\/div>\n\t\t<\/div>\n\t\t\t\t\t<\/div>\n\t\t<\/section>\n\t\t\t\t\t<\/div>\n\t\t<\/div>\n\t\t\t\t\t<\/div>\n\t\t<\/section>\n\t\t\t\t<\/div>\n\t\t","protected":false},"excerpt":{"rendered":"<p>Your favorite personal colour combinations. Send your favorite colours to a friend or to yourself.<\/p>\n","protected":false},"author":7,"featured_media":305136,"parent":47610,"menu_order":2,"comment_status":"closed","ping_status":"closed","template":"","meta":{"_acf_changed":false,"footnotes":""},"class_list":["post-49703","page","type-page","status-publish","has-post-thumbnail","hentry"],"acf":[],"yoast_head":"<!-- This site is optimized with the Yoast SEO Premium plugin v20.7 (Yoast SEO v27.2) - https:\/\/yoast.com\/product\/yoast-seo-premium-wordpress\/ -->\n<title>Votre palette de couleurs - Ralston<\/title>\n<meta name=\"description\" content=\"Affichez votre palette de couleur et partigez sur Facebook et Pinterest\" \/>\n<meta name=\"robots\" content=\"noindex, nofollow\" \/>\n<meta property=\"og:locale\" content=\"fr_FR\" \/>\n<meta property=\"og:type\" content=\"article\" \/>\n<meta property=\"og:title\" content=\"Votre palette de couleurs\" \/>\n<meta property=\"og:description\" content=\"Affichez votre palette de couleur et partigez sur Facebook et Pinterest\" \/>\n<meta property=\"og:url\" content=\"https:\/\/www.ralstoncolour.com\/fr\/couleur\/votre-palette-de-couleurs\/\" \/>\n<meta property=\"og:site_name\" content=\"Ralston\" \/>\n<meta property=\"article:modified_time\" content=\"2023-11-02T13:34:09+00:00\" \/>\n<meta property=\"og:image\" content=\"https:\/\/www.ralstoncolour.com\/wp-content\/uploads\/2020\/12\/tintingslider4_project-dekkrachtkaart-opzet-1-scaled.jpg\" \/>\n\t<meta property=\"og:image:width\" content=\"1620\" \/>\n\t<meta property=\"og:image:height\" content=\"1080\" \/>\n\t<meta property=\"og:image:type\" content=\"image\/jpeg\" \/>\n<meta name=\"twitter:card\" content=\"summary_large_image\" \/>\n<meta name=\"twitter:label1\" content=\"Dur\u00e9e de lecture estim\u00e9e\" \/>\n\t<meta name=\"twitter:data1\" content=\"1 minute\" \/>\n<script type=\"application\/ld+json\" class=\"yoast-schema-graph\">{\"@context\":\"https:\/\/schema.org\",\"@graph\":[{\"@type\":\"WebPage\",\"@id\":\"https:\/\/www.ralstoncolour.com\/fr\/couleur\/votre-palette-de-couleurs\/\",\"url\":\"https:\/\/www.ralstoncolour.com\/fr\/couleur\/votre-palette-de-couleurs\/\",\"name\":\"Votre palette de couleurs - Ralston\",\"isPartOf\":{\"@id\":\"https:\/\/www.ralstoncolour.com\/fr\/#website\"},\"primaryImageOfPage\":{\"@id\":\"https:\/\/www.ralstoncolour.com\/fr\/couleur\/votre-palette-de-couleurs\/#primaryimage\"},\"image\":{\"@id\":\"https:\/\/www.ralstoncolour.com\/fr\/couleur\/votre-palette-de-couleurs\/#primaryimage\"},\"thumbnailUrl\":\"https:\/\/www.ralstoncolour.com\/wp-content\/uploads\/Bedroom-Renthoff-Kassel-1-325x300-1.jpg\",\"datePublished\":\"2020-12-08T11:20:53+00:00\",\"dateModified\":\"2023-11-02T13:34:09+00:00\",\"description\":\"Affichez votre palette de couleur et partigez sur Facebook et Pinterest\",\"breadcrumb\":{\"@id\":\"https:\/\/www.ralstoncolour.com\/fr\/couleur\/votre-palette-de-couleurs\/#breadcrumb\"},\"inLanguage\":\"fr-FR\",\"potentialAction\":[{\"@type\":\"ReadAction\",\"target\":[\"https:\/\/www.ralstoncolour.com\/fr\/couleur\/votre-palette-de-couleurs\/\"]}]},{\"@type\":\"ImageObject\",\"inLanguage\":\"fr-FR\",\"@id\":\"https:\/\/www.ralstoncolour.com\/fr\/couleur\/votre-palette-de-couleurs\/#primaryimage\",\"url\":\"https:\/\/www.ralstoncolour.com\/wp-content\/uploads\/Bedroom-Renthoff-Kassel-1-325x300-1.jpg\",\"contentUrl\":\"https:\/\/www.ralstoncolour.com\/wp-content\/uploads\/Bedroom-Renthoff-Kassel-1-325x300-1.jpg\",\"width\":325,\"height\":300,\"caption\":\"Clipboard\"},{\"@type\":\"BreadcrumbList\",\"@id\":\"https:\/\/www.ralstoncolour.com\/fr\/couleur\/votre-palette-de-couleurs\/#breadcrumb\",\"itemListElement\":[{\"@type\":\"ListItem\",\"position\":1,\"name\":\"Accueil\",\"item\":\"https:\/\/www.ralstoncolour.com\/fr\/\"},{\"@type\":\"ListItem\",\"position\":2,\"name\":\"Couleur\",\"item\":\"https:\/\/www.ralstoncolour.com\/fr\/colour\/\"},{\"@type\":\"ListItem\",\"position\":3,\"name\":\"Votre palette de couleurs\"}]},{\"@type\":\"WebSite\",\"@id\":\"https:\/\/www.ralstoncolour.com\/fr\/#website\",\"url\":\"https:\/\/www.ralstoncolour.com\/fr\/\",\"name\":\"Ralston\",\"description\":\"\",\"publisher\":{\"@id\":\"https:\/\/www.ralstoncolour.com\/fr\/#organization\"},\"potentialAction\":[{\"@type\":\"SearchAction\",\"target\":{\"@type\":\"EntryPoint\",\"urlTemplate\":\"https:\/\/www.ralstoncolour.com\/fr\/?s={search_term_string}\"},\"query-input\":{\"@type\":\"PropertyValueSpecification\",\"valueRequired\":true,\"valueName\":\"search_term_string\"}}],\"inLanguage\":\"fr-FR\"},{\"@type\":\"Organization\",\"@id\":\"https:\/\/www.ralstoncolour.com\/fr\/#organization\",\"name\":\"Ralston\",\"url\":\"https:\/\/www.ralstoncolour.com\/fr\/\",\"logo\":{\"@type\":\"ImageObject\",\"inLanguage\":\"fr-FR\",\"@id\":\"https:\/\/www.ralstoncolour.com\/fr\/#\/schema\/logo\/image\/\",\"url\":\"https:\/\/www.ralstoncolour.com\/wp-content\/uploads\/2020\/09\/cropped-logo.png\",\"contentUrl\":\"https:\/\/www.ralstoncolour.com\/wp-content\/uploads\/2020\/09\/cropped-logo.png\",\"width\":144,\"height\":48,\"caption\":\"Ralston\"},\"image\":{\"@id\":\"https:\/\/www.ralstoncolour.com\/fr\/#\/schema\/logo\/image\/\"}}]}<\/script>\n<!-- \/ Yoast SEO Premium plugin. -->","yoast_head_json":{"title":"Votre palette de couleurs - Ralston","description":"Affichez votre palette de couleur et partigez sur Facebook et Pinterest","robots":{"index":"noindex","follow":"nofollow"},"og_locale":"fr_FR","og_type":"article","og_title":"Votre palette de couleurs","og_description":"Affichez votre palette de couleur et partigez sur Facebook et Pinterest","og_url":"https:\/\/www.ralstoncolour.com\/fr\/couleur\/votre-palette-de-couleurs\/","og_site_name":"Ralston","article_modified_time":"2023-11-02T13:34:09+00:00","og_image":[{"width":1620,"height":1080,"url":"https:\/\/www.ralstoncolour.com\/wp-content\/uploads\/2020\/12\/tintingslider4_project-dekkrachtkaart-opzet-1-scaled.jpg","type":"image\/jpeg"}],"twitter_card":"summary_large_image","twitter_misc":{"Dur\u00e9e de lecture estim\u00e9e":"1 minute"},"schema":{"@context":"https:\/\/schema.org","@graph":[{"@type":"WebPage","@id":"https:\/\/www.ralstoncolour.com\/fr\/couleur\/votre-palette-de-couleurs\/","url":"https:\/\/www.ralstoncolour.com\/fr\/couleur\/votre-palette-de-couleurs\/","name":"Votre palette de couleurs - Ralston","isPartOf":{"@id":"https:\/\/www.ralstoncolour.com\/fr\/#website"},"primaryImageOfPage":{"@id":"https:\/\/www.ralstoncolour.com\/fr\/couleur\/votre-palette-de-couleurs\/#primaryimage"},"image":{"@id":"https:\/\/www.ralstoncolour.com\/fr\/couleur\/votre-palette-de-couleurs\/#primaryimage"},"thumbnailUrl":"https:\/\/www.ralstoncolour.com\/wp-content\/uploads\/Bedroom-Renthoff-Kassel-1-325x300-1.jpg","datePublished":"2020-12-08T11:20:53+00:00","dateModified":"2023-11-02T13:34:09+00:00","description":"Affichez votre palette de couleur et partigez sur Facebook et Pinterest","breadcrumb":{"@id":"https:\/\/www.ralstoncolour.com\/fr\/couleur\/votre-palette-de-couleurs\/#breadcrumb"},"inLanguage":"fr-FR","potentialAction":[{"@type":"ReadAction","target":["https:\/\/www.ralstoncolour.com\/fr\/couleur\/votre-palette-de-couleurs\/"]}]},{"@type":"ImageObject","inLanguage":"fr-FR","@id":"https:\/\/www.ralstoncolour.com\/fr\/couleur\/votre-palette-de-couleurs\/#primaryimage","url":"https:\/\/www.ralstoncolour.com\/wp-content\/uploads\/Bedroom-Renthoff-Kassel-1-325x300-1.jpg","contentUrl":"https:\/\/www.ralstoncolour.com\/wp-content\/uploads\/Bedroom-Renthoff-Kassel-1-325x300-1.jpg","width":325,"height":300,"caption":"Clipboard"},{"@type":"BreadcrumbList","@id":"https:\/\/www.ralstoncolour.com\/fr\/couleur\/votre-palette-de-couleurs\/#breadcrumb","itemListElement":[{"@type":"ListItem","position":1,"name":"Accueil","item":"https:\/\/www.ralstoncolour.com\/fr\/"},{"@type":"ListItem","position":2,"name":"Couleur","item":"https:\/\/www.ralstoncolour.com\/fr\/colour\/"},{"@type":"ListItem","position":3,"name":"Votre palette de couleurs"}]},{"@type":"WebSite","@id":"https:\/\/www.ralstoncolour.com\/fr\/#website","url":"https:\/\/www.ralstoncolour.com\/fr\/","name":"Ralston","description":"","publisher":{"@id":"https:\/\/www.ralstoncolour.com\/fr\/#organization"},"potentialAction":[{"@type":"SearchAction","target":{"@type":"EntryPoint","urlTemplate":"https:\/\/www.ralstoncolour.com\/fr\/?s={search_term_string}"},"query-input":{"@type":"PropertyValueSpecification","valueRequired":true,"valueName":"search_term_string"}}],"inLanguage":"fr-FR"},{"@type":"Organization","@id":"https:\/\/www.ralstoncolour.com\/fr\/#organization","name":"Ralston","url":"https:\/\/www.ralstoncolour.com\/fr\/","logo":{"@type":"ImageObject","inLanguage":"fr-FR","@id":"https:\/\/www.ralstoncolour.com\/fr\/#\/schema\/logo\/image\/","url":"https:\/\/www.ralstoncolour.com\/wp-content\/uploads\/2020\/09\/cropped-logo.png","contentUrl":"https:\/\/www.ralstoncolour.com\/wp-content\/uploads\/2020\/09\/cropped-logo.png","width":144,"height":48,"caption":"Ralston"},"image":{"@id":"https:\/\/www.ralstoncolour.com\/fr\/#\/schema\/logo\/image\/"}}]}},"_links":{"self":[{"href":"https:\/\/www.ralstoncolour.com\/fr\/wp-json\/wp\/v2\/pages\/49703","targetHints":{"allow":["GET"]}}],"collection":[{"href":"https:\/\/www.ralstoncolour.com\/fr\/wp-json\/wp\/v2\/pages"}],"about":[{"href":"https:\/\/www.ralstoncolour.com\/fr\/wp-json\/wp\/v2\/types\/page"}],"author":[{"embeddable":true,"href":"https:\/\/www.ralstoncolour.com\/fr\/wp-json\/wp\/v2\/users\/7"}],"replies":[{"embeddable":true,"href":"https:\/\/www.ralstoncolour.com\/fr\/wp-json\/wp\/v2\/comments?post=49703"}],"version-history":[{"count":9,"href":"https:\/\/www.ralstoncolour.com\/fr\/wp-json\/wp\/v2\/pages\/49703\/revisions"}],"predecessor-version":[{"id":231401,"href":"https:\/\/www.ralstoncolour.com\/fr\/wp-json\/wp\/v2\/pages\/49703\/revisions\/231401"}],"up":[{"embeddable":true,"href":"https:\/\/www.ralstoncolour.com\/fr\/wp-json\/wp\/v2\/pages\/47610"}],"wp:featuredmedia":[{"embeddable":true,"href":"https:\/\/www.ralstoncolour.com\/fr\/wp-json\/wp\/v2\/media\/305136"}],"wp:attachment":[{"href":"https:\/\/www.ralstoncolour.com\/fr\/wp-json\/wp\/v2\/media?parent=49703"}],"curies":[{"name":"wp","href":"https:\/\/api.w.org\/{rel}","templated":true}]}}