{"id":20231,"date":"2020-11-13T16:44:32","date_gmt":"2020-11-13T15:44:32","guid":{"rendered":"https:\/\/comrals-kawonsro.savviihq.com\/?page_id=20231"},"modified":"2023-09-25T14:53:17","modified_gmt":"2023-09-25T12:53:17","slug":"temoignages","status":"publish","type":"page","link":"https:\/\/www.ralstoncolour.com\/fr\/coatings\/peindre-avec-ralston\/temoignages\/","title":{"rendered":"T\u00e9moignages"},"content":{"rendered":"\t\t<div data-elementor-type=\"wp-page\" data-elementor-id=\"20231\" class=\"elementor elementor-20231 elementor-1004\" data-elementor-post-type=\"page\">\n\t\t\t\t\t\t<section class=\"elementor-section elementor-top-section elementor-element elementor-element-523d9c7 elementor-section-stretched breadcrumbs blocks-top elementor-section-boxed elementor-section-height-default elementor-section-height-default\" data-id=\"523d9c7\" data-element_type=\"section\" data-e-type=\"section\" data-settings=\"{&quot;background_background&quot;:&quot;classic&quot;,&quot;stretch_section&quot;:&quot;section-stretched&quot;}\">\n\t\t\t\t\t\t<div class=\"elementor-container elementor-column-gap-default\">\n\t\t\t\t\t<div class=\"elementor-column elementor-col-100 elementor-top-column elementor-element elementor-element-dd7386e\" data-id=\"dd7386e\" data-element_type=\"column\" data-e-type=\"column\">\n\t\t\t<div class=\"elementor-widget-wrap elementor-element-populated\">\n\t\t\t\t\t\t<div class=\"elementor-element elementor-element-4e0e938 elementor-widget elementor-widget-wp-widget-bcn_widget\" data-id=\"4e0e938\" data-element_type=\"widget\" data-e-type=\"widget\" data-widget_type=\"wp-widget-bcn_widget.default\">\n\t\t\t\t<div class=\"elementor-widget-container\">\n\t\t\t\t\t<div class=\"breadcrumbs\" vocab=\"https:\/\/schema.org\/\" typeof=\"BreadcrumbList\"><span property=\"itemListElement\" typeof=\"ListItem\"><a property=\"item\" typeof=\"WebPage\" title=\"Ga naar Home.\" href=\"https:\/\/www.ralstoncolour.com\/fr\/\" class=\"home\" aria-current=\"page\"><span property=\"name\">Home<\/span><\/a><meta property=\"position\" content=\"1\"><\/span><\/div>\t\t\t\t<\/div>\n\t\t\t\t<\/div>\n\t\t\t\t\t<\/div>\n\t\t<\/div>\n\t\t\t\t\t<\/div>\n\t\t<\/section>\n\t\t\t\t<section class=\"elementor-section elementor-top-section elementor-element elementor-element-bb449ac elementor-section-stretched elementor-section-boxed elementor-section-height-default elementor-section-height-default\" data-id=\"bb449ac\" data-element_type=\"section\" data-e-type=\"section\" data-settings=\"{&quot;stretch_section&quot;:&quot;section-stretched&quot;,&quot;background_background&quot;:&quot;classic&quot;}\">\n\t\t\t\t\t\t<div class=\"elementor-container elementor-column-gap-default\">\n\t\t\t\t\t<div class=\"elementor-column elementor-col-100 elementor-top-column elementor-element elementor-element-ecd4ed8\" data-id=\"ecd4ed8\" data-element_type=\"column\" data-e-type=\"column\">\n\t\t\t<div class=\"elementor-widget-wrap elementor-element-populated\">\n\t\t\t\t\t\t<div class=\"elementor-element elementor-element-5214280 elementor-widget elementor-widget-heading\" data-id=\"5214280\" data-element_type=\"widget\" data-e-type=\"widget\" data-widget_type=\"heading.default\">\n\t\t\t\t<div class=\"elementor-widget-container\">\n\t\t\t\t\t<h1 class=\"elementor-heading-title elementor-size-default\">T\u00e9moignages.\nVotre avis est important<\/h1>\t\t\t\t<\/div>\n\t\t\t\t<\/div>\n\t\t\t\t<div class=\"elementor-element elementor-element-633473b elementor-widget elementor-widget-text-editor\" data-id=\"633473b\" data-element_type=\"widget\" data-e-type=\"widget\" data-widget_type=\"text-editor.default\">\n\t\t\t\t<div class=\"elementor-widget-container\">\n\t\t\t\t\t\t\t\t\t<div class=\"background gray\"><div id=\"header4\" class=\"container_12 pt_green\"><p class=\"grid_8\">Les initiatives locales et les r\u00e9sultats obtenus par les peintres et les grossistes en disent plus que de multiples brochures. Lisez les exp\u00e9riences et les avis d&rsquo;autres personnes.<\/p><\/div><\/div>\t\t\t\t\t\t\t\t<\/div>\n\t\t\t\t<\/div>\n\t\t\t\t\t<\/div>\n\t\t<\/div>\n\t\t\t\t\t<\/div>\n\t\t<\/section>\n\t\t\t\t<section class=\"elementor-section elementor-top-section elementor-element elementor-element-c317279 overlay-white-right-small elementor-section-content-top elementor-section-boxed elementor-section-height-default elementor-section-height-default\" data-id=\"c317279\" data-element_type=\"section\" data-e-type=\"section\" data-settings=\"{&quot;background_background&quot;:&quot;classic&quot;}\">\n\t\t\t\t\t\t<div class=\"elementor-container elementor-column-gap-no\">\n\t\t\t\t\t<div class=\"elementor-column elementor-col-50 elementor-top-column elementor-element elementor-element-fde2eea\" data-id=\"fde2eea\" data-element_type=\"column\" data-e-type=\"column\" data-settings=\"{&quot;background_background&quot;:&quot;classic&quot;}\">\n\t\t\t<div class=\"elementor-widget-wrap elementor-element-populated\">\n\t\t\t\t\t\t<div class=\"elementor-element elementor-element-7fc5188 elementor-widget elementor-widget-heading\" data-id=\"7fc5188\" data-element_type=\"widget\" data-e-type=\"widget\" data-widget_type=\"heading.default\">\n\t\t\t\t<div class=\"elementor-widget-container\">\n\t\t\t\t\t<h2 class=\"elementor-heading-title elementor-size-default\">\u00ab Nous avons Ralston dans notre assortiment car nous avons confiance en sa qualit\u00e9 et son service, au juste prix, aussi pour nos clients. L'argument suppl\u00e9mentaire apport\u00e9 par le Biobased est vraiment fantastique. \u00bb<\/h2>\t\t\t\t<\/div>\n\t\t\t\t<\/div>\n\t\t\t\t<div class=\"elementor-element elementor-element-88b8101 elementor-widget elementor-widget-heading\" data-id=\"88b8101\" data-element_type=\"widget\" data-e-type=\"widget\" data-widget_type=\"heading.default\">\n\t\t\t\t<div class=\"elementor-widget-container\">\n\t\t\t\t\t<p class=\"elementor-heading-title elementor-size-default\">Gery Clabau\n<\/p>\t\t\t\t<\/div>\n\t\t\t\t<\/div>\n\t\t\t\t<div class=\"elementor-element elementor-element-ea105a3 elementor-widget__width-initial text-large elementor-widget elementor-widget-text-editor\" data-id=\"ea105a3\" data-element_type=\"widget\" data-e-type=\"widget\" data-widget_type=\"text-editor.default\">\n\t\t\t\t<div class=\"elementor-widget-container\">\n\t\t\t\t\t\t\t\t\t<section class=\"testimonial \">Directeur, Flanders Color Belgique<\/section><section class=\"testimonial \"><\/section>\t\t\t\t\t\t\t\t<\/div>\n\t\t\t\t<\/div>\n\t\t\t\t\t<\/div>\n\t\t<\/div>\n\t\t\t\t<div class=\"elementor-column elementor-col-50 elementor-top-column elementor-element elementor-element-4f68ae5\" data-id=\"4f68ae5\" data-element_type=\"column\" data-e-type=\"column\">\n\t\t\t<div class=\"elementor-widget-wrap elementor-element-populated\">\n\t\t\t\t\t\t<div class=\"elementor-element elementor-element-e8187c9 elementor-widget elementor-widget-image\" data-id=\"e8187c9\" data-element_type=\"widget\" data-e-type=\"widget\" data-widget_type=\"image.default\">\n\t\t\t\t<div class=\"elementor-widget-container\">\n\t\t\t\t\t\t\t\t\t\t\t\t\t\t\t<img decoding=\"async\" width=\"90\" height=\"90\" src=\"https:\/\/www.ralstoncolour.com\/wp-content\/uploads\/2020\/11\/6231608be0308b90808a367daea4a3a8.jpg\" class=\"attachment-large size-large wp-image-32619\" alt=\"\" srcset=\"https:\/\/www.ralstoncolour.com\/wp-content\/uploads\/2020\/11\/6231608be0308b90808a367daea4a3a8.jpg 90w, https:\/\/www.ralstoncolour.com\/wp-content\/uploads\/2020\/11\/6231608be0308b90808a367daea4a3a8-65x65.jpg 65w\" sizes=\"(max-width: 90px) 100vw, 90px\" \/>\t\t\t\t\t\t\t\t\t\t\t\t\t\t\t<\/div>\n\t\t\t\t<\/div>\n\t\t\t\t\t<\/div>\n\t\t<\/div>\n\t\t\t\t\t<\/div>\n\t\t<\/section>\n\t\t\t\t<section class=\"elementor-section elementor-top-section elementor-element elementor-element-ba5862b overlay-white-left-small text-righ elementor-section-content-top elementor-reverse-tablet elementor-reverse-mobile elementor-section-boxed elementor-section-height-default elementor-section-height-default\" data-id=\"ba5862b\" data-element_type=\"section\" data-e-type=\"section\" data-settings=\"{&quot;background_background&quot;:&quot;classic&quot;}\">\n\t\t\t\t\t\t<div class=\"elementor-container elementor-column-gap-no\">\n\t\t\t\t\t<div class=\"elementor-column elementor-col-50 elementor-top-column elementor-element elementor-element-8c94ee7\" data-id=\"8c94ee7\" data-element_type=\"column\" data-e-type=\"column\">\n\t\t\t<div class=\"elementor-widget-wrap elementor-element-populated\">\n\t\t\t\t\t\t<div class=\"elementor-element elementor-element-6cd992b elementor-widget elementor-widget-image\" data-id=\"6cd992b\" data-element_type=\"widget\" data-e-type=\"widget\" data-widget_type=\"image.default\">\n\t\t\t\t<div class=\"elementor-widget-container\">\n\t\t\t\t\t\t\t\t\t\t\t\t\t\t\t<img decoding=\"async\" width=\"90\" height=\"90\" src=\"https:\/\/www.ralstoncolour.com\/wp-content\/uploads\/2020\/11\/59cb9e1e9437b52bf425d2e6b3bcde6c.jpg\" class=\"attachment-large size-large wp-image-32661\" alt=\"\" srcset=\"https:\/\/www.ralstoncolour.com\/wp-content\/uploads\/2020\/11\/59cb9e1e9437b52bf425d2e6b3bcde6c.jpg 90w, https:\/\/www.ralstoncolour.com\/wp-content\/uploads\/2020\/11\/59cb9e1e9437b52bf425d2e6b3bcde6c-65x65.jpg 65w\" sizes=\"(max-width: 90px) 100vw, 90px\" \/>\t\t\t\t\t\t\t\t\t\t\t\t\t\t\t<\/div>\n\t\t\t\t<\/div>\n\t\t\t\t\t<\/div>\n\t\t<\/div>\n\t\t\t\t<div class=\"elementor-column elementor-col-50 elementor-top-column elementor-element elementor-element-e7ee820\" data-id=\"e7ee820\" data-element_type=\"column\" data-e-type=\"column\" data-settings=\"{&quot;background_background&quot;:&quot;classic&quot;}\">\n\t\t\t<div class=\"elementor-widget-wrap elementor-element-populated\">\n\t\t\t\t\t\t<div class=\"elementor-element elementor-element-e1ba08d elementor-widget elementor-widget-heading\" data-id=\"e1ba08d\" data-element_type=\"widget\" data-e-type=\"widget\" data-widget_type=\"heading.default\">\n\t\t\t\t<div class=\"elementor-widget-container\">\n\t\t\t\t\t<h2 class=\"elementor-heading-title elementor-size-default\">\u00ab Travaillabilit\u00e9, qualit\u00e9 et durabilit\u00e9 sont des mots-cl\u00e9s pour nos peintres. Ils d\u00e9sirent \u00e9galement un bon rendement par m2 ... ce qu'ils ont toujours eu avec les produits Ralston et maintenant avec ces peintures Biobased \u00bb.\n\n<\/h2>\t\t\t\t<\/div>\n\t\t\t\t<\/div>\n\t\t\t\t<div class=\"elementor-element elementor-element-fa9b29f elementor-widget elementor-widget-heading\" data-id=\"fa9b29f\" data-element_type=\"widget\" data-e-type=\"widget\" data-widget_type=\"heading.default\">\n\t\t\t\t<div class=\"elementor-widget-container\">\n\t\t\t\t\t<p class=\"elementor-heading-title elementor-size-default\">Hub Geurts<\/p>\t\t\t\t<\/div>\n\t\t\t\t<\/div>\n\t\t\t\t<div class=\"elementor-element elementor-element-6dab54e elementor-widget__width-initial text-large elementor-widget elementor-widget-text-editor\" data-id=\"6dab54e\" data-element_type=\"widget\" data-e-type=\"widget\" data-widget_type=\"text-editor.default\">\n\t\t\t\t<div class=\"elementor-widget-container\">\n\t\t\t\t\t\t\t\t\t<section class=\"testimonial \"><section class=\"testimonial \"><div>Directeur\/Propri\u00e9taire, Geurts Verfgroothandel, Belgique<\/div><\/section><section class=\"testimonial last\"><\/section><\/section><section class=\"testimonial last\"><\/section>\t\t\t\t\t\t\t\t<\/div>\n\t\t\t\t<\/div>\n\t\t\t\t\t<\/div>\n\t\t<\/div>\n\t\t\t\t\t<\/div>\n\t\t<\/section>\n\t\t\t\t<section class=\"elementor-section elementor-top-section elementor-element elementor-element-461646d overlay-white-right-small elementor-section-content-top elementor-section-boxed elementor-section-height-default elementor-section-height-default\" data-id=\"461646d\" data-element_type=\"section\" data-e-type=\"section\" data-settings=\"{&quot;background_background&quot;:&quot;classic&quot;}\">\n\t\t\t\t\t\t<div class=\"elementor-container elementor-column-gap-no\">\n\t\t\t\t\t<div class=\"elementor-column elementor-col-50 elementor-top-column elementor-element elementor-element-cb0e899\" data-id=\"cb0e899\" data-element_type=\"column\" data-e-type=\"column\" data-settings=\"{&quot;background_background&quot;:&quot;classic&quot;}\">\n\t\t\t<div class=\"elementor-widget-wrap elementor-element-populated\">\n\t\t\t\t\t\t<div class=\"elementor-element elementor-element-c2a82c9 elementor-widget elementor-widget-heading\" data-id=\"c2a82c9\" data-element_type=\"widget\" data-e-type=\"widget\" data-widget_type=\"heading.default\">\n\t\t\t\t<div class=\"elementor-widget-container\">\n\t\t\t\t\t<h2 class=\"elementor-heading-title elementor-size-default\">Dites ce que vous pensez de Ralston! Votre avis est appr\u00e9ci\u00e9.<\/h2>\t\t\t\t<\/div>\n\t\t\t\t<\/div>\n\t\t\t\t<div class=\"elementor-element elementor-element-acd0154 elementor-widget elementor-widget-heading\" data-id=\"acd0154\" data-element_type=\"widget\" data-e-type=\"widget\" data-widget_type=\"heading.default\">\n\t\t\t\t<div class=\"elementor-widget-container\">\n\t\t\t\t\t<p class=\"elementor-heading-title elementor-size-default\">Mel Foster<\/p>\t\t\t\t<\/div>\n\t\t\t\t<\/div>\n\t\t\t\t<div class=\"elementor-element elementor-element-ee69ed0 elementor-widget__width-initial text-large elementor-widget elementor-widget-text-editor\" data-id=\"ee69ed0\" data-element_type=\"widget\" data-e-type=\"widget\" data-widget_type=\"text-editor.default\">\n\t\t\t\t<div class=\"elementor-widget-container\">\n\t\t\t\t\t\t\t\t\t<section class=\"testimonial \"><section class=\"testimonial last\"><section class=\"testimonial last\"><div>Au nom de l&rsquo;\u00e9quipe Ralston, Business Unit Manager<\/div><\/section><article class=\"heeftuvragen\"><\/article><\/section><article class=\"heeftuvragen\"><\/article><\/section><section class=\"testimonial \"><\/section>\t\t\t\t\t\t\t\t<\/div>\n\t\t\t\t<\/div>\n\t\t\t\t\t<\/div>\n\t\t<\/div>\n\t\t\t\t<div class=\"elementor-column elementor-col-50 elementor-top-column elementor-element elementor-element-067f788\" data-id=\"067f788\" data-element_type=\"column\" data-e-type=\"column\">\n\t\t\t<div class=\"elementor-widget-wrap elementor-element-populated\">\n\t\t\t\t\t\t<div class=\"elementor-element elementor-element-fa496c2 elementor-widget elementor-widget-image\" data-id=\"fa496c2\" data-element_type=\"widget\" data-e-type=\"widget\" data-widget_type=\"image.default\">\n\t\t\t\t<div class=\"elementor-widget-container\">\n\t\t\t\t\t\t\t\t\t\t\t\t\t\t\t<img decoding=\"async\" width=\"90\" height=\"90\" src=\"https:\/\/www.ralstoncolour.com\/wp-content\/uploads\/2020\/11\/d171cb170e5ae3ca4f769a827d0a6d4a.jpg\" class=\"attachment-large size-large wp-image-32667\" alt=\"\" srcset=\"https:\/\/www.ralstoncolour.com\/wp-content\/uploads\/2020\/11\/d171cb170e5ae3ca4f769a827d0a6d4a.jpg 90w, https:\/\/www.ralstoncolour.com\/wp-content\/uploads\/2020\/11\/d171cb170e5ae3ca4f769a827d0a6d4a-65x65.jpg 65w\" sizes=\"(max-width: 90px) 100vw, 90px\" \/>\t\t\t\t\t\t\t\t\t\t\t\t\t\t\t<\/div>\n\t\t\t\t<\/div>\n\t\t\t\t\t<\/div>\n\t\t<\/div>\n\t\t\t\t\t<\/div>\n\t\t<\/section>\n\t\t\t\t<\/div>\n\t\t","protected":false},"excerpt":{"rendered":"<p>T\u00e9moignages. Votre avis est important Les initiatives locales et les r\u00e9sultats obtenus par les peintres et les grossistes en disent plus que de multiples brochures. Lisez les exp\u00e9riences et les avis d&rsquo;autres personnes. \u00ab Nous avons Ralston dans notre assortiment car nous avons confiance en sa qualit\u00e9 et son service, au juste prix, aussi pour<\/p>\n","protected":false},"author":2,"featured_media":39234,"parent":19922,"menu_order":387,"comment_status":"closed","ping_status":"closed","template":"","meta":{"_acf_changed":false,"footnotes":""},"class_list":["post-20231","page","type-page","status-publish","has-post-thumbnail","hentry"],"acf":[],"yoast_head":"<!-- This site is optimized with the Yoast SEO Premium plugin v20.7 (Yoast SEO v27.2) - https:\/\/yoast.com\/product\/yoast-seo-premium-wordpress\/ -->\n<title>T\u00e9moignages - Ralston<\/title>\n<meta name=\"description\" content=\"D\u00e9couvrez les exp\u00e9riences et avis de peintres et grossistes qui ont utilis\u00e9 les produits Ralston. Leurs t\u00e9moignages mettent en avant la qualit\u00e9 et la fiabilit\u00e9 des peintures Ralston.\" \/>\n<meta name=\"robots\" content=\"index, follow, max-snippet:-1, max-image-preview:large, max-video-preview:-1\" \/>\n<link rel=\"canonical\" href=\"https:\/\/www.ralstoncolour.com\/fr\/coatings\/peindre-avec-ralston\/temoignages\/\" \/>\n<meta property=\"og:locale\" content=\"fr_FR\" \/>\n<meta property=\"og:type\" content=\"article\" \/>\n<meta property=\"og:title\" content=\"T\u00e9moignages\" \/>\n<meta property=\"og:description\" content=\"D\u00e9couvrez les exp\u00e9riences et avis de peintres et grossistes qui ont utilis\u00e9 les produits Ralston. Leurs t\u00e9moignages mettent en avant la qualit\u00e9 et la fiabilit\u00e9 des peintures Ralston.\" \/>\n<meta property=\"og:url\" content=\"https:\/\/www.ralstoncolour.com\/fr\/coatings\/peindre-avec-ralston\/temoignages\/\" \/>\n<meta property=\"og:site_name\" content=\"Ralston\" \/>\n<meta property=\"article:modified_time\" content=\"2023-09-25T12:53:17+00:00\" \/>\n<meta property=\"og:image\" content=\"https:\/\/www.ralstoncolour.com\/wp-content\/uploads\/2020\/11\/Ralston-Academy-1.jpg\" \/>\n\t<meta property=\"og:image:width\" content=\"420\" \/>\n\t<meta property=\"og:image:height\" content=\"270\" \/>\n\t<meta property=\"og:image:type\" content=\"image\/jpeg\" \/>\n<meta name=\"twitter:card\" content=\"summary_large_image\" \/>\n<meta name=\"twitter:label1\" content=\"Dur\u00e9e de lecture estim\u00e9e\" \/>\n\t<meta name=\"twitter:data1\" content=\"2 minutes\" \/>\n<script type=\"application\/ld+json\" class=\"yoast-schema-graph\">{\"@context\":\"https:\/\/schema.org\",\"@graph\":[{\"@type\":\"WebPage\",\"@id\":\"https:\/\/www.ralstoncolour.com\/fr\/coatings\/peindre-avec-ralston\/temoignages\/\",\"url\":\"https:\/\/www.ralstoncolour.com\/fr\/coatings\/peindre-avec-ralston\/temoignages\/\",\"name\":\"T\u00e9moignages - Ralston\",\"isPartOf\":{\"@id\":\"https:\/\/www.ralstoncolour.com\/fr\/#website\"},\"primaryImageOfPage\":{\"@id\":\"https:\/\/www.ralstoncolour.com\/fr\/coatings\/peindre-avec-ralston\/temoignages\/#primaryimage\"},\"image\":{\"@id\":\"https:\/\/www.ralstoncolour.com\/fr\/coatings\/peindre-avec-ralston\/temoignages\/#primaryimage\"},\"thumbnailUrl\":\"https:\/\/www.ralstoncolour.com\/wp-content\/uploads\/2020\/11\/Ralston-Academy-1.jpg\",\"datePublished\":\"2020-11-13T15:44:32+00:00\",\"dateModified\":\"2023-09-25T12:53:17+00:00\",\"description\":\"D\u00e9couvrez les exp\u00e9riences et avis de peintres et grossistes qui ont utilis\u00e9 les produits Ralston. Leurs t\u00e9moignages mettent en avant la qualit\u00e9 et la fiabilit\u00e9 des peintures Ralston.\",\"breadcrumb\":{\"@id\":\"https:\/\/www.ralstoncolour.com\/fr\/coatings\/peindre-avec-ralston\/temoignages\/#breadcrumb\"},\"inLanguage\":\"fr-FR\",\"potentialAction\":[{\"@type\":\"ReadAction\",\"target\":[\"https:\/\/www.ralstoncolour.com\/fr\/coatings\/peindre-avec-ralston\/temoignages\/\"]}]},{\"@type\":\"ImageObject\",\"inLanguage\":\"fr-FR\",\"@id\":\"https:\/\/www.ralstoncolour.com\/fr\/coatings\/peindre-avec-ralston\/temoignages\/#primaryimage\",\"url\":\"https:\/\/www.ralstoncolour.com\/wp-content\/uploads\/2020\/11\/Ralston-Academy-1.jpg\",\"contentUrl\":\"https:\/\/www.ralstoncolour.com\/wp-content\/uploads\/2020\/11\/Ralston-Academy-1.jpg\",\"width\":420,\"height\":270,\"caption\":\"Ralston Academy\"},{\"@type\":\"BreadcrumbList\",\"@id\":\"https:\/\/www.ralstoncolour.com\/fr\/coatings\/peindre-avec-ralston\/temoignages\/#breadcrumb\",\"itemListElement\":[{\"@type\":\"ListItem\",\"position\":1,\"name\":\"Accueil\",\"item\":\"https:\/\/www.ralstoncolour.com\/fr\/\"},{\"@type\":\"ListItem\",\"position\":2,\"name\":\"Coatings\",\"item\":\"https:\/\/www.ralstoncolour.com\/fr\/coatings\/\"},{\"@type\":\"ListItem\",\"position\":3,\"name\":\"Peintures\",\"item\":\"https:\/\/www.ralstoncolour.com\/fr\/coatings\/peindre-avec-ralston\/\"},{\"@type\":\"ListItem\",\"position\":4,\"name\":\"T\u00e9moignages\"}]},{\"@type\":\"WebSite\",\"@id\":\"https:\/\/www.ralstoncolour.com\/fr\/#website\",\"url\":\"https:\/\/www.ralstoncolour.com\/fr\/\",\"name\":\"Ralston\",\"description\":\"\",\"publisher\":{\"@id\":\"https:\/\/www.ralstoncolour.com\/fr\/#organization\"},\"potentialAction\":[{\"@type\":\"SearchAction\",\"target\":{\"@type\":\"EntryPoint\",\"urlTemplate\":\"https:\/\/www.ralstoncolour.com\/fr\/?s={search_term_string}\"},\"query-input\":{\"@type\":\"PropertyValueSpecification\",\"valueRequired\":true,\"valueName\":\"search_term_string\"}}],\"inLanguage\":\"fr-FR\"},{\"@type\":\"Organization\",\"@id\":\"https:\/\/www.ralstoncolour.com\/fr\/#organization\",\"name\":\"Ralston\",\"url\":\"https:\/\/www.ralstoncolour.com\/fr\/\",\"logo\":{\"@type\":\"ImageObject\",\"inLanguage\":\"fr-FR\",\"@id\":\"https:\/\/www.ralstoncolour.com\/fr\/#\/schema\/logo\/image\/\",\"url\":\"https:\/\/www.ralstoncolour.com\/wp-content\/uploads\/2020\/09\/cropped-logo.png\",\"contentUrl\":\"https:\/\/www.ralstoncolour.com\/wp-content\/uploads\/2020\/09\/cropped-logo.png\",\"width\":144,\"height\":48,\"caption\":\"Ralston\"},\"image\":{\"@id\":\"https:\/\/www.ralstoncolour.com\/fr\/#\/schema\/logo\/image\/\"}}]}<\/script>\n<!-- \/ Yoast SEO Premium plugin. -->","yoast_head_json":{"title":"T\u00e9moignages - Ralston","description":"D\u00e9couvrez les exp\u00e9riences et avis de peintres et grossistes qui ont utilis\u00e9 les produits Ralston. Leurs t\u00e9moignages mettent en avant la qualit\u00e9 et la fiabilit\u00e9 des peintures Ralston.","robots":{"index":"index","follow":"follow","max-snippet":"max-snippet:-1","max-image-preview":"max-image-preview:large","max-video-preview":"max-video-preview:-1"},"canonical":"https:\/\/www.ralstoncolour.com\/fr\/coatings\/peindre-avec-ralston\/temoignages\/","og_locale":"fr_FR","og_type":"article","og_title":"T\u00e9moignages","og_description":"D\u00e9couvrez les exp\u00e9riences et avis de peintres et grossistes qui ont utilis\u00e9 les produits Ralston. Leurs t\u00e9moignages mettent en avant la qualit\u00e9 et la fiabilit\u00e9 des peintures Ralston.","og_url":"https:\/\/www.ralstoncolour.com\/fr\/coatings\/peindre-avec-ralston\/temoignages\/","og_site_name":"Ralston","article_modified_time":"2023-09-25T12:53:17+00:00","og_image":[{"width":420,"height":270,"url":"https:\/\/www.ralstoncolour.com\/wp-content\/uploads\/2020\/11\/Ralston-Academy-1.jpg","type":"image\/jpeg"}],"twitter_card":"summary_large_image","twitter_misc":{"Dur\u00e9e de lecture estim\u00e9e":"2 minutes"},"schema":{"@context":"https:\/\/schema.org","@graph":[{"@type":"WebPage","@id":"https:\/\/www.ralstoncolour.com\/fr\/coatings\/peindre-avec-ralston\/temoignages\/","url":"https:\/\/www.ralstoncolour.com\/fr\/coatings\/peindre-avec-ralston\/temoignages\/","name":"T\u00e9moignages - Ralston","isPartOf":{"@id":"https:\/\/www.ralstoncolour.com\/fr\/#website"},"primaryImageOfPage":{"@id":"https:\/\/www.ralstoncolour.com\/fr\/coatings\/peindre-avec-ralston\/temoignages\/#primaryimage"},"image":{"@id":"https:\/\/www.ralstoncolour.com\/fr\/coatings\/peindre-avec-ralston\/temoignages\/#primaryimage"},"thumbnailUrl":"https:\/\/www.ralstoncolour.com\/wp-content\/uploads\/2020\/11\/Ralston-Academy-1.jpg","datePublished":"2020-11-13T15:44:32+00:00","dateModified":"2023-09-25T12:53:17+00:00","description":"D\u00e9couvrez les exp\u00e9riences et avis de peintres et grossistes qui ont utilis\u00e9 les produits Ralston. Leurs t\u00e9moignages mettent en avant la qualit\u00e9 et la fiabilit\u00e9 des peintures Ralston.","breadcrumb":{"@id":"https:\/\/www.ralstoncolour.com\/fr\/coatings\/peindre-avec-ralston\/temoignages\/#breadcrumb"},"inLanguage":"fr-FR","potentialAction":[{"@type":"ReadAction","target":["https:\/\/www.ralstoncolour.com\/fr\/coatings\/peindre-avec-ralston\/temoignages\/"]}]},{"@type":"ImageObject","inLanguage":"fr-FR","@id":"https:\/\/www.ralstoncolour.com\/fr\/coatings\/peindre-avec-ralston\/temoignages\/#primaryimage","url":"https:\/\/www.ralstoncolour.com\/wp-content\/uploads\/2020\/11\/Ralston-Academy-1.jpg","contentUrl":"https:\/\/www.ralstoncolour.com\/wp-content\/uploads\/2020\/11\/Ralston-Academy-1.jpg","width":420,"height":270,"caption":"Ralston Academy"},{"@type":"BreadcrumbList","@id":"https:\/\/www.ralstoncolour.com\/fr\/coatings\/peindre-avec-ralston\/temoignages\/#breadcrumb","itemListElement":[{"@type":"ListItem","position":1,"name":"Accueil","item":"https:\/\/www.ralstoncolour.com\/fr\/"},{"@type":"ListItem","position":2,"name":"Coatings","item":"https:\/\/www.ralstoncolour.com\/fr\/coatings\/"},{"@type":"ListItem","position":3,"name":"Peintures","item":"https:\/\/www.ralstoncolour.com\/fr\/coatings\/peindre-avec-ralston\/"},{"@type":"ListItem","position":4,"name":"T\u00e9moignages"}]},{"@type":"WebSite","@id":"https:\/\/www.ralstoncolour.com\/fr\/#website","url":"https:\/\/www.ralstoncolour.com\/fr\/","name":"Ralston","description":"","publisher":{"@id":"https:\/\/www.ralstoncolour.com\/fr\/#organization"},"potentialAction":[{"@type":"SearchAction","target":{"@type":"EntryPoint","urlTemplate":"https:\/\/www.ralstoncolour.com\/fr\/?s={search_term_string}"},"query-input":{"@type":"PropertyValueSpecification","valueRequired":true,"valueName":"search_term_string"}}],"inLanguage":"fr-FR"},{"@type":"Organization","@id":"https:\/\/www.ralstoncolour.com\/fr\/#organization","name":"Ralston","url":"https:\/\/www.ralstoncolour.com\/fr\/","logo":{"@type":"ImageObject","inLanguage":"fr-FR","@id":"https:\/\/www.ralstoncolour.com\/fr\/#\/schema\/logo\/image\/","url":"https:\/\/www.ralstoncolour.com\/wp-content\/uploads\/2020\/09\/cropped-logo.png","contentUrl":"https:\/\/www.ralstoncolour.com\/wp-content\/uploads\/2020\/09\/cropped-logo.png","width":144,"height":48,"caption":"Ralston"},"image":{"@id":"https:\/\/www.ralstoncolour.com\/fr\/#\/schema\/logo\/image\/"}}]}},"_links":{"self":[{"href":"https:\/\/www.ralstoncolour.com\/fr\/wp-json\/wp\/v2\/pages\/20231","targetHints":{"allow":["GET"]}}],"collection":[{"href":"https:\/\/www.ralstoncolour.com\/fr\/wp-json\/wp\/v2\/pages"}],"about":[{"href":"https:\/\/www.ralstoncolour.com\/fr\/wp-json\/wp\/v2\/types\/page"}],"author":[{"embeddable":true,"href":"https:\/\/www.ralstoncolour.com\/fr\/wp-json\/wp\/v2\/users\/2"}],"replies":[{"embeddable":true,"href":"https:\/\/www.ralstoncolour.com\/fr\/wp-json\/wp\/v2\/comments?post=20231"}],"version-history":[{"count":16,"href":"https:\/\/www.ralstoncolour.com\/fr\/wp-json\/wp\/v2\/pages\/20231\/revisions"}],"predecessor-version":[{"id":237145,"href":"https:\/\/www.ralstoncolour.com\/fr\/wp-json\/wp\/v2\/pages\/20231\/revisions\/237145"}],"up":[{"embeddable":true,"href":"https:\/\/www.ralstoncolour.com\/fr\/wp-json\/wp\/v2\/pages\/19922"}],"wp:featuredmedia":[{"embeddable":true,"href":"https:\/\/www.ralstoncolour.com\/fr\/wp-json\/wp\/v2\/media\/39234"}],"wp:attachment":[{"href":"https:\/\/www.ralstoncolour.com\/fr\/wp-json\/wp\/v2\/media?parent=20231"}],"curies":[{"name":"wp","href":"https:\/\/api.w.org\/{rel}","templated":true}]}}