{"id":20073,"date":"2020-11-13T15:05:40","date_gmt":"2020-11-13T14:05:40","guid":{"rendered":"https:\/\/comrals-kawonsro.savviihq.com\/?page_id=20073"},"modified":"2023-11-02T14:34:08","modified_gmt":"2023-11-02T13:34:08","slug":"teinter-la-peinture","status":"publish","type":"page","link":"https:\/\/www.ralstoncolour.com\/fr\/couleur\/teinter-la-peinture\/","title":{"rendered":"Teinter la peinture"},"content":{"rendered":"\t\t<div data-elementor-type=\"wp-page\" data-elementor-id=\"20073\" class=\"elementor elementor-20073 elementor-19170\" data-elementor-post-type=\"page\">\n\t\t\t\t\t\t<section class=\"elementor-section elementor-top-section elementor-element elementor-element-611b7f6a hero blocks-bottom elementor-section-stretched elementor-section-boxed elementor-section-height-default elementor-section-height-default\" data-id=\"611b7f6a\" data-element_type=\"section\" data-e-type=\"section\" data-settings=\"{&quot;background_background&quot;:&quot;classic&quot;,&quot;stretch_section&quot;:&quot;section-stretched&quot;}\">\n\t\t\t\t\t\t<div class=\"elementor-container elementor-column-gap-default\">\n\t\t\t\t\t<div class=\"elementor-column elementor-col-50 elementor-top-column elementor-element elementor-element-3eb31d2\" data-id=\"3eb31d2\" data-element_type=\"column\" data-e-type=\"column\" data-settings=\"{&quot;background_background&quot;:&quot;classic&quot;}\">\n\t\t\t<div class=\"elementor-widget-wrap elementor-element-populated\">\n\t\t\t\t\t\t<section class=\"elementor-section elementor-inner-section elementor-element elementor-element-2dee30f1 elementor-section-boxed elementor-section-height-default elementor-section-height-default\" data-id=\"2dee30f1\" data-element_type=\"section\" data-e-type=\"section\">\n\t\t\t\t\t\t<div class=\"elementor-container elementor-column-gap-default\">\n\t\t\t\t\t<div class=\"elementor-column elementor-col-100 elementor-inner-column elementor-element elementor-element-76ea23c1\" data-id=\"76ea23c1\" data-element_type=\"column\" data-e-type=\"column\" data-settings=\"{&quot;background_background&quot;:&quot;classic&quot;}\">\n\t\t\t<div class=\"elementor-widget-wrap elementor-element-populated\">\n\t\t\t\t\t\t<div class=\"elementor-element elementor-element-54d23bd2 elementor-widget elementor-widget-heading\" data-id=\"54d23bd2\" data-element_type=\"widget\" data-e-type=\"widget\" data-widget_type=\"heading.default\">\n\t\t\t\t<div class=\"elementor-widget-container\">\n\t\t\t\t\t<h1 class=\"elementor-heading-title elementor-size-default\">\u00c0 l'infini<\/h1>\t\t\t\t<\/div>\n\t\t\t\t<\/div>\n\t\t\t\t<div class=\"elementor-element elementor-element-eb58e33 elementor-widget elementor-widget-text-editor\" data-id=\"eb58e33\" data-element_type=\"widget\" data-e-type=\"widget\" data-widget_type=\"text-editor.default\">\n\t\t\t\t<div class=\"elementor-widget-container\">\n\t\t\t\t\t\t\t\t\t<div class=\"background gray\"><div id=\"header3\" class=\"container_12 pt_red\"><div class=\"grid_12\"><div class=\"pattern_short\">M\u00e9langer les couleurs avec Ralston<\/div><\/div><\/div><\/div>\t\t\t\t\t\t\t\t<\/div>\n\t\t\t\t<\/div>\n\t\t\t\t\t<\/div>\n\t\t<\/div>\n\t\t\t\t\t<\/div>\n\t\t<\/section>\n\t\t\t\t\t<\/div>\n\t\t<\/div>\n\t\t\t\t<div class=\"elementor-column elementor-col-50 elementor-top-column elementor-element elementor-element-4f088eaf\" data-id=\"4f088eaf\" data-element_type=\"column\" data-e-type=\"column\">\n\t\t\t<div class=\"elementor-widget-wrap\">\n\t\t\t\t\t\t\t<\/div>\n\t\t<\/div>\n\t\t\t\t\t<\/div>\n\t\t<\/section>\n\t\t\t\t<section class=\"elementor-section elementor-top-section elementor-element elementor-element-80ea478 elementor-section-boxed elementor-section-height-default elementor-section-height-default\" data-id=\"80ea478\" data-element_type=\"section\" data-e-type=\"section\" data-settings=\"{&quot;background_background&quot;:&quot;classic&quot;}\">\n\t\t\t\t\t\t<div class=\"elementor-container elementor-column-gap-default\">\n\t\t\t\t\t<div class=\"elementor-column elementor-col-100 elementor-top-column elementor-element elementor-element-72a496d1\" data-id=\"72a496d1\" data-element_type=\"column\" data-e-type=\"column\">\n\t\t\t<div class=\"elementor-widget-wrap elementor-element-populated\">\n\t\t\t\t\t\t<div class=\"elementor-element elementor-element-152a7739 elementor-widget elementor-widget-wp-widget-bcn_widget\" data-id=\"152a7739\" data-element_type=\"widget\" data-e-type=\"widget\" data-widget_type=\"wp-widget-bcn_widget.default\">\n\t\t\t\t<div class=\"elementor-widget-container\">\n\t\t\t\t\t<div class=\"breadcrumbs\" vocab=\"https:\/\/schema.org\/\" typeof=\"BreadcrumbList\"><span property=\"itemListElement\" typeof=\"ListItem\"><a property=\"item\" typeof=\"WebPage\" title=\"Ga naar Home.\" href=\"https:\/\/www.ralstoncolour.com\/fr\/\" class=\"home\" aria-current=\"page\"><span property=\"name\">Home<\/span><\/a><meta property=\"position\" content=\"1\"><\/span><\/div>\t\t\t\t<\/div>\n\t\t\t\t<\/div>\n\t\t\t\t\t<\/div>\n\t\t<\/div>\n\t\t\t\t\t<\/div>\n\t\t<\/section>\n\t\t\t\t<section class=\"elementor-section elementor-top-section elementor-element elementor-element-768a1cce elementor-section-boxed elementor-section-height-default elementor-section-height-default\" data-id=\"768a1cce\" data-element_type=\"section\" data-e-type=\"section\">\n\t\t\t\t\t\t<div class=\"elementor-container elementor-column-gap-default\">\n\t\t\t\t\t<div class=\"elementor-column elementor-col-66 elementor-top-column elementor-element elementor-element-1b02baee\" data-id=\"1b02baee\" data-element_type=\"column\" data-e-type=\"column\">\n\t\t\t<div class=\"elementor-widget-wrap elementor-element-populated\">\n\t\t\t\t\t\t<section class=\"elementor-section elementor-inner-section elementor-element elementor-element-6c83e73f elementor-section-boxed elementor-section-height-default elementor-section-height-default\" data-id=\"6c83e73f\" data-element_type=\"section\" data-e-type=\"section\">\n\t\t\t\t\t\t<div class=\"elementor-container elementor-column-gap-default\">\n\t\t\t\t\t<div class=\"elementor-column elementor-col-100 elementor-inner-column elementor-element elementor-element-5a207f2c\" data-id=\"5a207f2c\" data-element_type=\"column\" data-e-type=\"column\">\n\t\t\t<div class=\"elementor-widget-wrap elementor-element-populated\">\n\t\t\t\t\t\t<div class=\"elementor-element elementor-element-286ab588 elementor-widget elementor-widget-text-editor\" data-id=\"286ab588\" data-element_type=\"widget\" data-e-type=\"widget\" data-widget_type=\"text-editor.default\">\n\t\t\t\t<div class=\"elementor-widget-container\">\n\t\t\t\t\t\t\t\t\t<h2>Efficace et flexible<\/h2><p>Une couleur, internationale, r\u00e9gionale, d&rsquo;un \u00e9ventail quel qu&rsquo;il soit ou bien une couleur personnelle bien sp\u00e9cifique &#8230; vous recevez la demande.<\/p><h2>Syst\u00e8me de m\u00e9lange des couleurs<\/h2><p>Presque toutes les couleurs demand\u00e9es, pour toutes sortes de produits, dans des syst\u00e8mes \u00e0 base aqueuse ou ceux contenant un solvant, c\u2019est possible avec le syst\u00e8me Ralston de m\u00e9lange des couleurs. Efficace et flexible quels que soient l&rsquo;heure, le lieu, la quantit\u00e9 et la couleur.<\/p><p>Un syst\u00e8me comportant des p\u00e2tes de couleur, des peintures de base, un logiciel avec des formules de couleurs et une machine pour effectuer les m\u00e9langes.<\/p><p>Produire de nombreuses couleurs avec un stock r\u00e9duit. Pour chaque qualit\u00e9 de peinture, seulement deux bases. Une base blanche pour les couleurs claires et une base transparente pour les couleurs fonc\u00e9es.<\/p><p>Des couleurs limpides et un excellent pouvoir couvrant gr\u00e2ce \u00e0 nos p\u00e2tes de couleur con\u00e7ues et produites chez nous.<\/p><p>Les formules des couleurs de nombreux \u00e9ventails internationaux se trouvent dans le logiciel. Il vous faut les couleurs d&rsquo;un \u00e9ventail sp\u00e9cifique? Informez-vous sur les possibilit\u00e9s aupr\u00e8s de votre contact Ralston.<\/p>\t\t\t\t\t\t\t\t<\/div>\n\t\t\t\t<\/div>\n\t\t\t\t<div class=\"elementor-element elementor-element-173fcd80 elementor-widget elementor-widget-vt-share\" data-id=\"173fcd80\" data-element_type=\"widget\" data-e-type=\"widget\" data-widget_type=\"vt-share.default\">\n\t\t\t\t<div class=\"elementor-widget-container\">\n\t\t\t\t\t                            \n            <div class=\"social-share mt-3 mb-5\">\n                <a href=\"https:\/\/www.facebook.com\/sharer\/sharer.php?u=https%3A%2F%2Fwww.ralstoncolour.com%2Ffr%2Fcouleur%2Fteinter-la-peinture%2F\" target=\"_blank\" class=\"btn btn-social btn-xs fb mr-1\">Partager sur Facebook<\/a>\n                <a href=\"https:\/\/www.linkedin.com\/sharing\/share-offsite\/?url=https%3A%2F%2Fwww.ralstoncolour.com%2Ffr%2Fcouleur%2Fteinter-la-peinture%2F\" target=\"_blank\" class=\"btn btn-social btn-xs li ml-1\">Partagez sur LinkedIn<\/a>\n            <\/div>\n        \t\t\t\t<\/div>\n\t\t\t\t<\/div>\n\t\t\t\t\t<\/div>\n\t\t<\/div>\n\t\t\t\t\t<\/div>\n\t\t<\/section>\n\t\t\t\t\t<\/div>\n\t\t<\/div>\n\t\t\t\t<div class=\"elementor-column elementor-col-33 elementor-top-column elementor-element elementor-element-12048f2\" data-id=\"12048f2\" data-element_type=\"column\" data-e-type=\"column\">\n\t\t\t<div class=\"elementor-widget-wrap elementor-element-populated\">\n\t\t\t\t\t\t<section class=\"elementor-section elementor-inner-section elementor-element elementor-element-910b5e8 elementor-section-boxed elementor-section-height-default elementor-section-height-default\" data-id=\"910b5e8\" data-element_type=\"section\" data-e-type=\"section\" data-settings=\"{&quot;background_background&quot;:&quot;classic&quot;}\">\n\t\t\t\t\t\t<div class=\"elementor-container elementor-column-gap-wider\">\n\t\t\t\t\t<div class=\"elementor-column elementor-col-100 elementor-inner-column elementor-element elementor-element-21faeefb\" data-id=\"21faeefb\" data-element_type=\"column\" data-e-type=\"column\" data-settings=\"{&quot;background_background&quot;:&quot;classic&quot;}\">\n\t\t\t<div class=\"elementor-widget-wrap elementor-element-populated\">\n\t\t\t\t\t\t<div class=\"elementor-element elementor-element-2e151f02 elementor-widget elementor-widget-text-editor\" data-id=\"2e151f02\" data-element_type=\"widget\" data-e-type=\"widget\" data-widget_type=\"text-editor.default\">\n\t\t\t\t<div class=\"elementor-widget-container\">\n\t\t\t\t\t\t\t\t\t<p>\t\t<div data-elementor-type=\"section\" data-elementor-id=\"37156\" class=\"elementor elementor-37156 elementor-23455 elementor-23455\" data-elementor-post-type=\"elementor_library\">\n\t\t\t\t\t<section class=\"elementor-section elementor-top-section elementor-element elementor-element-111a2f4 elementor-section-boxed elementor-section-height-default elementor-section-height-default\" data-id=\"111a2f4\" data-element_type=\"section\" data-e-type=\"section\">\n\t\t\t\t\t\t<div class=\"elementor-container elementor-column-gap-no\">\n\t\t\t\t\t<div class=\"elementor-column elementor-col-100 elementor-top-column elementor-element elementor-element-62f415b\" data-id=\"62f415b\" data-element_type=\"column\" data-e-type=\"column\">\n\t\t\t<div class=\"elementor-widget-wrap elementor-element-populated\">\n\t\t\t\t\t\t<section class=\"elementor-section elementor-inner-section elementor-element elementor-element-166beda elementor-section-boxed elementor-section-height-default elementor-section-height-default\" data-id=\"166beda\" data-element_type=\"section\" data-e-type=\"section\" data-settings=\"{&quot;background_background&quot;:&quot;classic&quot;}\">\n\t\t\t\t\t\t<div class=\"elementor-container elementor-column-gap-wider\">\n\t\t\t\t\t<div class=\"elementor-column elementor-col-100 elementor-inner-column elementor-element elementor-element-f1451a8\" data-id=\"f1451a8\" data-element_type=\"column\" data-e-type=\"column\" data-settings=\"{&quot;background_background&quot;:&quot;classic&quot;}\">\n\t\t\t<div class=\"elementor-widget-wrap elementor-element-populated\">\n\t\t\t\t\t\t<div class=\"elementor-element elementor-element-2a6ef19 elementor-widget elementor-widget-heading\" data-id=\"2a6ef19\" data-element_type=\"widget\" data-e-type=\"widget\" data-widget_type=\"heading.default\">\n\t\t\t\t<div class=\"elementor-widget-container\">\n\t\t\t\t\t<h4 class=\"elementor-heading-title elementor-size-default\">Suivez Ralston sur les r\u00e9seaux sociaux<br><\/h4>\t\t\t\t<\/div>\n\t\t\t\t<\/div>\n\t\t\t\t<div class=\"elementor-element elementor-element-a4ef34f elementor-widget elementor-widget-text-editor\" data-id=\"a4ef34f\" data-element_type=\"widget\" data-e-type=\"widget\" data-widget_type=\"text-editor.default\">\n\t\t\t\t<div class=\"elementor-widget-container\">\n\t\t\t\t\t\t\t\t\t<p>Suivez les derniers d\u00e9veloppements, recevez conseils et inspiration<\/p>\t\t\t\t\t\t\t\t<\/div>\n\t\t\t\t<\/div>\n\t\t\t\t<div class=\"elementor-element elementor-element-c5da6d0 elementor-shape-circle elementor-grid-tablet-2 elementor-grid-mobile-2 elementor-grid-5 e-grid-align-center elementor-widget elementor-widget-social-icons\" data-id=\"c5da6d0\" data-element_type=\"widget\" data-e-type=\"widget\" data-widget_type=\"social-icons.default\">\n\t\t\t\t<div class=\"elementor-widget-container\">\n\t\t\t\t\t\t\t<div class=\"elementor-social-icons-wrapper elementor-grid\" role=\"list\">\n\t\t\t\t\t\t\t<span class=\"elementor-grid-item\" role=\"listitem\">\n\t\t\t\t\t<a class=\"elementor-icon elementor-social-icon elementor-social-icon-youtube elementor-animation-grow elementor-repeater-item-644d1e7\" href=\"https:\/\/www.youtube.com\/user\/ralstoncolourcoating\/featured\" target=\"_blank\">\n\t\t\t\t\t\t<span class=\"elementor-screen-only\">Youtube<\/span>\n\t\t\t\t\t\t<i aria-hidden=\"true\" class=\"fab fa-youtube\"><\/i>\t\t\t\t\t<\/a>\n\t\t\t\t<\/span>\n\t\t\t\t\t\t\t<span class=\"elementor-grid-item\" role=\"listitem\">\n\t\t\t\t\t<a class=\"elementor-icon elementor-social-icon elementor-social-icon-linkedin elementor-animation-grow elementor-repeater-item-dc93952\" href=\"https:\/\/nl.linkedin.com\/company\/ralston-colour-and-coatings-b.v.\" target=\"_blank\">\n\t\t\t\t\t\t<span class=\"elementor-screen-only\">Linkedin<\/span>\n\t\t\t\t\t\t<i aria-hidden=\"true\" class=\"fab fa-linkedin\"><\/i>\t\t\t\t\t<\/a>\n\t\t\t\t<\/span>\n\t\t\t\t\t\t\t<span class=\"elementor-grid-item\" role=\"listitem\">\n\t\t\t\t\t<a class=\"elementor-icon elementor-social-icon elementor-social-icon-instagram elementor-animation-grow elementor-repeater-item-7f53dcd\" href=\"https:\/\/www.instagram.com\/ralstoncolourcoatings\/?igshid=1135ut703lgqn\" target=\"_blank\">\n\t\t\t\t\t\t<span class=\"elementor-screen-only\">Instagram<\/span>\n\t\t\t\t\t\t<i aria-hidden=\"true\" class=\"fab fa-instagram\"><\/i>\t\t\t\t\t<\/a>\n\t\t\t\t<\/span>\n\t\t\t\t\t\t\t<span class=\"elementor-grid-item\" role=\"listitem\">\n\t\t\t\t\t<a class=\"elementor-icon elementor-social-icon elementor-social-icon-facebook elementor-animation-grow elementor-repeater-item-a96ecba\" href=\"https:\/\/www.facebook.com\/RalstonColourCoatings\/\" target=\"_blank\">\n\t\t\t\t\t\t<span class=\"elementor-screen-only\">Facebook<\/span>\n\t\t\t\t\t\t<i aria-hidden=\"true\" class=\"fab fa-facebook\"><\/i>\t\t\t\t\t<\/a>\n\t\t\t\t<\/span>\n\t\t\t\t\t\t\t<span class=\"elementor-grid-item\" role=\"listitem\">\n\t\t\t\t\t<a class=\"elementor-icon elementor-social-icon elementor-social-icon-pinterest elementor-animation-grow elementor-repeater-item-3d1a9b1\" href=\"https:\/\/nl.pinterest.com\/ralstoncolour\/\" target=\"_blank\">\n\t\t\t\t\t\t<span class=\"elementor-screen-only\">Pinterest<\/span>\n\t\t\t\t\t\t<i aria-hidden=\"true\" class=\"fab fa-pinterest\"><\/i>\t\t\t\t\t<\/a>\n\t\t\t\t<\/span>\n\t\t\t\t\t<\/div>\n\t\t\t\t\t\t<\/div>\n\t\t\t\t<\/div>\n\t\t\t\t\t<\/div>\n\t\t<\/div>\n\t\t\t\t\t<\/div>\n\t\t<\/section>\n\t\t\t\t\t<\/div>\n\t\t<\/div>\n\t\t\t\t\t<\/div>\n\t\t<\/section>\n\t\t\t\t<\/div>\n\t\t<\/p>\t\t\t\t\t\t\t\t<\/div>\n\t\t\t\t<\/div>\n\t\t\t\t\t<\/div>\n\t\t<\/div>\n\t\t\t\t\t<\/div>\n\t\t<\/section>\n\t\t\t\t\t<\/div>\n\t\t<\/div>\n\t\t\t\t\t<\/div>\n\t\t<\/section>\n\t\t\t\t<\/div>\n\t\t","protected":false},"excerpt":{"rendered":"<p>Efficient and flexible. Colour, international, regional, from any colour sample cards or a specific personal colour\u2026 you receive all such requests.<\/p>\n","protected":false},"author":2,"featured_media":25255,"parent":47610,"menu_order":4,"comment_status":"closed","ping_status":"closed","template":"","meta":{"_acf_changed":false,"footnotes":""},"class_list":["post-20073","page","type-page","status-publish","has-post-thumbnail","hentry"],"acf":[],"yoast_head":"<!-- This site is optimized with the Yoast SEO Premium plugin v20.7 (Yoast SEO v27.2) - https:\/\/yoast.com\/product\/yoast-seo-premium-wordpress\/ -->\n<title>Teinter la peinture - Ralston<\/title>\n<meta name=\"description\" content=\"Des solutions de teinture efficaces et flexibles avec Ralston. Vivez la chimie de la vraie collaboration dans chaque nuance.\" \/>\n<meta name=\"robots\" content=\"index, follow, max-snippet:-1, max-image-preview:large, max-video-preview:-1\" \/>\n<link rel=\"canonical\" href=\"https:\/\/www.ralstoncolour.com\/fr\/couleur\/teinter-la-peinture\/\" \/>\n<meta property=\"og:locale\" content=\"fr_FR\" \/>\n<meta property=\"og:type\" content=\"article\" \/>\n<meta property=\"og:title\" content=\"Teinter la peinture\" \/>\n<meta property=\"og:description\" content=\"Des solutions de teinture efficaces et flexibles avec Ralston. Vivez la chimie de la vraie collaboration dans chaque nuance.\" \/>\n<meta property=\"og:url\" content=\"https:\/\/www.ralstoncolour.com\/fr\/couleur\/teinter-la-peinture\/\" \/>\n<meta property=\"og:site_name\" content=\"Ralston\" \/>\n<meta property=\"article:modified_time\" content=\"2023-11-02T13:34:08+00:00\" \/>\n<meta property=\"og:image\" content=\"https:\/\/www.ralstoncolour.com\/wp-content\/uploads\/2020\/11\/7aea618e941cd0d8fe7238c322a654d9.jpg\" \/>\n\t<meta property=\"og:image:width\" content=\"612\" \/>\n\t<meta property=\"og:image:height\" content=\"480\" \/>\n\t<meta property=\"og:image:type\" content=\"image\/jpeg\" \/>\n<meta name=\"twitter:card\" content=\"summary_large_image\" \/>\n<meta name=\"twitter:label1\" content=\"Dur\u00e9e de lecture estim\u00e9e\" \/>\n\t<meta name=\"twitter:data1\" content=\"1 minute\" \/>\n<script type=\"application\/ld+json\" class=\"yoast-schema-graph\">{\"@context\":\"https:\/\/schema.org\",\"@graph\":[{\"@type\":\"WebPage\",\"@id\":\"https:\/\/www.ralstoncolour.com\/fr\/couleur\/teinter-la-peinture\/\",\"url\":\"https:\/\/www.ralstoncolour.com\/fr\/couleur\/teinter-la-peinture\/\",\"name\":\"Teinter la peinture - Ralston\",\"isPartOf\":{\"@id\":\"https:\/\/www.ralstoncolour.com\/fr\/#website\"},\"primaryImageOfPage\":{\"@id\":\"https:\/\/www.ralstoncolour.com\/fr\/couleur\/teinter-la-peinture\/#primaryimage\"},\"image\":{\"@id\":\"https:\/\/www.ralstoncolour.com\/fr\/couleur\/teinter-la-peinture\/#primaryimage\"},\"thumbnailUrl\":\"https:\/\/www.ralstoncolour.com\/wp-content\/uploads\/2020\/11\/7aea618e941cd0d8fe7238c322a654d9.jpg\",\"datePublished\":\"2020-11-13T14:05:40+00:00\",\"dateModified\":\"2023-11-02T13:34:08+00:00\",\"description\":\"Des solutions de teinture efficaces et flexibles avec Ralston. Vivez la chimie de la vraie collaboration dans chaque nuance.\",\"breadcrumb\":{\"@id\":\"https:\/\/www.ralstoncolour.com\/fr\/couleur\/teinter-la-peinture\/#breadcrumb\"},\"inLanguage\":\"fr-FR\",\"potentialAction\":[{\"@type\":\"ReadAction\",\"target\":[\"https:\/\/www.ralstoncolour.com\/fr\/couleur\/teinter-la-peinture\/\"]}]},{\"@type\":\"ImageObject\",\"inLanguage\":\"fr-FR\",\"@id\":\"https:\/\/www.ralstoncolour.com\/fr\/couleur\/teinter-la-peinture\/#primaryimage\",\"url\":\"https:\/\/www.ralstoncolour.com\/wp-content\/uploads\/2020\/11\/7aea618e941cd0d8fe7238c322a654d9.jpg\",\"contentUrl\":\"https:\/\/www.ralstoncolour.com\/wp-content\/uploads\/2020\/11\/7aea618e941cd0d8fe7238c322a654d9.jpg\",\"width\":612,\"height\":480},{\"@type\":\"BreadcrumbList\",\"@id\":\"https:\/\/www.ralstoncolour.com\/fr\/couleur\/teinter-la-peinture\/#breadcrumb\",\"itemListElement\":[{\"@type\":\"ListItem\",\"position\":1,\"name\":\"Accueil\",\"item\":\"https:\/\/www.ralstoncolour.com\/fr\/\"},{\"@type\":\"ListItem\",\"position\":2,\"name\":\"Couleur\",\"item\":\"https:\/\/www.ralstoncolour.com\/fr\/colour\/\"},{\"@type\":\"ListItem\",\"position\":3,\"name\":\"Teinter la peinture\"}]},{\"@type\":\"WebSite\",\"@id\":\"https:\/\/www.ralstoncolour.com\/fr\/#website\",\"url\":\"https:\/\/www.ralstoncolour.com\/fr\/\",\"name\":\"Ralston\",\"description\":\"\",\"publisher\":{\"@id\":\"https:\/\/www.ralstoncolour.com\/fr\/#organization\"},\"potentialAction\":[{\"@type\":\"SearchAction\",\"target\":{\"@type\":\"EntryPoint\",\"urlTemplate\":\"https:\/\/www.ralstoncolour.com\/fr\/?s={search_term_string}\"},\"query-input\":{\"@type\":\"PropertyValueSpecification\",\"valueRequired\":true,\"valueName\":\"search_term_string\"}}],\"inLanguage\":\"fr-FR\"},{\"@type\":\"Organization\",\"@id\":\"https:\/\/www.ralstoncolour.com\/fr\/#organization\",\"name\":\"Ralston\",\"url\":\"https:\/\/www.ralstoncolour.com\/fr\/\",\"logo\":{\"@type\":\"ImageObject\",\"inLanguage\":\"fr-FR\",\"@id\":\"https:\/\/www.ralstoncolour.com\/fr\/#\/schema\/logo\/image\/\",\"url\":\"https:\/\/www.ralstoncolour.com\/wp-content\/uploads\/2020\/09\/cropped-logo.png\",\"contentUrl\":\"https:\/\/www.ralstoncolour.com\/wp-content\/uploads\/2020\/09\/cropped-logo.png\",\"width\":144,\"height\":48,\"caption\":\"Ralston\"},\"image\":{\"@id\":\"https:\/\/www.ralstoncolour.com\/fr\/#\/schema\/logo\/image\/\"}}]}<\/script>\n<!-- \/ Yoast SEO Premium plugin. -->","yoast_head_json":{"title":"Teinter la peinture - Ralston","description":"Des solutions de teinture efficaces et flexibles avec Ralston. Vivez la chimie de la vraie collaboration dans chaque nuance.","robots":{"index":"index","follow":"follow","max-snippet":"max-snippet:-1","max-image-preview":"max-image-preview:large","max-video-preview":"max-video-preview:-1"},"canonical":"https:\/\/www.ralstoncolour.com\/fr\/couleur\/teinter-la-peinture\/","og_locale":"fr_FR","og_type":"article","og_title":"Teinter la peinture","og_description":"Des solutions de teinture efficaces et flexibles avec Ralston. Vivez la chimie de la vraie collaboration dans chaque nuance.","og_url":"https:\/\/www.ralstoncolour.com\/fr\/couleur\/teinter-la-peinture\/","og_site_name":"Ralston","article_modified_time":"2023-11-02T13:34:08+00:00","og_image":[{"width":612,"height":480,"url":"https:\/\/www.ralstoncolour.com\/wp-content\/uploads\/2020\/11\/7aea618e941cd0d8fe7238c322a654d9.jpg","type":"image\/jpeg"}],"twitter_card":"summary_large_image","twitter_misc":{"Dur\u00e9e de lecture estim\u00e9e":"1 minute"},"schema":{"@context":"https:\/\/schema.org","@graph":[{"@type":"WebPage","@id":"https:\/\/www.ralstoncolour.com\/fr\/couleur\/teinter-la-peinture\/","url":"https:\/\/www.ralstoncolour.com\/fr\/couleur\/teinter-la-peinture\/","name":"Teinter la peinture - Ralston","isPartOf":{"@id":"https:\/\/www.ralstoncolour.com\/fr\/#website"},"primaryImageOfPage":{"@id":"https:\/\/www.ralstoncolour.com\/fr\/couleur\/teinter-la-peinture\/#primaryimage"},"image":{"@id":"https:\/\/www.ralstoncolour.com\/fr\/couleur\/teinter-la-peinture\/#primaryimage"},"thumbnailUrl":"https:\/\/www.ralstoncolour.com\/wp-content\/uploads\/2020\/11\/7aea618e941cd0d8fe7238c322a654d9.jpg","datePublished":"2020-11-13T14:05:40+00:00","dateModified":"2023-11-02T13:34:08+00:00","description":"Des solutions de teinture efficaces et flexibles avec Ralston. Vivez la chimie de la vraie collaboration dans chaque nuance.","breadcrumb":{"@id":"https:\/\/www.ralstoncolour.com\/fr\/couleur\/teinter-la-peinture\/#breadcrumb"},"inLanguage":"fr-FR","potentialAction":[{"@type":"ReadAction","target":["https:\/\/www.ralstoncolour.com\/fr\/couleur\/teinter-la-peinture\/"]}]},{"@type":"ImageObject","inLanguage":"fr-FR","@id":"https:\/\/www.ralstoncolour.com\/fr\/couleur\/teinter-la-peinture\/#primaryimage","url":"https:\/\/www.ralstoncolour.com\/wp-content\/uploads\/2020\/11\/7aea618e941cd0d8fe7238c322a654d9.jpg","contentUrl":"https:\/\/www.ralstoncolour.com\/wp-content\/uploads\/2020\/11\/7aea618e941cd0d8fe7238c322a654d9.jpg","width":612,"height":480},{"@type":"BreadcrumbList","@id":"https:\/\/www.ralstoncolour.com\/fr\/couleur\/teinter-la-peinture\/#breadcrumb","itemListElement":[{"@type":"ListItem","position":1,"name":"Accueil","item":"https:\/\/www.ralstoncolour.com\/fr\/"},{"@type":"ListItem","position":2,"name":"Couleur","item":"https:\/\/www.ralstoncolour.com\/fr\/colour\/"},{"@type":"ListItem","position":3,"name":"Teinter la peinture"}]},{"@type":"WebSite","@id":"https:\/\/www.ralstoncolour.com\/fr\/#website","url":"https:\/\/www.ralstoncolour.com\/fr\/","name":"Ralston","description":"","publisher":{"@id":"https:\/\/www.ralstoncolour.com\/fr\/#organization"},"potentialAction":[{"@type":"SearchAction","target":{"@type":"EntryPoint","urlTemplate":"https:\/\/www.ralstoncolour.com\/fr\/?s={search_term_string}"},"query-input":{"@type":"PropertyValueSpecification","valueRequired":true,"valueName":"search_term_string"}}],"inLanguage":"fr-FR"},{"@type":"Organization","@id":"https:\/\/www.ralstoncolour.com\/fr\/#organization","name":"Ralston","url":"https:\/\/www.ralstoncolour.com\/fr\/","logo":{"@type":"ImageObject","inLanguage":"fr-FR","@id":"https:\/\/www.ralstoncolour.com\/fr\/#\/schema\/logo\/image\/","url":"https:\/\/www.ralstoncolour.com\/wp-content\/uploads\/2020\/09\/cropped-logo.png","contentUrl":"https:\/\/www.ralstoncolour.com\/wp-content\/uploads\/2020\/09\/cropped-logo.png","width":144,"height":48,"caption":"Ralston"},"image":{"@id":"https:\/\/www.ralstoncolour.com\/fr\/#\/schema\/logo\/image\/"}}]}},"_links":{"self":[{"href":"https:\/\/www.ralstoncolour.com\/fr\/wp-json\/wp\/v2\/pages\/20073","targetHints":{"allow":["GET"]}}],"collection":[{"href":"https:\/\/www.ralstoncolour.com\/fr\/wp-json\/wp\/v2\/pages"}],"about":[{"href":"https:\/\/www.ralstoncolour.com\/fr\/wp-json\/wp\/v2\/types\/page"}],"author":[{"embeddable":true,"href":"https:\/\/www.ralstoncolour.com\/fr\/wp-json\/wp\/v2\/users\/2"}],"replies":[{"embeddable":true,"href":"https:\/\/www.ralstoncolour.com\/fr\/wp-json\/wp\/v2\/comments?post=20073"}],"version-history":[{"count":13,"href":"https:\/\/www.ralstoncolour.com\/fr\/wp-json\/wp\/v2\/pages\/20073\/revisions"}],"predecessor-version":[{"id":54714,"href":"https:\/\/www.ralstoncolour.com\/fr\/wp-json\/wp\/v2\/pages\/20073\/revisions\/54714"}],"up":[{"embeddable":true,"href":"https:\/\/www.ralstoncolour.com\/fr\/wp-json\/wp\/v2\/pages\/47610"}],"wp:featuredmedia":[{"embeddable":true,"href":"https:\/\/www.ralstoncolour.com\/fr\/wp-json\/wp\/v2\/media\/25255"}],"wp:attachment":[{"href":"https:\/\/www.ralstoncolour.com\/fr\/wp-json\/wp\/v2\/media?parent=20073"}],"curies":[{"name":"wp","href":"https:\/\/api.w.org\/{rel}","templated":true}]}}