{"id":46210,"date":"2020-12-04T17:49:53","date_gmt":"2020-12-04T16:49:53","guid":{"rendered":"http:\/\/comrals-kawonsro.savviihq.com\/?page_id=46210"},"modified":"2023-11-02T14:01:35","modified_gmt":"2023-11-02T13:01:35","slug":"grosshandler-outlets","status":"publish","type":"page","link":"https:\/\/www.ralstoncolour.com\/de\/coatings\/grosshandler-outlets\/","title":{"rendered":"Gro\u00dfh\u00e4ndler &#038; Outlets"},"content":{"rendered":"\t\t<div data-elementor-type=\"wp-page\" data-elementor-id=\"46210\" class=\"elementor elementor-46210 elementor-34110\" data-elementor-post-type=\"page\">\n\t\t\t\t\t\t<section class=\"elementor-section elementor-top-section elementor-element elementor-element-1a8b3a4e hero blocks-bottom elementor-section-stretched elementor-section-boxed elementor-section-height-default elementor-section-height-default\" data-id=\"1a8b3a4e\" data-element_type=\"section\" data-e-type=\"section\" data-settings=\"{&quot;background_background&quot;:&quot;classic&quot;,&quot;stretch_section&quot;:&quot;section-stretched&quot;}\">\n\t\t\t\t\t\t<div class=\"elementor-container elementor-column-gap-default\">\n\t\t\t\t\t<div class=\"elementor-column elementor-col-50 elementor-top-column elementor-element elementor-element-4ffdb0ab\" data-id=\"4ffdb0ab\" data-element_type=\"column\" data-e-type=\"column\" data-settings=\"{&quot;background_background&quot;:&quot;classic&quot;}\">\n\t\t\t<div class=\"elementor-widget-wrap elementor-element-populated\">\n\t\t\t\t\t\t<section class=\"elementor-section elementor-inner-section elementor-element elementor-element-35962c94 elementor-section-boxed elementor-section-height-default elementor-section-height-default\" data-id=\"35962c94\" data-element_type=\"section\" data-e-type=\"section\">\n\t\t\t\t\t\t<div class=\"elementor-container elementor-column-gap-default\">\n\t\t\t\t\t<div class=\"elementor-column elementor-col-100 elementor-inner-column elementor-element elementor-element-47fd2ec\" data-id=\"47fd2ec\" data-element_type=\"column\" data-e-type=\"column\" data-settings=\"{&quot;background_background&quot;:&quot;classic&quot;}\">\n\t\t\t<div class=\"elementor-widget-wrap elementor-element-populated\">\n\t\t\t\t\t\t<div class=\"elementor-element elementor-element-5fbfe3a7 elementor-widget elementor-widget-heading\" data-id=\"5fbfe3a7\" data-element_type=\"widget\" data-e-type=\"widget\" data-widget_type=\"heading.default\">\n\t\t\t\t<div class=\"elementor-widget-container\">\n\t\t\t\t\t<h1 class=\"elementor-heading-title elementor-size-default\">Gemeinsam den Markt bearbeiten, bedeutet gemeinsam mehr Erfolg<\/h1>\t\t\t\t<\/div>\n\t\t\t\t<\/div>\n\t\t\t\t<div class=\"elementor-element elementor-element-733214f elementor-widget elementor-widget-text-editor\" data-id=\"733214f\" data-element_type=\"widget\" data-e-type=\"widget\" data-widget_type=\"text-editor.default\">\n\t\t\t\t<div class=\"elementor-widget-container\">\n\t\t\t\t\t\t\t\t\t<div class=\"background gray\"><div id=\"header3\" class=\"container_12 pt_blue\"><div class=\"grid_12\"><div class=\"pattern_short\"><div class=\"background gray\"><div id=\"header3\" class=\"container_12 pt_blue\"><div class=\"grid_12\"><div class=\"pattern_short\"><div class=\"background gray\"><div id=\"header3\" class=\"container_12 pt_blue\"><div class=\"grid_12\"><div class=\"pattern_short\"><p>Die Zusammenarbeit mit unseren Gro\u00dfh\u00e4ndlern fu\u00dft auf gegenseitigem Vertrauen und einer gemeinsamen Vision und Philosophie.<\/p><\/div><\/div><\/div><\/div><\/div><\/div><\/div><\/div><\/div><\/div><\/div><\/div>\t\t\t\t\t\t\t\t<\/div>\n\t\t\t\t<\/div>\n\t\t\t\t\t<\/div>\n\t\t<\/div>\n\t\t\t\t\t<\/div>\n\t\t<\/section>\n\t\t\t\t\t<\/div>\n\t\t<\/div>\n\t\t\t\t<div class=\"elementor-column elementor-col-50 elementor-top-column elementor-element elementor-element-7c98d4f2\" data-id=\"7c98d4f2\" data-element_type=\"column\" data-e-type=\"column\">\n\t\t\t<div class=\"elementor-widget-wrap\">\n\t\t\t\t\t\t\t<\/div>\n\t\t<\/div>\n\t\t\t\t\t<\/div>\n\t\t<\/section>\n\t\t\t\t<section class=\"elementor-section elementor-top-section elementor-element elementor-element-38ceb472 elementor-section-boxed elementor-section-height-default elementor-section-height-default\" data-id=\"38ceb472\" data-element_type=\"section\" data-e-type=\"section\" data-settings=\"{&quot;background_background&quot;:&quot;classic&quot;}\">\n\t\t\t\t\t\t<div class=\"elementor-container elementor-column-gap-default\">\n\t\t\t\t\t<div class=\"elementor-column elementor-col-100 elementor-top-column elementor-element elementor-element-22430015\" data-id=\"22430015\" data-element_type=\"column\" data-e-type=\"column\">\n\t\t\t<div class=\"elementor-widget-wrap elementor-element-populated\">\n\t\t\t\t\t\t<div class=\"elementor-element elementor-element-7fcdcbd9 elementor-widget elementor-widget-wp-widget-bcn_widget\" data-id=\"7fcdcbd9\" data-element_type=\"widget\" data-e-type=\"widget\" data-widget_type=\"wp-widget-bcn_widget.default\">\n\t\t\t\t<div class=\"elementor-widget-container\">\n\t\t\t\t\t<div class=\"breadcrumbs\" vocab=\"https:\/\/schema.org\/\" typeof=\"BreadcrumbList\"><span property=\"itemListElement\" typeof=\"ListItem\"><a property=\"item\" typeof=\"WebPage\" title=\"Ga naar Home.\" href=\"https:\/\/www.ralstoncolour.com\/de\/\" class=\"home\" aria-current=\"page\"><span property=\"name\">Home<\/span><\/a><meta property=\"position\" content=\"1\"><\/span><\/div>\t\t\t\t<\/div>\n\t\t\t\t<\/div>\n\t\t\t\t\t<\/div>\n\t\t<\/div>\n\t\t\t\t\t<\/div>\n\t\t<\/section>\n\t\t\t\t<section class=\"elementor-section elementor-top-section elementor-element elementor-element-e892701 elementor-section-boxed elementor-section-height-default elementor-section-height-default\" data-id=\"e892701\" data-element_type=\"section\" data-e-type=\"section\">\n\t\t\t\t\t\t<div class=\"elementor-container elementor-column-gap-default\">\n\t\t\t\t\t<div class=\"elementor-column elementor-col-66 elementor-top-column elementor-element elementor-element-c2fa95a\" data-id=\"c2fa95a\" data-element_type=\"column\" data-e-type=\"column\">\n\t\t\t<div class=\"elementor-widget-wrap elementor-element-populated\">\n\t\t\t\t\t\t<section class=\"elementor-section elementor-inner-section elementor-element elementor-element-6c399e8 elementor-section-boxed elementor-section-height-default elementor-section-height-default\" data-id=\"6c399e8\" data-element_type=\"section\" data-e-type=\"section\">\n\t\t\t\t\t\t<div class=\"elementor-container elementor-column-gap-default\">\n\t\t\t\t\t<div class=\"elementor-column elementor-col-100 elementor-inner-column elementor-element elementor-element-4570a9d\" data-id=\"4570a9d\" data-element_type=\"column\" data-e-type=\"column\">\n\t\t\t<div class=\"elementor-widget-wrap elementor-element-populated\">\n\t\t\t\t\t\t<div class=\"elementor-element elementor-element-2f614d7 elementor-widget elementor-widget-heading\" data-id=\"2f614d7\" data-element_type=\"widget\" data-e-type=\"widget\" data-widget_type=\"heading.default\">\n\t\t\t\t<div class=\"elementor-widget-container\">\n\t\t\t\t\t<h2 class=\"elementor-heading-title elementor-size-default\">Outlet gro\u00dfhandel<\/h2>\t\t\t\t<\/div>\n\t\t\t\t<\/div>\n\t\t\t\t<div class=\"elementor-element elementor-element-55adeaf elementor-widget elementor-widget-text-editor\" data-id=\"55adeaf\" data-element_type=\"widget\" data-e-type=\"widget\" data-widget_type=\"text-editor.default\">\n\t\t\t\t<div class=\"elementor-widget-container\">\n\t\t\t\t\t\t\t\t\t<p>In einem Familienunternehmen wie Ralston ist es selbstverst\u00e4ndlich, dass man sich umeinander k\u00fcmmert. Wir investieren gerne und viel in die Zusammenarbeit mit unseren Kunden und allen an der Kette Beteiligten. Wir versuchen dabei, engagiert und zug\u00e4nglich zu sein, denn den gr\u00f6\u00dften Erfolg schafft man gemeinsam!<\/p><p>Farbe der besten Qualit\u00e4t, gemacht von hochmotivierten Menschen, in enger Zusammenarbeit mit unseren Gesch\u00e4ftspartnern. So machen wir es schon seit fast 100 Jahren und dies soll auch so bleiben. Gemeinsam<\/p>\t\t\t\t\t\t\t\t<\/div>\n\t\t\t\t<\/div>\n\t\t\t\t<div class=\"elementor-element elementor-element-ad0ba9b elementor-widget elementor-widget-vt-share\" data-id=\"ad0ba9b\" data-element_type=\"widget\" data-e-type=\"widget\" data-widget_type=\"vt-share.default\">\n\t\t\t\t<div class=\"elementor-widget-container\">\n\t\t\t\t\t                            \n            <div class=\"social-share mt-3 mb-5\">\n                <a href=\"https:\/\/www.facebook.com\/sharer\/sharer.php?u=https%3A%2F%2Fwww.ralstoncolour.com%2Fde%2Fcoatings%2Fgrosshandler-outlets%2F\" target=\"_blank\" class=\"btn btn-social btn-xs fb mr-1\">Auf Facebook teilen<\/a>\n                <a href=\"https:\/\/www.linkedin.com\/sharing\/share-offsite\/?url=https%3A%2F%2Fwww.ralstoncolour.com%2Fde%2Fcoatings%2Fgrosshandler-outlets%2F\" target=\"_blank\" class=\"btn btn-social btn-xs li ml-1\">Auf LinkedIn teilen<\/a>\n            <\/div>\n        \t\t\t\t<\/div>\n\t\t\t\t<\/div>\n\t\t\t\t\t<\/div>\n\t\t<\/div>\n\t\t\t\t\t<\/div>\n\t\t<\/section>\n\t\t\t\t\t<\/div>\n\t\t<\/div>\n\t\t\t\t<div class=\"elementor-column elementor-col-33 elementor-top-column elementor-element elementor-element-d118b0a\" data-id=\"d118b0a\" data-element_type=\"column\" data-e-type=\"column\">\n\t\t\t<div class=\"elementor-widget-wrap elementor-element-populated\">\n\t\t\t\t\t\t<div class=\"elementor-element elementor-element-3197431 elementor-widget elementor-widget-text-editor\" data-id=\"3197431\" data-element_type=\"widget\" data-e-type=\"widget\" data-widget_type=\"text-editor.default\">\n\t\t\t\t<div class=\"elementor-widget-container\">\n\t\t\t\t\t\t\t\t\t<p>\t\t<div data-elementor-type=\"page\" data-elementor-id=\"37182\" class=\"elementor elementor-37182 elementor-36766 elementor-36766\" data-elementor-post-type=\"elementor_library\">\n\t\t\t\t\t\t<section class=\"elementor-section elementor-inner-section elementor-element elementor-element-3348350b elementor-section-boxed elementor-section-height-default elementor-section-height-default\" data-id=\"3348350b\" data-element_type=\"section\" data-e-type=\"section\" data-settings=\"{&quot;background_background&quot;:&quot;classic&quot;}\">\n\t\t\t\t\t\t<div class=\"elementor-container elementor-column-gap-wider\">\n\t\t\t\t\t<div class=\"elementor-column elementor-col-100 elementor-inner-column elementor-element elementor-element-7404730e\" data-id=\"7404730e\" data-element_type=\"column\" data-e-type=\"column\" data-settings=\"{&quot;background_background&quot;:&quot;classic&quot;}\">\n\t\t\t<div class=\"elementor-widget-wrap elementor-element-populated\">\n\t\t\t\t\t\t<div class=\"elementor-element elementor-element-43da09dd elementor-absolute big-five elementor-widget__width-auto elementor-widget elementor-widget-heading\" data-id=\"43da09dd\" data-element_type=\"widget\" data-e-type=\"widget\" data-settings=\"{&quot;_position&quot;:&quot;absolute&quot;}\" data-widget_type=\"heading.default\">\n\t\t\t\t<div class=\"elementor-widget-container\">\n\t\t\t\t\t<div class=\"elementor-heading-title elementor-size-default\">5<\/div>\t\t\t\t<\/div>\n\t\t\t\t<\/div>\n\t\t\t\t<div class=\"elementor-element elementor-element-57362a09 elementor-widget__width-auto elementor-widget elementor-widget-heading\" data-id=\"57362a09\" data-element_type=\"widget\" data-e-type=\"widget\" data-widget_type=\"heading.default\">\n\t\t\t\t<div class=\"elementor-widget-container\">\n\t\t\t\t\t<h5 class=\"elementor-heading-title elementor-size-default\">Inspirationen f\u00fcr den Innenraum<\/h5>\t\t\t\t<\/div>\n\t\t\t\t<\/div>\n\t\t\t\t<div class=\"elementor-element elementor-element-046bf6e elementor-widget__width-auto elementor-widget elementor-widget-heading\" data-id=\"046bf6e\" data-element_type=\"widget\" data-e-type=\"widget\" data-widget_type=\"heading.default\">\n\t\t\t\t<div class=\"elementor-widget-container\">\n\t\t\t\t\t<p class=\"elementor-heading-title elementor-size-default\">IHR STIL &#8211; Farbkombinationen in verschiedenen Stilen<\/p>\t\t\t\t<\/div>\n\t\t\t\t<\/div>\n\t\t\t\t<div class=\"elementor-element elementor-element-101a7500 elementor-button-secondary elementor-align-justify elementor-widget elementor-widget-vt-button\" data-id=\"101a7500\" data-element_type=\"widget\" data-e-type=\"widget\" data-widget_type=\"vt-button.default\">\n\t\t\t\t<div class=\"elementor-widget-container\">\n\t\t\t\t\t\t\t<div class=\"elementor-button-wrapper\">\n\t\t\t<a href=\"\/de\/farbtone\/inspiration-fur-innen\/\" class=\"btn btn-secondary btn-sm\" role=\"button\">\n\t\t\t\t\t\t\t<span class=\"elementor-button-content-wrapper\">\n\t\t\t\t\t\t\t\t<span class=\"elementor-button-text\">Sei inspiriert<\/span>\n\t\t\t<\/span>\n\t\t\t\t\t<\/a>\n\t\t<\/div>\n\t\t\t\t\t\t<\/div>\n\t\t\t\t<\/div>\n\t\t\t\t\t<\/div>\n\t\t<\/div>\n\t\t\t\t\t<\/div>\n\t\t<\/section>\n\t\t\t\t<\/div>\n\t\t<\/p>\t\t\t\t\t\t\t\t<\/div>\n\t\t\t\t<\/div>\n\t\t\t\t<div class=\"elementor-element elementor-element-f99ef78 elementor-widget elementor-widget-text-editor\" data-id=\"f99ef78\" data-element_type=\"widget\" data-e-type=\"widget\" data-widget_type=\"text-editor.default\">\n\t\t\t\t<div class=\"elementor-widget-container\">\n\t\t\t\t\t\t\t\t\t<p>\t\t<div data-elementor-type=\"section\" data-elementor-id=\"36535\" class=\"elementor elementor-36535 elementor-366 elementor-366\" data-elementor-post-type=\"elementor_library\">\n\t\t\t\t\t<section class=\"elementor-section elementor-inner-section elementor-element elementor-element-7a90aafe elementor-section-boxed elementor-section-height-default elementor-section-height-default\" data-id=\"7a90aafe\" data-element_type=\"section\" data-e-type=\"section\" data-settings=\"{&quot;background_background&quot;:&quot;classic&quot;}\">\n\t\t\t\t\t\t<div class=\"elementor-container elementor-column-gap-wider\">\n\t\t\t\t\t<div class=\"elementor-column elementor-col-100 elementor-inner-column elementor-element elementor-element-ef17f42 equal-height\" data-id=\"ef17f42\" data-element_type=\"column\" data-e-type=\"column\" data-settings=\"{&quot;background_background&quot;:&quot;classic&quot;}\">\n\t\t\t<div class=\"elementor-widget-wrap elementor-element-populated\">\n\t\t\t\t\t\t<div class=\"elementor-element elementor-element-37df84d9 elementor-widget elementor-widget-heading\" data-id=\"37df84d9\" data-element_type=\"widget\" data-e-type=\"widget\" data-widget_type=\"heading.default\">\n\t\t\t\t<div class=\"elementor-widget-container\">\n\t\t\t\t\t<h4 class=\"elementor-heading-title elementor-size-default\">Fragen? Kontaktiere uns<\/h4>\t\t\t\t<\/div>\n\t\t\t\t<\/div>\n\t\t\t\t<div class=\"elementor-element elementor-element-1d136be elementor-button-white elementor-widget__width-auto elementor-widget elementor-widget-vt-button\" data-id=\"1d136be\" data-element_type=\"widget\" data-e-type=\"widget\" data-widget_type=\"vt-button.default\">\n\t\t\t\t<div class=\"elementor-widget-container\">\n\t\t\t\t\t\t\t<div class=\"elementor-button-wrapper\">\n\t\t\t<a href=\" https:\/\/www.ralstoncolour.com\/de\/kontakt\/\" class=\"btn btn-white btn-xs\" role=\"button\">\n\t\t\t\t\t\t\t<span class=\"elementor-button-content-wrapper\">\n\t\t\t\t\t\t\t\t<span class=\"elementor-button-text\"> Stell deine Frage<\/span>\n\t\t\t<\/span>\n\t\t\t\t\t<\/a>\n\t\t<\/div>\n\t\t\t\t\t\t<\/div>\n\t\t\t\t<\/div>\n\t\t\t\t<div class=\"elementor-element elementor-element-2a2a6878 elementor-button-link btn-link-white no-border elementor-widget__width-initial elementor-widget elementor-widget-vt-button\" data-id=\"2a2a6878\" data-element_type=\"widget\" data-e-type=\"widget\" data-widget_type=\"vt-button.default\">\n\t\t\t\t<div class=\"elementor-widget-container\">\n\t\t\t\t\t\t\t<div class=\"elementor-button-wrapper\">\n\t\t\t<a href=\"tel:0384291100\" class=\"btn btn-link btn-xs\" role=\"button\">\n\t\t\t\t\t\t\t<span class=\"elementor-button-content-wrapper\">\n\t\t\t\t\t\t\t\t<span class=\"elementor-button-text\"> Oder anrufen <u>+31 38 429 11 00<\/u><\/span>\n\t\t\t<\/span>\n\t\t\t\t\t<\/a>\n\t\t<\/div>\n\t\t\t\t\t\t<\/div>\n\t\t\t\t<\/div>\n\t\t\t\t\t<\/div>\n\t\t<\/div>\n\t\t\t\t\t<\/div>\n\t\t<\/section>\n\t\t\t\t<\/div>\n\t\t<\/p>\t\t\t\t\t\t\t\t<\/div>\n\t\t\t\t<\/div>\n\t\t\t\t\t<\/div>\n\t\t<\/div>\n\t\t\t\t\t<\/div>\n\t\t<\/section>\n\t\t\t\t<\/div>\n\t\t","protected":false},"excerpt":{"rendered":"<p>Gemeinsam den Markt bearbeiten, bedeutet gemeinsam mehr Erfolg Die Zusammenarbeit mit unseren Gro\u00dfh\u00e4ndlern fu\u00dft auf gegenseitigem Vertrauen und einer gemeinsamen Vision und Philosophie. Outlet gro\u00dfhandel In einem Familienunternehmen wie Ralston ist es selbstverst\u00e4ndlich, dass man sich umeinander k\u00fcmmert. Wir investieren gerne und viel in die Zusammenarbeit mit unseren Kunden und allen an der Kette Beteiligten.<\/p>\n","protected":false},"author":2,"featured_media":0,"parent":19745,"menu_order":128,"comment_status":"closed","ping_status":"closed","template":"","meta":{"_acf_changed":false,"footnotes":""},"class_list":["post-46210","page","type-page","status-publish","hentry"],"acf":[],"yoast_head":"<!-- This site is optimized with the Yoast SEO Premium plugin v20.7 (Yoast SEO v27.2) - https:\/\/yoast.com\/product\/yoast-seo-premium-wordpress\/ -->\n<title>Gro\u00dfh\u00e4ndler &amp; Outlets - Ralston<\/title>\n<meta name=\"description\" content=\"Finden Sie Ralston Produkte in Ihrer N\u00e4he! Unsere Gro\u00dfh\u00e4ndler bieten Qualit\u00e4t und Nachhaltigkeit, die Sie sehen und f\u00fchlen k\u00f6nnen.\" \/>\n<meta name=\"robots\" content=\"index, follow, max-snippet:-1, max-image-preview:large, max-video-preview:-1\" \/>\n<link rel=\"canonical\" href=\"https:\/\/www.ralstoncolour.com\/de\/coatings\/grosshandler-outlets\/\" \/>\n<meta property=\"og:locale\" content=\"de_DE\" \/>\n<meta property=\"og:type\" content=\"article\" \/>\n<meta property=\"og:title\" content=\"Gro\u00dfh\u00e4ndler &amp; Outlets\" \/>\n<meta property=\"og:description\" content=\"Finden Sie Ralston Produkte in Ihrer N\u00e4he! Unsere Gro\u00dfh\u00e4ndler bieten Qualit\u00e4t und Nachhaltigkeit, die Sie sehen und f\u00fchlen k\u00f6nnen.\" \/>\n<meta property=\"og:url\" content=\"https:\/\/www.ralstoncolour.com\/de\/coatings\/grosshandler-outlets\/\" \/>\n<meta property=\"og:site_name\" content=\"Ralston\" \/>\n<meta property=\"article:modified_time\" content=\"2023-11-02T13:01:35+00:00\" \/>\n<meta name=\"twitter:card\" content=\"summary_large_image\" \/>\n<script type=\"application\/ld+json\" class=\"yoast-schema-graph\">{\"@context\":\"https:\/\/schema.org\",\"@graph\":[{\"@type\":\"WebPage\",\"@id\":\"https:\/\/www.ralstoncolour.com\/de\/coatings\/grosshandler-outlets\/\",\"url\":\"https:\/\/www.ralstoncolour.com\/de\/coatings\/grosshandler-outlets\/\",\"name\":\"Gro\u00dfh\u00e4ndler & Outlets - Ralston\",\"isPartOf\":{\"@id\":\"https:\/\/www.ralstoncolour.com\/de\/#website\"},\"datePublished\":\"2020-12-04T16:49:53+00:00\",\"dateModified\":\"2023-11-02T13:01:35+00:00\",\"description\":\"Finden Sie Ralston Produkte in Ihrer N\u00e4he! Unsere Gro\u00dfh\u00e4ndler bieten Qualit\u00e4t und Nachhaltigkeit, die Sie sehen und f\u00fchlen k\u00f6nnen.\",\"breadcrumb\":{\"@id\":\"https:\/\/www.ralstoncolour.com\/de\/coatings\/grosshandler-outlets\/#breadcrumb\"},\"inLanguage\":\"de\",\"potentialAction\":[{\"@type\":\"ReadAction\",\"target\":[\"https:\/\/www.ralstoncolour.com\/de\/coatings\/grosshandler-outlets\/\"]}]},{\"@type\":\"BreadcrumbList\",\"@id\":\"https:\/\/www.ralstoncolour.com\/de\/coatings\/grosshandler-outlets\/#breadcrumb\",\"itemListElement\":[{\"@type\":\"ListItem\",\"position\":1,\"name\":\"Startseite\",\"item\":\"https:\/\/www.ralstoncolour.com\/de\/\"},{\"@type\":\"ListItem\",\"position\":2,\"name\":\"Coatings\",\"item\":\"https:\/\/www.ralstoncolour.com\/de\/coatings\/\"},{\"@type\":\"ListItem\",\"position\":3,\"name\":\"Gro\u00dfh\u00e4ndler &#038; Outlets\"}]},{\"@type\":\"WebSite\",\"@id\":\"https:\/\/www.ralstoncolour.com\/de\/#website\",\"url\":\"https:\/\/www.ralstoncolour.com\/de\/\",\"name\":\"Ralston\",\"description\":\"\",\"publisher\":{\"@id\":\"https:\/\/www.ralstoncolour.com\/de\/#organization\"},\"potentialAction\":[{\"@type\":\"SearchAction\",\"target\":{\"@type\":\"EntryPoint\",\"urlTemplate\":\"https:\/\/www.ralstoncolour.com\/de\/?s={search_term_string}\"},\"query-input\":{\"@type\":\"PropertyValueSpecification\",\"valueRequired\":true,\"valueName\":\"search_term_string\"}}],\"inLanguage\":\"de\"},{\"@type\":\"Organization\",\"@id\":\"https:\/\/www.ralstoncolour.com\/de\/#organization\",\"name\":\"Ralston\",\"url\":\"https:\/\/www.ralstoncolour.com\/de\/\",\"logo\":{\"@type\":\"ImageObject\",\"inLanguage\":\"de\",\"@id\":\"https:\/\/www.ralstoncolour.com\/de\/#\/schema\/logo\/image\/\",\"url\":\"https:\/\/www.ralstoncolour.com\/wp-content\/uploads\/2020\/09\/cropped-logo.png\",\"contentUrl\":\"https:\/\/www.ralstoncolour.com\/wp-content\/uploads\/2020\/09\/cropped-logo.png\",\"width\":144,\"height\":48,\"caption\":\"Ralston\"},\"image\":{\"@id\":\"https:\/\/www.ralstoncolour.com\/de\/#\/schema\/logo\/image\/\"}}]}<\/script>\n<!-- \/ Yoast SEO Premium plugin. -->","yoast_head_json":{"title":"Gro\u00dfh\u00e4ndler & Outlets - Ralston","description":"Finden Sie Ralston Produkte in Ihrer N\u00e4he! Unsere Gro\u00dfh\u00e4ndler bieten Qualit\u00e4t und Nachhaltigkeit, die Sie sehen und f\u00fchlen k\u00f6nnen.","robots":{"index":"index","follow":"follow","max-snippet":"max-snippet:-1","max-image-preview":"max-image-preview:large","max-video-preview":"max-video-preview:-1"},"canonical":"https:\/\/www.ralstoncolour.com\/de\/coatings\/grosshandler-outlets\/","og_locale":"de_DE","og_type":"article","og_title":"Gro\u00dfh\u00e4ndler & Outlets","og_description":"Finden Sie Ralston Produkte in Ihrer N\u00e4he! Unsere Gro\u00dfh\u00e4ndler bieten Qualit\u00e4t und Nachhaltigkeit, die Sie sehen und f\u00fchlen k\u00f6nnen.","og_url":"https:\/\/www.ralstoncolour.com\/de\/coatings\/grosshandler-outlets\/","og_site_name":"Ralston","article_modified_time":"2023-11-02T13:01:35+00:00","twitter_card":"summary_large_image","schema":{"@context":"https:\/\/schema.org","@graph":[{"@type":"WebPage","@id":"https:\/\/www.ralstoncolour.com\/de\/coatings\/grosshandler-outlets\/","url":"https:\/\/www.ralstoncolour.com\/de\/coatings\/grosshandler-outlets\/","name":"Gro\u00dfh\u00e4ndler & Outlets - Ralston","isPartOf":{"@id":"https:\/\/www.ralstoncolour.com\/de\/#website"},"datePublished":"2020-12-04T16:49:53+00:00","dateModified":"2023-11-02T13:01:35+00:00","description":"Finden Sie Ralston Produkte in Ihrer N\u00e4he! Unsere Gro\u00dfh\u00e4ndler bieten Qualit\u00e4t und Nachhaltigkeit, die Sie sehen und f\u00fchlen k\u00f6nnen.","breadcrumb":{"@id":"https:\/\/www.ralstoncolour.com\/de\/coatings\/grosshandler-outlets\/#breadcrumb"},"inLanguage":"de","potentialAction":[{"@type":"ReadAction","target":["https:\/\/www.ralstoncolour.com\/de\/coatings\/grosshandler-outlets\/"]}]},{"@type":"BreadcrumbList","@id":"https:\/\/www.ralstoncolour.com\/de\/coatings\/grosshandler-outlets\/#breadcrumb","itemListElement":[{"@type":"ListItem","position":1,"name":"Startseite","item":"https:\/\/www.ralstoncolour.com\/de\/"},{"@type":"ListItem","position":2,"name":"Coatings","item":"https:\/\/www.ralstoncolour.com\/de\/coatings\/"},{"@type":"ListItem","position":3,"name":"Gro\u00dfh\u00e4ndler &#038; Outlets"}]},{"@type":"WebSite","@id":"https:\/\/www.ralstoncolour.com\/de\/#website","url":"https:\/\/www.ralstoncolour.com\/de\/","name":"Ralston","description":"","publisher":{"@id":"https:\/\/www.ralstoncolour.com\/de\/#organization"},"potentialAction":[{"@type":"SearchAction","target":{"@type":"EntryPoint","urlTemplate":"https:\/\/www.ralstoncolour.com\/de\/?s={search_term_string}"},"query-input":{"@type":"PropertyValueSpecification","valueRequired":true,"valueName":"search_term_string"}}],"inLanguage":"de"},{"@type":"Organization","@id":"https:\/\/www.ralstoncolour.com\/de\/#organization","name":"Ralston","url":"https:\/\/www.ralstoncolour.com\/de\/","logo":{"@type":"ImageObject","inLanguage":"de","@id":"https:\/\/www.ralstoncolour.com\/de\/#\/schema\/logo\/image\/","url":"https:\/\/www.ralstoncolour.com\/wp-content\/uploads\/2020\/09\/cropped-logo.png","contentUrl":"https:\/\/www.ralstoncolour.com\/wp-content\/uploads\/2020\/09\/cropped-logo.png","width":144,"height":48,"caption":"Ralston"},"image":{"@id":"https:\/\/www.ralstoncolour.com\/de\/#\/schema\/logo\/image\/"}}]}},"_links":{"self":[{"href":"https:\/\/www.ralstoncolour.com\/de\/wp-json\/wp\/v2\/pages\/46210","targetHints":{"allow":["GET"]}}],"collection":[{"href":"https:\/\/www.ralstoncolour.com\/de\/wp-json\/wp\/v2\/pages"}],"about":[{"href":"https:\/\/www.ralstoncolour.com\/de\/wp-json\/wp\/v2\/types\/page"}],"author":[{"embeddable":true,"href":"https:\/\/www.ralstoncolour.com\/de\/wp-json\/wp\/v2\/users\/2"}],"replies":[{"embeddable":true,"href":"https:\/\/www.ralstoncolour.com\/de\/wp-json\/wp\/v2\/comments?post=46210"}],"version-history":[{"count":21,"href":"https:\/\/www.ralstoncolour.com\/de\/wp-json\/wp\/v2\/pages\/46210\/revisions"}],"predecessor-version":[{"id":231423,"href":"https:\/\/www.ralstoncolour.com\/de\/wp-json\/wp\/v2\/pages\/46210\/revisions\/231423"}],"up":[{"embeddable":true,"href":"https:\/\/www.ralstoncolour.com\/de\/wp-json\/wp\/v2\/pages\/19745"}],"wp:attachment":[{"href":"https:\/\/www.ralstoncolour.com\/de\/wp-json\/wp\/v2\/media?parent=46210"}],"curies":[{"name":"wp","href":"https:\/\/api.w.org\/{rel}","templated":true}]}}