{"id":44591,"date":"2020-12-03T15:54:08","date_gmt":"2020-12-03T14:54:08","guid":{"rendered":"http:\/\/comrals-kawonsro.savviihq.com\/?page_id=44591"},"modified":"2023-11-02T14:01:39","modified_gmt":"2023-11-02T13:01:39","slug":"disclaimer","status":"publish","type":"page","link":"https:\/\/www.ralstoncolour.com\/de\/disclaimer\/","title":{"rendered":"Disclaimer"},"content":{"rendered":"\t\t<div data-elementor-type=\"wp-page\" data-elementor-id=\"44591\" class=\"elementor elementor-44591 elementor-27668\" data-elementor-post-type=\"page\">\n\t\t\t\t\t\t<section class=\"elementor-section elementor-top-section elementor-element elementor-element-3da51e28 elementor-section-boxed elementor-section-height-default elementor-section-height-default\" data-id=\"3da51e28\" data-element_type=\"section\" data-e-type=\"section\" data-settings=\"{&quot;background_background&quot;:&quot;classic&quot;}\">\n\t\t\t\t\t\t<div class=\"elementor-container elementor-column-gap-default\">\n\t\t\t\t\t<div class=\"elementor-column elementor-col-100 elementor-top-column elementor-element elementor-element-7736d3d6\" data-id=\"7736d3d6\" data-element_type=\"column\" data-e-type=\"column\">\n\t\t\t<div class=\"elementor-widget-wrap elementor-element-populated\">\n\t\t\t\t\t\t<div class=\"elementor-element elementor-element-616a7247 elementor-widget elementor-widget-wp-widget-bcn_widget\" data-id=\"616a7247\" data-element_type=\"widget\" data-e-type=\"widget\" data-widget_type=\"wp-widget-bcn_widget.default\">\n\t\t\t\t<div class=\"elementor-widget-container\">\n\t\t\t\t\t<div class=\"breadcrumbs\" vocab=\"https:\/\/schema.org\/\" typeof=\"BreadcrumbList\"><span property=\"itemListElement\" typeof=\"ListItem\"><a property=\"item\" typeof=\"WebPage\" title=\"Ga naar Home.\" href=\"https:\/\/www.ralstoncolour.com\/de\/\" class=\"home\" aria-current=\"page\"><span property=\"name\">Home<\/span><\/a><meta property=\"position\" content=\"1\"><\/span><\/div>\t\t\t\t<\/div>\n\t\t\t\t<\/div>\n\t\t\t\t\t<\/div>\n\t\t<\/div>\n\t\t\t\t\t<\/div>\n\t\t<\/section>\n\t\t\t\t<section class=\"elementor-section elementor-top-section elementor-element elementor-element-7fa18ba6 elementor-section-boxed elementor-section-height-default elementor-section-height-default\" data-id=\"7fa18ba6\" data-element_type=\"section\" data-e-type=\"section\">\n\t\t\t\t\t\t<div class=\"elementor-container elementor-column-gap-default\">\n\t\t\t\t\t<div class=\"elementor-column elementor-col-66 elementor-top-column elementor-element elementor-element-7d6f1e19\" data-id=\"7d6f1e19\" data-element_type=\"column\" data-e-type=\"column\">\n\t\t\t<div class=\"elementor-widget-wrap elementor-element-populated\">\n\t\t\t\t\t\t<section class=\"elementor-section elementor-inner-section elementor-element elementor-element-703a18c elementor-section-boxed elementor-section-height-default elementor-section-height-default\" data-id=\"703a18c\" data-element_type=\"section\" data-e-type=\"section\">\n\t\t\t\t\t\t<div class=\"elementor-container elementor-column-gap-default\">\n\t\t\t\t\t<div class=\"elementor-column elementor-col-100 elementor-inner-column elementor-element elementor-element-1e3cf2f8\" data-id=\"1e3cf2f8\" data-element_type=\"column\" data-e-type=\"column\">\n\t\t\t<div class=\"elementor-widget-wrap elementor-element-populated\">\n\t\t\t\t\t\t<div class=\"elementor-element elementor-element-1a209831 elementor-widget elementor-widget-theme-post-title elementor-page-title elementor-widget-heading\" data-id=\"1a209831\" data-element_type=\"widget\" data-e-type=\"widget\" data-widget_type=\"theme-post-title.default\">\n\t\t\t\t<div class=\"elementor-widget-container\">\n\t\t\t\t\t<h1 class=\"elementor-heading-title elementor-size-default\">Disclaimer<\/h1>\t\t\t\t<\/div>\n\t\t\t\t<\/div>\n\t\t\t\t<div class=\"elementor-element elementor-element-58cc3d59 elementor-widget elementor-widget-text-editor\" data-id=\"58cc3d59\" data-element_type=\"widget\" data-e-type=\"widget\" data-widget_type=\"text-editor.default\">\n\t\t\t\t<div class=\"elementor-widget-container\">\n\t\t\t\t\t\t\t\t\t<p>Durch das Aufrufen, die Verwendung und \/ oder das Herunterladen der Informationen auf der Website von Ralston Colour &amp; Coatings B.V. (RCC) erkl\u00e4ren Sie sich mit Nachfolgendem einverstanden:<\/p><p>Die von RCC zur Verf\u00fcgung gestellten Informationen wurden mit gro\u00dfer Sorgfalt zusammengestellt. Diese Informationen entstammen Quellen, die als zuverl\u00e4ssig betrachtet werden k\u00f6nnen, doch f\u00fcr die Richtigkeit und Vollst\u00e4ndigkeit der Inhalte \u00fcbernimmt RCC keine Gew\u00e4hr. Auf dieser Internetseite aufgef\u00fchrte Verweise auf ein Produkt oder eine Dienstleistung beinhalten in keinem Fall ein Angebot oder eine Beratung. Die bereitgestellten Informationen sind unverbindlich und haben hinweisenden Charakter und k\u00f6nnen jederzeit ohne vorherige Ank\u00fcndigung ge\u00e4ndert werden. Es empfiehlt sich daher, regelm\u00e4\u00dfig zu \u00fcberpr\u00fcfen, ob die auf dieser Internetseite angebotenen Informationen sich ge\u00e4ndert haben.<\/p><p>Verweisungen auf Internetseiten, die nicht von RCC gepflegt werden, wurden ausschlie\u00dflich zur Information aufgenommen. RCC ist nicht verantwortlich oder haftbar f\u00fcr den Inhalt (einschlie\u00dflich der Qualit\u00e4t eventueller Produkte und \/ oder Dienstleistungen, die darauf angeboten werden) und das Funktionieren der Internetseiten, auf die verwiesen wird oder die ihrerseits auf die Internetseite von RCC verweisen.<\/p><p>Ralston Colour &amp; Coatings B.V. \u00fcbernimmt keinerlei Haftung \u2013 au\u00dfer bei Absicht oder grober Fahrl\u00e4ssigkeit \u2013 f\u00fcr Sch\u00e4den, die sich aus M\u00e4ngeln in der Richtigkeit und Vollst\u00e4ndigkeit der \u00fcber diesen Weg erlangten Informationen ergeben, insbesondere als Folge von \u00c4nderungen und \/ oder Sch\u00e4den, die nach dem Erhalt dieser Informationen entstanden sind, oder die sich aus der vor\u00fcbergehenden Nichterreichbarkeit der RCC-Website ergeben. Bei der Beurteilung einer (eventuellen) Haftung wird von den Informationen ausgegangen, wie diese bei Ralston Colour &amp; Coatings B.V. verzeichnet sind.<\/p><p>RCC kann nicht garantieren, dass diese Internetseite fehlerlos oder ununterbrochen funktioniert. RCC \u00fcbernimmt keinerlei Haftung f\u00fcr Sch\u00e4den oder Kosten, welcher Art auch immer, die durch Viren oder ein nicht korrektes Funktionieren dieser Internetseite entstehen.<\/p><h2><strong>Geistige Eigentumsrechte<\/strong><\/h2><p>RCC beh\u00e4lt sich alle geistigen Eigentumsrechte vor bez\u00fcglich der auf dieser oder \u00fcber diese Internetseite angebotenen Informationen. Ohne ausdr\u00fcckliche schriftliche Zustimmung von Ralston Colour &amp; Coatings ist es nicht gestattet, Informationen, Bildmaterial und Fotos, News-Berichte und \/ oder Mitteilungen, die \u00fcber diese Internetseite zur Verf\u00fcgung gestellt werden, auf irgendeine Weise zu verbreiten, Informationen auf dieser Internetseite zu bearbeiten, zu \u00e4ndern, zu vervielf\u00e4ltigen, gegen Verg\u00fctung Dritten zur Verf\u00fcgung zu stellen oder einen Link zwischen der Internetseite von RCC und einer anderen Internetseite herzustellen.<\/p><p>Diese Internetseite und der Disclaimer unterliegt niederl\u00e4ndischem Recht. Alle in diesem Zusammenhang auftretenden Streitf\u00e4lle sind ausschlie\u00dflich dem nach niederl\u00e4ndischem Recht befugten Richter vorzulegen. Gerichtsstand ist hiermit Zwolle. Die Urheberrechte der Website und der dazugeh\u00f6rigen Inhalte liegen bei Ralston Colour &amp; Coatings B.V. Alle Rechte vorbehalten.<\/p><p>\u00a9 RCC<\/p>\t\t\t\t\t\t\t\t<\/div>\n\t\t\t\t<\/div>\n\t\t\t\t<div class=\"elementor-element elementor-element-403942b5 elementor-widget elementor-widget-vt-share\" data-id=\"403942b5\" data-element_type=\"widget\" data-e-type=\"widget\" data-widget_type=\"vt-share.default\">\n\t\t\t\t<div class=\"elementor-widget-container\">\n\t\t\t\t\t                            \n            <div class=\"social-share mt-3 mb-5\">\n                <a href=\"https:\/\/www.facebook.com\/sharer\/sharer.php?u=https%3A%2F%2Fwww.ralstoncolour.com%2Fde%2Fdisclaimer%2F\" target=\"_blank\" class=\"btn btn-social btn-xs fb mr-1\">Auf Facebook teilen<\/a>\n                <a href=\"https:\/\/www.linkedin.com\/sharing\/share-offsite\/?url=https%3A%2F%2Fwww.ralstoncolour.com%2Fde%2Fdisclaimer%2F\" target=\"_blank\" class=\"btn btn-social btn-xs li ml-1\">Auf LinkedIn teilen<\/a>\n            <\/div>\n        \t\t\t\t<\/div>\n\t\t\t\t<\/div>\n\t\t\t\t\t<\/div>\n\t\t<\/div>\n\t\t\t\t\t<\/div>\n\t\t<\/section>\n\t\t\t\t\t<\/div>\n\t\t<\/div>\n\t\t\t\t<div class=\"elementor-column elementor-col-33 elementor-top-column elementor-element elementor-element-1100ff46\" data-id=\"1100ff46\" data-element_type=\"column\" data-e-type=\"column\">\n\t\t\t<div class=\"elementor-widget-wrap elementor-element-populated\">\n\t\t\t\t\t\t<section class=\"elementor-section elementor-inner-section elementor-element elementor-element-309c673 elementor-section-boxed elementor-section-height-default elementor-section-height-default\" data-id=\"309c673\" data-element_type=\"section\" data-e-type=\"section\" data-settings=\"{&quot;background_background&quot;:&quot;classic&quot;}\">\n\t\t\t\t\t\t<div class=\"elementor-container elementor-column-gap-wider\">\n\t\t\t\t\t<div class=\"elementor-column elementor-col-100 elementor-inner-column elementor-element elementor-element-18dc4a1e\" data-id=\"18dc4a1e\" data-element_type=\"column\" data-e-type=\"column\" data-settings=\"{&quot;background_background&quot;:&quot;classic&quot;}\">\n\t\t\t<div class=\"elementor-widget-wrap elementor-element-populated\">\n\t\t\t\t\t\t<div class=\"elementor-element elementor-element-22625873 elementor-widget elementor-widget-text-editor\" data-id=\"22625873\" data-element_type=\"widget\" data-e-type=\"widget\" data-widget_type=\"text-editor.default\">\n\t\t\t\t<div class=\"elementor-widget-container\">\n\t\t\t\t\t\t\t\t\t<p>\t\t<div data-elementor-type=\"section\" data-elementor-id=\"36562\" class=\"elementor elementor-36562 elementor-32518 elementor-32518\" data-elementor-post-type=\"elementor_library\">\n\t\t\t\t\t<section class=\"elementor-section elementor-inner-section elementor-element elementor-element-3348350b elementor-section-boxed elementor-section-height-default elementor-section-height-default\" data-id=\"3348350b\" data-element_type=\"section\" data-e-type=\"section\" data-settings=\"{&quot;background_background&quot;:&quot;classic&quot;}\">\n\t\t\t\t\t\t<div class=\"elementor-container elementor-column-gap-wider\">\n\t\t\t\t\t<div class=\"elementor-column elementor-col-100 elementor-inner-column elementor-element elementor-element-7404730e\" data-id=\"7404730e\" data-element_type=\"column\" data-e-type=\"column\" data-settings=\"{&quot;background_background&quot;:&quot;classic&quot;}\">\n\t\t\t<div class=\"elementor-widget-wrap elementor-element-populated\">\n\t\t\t\t\t\t<div class=\"elementor-element elementor-element-43da09dd elementor-absolute big-five elementor-widget elementor-widget-heading\" data-id=\"43da09dd\" data-element_type=\"widget\" data-e-type=\"widget\" data-settings=\"{&quot;_position&quot;:&quot;absolute&quot;}\" data-widget_type=\"heading.default\">\n\t\t\t\t<div class=\"elementor-widget-container\">\n\t\t\t\t\t<div class=\"elementor-heading-title elementor-size-default\">5<\/div>\t\t\t\t<\/div>\n\t\t\t\t<\/div>\n\t\t\t\t<div class=\"elementor-element elementor-element-57362a09 elementor-widget elementor-widget-heading\" data-id=\"57362a09\" data-element_type=\"widget\" data-e-type=\"widget\" data-widget_type=\"heading.default\">\n\t\t\t\t<div class=\"elementor-widget-container\">\n\t\t\t\t\t<h5 class=\"elementor-heading-title elementor-size-default\">Gr\u00fcnde\num\nein Ralston Partner\nzu werden<\/h5>\t\t\t\t<\/div>\n\t\t\t\t<\/div>\n\t\t\t\t<div class=\"elementor-element elementor-element-101a7500 elementor-button-secondary elementor-align-justify elementor-widget elementor-widget-vt-button\" data-id=\"101a7500\" data-element_type=\"widget\" data-e-type=\"widget\" data-widget_type=\"vt-button.default\">\n\t\t\t\t<div class=\"elementor-widget-container\">\n\t\t\t\t\t\t\t<div class=\"elementor-button-wrapper\">\n\t\t\t<a href=\"https:\/\/www.ralstoncolour.com\/de\/tinting-systems\/ralston-partner-werden\/\" class=\"btn btn-secondary btn-sm\" role=\"button\">\n\t\t\t\t\t\t\t<span class=\"elementor-button-content-wrapper\">\n\t\t\t\t\t\t\t\t<span class=\"elementor-button-text\">Merh lesen<\/span>\n\t\t\t<\/span>\n\t\t\t\t\t<\/a>\n\t\t<\/div>\n\t\t\t\t\t\t<\/div>\n\t\t\t\t<\/div>\n\t\t\t\t\t<\/div>\n\t\t<\/div>\n\t\t\t\t\t<\/div>\n\t\t<\/section>\n\t\t\t\t<\/div>\n\t\t<\/p>\t\t\t\t\t\t\t\t<\/div>\n\t\t\t\t<\/div>\n\t\t\t\t\t<\/div>\n\t\t<\/div>\n\t\t\t\t\t<\/div>\n\t\t<\/section>\n\t\t\t\t\t<\/div>\n\t\t<\/div>\n\t\t\t\t\t<\/div>\n\t\t<\/section>\n\t\t\t\t<\/div>\n\t\t","protected":false},"excerpt":{"rendered":"<p>Durch das Aufrufen, die Verwendung und \/ oder das Herunterladen der Informationen auf der Website von Ralston Colour &amp; Coatings B.V. (RCC) erkl\u00e4ren Sie sich mit Nachfolgendem einverstanden: Die von RCC zur Verf\u00fcgung gestellten Informationen wurden mit gro\u00dfer Sorgfalt zusammengestellt. Diese Informationen entstammen Quellen, die als zuverl\u00e4ssig betrachtet werden k\u00f6nnen, doch f\u00fcr die Richtigkeit und<\/p>\n","protected":false},"author":2,"featured_media":0,"parent":0,"menu_order":158,"comment_status":"closed","ping_status":"closed","template":"","meta":{"_acf_changed":false,"footnotes":""},"class_list":["post-44591","page","type-page","status-publish","hentry"],"acf":[],"yoast_head":"<!-- This site is optimized with the Yoast SEO Premium plugin v20.7 (Yoast SEO v27.2) - https:\/\/yoast.com\/product\/yoast-seo-premium-wordpress\/ -->\n<title>Disclaimer - Ralston<\/title>\n<meta name=\"description\" content=\"Die Nutzung der Ralston-Website unterliegt unserem Disclaimer. Wir legen gr\u00f6\u00dften Wert auf die Genauigkeit der bereitgestellten Informationen und Inhalte, \u00fcbernehmen jedoch keine Haftung f\u00fcr deren Vollst\u00e4ndigkeit oder Richtigkeit.\" \/>\n<meta name=\"robots\" content=\"index, follow, max-snippet:-1, max-image-preview:large, max-video-preview:-1\" \/>\n<link rel=\"canonical\" href=\"https:\/\/www.ralstoncolour.com\/de\/disclaimer\/\" \/>\n<meta property=\"og:locale\" content=\"de_DE\" \/>\n<meta property=\"og:type\" content=\"article\" \/>\n<meta property=\"og:title\" content=\"Disclaimer\" \/>\n<meta property=\"og:description\" content=\"Die Nutzung der Ralston-Website unterliegt unserem Disclaimer. Wir legen gr\u00f6\u00dften Wert auf die Genauigkeit der bereitgestellten Informationen und Inhalte, \u00fcbernehmen jedoch keine Haftung f\u00fcr deren Vollst\u00e4ndigkeit oder Richtigkeit.\" \/>\n<meta property=\"og:url\" content=\"https:\/\/www.ralstoncolour.com\/de\/disclaimer\/\" \/>\n<meta property=\"og:site_name\" content=\"Ralston\" \/>\n<meta property=\"article:modified_time\" content=\"2023-11-02T13:01:39+00:00\" \/>\n<meta name=\"twitter:card\" content=\"summary_large_image\" \/>\n<script type=\"application\/ld+json\" class=\"yoast-schema-graph\">{\"@context\":\"https:\/\/schema.org\",\"@graph\":[{\"@type\":\"WebPage\",\"@id\":\"https:\/\/www.ralstoncolour.com\/de\/disclaimer\/\",\"url\":\"https:\/\/www.ralstoncolour.com\/de\/disclaimer\/\",\"name\":\"Disclaimer - Ralston\",\"isPartOf\":{\"@id\":\"https:\/\/www.ralstoncolour.com\/de\/#website\"},\"datePublished\":\"2020-12-03T14:54:08+00:00\",\"dateModified\":\"2023-11-02T13:01:39+00:00\",\"description\":\"Die Nutzung der Ralston-Website unterliegt unserem Disclaimer. Wir legen gr\u00f6\u00dften Wert auf die Genauigkeit der bereitgestellten Informationen und Inhalte, \u00fcbernehmen jedoch keine Haftung f\u00fcr deren Vollst\u00e4ndigkeit oder Richtigkeit.\",\"breadcrumb\":{\"@id\":\"https:\/\/www.ralstoncolour.com\/de\/disclaimer\/#breadcrumb\"},\"inLanguage\":\"de\",\"potentialAction\":[{\"@type\":\"ReadAction\",\"target\":[\"https:\/\/www.ralstoncolour.com\/de\/disclaimer\/\"]}]},{\"@type\":\"BreadcrumbList\",\"@id\":\"https:\/\/www.ralstoncolour.com\/de\/disclaimer\/#breadcrumb\",\"itemListElement\":[{\"@type\":\"ListItem\",\"position\":1,\"name\":\"Startseite\",\"item\":\"https:\/\/www.ralstoncolour.com\/de\/\"},{\"@type\":\"ListItem\",\"position\":2,\"name\":\"Disclaimer\"}]},{\"@type\":\"WebSite\",\"@id\":\"https:\/\/www.ralstoncolour.com\/de\/#website\",\"url\":\"https:\/\/www.ralstoncolour.com\/de\/\",\"name\":\"Ralston\",\"description\":\"\",\"publisher\":{\"@id\":\"https:\/\/www.ralstoncolour.com\/de\/#organization\"},\"potentialAction\":[{\"@type\":\"SearchAction\",\"target\":{\"@type\":\"EntryPoint\",\"urlTemplate\":\"https:\/\/www.ralstoncolour.com\/de\/?s={search_term_string}\"},\"query-input\":{\"@type\":\"PropertyValueSpecification\",\"valueRequired\":true,\"valueName\":\"search_term_string\"}}],\"inLanguage\":\"de\"},{\"@type\":\"Organization\",\"@id\":\"https:\/\/www.ralstoncolour.com\/de\/#organization\",\"name\":\"Ralston\",\"url\":\"https:\/\/www.ralstoncolour.com\/de\/\",\"logo\":{\"@type\":\"ImageObject\",\"inLanguage\":\"de\",\"@id\":\"https:\/\/www.ralstoncolour.com\/de\/#\/schema\/logo\/image\/\",\"url\":\"https:\/\/www.ralstoncolour.com\/wp-content\/uploads\/2020\/09\/cropped-logo.png\",\"contentUrl\":\"https:\/\/www.ralstoncolour.com\/wp-content\/uploads\/2020\/09\/cropped-logo.png\",\"width\":144,\"height\":48,\"caption\":\"Ralston\"},\"image\":{\"@id\":\"https:\/\/www.ralstoncolour.com\/de\/#\/schema\/logo\/image\/\"}}]}<\/script>\n<!-- \/ Yoast SEO Premium plugin. -->","yoast_head_json":{"title":"Disclaimer - Ralston","description":"Die Nutzung der Ralston-Website unterliegt unserem Disclaimer. Wir legen gr\u00f6\u00dften Wert auf die Genauigkeit der bereitgestellten Informationen und Inhalte, \u00fcbernehmen jedoch keine Haftung f\u00fcr deren Vollst\u00e4ndigkeit oder Richtigkeit.","robots":{"index":"index","follow":"follow","max-snippet":"max-snippet:-1","max-image-preview":"max-image-preview:large","max-video-preview":"max-video-preview:-1"},"canonical":"https:\/\/www.ralstoncolour.com\/de\/disclaimer\/","og_locale":"de_DE","og_type":"article","og_title":"Disclaimer","og_description":"Die Nutzung der Ralston-Website unterliegt unserem Disclaimer. Wir legen gr\u00f6\u00dften Wert auf die Genauigkeit der bereitgestellten Informationen und Inhalte, \u00fcbernehmen jedoch keine Haftung f\u00fcr deren Vollst\u00e4ndigkeit oder Richtigkeit.","og_url":"https:\/\/www.ralstoncolour.com\/de\/disclaimer\/","og_site_name":"Ralston","article_modified_time":"2023-11-02T13:01:39+00:00","twitter_card":"summary_large_image","schema":{"@context":"https:\/\/schema.org","@graph":[{"@type":"WebPage","@id":"https:\/\/www.ralstoncolour.com\/de\/disclaimer\/","url":"https:\/\/www.ralstoncolour.com\/de\/disclaimer\/","name":"Disclaimer - Ralston","isPartOf":{"@id":"https:\/\/www.ralstoncolour.com\/de\/#website"},"datePublished":"2020-12-03T14:54:08+00:00","dateModified":"2023-11-02T13:01:39+00:00","description":"Die Nutzung der Ralston-Website unterliegt unserem Disclaimer. Wir legen gr\u00f6\u00dften Wert auf die Genauigkeit der bereitgestellten Informationen und Inhalte, \u00fcbernehmen jedoch keine Haftung f\u00fcr deren Vollst\u00e4ndigkeit oder Richtigkeit.","breadcrumb":{"@id":"https:\/\/www.ralstoncolour.com\/de\/disclaimer\/#breadcrumb"},"inLanguage":"de","potentialAction":[{"@type":"ReadAction","target":["https:\/\/www.ralstoncolour.com\/de\/disclaimer\/"]}]},{"@type":"BreadcrumbList","@id":"https:\/\/www.ralstoncolour.com\/de\/disclaimer\/#breadcrumb","itemListElement":[{"@type":"ListItem","position":1,"name":"Startseite","item":"https:\/\/www.ralstoncolour.com\/de\/"},{"@type":"ListItem","position":2,"name":"Disclaimer"}]},{"@type":"WebSite","@id":"https:\/\/www.ralstoncolour.com\/de\/#website","url":"https:\/\/www.ralstoncolour.com\/de\/","name":"Ralston","description":"","publisher":{"@id":"https:\/\/www.ralstoncolour.com\/de\/#organization"},"potentialAction":[{"@type":"SearchAction","target":{"@type":"EntryPoint","urlTemplate":"https:\/\/www.ralstoncolour.com\/de\/?s={search_term_string}"},"query-input":{"@type":"PropertyValueSpecification","valueRequired":true,"valueName":"search_term_string"}}],"inLanguage":"de"},{"@type":"Organization","@id":"https:\/\/www.ralstoncolour.com\/de\/#organization","name":"Ralston","url":"https:\/\/www.ralstoncolour.com\/de\/","logo":{"@type":"ImageObject","inLanguage":"de","@id":"https:\/\/www.ralstoncolour.com\/de\/#\/schema\/logo\/image\/","url":"https:\/\/www.ralstoncolour.com\/wp-content\/uploads\/2020\/09\/cropped-logo.png","contentUrl":"https:\/\/www.ralstoncolour.com\/wp-content\/uploads\/2020\/09\/cropped-logo.png","width":144,"height":48,"caption":"Ralston"},"image":{"@id":"https:\/\/www.ralstoncolour.com\/de\/#\/schema\/logo\/image\/"}}]}},"_links":{"self":[{"href":"https:\/\/www.ralstoncolour.com\/de\/wp-json\/wp\/v2\/pages\/44591","targetHints":{"allow":["GET"]}}],"collection":[{"href":"https:\/\/www.ralstoncolour.com\/de\/wp-json\/wp\/v2\/pages"}],"about":[{"href":"https:\/\/www.ralstoncolour.com\/de\/wp-json\/wp\/v2\/types\/page"}],"author":[{"embeddable":true,"href":"https:\/\/www.ralstoncolour.com\/de\/wp-json\/wp\/v2\/users\/2"}],"replies":[{"embeddable":true,"href":"https:\/\/www.ralstoncolour.com\/de\/wp-json\/wp\/v2\/comments?post=44591"}],"version-history":[{"count":10,"href":"https:\/\/www.ralstoncolour.com\/de\/wp-json\/wp\/v2\/pages\/44591\/revisions"}],"predecessor-version":[{"id":57938,"href":"https:\/\/www.ralstoncolour.com\/de\/wp-json\/wp\/v2\/pages\/44591\/revisions\/57938"}],"wp:attachment":[{"href":"https:\/\/www.ralstoncolour.com\/de\/wp-json\/wp\/v2\/media?parent=44591"}],"curies":[{"name":"wp","href":"https:\/\/api.w.org\/{rel}","templated":true}]}}