{"id":20074,"date":"2020-11-13T15:06:20","date_gmt":"2020-11-13T14:06:20","guid":{"rendered":"https:\/\/comrals-kawonsro.savviihq.com\/?page_id=20074"},"modified":"2023-09-19T14:18:58","modified_gmt":"2023-09-19T12:18:58","slug":"farbe-abtonen","status":"publish","type":"page","link":"https:\/\/www.ralstoncolour.com\/de\/farbtone\/farbe-abtonen\/","title":{"rendered":"Tinting Paint"},"content":{"rendered":"\t\t<div data-elementor-type=\"wp-page\" data-elementor-id=\"20074\" class=\"elementor elementor-20074 elementor-19170\" data-elementor-post-type=\"page\">\n\t\t\t\t\t\t<section class=\"elementor-section elementor-top-section elementor-element elementor-element-611b7f6a hero blocks-bottom elementor-section-stretched elementor-section-boxed elementor-section-height-default elementor-section-height-default\" data-id=\"611b7f6a\" data-element_type=\"section\" data-e-type=\"section\" data-settings=\"{&quot;background_background&quot;:&quot;classic&quot;,&quot;stretch_section&quot;:&quot;section-stretched&quot;}\">\n\t\t\t\t\t\t<div class=\"elementor-container elementor-column-gap-default\">\n\t\t\t\t\t<div class=\"elementor-column elementor-col-50 elementor-top-column elementor-element elementor-element-3eb31d2\" data-id=\"3eb31d2\" data-element_type=\"column\" data-e-type=\"column\" data-settings=\"{&quot;background_background&quot;:&quot;classic&quot;}\">\n\t\t\t<div class=\"elementor-widget-wrap elementor-element-populated\">\n\t\t\t\t\t\t<section class=\"elementor-section elementor-inner-section elementor-element elementor-element-2dee30f1 elementor-section-boxed elementor-section-height-default elementor-section-height-default\" data-id=\"2dee30f1\" data-element_type=\"section\" data-e-type=\"section\">\n\t\t\t\t\t\t<div class=\"elementor-container elementor-column-gap-default\">\n\t\t\t\t\t<div class=\"elementor-column elementor-col-100 elementor-inner-column elementor-element elementor-element-76ea23c1\" data-id=\"76ea23c1\" data-element_type=\"column\" data-e-type=\"column\" data-settings=\"{&quot;background_background&quot;:&quot;classic&quot;}\">\n\t\t\t<div class=\"elementor-widget-wrap elementor-element-populated\">\n\t\t\t\t\t\t<div class=\"elementor-element elementor-element-54d23bd2 elementor-widget elementor-widget-heading\" data-id=\"54d23bd2\" data-element_type=\"widget\" data-e-type=\"widget\" data-widget_type=\"heading.default\">\n\t\t\t\t<div class=\"elementor-widget-container\">\n\t\t\t\t\t<h1 class=\"elementor-heading-title elementor-size-default\">Grenzenlos<\/h1>\t\t\t\t<\/div>\n\t\t\t\t<\/div>\n\t\t\t\t<div class=\"elementor-element elementor-element-eb58e33 elementor-widget elementor-widget-text-editor\" data-id=\"eb58e33\" data-element_type=\"widget\" data-e-type=\"widget\" data-widget_type=\"text-editor.default\">\n\t\t\t\t<div class=\"elementor-widget-container\">\n\t\t\t\t\t\t\t\t\t<div class=\"background gray\"><div id=\"header3\" class=\"container_12 pt_red\"><div class=\"grid_12\"><div class=\"pattern_short\">Farben mischen mit Ralston<\/div><\/div><\/div><\/div>\t\t\t\t\t\t\t\t<\/div>\n\t\t\t\t<\/div>\n\t\t\t\t\t<\/div>\n\t\t<\/div>\n\t\t\t\t\t<\/div>\n\t\t<\/section>\n\t\t\t\t\t<\/div>\n\t\t<\/div>\n\t\t\t\t<div class=\"elementor-column elementor-col-50 elementor-top-column elementor-element elementor-element-4f088eaf\" data-id=\"4f088eaf\" data-element_type=\"column\" data-e-type=\"column\">\n\t\t\t<div class=\"elementor-widget-wrap\">\n\t\t\t\t\t\t\t<\/div>\n\t\t<\/div>\n\t\t\t\t\t<\/div>\n\t\t<\/section>\n\t\t\t\t<section class=\"elementor-section elementor-top-section elementor-element elementor-element-80ea478 elementor-section-boxed elementor-section-height-default elementor-section-height-default\" data-id=\"80ea478\" data-element_type=\"section\" data-e-type=\"section\" data-settings=\"{&quot;background_background&quot;:&quot;classic&quot;}\">\n\t\t\t\t\t\t<div class=\"elementor-container elementor-column-gap-default\">\n\t\t\t\t\t<div class=\"elementor-column elementor-col-100 elementor-top-column elementor-element elementor-element-72a496d1\" data-id=\"72a496d1\" data-element_type=\"column\" data-e-type=\"column\">\n\t\t\t<div class=\"elementor-widget-wrap elementor-element-populated\">\n\t\t\t\t\t\t<div class=\"elementor-element elementor-element-152a7739 elementor-widget elementor-widget-wp-widget-bcn_widget\" data-id=\"152a7739\" data-element_type=\"widget\" data-e-type=\"widget\" data-widget_type=\"wp-widget-bcn_widget.default\">\n\t\t\t\t<div class=\"elementor-widget-container\">\n\t\t\t\t\t<div class=\"breadcrumbs\" vocab=\"https:\/\/schema.org\/\" typeof=\"BreadcrumbList\"><span property=\"itemListElement\" typeof=\"ListItem\"><a property=\"item\" typeof=\"WebPage\" title=\"Ga naar Home.\" href=\"https:\/\/www.ralstoncolour.com\/de\/\" class=\"home\" aria-current=\"page\"><span property=\"name\">Home<\/span><\/a><meta property=\"position\" content=\"1\"><\/span><\/div>\t\t\t\t<\/div>\n\t\t\t\t<\/div>\n\t\t\t\t\t<\/div>\n\t\t<\/div>\n\t\t\t\t\t<\/div>\n\t\t<\/section>\n\t\t\t\t<section class=\"elementor-section elementor-top-section elementor-element elementor-element-768a1cce elementor-section-boxed elementor-section-height-default elementor-section-height-default\" data-id=\"768a1cce\" data-element_type=\"section\" data-e-type=\"section\">\n\t\t\t\t\t\t<div class=\"elementor-container elementor-column-gap-default\">\n\t\t\t\t\t<div class=\"elementor-column elementor-col-66 elementor-top-column elementor-element elementor-element-1b02baee\" data-id=\"1b02baee\" data-element_type=\"column\" data-e-type=\"column\">\n\t\t\t<div class=\"elementor-widget-wrap elementor-element-populated\">\n\t\t\t\t\t\t<section class=\"elementor-section elementor-inner-section elementor-element elementor-element-6c83e73f elementor-section-boxed elementor-section-height-default elementor-section-height-default\" data-id=\"6c83e73f\" data-element_type=\"section\" data-e-type=\"section\">\n\t\t\t\t\t\t<div class=\"elementor-container elementor-column-gap-default\">\n\t\t\t\t\t<div class=\"elementor-column elementor-col-100 elementor-inner-column elementor-element elementor-element-5a207f2c\" data-id=\"5a207f2c\" data-element_type=\"column\" data-e-type=\"column\">\n\t\t\t<div class=\"elementor-widget-wrap elementor-element-populated\">\n\t\t\t\t\t\t<div class=\"elementor-element elementor-element-286ab588 elementor-widget elementor-widget-text-editor\" data-id=\"286ab588\" data-element_type=\"widget\" data-e-type=\"widget\" data-widget_type=\"text-editor.default\">\n\t\t\t\t<div class=\"elementor-widget-container\">\n\t\t\t\t\t\t\t\t\t<h2>Effizient und flexibel<\/h2><p>Farbe, international, regional, aus welchem Farbf\u00e4cher auch immer oder eine eigene spezielle Farbe \u2026 das alles verlangen Kunden.<\/p><h2>Farbmischsystem<\/h2><p>Fast jeder gew\u00fcnschte Farbton in jedem Farbprodukt in wasserbasierten und l\u00f6sungsmittelhaltigen Farbsystemen: mit dem Farbmischsystem von Ralston. Effizient und flexibel, f\u00fcr jeden Zeitpunkt, jeden Ort, jede Menge und jeden Farbton.<\/p><p>Ein System aus Farbpasten, Basisfarben, Software mit Farbrezepten und einer Farbmischmaschine.<\/p><p>Viele Farbt\u00f6ne produzieren und dennoch die Lagerbest\u00e4nde gering halten. Nur zwei Basisfarben f\u00fcr jede Farbqualit\u00e4t. Basis Wei\u00df f\u00fcr hellere und Basis Transparent f\u00fcr dunklere Farbt\u00f6ne.<\/p><p>Gute Farbhelligkeit und gutes Deckverm\u00f6gen durch die hochwertigen, im eigenen Hause entwickelten und produzierten Farbpasten.<\/p><p>Farbt\u00f6ne aus vielen internationalen Farbf\u00e4chern, f\u00fcr die in der Software Farbrezepte entwickelt wurden. Farbt\u00f6ne aus einem spezifischen Farbf\u00e4cher? Fragen Sie Ihren Ansprechpartner bei Ralston nach den M\u00f6glichkeiten.<\/p>\t\t\t\t\t\t\t\t<\/div>\n\t\t\t\t<\/div>\n\t\t\t\t<div class=\"elementor-element elementor-element-173fcd80 elementor-widget elementor-widget-vt-share\" data-id=\"173fcd80\" data-element_type=\"widget\" data-e-type=\"widget\" data-widget_type=\"vt-share.default\">\n\t\t\t\t<div class=\"elementor-widget-container\">\n\t\t\t\t\t                            \n            <div class=\"social-share mt-3 mb-5\">\n                <a href=\"https:\/\/www.facebook.com\/sharer\/sharer.php?u=https%3A%2F%2Fwww.ralstoncolour.com%2Fde%2Ffarbtone%2Ffarbe-abtonen%2F\" target=\"_blank\" class=\"btn btn-social btn-xs fb mr-1\">Auf Facebook teilen<\/a>\n                <a href=\"https:\/\/www.linkedin.com\/sharing\/share-offsite\/?url=https%3A%2F%2Fwww.ralstoncolour.com%2Fde%2Ffarbtone%2Ffarbe-abtonen%2F\" target=\"_blank\" class=\"btn btn-social btn-xs li ml-1\">Auf LinkedIn teilen<\/a>\n            <\/div>\n        \t\t\t\t<\/div>\n\t\t\t\t<\/div>\n\t\t\t\t\t<\/div>\n\t\t<\/div>\n\t\t\t\t\t<\/div>\n\t\t<\/section>\n\t\t\t\t\t<\/div>\n\t\t<\/div>\n\t\t\t\t<div class=\"elementor-column elementor-col-33 elementor-top-column elementor-element elementor-element-12048f2\" data-id=\"12048f2\" data-element_type=\"column\" data-e-type=\"column\">\n\t\t\t<div class=\"elementor-widget-wrap elementor-element-populated\">\n\t\t\t\t\t\t<section class=\"elementor-section elementor-inner-section elementor-element elementor-element-910b5e8 elementor-section-boxed elementor-section-height-default elementor-section-height-default\" data-id=\"910b5e8\" data-element_type=\"section\" data-e-type=\"section\" data-settings=\"{&quot;background_background&quot;:&quot;classic&quot;}\">\n\t\t\t\t\t\t<div class=\"elementor-container elementor-column-gap-wider\">\n\t\t\t\t\t<div class=\"elementor-column elementor-col-100 elementor-inner-column elementor-element elementor-element-21faeefb\" data-id=\"21faeefb\" data-element_type=\"column\" data-e-type=\"column\" data-settings=\"{&quot;background_background&quot;:&quot;classic&quot;}\">\n\t\t\t<div class=\"elementor-widget-wrap elementor-element-populated\">\n\t\t\t\t\t\t<div class=\"elementor-element elementor-element-2e151f02 elementor-widget elementor-widget-text-editor\" data-id=\"2e151f02\" data-element_type=\"widget\" data-e-type=\"widget\" data-widget_type=\"text-editor.default\">\n\t\t\t\t<div class=\"elementor-widget-container\">\n\t\t\t\t\t\t\t\t\t<p>\t\t<div data-elementor-type=\"page\" data-elementor-id=\"51591\" class=\"elementor elementor-51591\" data-elementor-post-type=\"elementor_library\">\n\t\t\t\t\t\t<section class=\"elementor-section elementor-inner-section elementor-element elementor-element-3d6823f5 elementor-section-boxed elementor-section-height-default elementor-section-height-default\" data-id=\"3d6823f5\" data-element_type=\"section\" data-e-type=\"section\" data-settings=\"{&quot;background_background&quot;:&quot;classic&quot;}\">\n\t\t\t\t\t\t<div class=\"elementor-container elementor-column-gap-wider\">\n\t\t\t\t\t<div class=\"elementor-column elementor-col-100 elementor-inner-column elementor-element elementor-element-61423fc1 equal-height\" data-id=\"61423fc1\" data-element_type=\"column\" data-e-type=\"column\" data-settings=\"{&quot;background_background&quot;:&quot;classic&quot;}\">\n\t\t\t<div class=\"elementor-widget-wrap elementor-element-populated\">\n\t\t\t\t\t\t<div class=\"elementor-element elementor-element-1b26d832 elementor-widget elementor-widget-heading\" data-id=\"1b26d832\" data-element_type=\"widget\" data-e-type=\"widget\" data-widget_type=\"heading.default\">\n\t\t\t\t<div class=\"elementor-widget-container\">\n\t\t\t\t\t<h4 class=\"elementor-heading-title elementor-size-default\">Folgen Sie Ralston auf Social Media<\/h4>\t\t\t\t<\/div>\n\t\t\t\t<\/div>\n\t\t\t\t<div class=\"elementor-element elementor-element-41bbaba5 elementor-widget elementor-widget-text-editor\" data-id=\"41bbaba5\" data-element_type=\"widget\" data-e-type=\"widget\" data-widget_type=\"text-editor.default\">\n\t\t\t\t<div class=\"elementor-widget-container\">\n\t\t\t\t\t\t\t\t\t<p>Verfolgen Sie die neuesten Entwicklungen, lassen Sie sich beraten und inspirieren<\/p>\t\t\t\t\t\t\t\t<\/div>\n\t\t\t\t<\/div>\n\t\t\t\t<div class=\"elementor-element elementor-element-5c771c8 elementor-shape-circle elementor-grid-tablet-2 elementor-grid-mobile-2 elementor-grid-0 e-grid-align-center elementor-widget elementor-widget-global elementor-global-48198 elementor-global-48192 elementor-global-48192 elementor-widget-social-icons\" data-id=\"5c771c8\" data-element_type=\"widget\" data-e-type=\"widget\" data-widget_type=\"social-icons.default\">\n\t\t\t\t<div class=\"elementor-widget-container\">\n\t\t\t\t\t\t\t<div class=\"elementor-social-icons-wrapper elementor-grid\" role=\"list\">\n\t\t\t\t\t\t\t<span class=\"elementor-grid-item\" role=\"listitem\">\n\t\t\t\t\t<a class=\"elementor-icon elementor-social-icon elementor-social-icon-facebook elementor-animation-grow elementor-repeater-item-a96ecba\" href=\"https:\/\/www.facebook.com\/RalstonColourCoatings\/\" target=\"_blank\">\n\t\t\t\t\t\t<span class=\"elementor-screen-only\">Facebook<\/span>\n\t\t\t\t\t\t<i aria-hidden=\"true\" class=\"fab fa-facebook\"><\/i>\t\t\t\t\t<\/a>\n\t\t\t\t<\/span>\n\t\t\t\t\t\t\t<span class=\"elementor-grid-item\" role=\"listitem\">\n\t\t\t\t\t<a class=\"elementor-icon elementor-social-icon elementor-social-icon-twitter elementor-animation-grow elementor-repeater-item-f2bc693\" href=\"https:\/\/twitter.com\/ralstoncoatings\" target=\"_blank\">\n\t\t\t\t\t\t<span class=\"elementor-screen-only\">Twitter<\/span>\n\t\t\t\t\t\t<i aria-hidden=\"true\" class=\"fab fa-twitter\"><\/i>\t\t\t\t\t<\/a>\n\t\t\t\t<\/span>\n\t\t\t\t\t\t\t<span class=\"elementor-grid-item\" role=\"listitem\">\n\t\t\t\t\t<a class=\"elementor-icon elementor-social-icon elementor-social-icon-pinterest elementor-animation-grow elementor-repeater-item-3d1a9b1\" href=\"https:\/\/nl.pinterest.com\/ralstoncolour\/\" target=\"_blank\">\n\t\t\t\t\t\t<span class=\"elementor-screen-only\">Pinterest<\/span>\n\t\t\t\t\t\t<i aria-hidden=\"true\" class=\"fab fa-pinterest\"><\/i>\t\t\t\t\t<\/a>\n\t\t\t\t<\/span>\n\t\t\t\t\t\t\t<span class=\"elementor-grid-item\" role=\"listitem\">\n\t\t\t\t\t<a class=\"elementor-icon elementor-social-icon elementor-social-icon-youtube elementor-animation-grow elementor-repeater-item-644d1e7\" href=\"https:\/\/www.youtube.com\/user\/ralstoncolourcoating\/featured\" target=\"_blank\">\n\t\t\t\t\t\t<span class=\"elementor-screen-only\">Youtube<\/span>\n\t\t\t\t\t\t<i aria-hidden=\"true\" class=\"fab fa-youtube\"><\/i>\t\t\t\t\t<\/a>\n\t\t\t\t<\/span>\n\t\t\t\t\t<\/div>\n\t\t\t\t\t\t<\/div>\n\t\t\t\t<\/div>\n\t\t\t\t\t<\/div>\n\t\t<\/div>\n\t\t\t\t\t<\/div>\n\t\t<\/section>\n\t\t\t\t<\/div>\n\t\t<\/p>\t\t\t\t\t\t\t\t<\/div>\n\t\t\t\t<\/div>\n\t\t\t\t\t<\/div>\n\t\t<\/div>\n\t\t\t\t\t<\/div>\n\t\t<\/section>\n\t\t\t\t\t<\/div>\n\t\t<\/div>\n\t\t\t\t\t<\/div>\n\t\t<\/section>\n\t\t\t\t<\/div>\n\t\t","protected":false},"excerpt":{"rendered":"<p>Efficient and flexible. Colour, international, regional, from any colour sample cards or a specific personal colour\u2026 you receive all such requests.<\/p>\n","protected":false},"author":2,"featured_media":25256,"parent":47592,"menu_order":4,"comment_status":"closed","ping_status":"closed","template":"","meta":{"_acf_changed":false,"footnotes":""},"class_list":["post-20074","page","type-page","status-publish","has-post-thumbnail","hentry"],"acf":[],"yoast_head":"<!-- This site is optimized with the Yoast SEO Premium plugin v20.7 (Yoast SEO v27.2) - https:\/\/yoast.com\/product\/yoast-seo-premium-wordpress\/ -->\n<title>Tinting Paint - Ralston<\/title>\n<meta name=\"description\" content=\"Entdecken Sie das Ralston Farbmischsystem - ein System das aus Farbpasten, Basisfarben, Software und Farbrezeptur besteht.\" \/>\n<meta name=\"robots\" content=\"index, follow, max-snippet:-1, max-image-preview:large, max-video-preview:-1\" \/>\n<link rel=\"canonical\" href=\"https:\/\/www.ralstoncolour.com\/de\/farbtone\/farbe-abtonen\/\" \/>\n<meta property=\"og:locale\" content=\"de_DE\" \/>\n<meta property=\"og:type\" content=\"article\" \/>\n<meta property=\"og:title\" content=\"Tinting Paint\" \/>\n<meta property=\"og:description\" content=\"Entdecken Sie das Ralston Farbmischsystem - ein System das aus Farbpasten, Basisfarben, Software und Farbrezeptur besteht.\" \/>\n<meta property=\"og:url\" content=\"https:\/\/www.ralstoncolour.com\/de\/farbtone\/farbe-abtonen\/\" \/>\n<meta property=\"og:site_name\" content=\"Ralston\" \/>\n<meta property=\"article:modified_time\" content=\"2023-09-19T12:18:58+00:00\" \/>\n<meta property=\"og:image\" content=\"https:\/\/www.ralstoncolour.com\/wp-content\/uploads\/2020\/11\/7aea618e941cd0d8fe7238c322a654d9.jpg\" \/>\n\t<meta property=\"og:image:width\" content=\"612\" \/>\n\t<meta property=\"og:image:height\" content=\"480\" \/>\n\t<meta property=\"og:image:type\" content=\"image\/jpeg\" \/>\n<meta name=\"twitter:card\" content=\"summary_large_image\" \/>\n<script type=\"application\/ld+json\" class=\"yoast-schema-graph\">{\"@context\":\"https:\/\/schema.org\",\"@graph\":[{\"@type\":\"WebPage\",\"@id\":\"https:\/\/www.ralstoncolour.com\/de\/farbtone\/farbe-abtonen\/\",\"url\":\"https:\/\/www.ralstoncolour.com\/de\/farbtone\/farbe-abtonen\/\",\"name\":\"Tinting Paint - Ralston\",\"isPartOf\":{\"@id\":\"https:\/\/www.ralstoncolour.com\/de\/#website\"},\"primaryImageOfPage\":{\"@id\":\"https:\/\/www.ralstoncolour.com\/de\/farbtone\/farbe-abtonen\/#primaryimage\"},\"image\":{\"@id\":\"https:\/\/www.ralstoncolour.com\/de\/farbtone\/farbe-abtonen\/#primaryimage\"},\"thumbnailUrl\":\"https:\/\/www.ralstoncolour.com\/wp-content\/uploads\/2020\/11\/7aea618e941cd0d8fe7238c322a654d9.jpg\",\"datePublished\":\"2020-11-13T14:06:20+00:00\",\"dateModified\":\"2023-09-19T12:18:58+00:00\",\"description\":\"Entdecken Sie das Ralston Farbmischsystem - ein System das aus Farbpasten, Basisfarben, Software und Farbrezeptur besteht.\",\"breadcrumb\":{\"@id\":\"https:\/\/www.ralstoncolour.com\/de\/farbtone\/farbe-abtonen\/#breadcrumb\"},\"inLanguage\":\"de\",\"potentialAction\":[{\"@type\":\"ReadAction\",\"target\":[\"https:\/\/www.ralstoncolour.com\/de\/farbtone\/farbe-abtonen\/\"]}]},{\"@type\":\"ImageObject\",\"inLanguage\":\"de\",\"@id\":\"https:\/\/www.ralstoncolour.com\/de\/farbtone\/farbe-abtonen\/#primaryimage\",\"url\":\"https:\/\/www.ralstoncolour.com\/wp-content\/uploads\/2020\/11\/7aea618e941cd0d8fe7238c322a654d9.jpg\",\"contentUrl\":\"https:\/\/www.ralstoncolour.com\/wp-content\/uploads\/2020\/11\/7aea618e941cd0d8fe7238c322a654d9.jpg\",\"width\":612,\"height\":480},{\"@type\":\"BreadcrumbList\",\"@id\":\"https:\/\/www.ralstoncolour.com\/de\/farbtone\/farbe-abtonen\/#breadcrumb\",\"itemListElement\":[{\"@type\":\"ListItem\",\"position\":1,\"name\":\"Startseite\",\"item\":\"https:\/\/www.ralstoncolour.com\/de\/\"},{\"@type\":\"ListItem\",\"position\":2,\"name\":\"Farbt\u00f6ne\",\"item\":\"https:\/\/www.ralstoncolour.com\/de\/colour\/\"},{\"@type\":\"ListItem\",\"position\":3,\"name\":\"Tinting Paint\"}]},{\"@type\":\"WebSite\",\"@id\":\"https:\/\/www.ralstoncolour.com\/de\/#website\",\"url\":\"https:\/\/www.ralstoncolour.com\/de\/\",\"name\":\"Ralston\",\"description\":\"\",\"publisher\":{\"@id\":\"https:\/\/www.ralstoncolour.com\/de\/#organization\"},\"potentialAction\":[{\"@type\":\"SearchAction\",\"target\":{\"@type\":\"EntryPoint\",\"urlTemplate\":\"https:\/\/www.ralstoncolour.com\/de\/?s={search_term_string}\"},\"query-input\":{\"@type\":\"PropertyValueSpecification\",\"valueRequired\":true,\"valueName\":\"search_term_string\"}}],\"inLanguage\":\"de\"},{\"@type\":\"Organization\",\"@id\":\"https:\/\/www.ralstoncolour.com\/de\/#organization\",\"name\":\"Ralston\",\"url\":\"https:\/\/www.ralstoncolour.com\/de\/\",\"logo\":{\"@type\":\"ImageObject\",\"inLanguage\":\"de\",\"@id\":\"https:\/\/www.ralstoncolour.com\/de\/#\/schema\/logo\/image\/\",\"url\":\"https:\/\/www.ralstoncolour.com\/wp-content\/uploads\/2020\/09\/cropped-logo.png\",\"contentUrl\":\"https:\/\/www.ralstoncolour.com\/wp-content\/uploads\/2020\/09\/cropped-logo.png\",\"width\":144,\"height\":48,\"caption\":\"Ralston\"},\"image\":{\"@id\":\"https:\/\/www.ralstoncolour.com\/de\/#\/schema\/logo\/image\/\"}}]}<\/script>\n<!-- \/ Yoast SEO Premium plugin. -->","yoast_head_json":{"title":"Tinting Paint - Ralston","description":"Entdecken Sie das Ralston Farbmischsystem - ein System das aus Farbpasten, Basisfarben, Software und Farbrezeptur besteht.","robots":{"index":"index","follow":"follow","max-snippet":"max-snippet:-1","max-image-preview":"max-image-preview:large","max-video-preview":"max-video-preview:-1"},"canonical":"https:\/\/www.ralstoncolour.com\/de\/farbtone\/farbe-abtonen\/","og_locale":"de_DE","og_type":"article","og_title":"Tinting Paint","og_description":"Entdecken Sie das Ralston Farbmischsystem - ein System das aus Farbpasten, Basisfarben, Software und Farbrezeptur besteht.","og_url":"https:\/\/www.ralstoncolour.com\/de\/farbtone\/farbe-abtonen\/","og_site_name":"Ralston","article_modified_time":"2023-09-19T12:18:58+00:00","og_image":[{"width":612,"height":480,"url":"https:\/\/www.ralstoncolour.com\/wp-content\/uploads\/2020\/11\/7aea618e941cd0d8fe7238c322a654d9.jpg","type":"image\/jpeg"}],"twitter_card":"summary_large_image","schema":{"@context":"https:\/\/schema.org","@graph":[{"@type":"WebPage","@id":"https:\/\/www.ralstoncolour.com\/de\/farbtone\/farbe-abtonen\/","url":"https:\/\/www.ralstoncolour.com\/de\/farbtone\/farbe-abtonen\/","name":"Tinting Paint - Ralston","isPartOf":{"@id":"https:\/\/www.ralstoncolour.com\/de\/#website"},"primaryImageOfPage":{"@id":"https:\/\/www.ralstoncolour.com\/de\/farbtone\/farbe-abtonen\/#primaryimage"},"image":{"@id":"https:\/\/www.ralstoncolour.com\/de\/farbtone\/farbe-abtonen\/#primaryimage"},"thumbnailUrl":"https:\/\/www.ralstoncolour.com\/wp-content\/uploads\/2020\/11\/7aea618e941cd0d8fe7238c322a654d9.jpg","datePublished":"2020-11-13T14:06:20+00:00","dateModified":"2023-09-19T12:18:58+00:00","description":"Entdecken Sie das Ralston Farbmischsystem - ein System das aus Farbpasten, Basisfarben, Software und Farbrezeptur besteht.","breadcrumb":{"@id":"https:\/\/www.ralstoncolour.com\/de\/farbtone\/farbe-abtonen\/#breadcrumb"},"inLanguage":"de","potentialAction":[{"@type":"ReadAction","target":["https:\/\/www.ralstoncolour.com\/de\/farbtone\/farbe-abtonen\/"]}]},{"@type":"ImageObject","inLanguage":"de","@id":"https:\/\/www.ralstoncolour.com\/de\/farbtone\/farbe-abtonen\/#primaryimage","url":"https:\/\/www.ralstoncolour.com\/wp-content\/uploads\/2020\/11\/7aea618e941cd0d8fe7238c322a654d9.jpg","contentUrl":"https:\/\/www.ralstoncolour.com\/wp-content\/uploads\/2020\/11\/7aea618e941cd0d8fe7238c322a654d9.jpg","width":612,"height":480},{"@type":"BreadcrumbList","@id":"https:\/\/www.ralstoncolour.com\/de\/farbtone\/farbe-abtonen\/#breadcrumb","itemListElement":[{"@type":"ListItem","position":1,"name":"Startseite","item":"https:\/\/www.ralstoncolour.com\/de\/"},{"@type":"ListItem","position":2,"name":"Farbt\u00f6ne","item":"https:\/\/www.ralstoncolour.com\/de\/colour\/"},{"@type":"ListItem","position":3,"name":"Tinting Paint"}]},{"@type":"WebSite","@id":"https:\/\/www.ralstoncolour.com\/de\/#website","url":"https:\/\/www.ralstoncolour.com\/de\/","name":"Ralston","description":"","publisher":{"@id":"https:\/\/www.ralstoncolour.com\/de\/#organization"},"potentialAction":[{"@type":"SearchAction","target":{"@type":"EntryPoint","urlTemplate":"https:\/\/www.ralstoncolour.com\/de\/?s={search_term_string}"},"query-input":{"@type":"PropertyValueSpecification","valueRequired":true,"valueName":"search_term_string"}}],"inLanguage":"de"},{"@type":"Organization","@id":"https:\/\/www.ralstoncolour.com\/de\/#organization","name":"Ralston","url":"https:\/\/www.ralstoncolour.com\/de\/","logo":{"@type":"ImageObject","inLanguage":"de","@id":"https:\/\/www.ralstoncolour.com\/de\/#\/schema\/logo\/image\/","url":"https:\/\/www.ralstoncolour.com\/wp-content\/uploads\/2020\/09\/cropped-logo.png","contentUrl":"https:\/\/www.ralstoncolour.com\/wp-content\/uploads\/2020\/09\/cropped-logo.png","width":144,"height":48,"caption":"Ralston"},"image":{"@id":"https:\/\/www.ralstoncolour.com\/de\/#\/schema\/logo\/image\/"}}]}},"_links":{"self":[{"href":"https:\/\/www.ralstoncolour.com\/de\/wp-json\/wp\/v2\/pages\/20074","targetHints":{"allow":["GET"]}}],"collection":[{"href":"https:\/\/www.ralstoncolour.com\/de\/wp-json\/wp\/v2\/pages"}],"about":[{"href":"https:\/\/www.ralstoncolour.com\/de\/wp-json\/wp\/v2\/types\/page"}],"author":[{"embeddable":true,"href":"https:\/\/www.ralstoncolour.com\/de\/wp-json\/wp\/v2\/users\/2"}],"replies":[{"embeddable":true,"href":"https:\/\/www.ralstoncolour.com\/de\/wp-json\/wp\/v2\/comments?post=20074"}],"version-history":[{"count":9,"href":"https:\/\/www.ralstoncolour.com\/de\/wp-json\/wp\/v2\/pages\/20074\/revisions"}],"predecessor-version":[{"id":55915,"href":"https:\/\/www.ralstoncolour.com\/de\/wp-json\/wp\/v2\/pages\/20074\/revisions\/55915"}],"up":[{"embeddable":true,"href":"https:\/\/www.ralstoncolour.com\/de\/wp-json\/wp\/v2\/pages\/47592"}],"wp:featuredmedia":[{"embeddable":true,"href":"https:\/\/www.ralstoncolour.com\/de\/wp-json\/wp\/v2\/media\/25256"}],"wp:attachment":[{"href":"https:\/\/www.ralstoncolour.com\/de\/wp-json\/wp\/v2\/media?parent=20074"}],"curies":[{"name":"wp","href":"https:\/\/api.w.org\/{rel}","templated":true}]}}